{"id":4948,"date":"2025-03-28T15:53:18","date_gmt":"2025-03-28T15:53:18","guid":{"rendered":"https:\/\/www.iseg.ulisboa.pt\/secretaria\/?page_id=4948"},"modified":"2025-03-28T15:53:19","modified_gmt":"2025-03-28T15:53:19","slug":"registration-for-normal-and-appeal-assessment-periods-1st-semester","status":"publish","type":"page","link":"https:\/\/www.iseg.ulisboa.pt\/secretaria\/en\/academic-information\/crediting\/registrations\/registration-during-assessment-periods\/registration-for-normal-and-appeal-assessment-periods-1st-semester\/","title":{"rendered":"Registration for Regular and Supplementary Assessment Periods - 1st Semester"},"content":{"rendered":"<div class=\"wp-block-columns are-vertically-aligned-center is-layout-flex wp-container-core-columns-is-layout-1 wp-block-columns-is-layout-flex\">\n<div class=\"wp-block-column is-vertically-aligned-center is-layout-flow wp-block-column-is-layout-flow\">\n<p>Registration for assessment periods (regular and appeal) is automatic. By registering for the curricular unit for the academic year, the student is registered for the normal period. If you fail the course, the system will automatically register you for the appeal period. However, it is still necessary to register for grade improvements and for the PEE, which must be done by the students.<\/p>\n<\/div>\n\n\n\n<div class=\"wp-block-column is-layout-flow wp-block-column-is-layout-flow\">\n<figure class=\"wp-block-image size-large\"><img decoding=\"async\" src=\"https:\/\/www.iseg.ulisboa.pt\/aquila\/getFile.do?method=getFile&amp;fileId=916327&amp;contentContextPath_PATH=\/unidade\/SecLic\/alunos\/inscricoes-em-epocas-de-avaliacao-2022-2023-\/inscricoes-em-epocas-de-avaliacao---1-sem.-\/inscricoes-em-epocas-de-avaliacao-normal-e-de-recurso&amp;_request_checksum_=9571c6e9e699c44d9b52dafaaa74fa9ac5560429\" alt=\"\" \/><\/figure>\n<\/div>\n<\/div>\n\n\n\n<p>The use of the exam in the normal period presupposes compliance with the RGAC (Regulamento Geral de Avalia\u00e7\u00e3o de Conhecimentos) - Article 2 - Point 7. As such, you will only be able to take the exam in the normal period when the assessment criteria for the course unit allow it. That is, when the weighting given to the assessment throughout the semester allows you to take the written test in the normal period (you should consult the assessment criteria for each course unit on its page).<\/p>","protected":false},"excerpt":{"rendered":"Registration for assessment periods (regular and appeal) is automatic. By registering for the curricular unit for the academic year, the student is registered for the normal period. If not [...]","protected":false},"author":44,"featured_media":0,"parent":1772,"menu_order":0,"comment_status":"closed","ping_status":"closed","template":"","meta":{"_uag_custom_page_level_css":"","footnotes":""},"acf":[],"uagb_featured_image_src":{"full":false,"thumbnail":false,"medium":false,"medium_large":false,"large":false,"1536x1536":false,"2048x2048":false,"trp-custom-language-flag":false},"uagb_author_info":{"display_name":"emartins","author_link":"https:\/\/www.iseg.ulisboa.pt\/secretaria\/en\/author\/emartins\/"},"uagb_comment_info":0,"uagb_excerpt":"As inscri\u00e7\u00f5es em \u00e9pocas de avalia\u00e7\u00e3o (normal e de recurso) s\u00e3o autom\u00e1ticas. Com a inscri\u00e7\u00e3o&nbsp;na&nbsp;unidade curricular para o ano letivo o(a) aluno(a) fica inscrito(a) para a \u00e9poca normal. Caso n\u00e3o&nbsp;[...]","_links":{"self":[{"href":"https:\/\/www.iseg.ulisboa.pt\/secretaria\/en\/wp-json\/wp\/v2\/pages\/4948"}],"collection":[{"href":"https:\/\/www.iseg.ulisboa.pt\/secretaria\/en\/wp-json\/wp\/v2\/pages"}],"about":[{"href":"https:\/\/www.iseg.ulisboa.pt\/secretaria\/en\/wp-json\/wp\/v2\/types\/page"}],"author":[{"embeddable":true,"href":"https:\/\/www.iseg.ulisboa.pt\/secretaria\/en\/wp-json\/wp\/v2\/users\/44"}],"replies":[{"embeddable":true,"href":"https:\/\/www.iseg.ulisboa.pt\/secretaria\/en\/wp-json\/wp\/v2\/comments?post=4948"}],"version-history":[{"count":1,"href":"https:\/\/www.iseg.ulisboa.pt\/secretaria\/en\/wp-json\/wp\/v2\/pages\/4948\/revisions"}],"predecessor-version":[{"id":4949,"href":"https:\/\/www.iseg.ulisboa.pt\/secretaria\/en\/wp-json\/wp\/v2\/pages\/4948\/revisions\/4949"}],"up":[{"embeddable":true,"href":"https:\/\/www.iseg.ulisboa.pt\/secretaria\/en\/wp-json\/wp\/v2\/pages\/1772"}],"wp:attachment":[{"href":"https:\/\/www.iseg.ulisboa.pt\/secretaria\/en\/wp-json\/wp\/v2\/media?parent=4948"}],"curies":[{"name":"wp","href":"https:\/\/api.w.org\/{rel}","templated":true}]}}