{"id":50,"date":"2023-01-20T19:05:25","date_gmt":"2023-01-20T19:05:25","guid":{"rendered":"https:\/\/www.iseg.ulisboa.pt\/secretaria\/?page_id=50"},"modified":"2025-05-07T10:38:59","modified_gmt":"2025-05-07T10:38:59","slug":"crediting","status":"publish","type":"page","link":"https:\/\/www.iseg.ulisboa.pt\/secretaria\/en\/applications\/crediting\/","title":{"rendered":"Undergraduates applications"},"content":{"rendered":"<p class=\"has-large-font-size\">Doing a degree at ISEG means doing more than a degree. ISEG is the best launch pad for your academic career and professional future. Our degrees give you the space to develop your knowledge and interdisciplinary skills. <\/p>\n\n\n\n<hr class=\"wp-block-separator has-alpha-channel-opacity is-style-dots\" \/>\n\n\n<div class=\"block-additional-resources\">\n\t<div class=\"container\">\n\t\t<h3 class=\"has-iseg-red-color\">Access regimes<\/h3>\n\t\t<div class=\"block-resources\">\n\t\t\t\t\t\t\t\t<a href=\"https:\/\/www.iseg.ulisboa.pt\/secretaria\/en\/applications\/crediting\/national-access-competition-2023-2024\/\" class=\"block-resources__item\" title=\"National Contest\" target=\"_self\">\n\t\t\t\t\t\tNational Contest\t\t\t\t\t<\/a>\n\t\t\t\t\t\t\t\t\t\t\t\t<a href=\"https:\/\/www.iseg.ulisboa.pt\/secretaria\/en\/applications\/crediting\/change-of-institution-course\/\" class=\"block-resources__item\" title=\"Change of Pair Institution\/Course\" target=\"_self\">\n\t\t\t\t\t\tChange of Pair Institution\/Course\t\t\t\t\t<\/a>\n\t\t\t\t\t\t\t\t\t\t\t\t<a href=\"https:\/\/www.iseg.ulisboa.pt\/secretaria\/en\/applications\/crediting\/re-entry\/\" class=\"block-resources__item\" title=\"Re-admission\" target=\"_self\">\n\t\t\t\t\t\tRe-admission\t\t\t\t\t<\/a>\n\t\t\t\t\t\t\t\t\t\t\t\t<a href=\"https:\/\/www.iseg.ulisboa.pt\/secretaria\/en\/applications\/crediting\/over-23\/\" class=\"block-resources__item\" title=\"Over 23 years old\" target=\"_self\">\n\t\t\t\t\t\tOver 23 years old\t\t\t\t\t<\/a>\n\t\t\t\t\t\t\t\t\t\t\t\t<a href=\"https:\/\/www.iseg.ulisboa.pt\/secretaria\/en\/applications\/crediting\/university-degree-holders\/\" class=\"block-resources__item\" title=\"University degree holders\" target=\"_self\">\n\t\t\t\t\t\tUniversity degree holders\t\t\t\t\t<\/a>\n\t\t\t\t\t\t\t\t\t\t\t\t<a href=\"https:\/\/www.iseg.ulisboa.pt\/secretaria\/en\/applications\/crediting\/isolated-curricular-units\/\" class=\"block-resources__item\" title=\"Isolated Curricular Units\" target=\"_self\">\n\t\t\t\t\t\tIsolated Curricular Units\t\t\t\t\t<\/a>\n\t\t\t\t\t\t\t\t\t\t\t\t<a href=\"https:\/\/www.iseg.ulisboa.pt\/secretaria\/en\/applications\/crediting\/special-schemes\/\" class=\"block-resources__item\" title=\"Special Regimes\" target=\"_self\">\n\t\t\t\t\t\tSpecial Regimes\t\t\t\t\t<\/a>\n\t\t\t\t\t\t\t\t\t\t\t\t<a href=\"https:\/\/www.iseg.ulisboa.pt\/secretaria\/en\/applications\/crediting\/international-students\/\" class=\"block-resources__item\" title=\"International Students\" target=\"_self\">\n\t\t\t\t\t\tInternational Students\t\t\t\t\t<\/a>\n\t\t\t\t\t\t\t\t\t<\/div>\n\t<\/div>\n<\/div>","protected":false},"excerpt":{"rendered":"Doing a degree at ISEG means doing more than a degree. ISEG is the best launch pad for your academic career and your future [...]","protected":false},"author":2,"featured_media":0,"parent":7,"menu_order":1,"comment_status":"closed","ping_status":"closed","template":"","meta":{"_uag_custom_page_level_css":"","footnotes":""},"acf":[],"uagb_featured_image_src":{"full":false,"thumbnail":false,"medium":false,"medium_large":false,"large":false,"1536x1536":false,"2048x2048":false,"trp-custom-language-flag":false},"uagb_author_info":{"display_name":"Major","author_link":"https:\/\/www.iseg.ulisboa.pt\/secretaria\/en\/author\/leihla\/"},"uagb_comment_info":0,"uagb_excerpt":"Fazer uma licenciatura no ISEG \u00e9 fazer algo mais do que uma licenciatura. O ISEG \u00e9 a melhor rampa de lan\u00e7amento para a tua carreira acad\u00e9mica e o teu futuro&nbsp;[...]","_links":{"self":[{"href":"https:\/\/www.iseg.ulisboa.pt\/secretaria\/en\/wp-json\/wp\/v2\/pages\/50"}],"collection":[{"href":"https:\/\/www.iseg.ulisboa.pt\/secretaria\/en\/wp-json\/wp\/v2\/pages"}],"about":[{"href":"https:\/\/www.iseg.ulisboa.pt\/secretaria\/en\/wp-json\/wp\/v2\/types\/page"}],"author":[{"embeddable":true,"href":"https:\/\/www.iseg.ulisboa.pt\/secretaria\/en\/wp-json\/wp\/v2\/users\/2"}],"replies":[{"embeddable":true,"href":"https:\/\/www.iseg.ulisboa.pt\/secretaria\/en\/wp-json\/wp\/v2\/comments?post=50"}],"version-history":[{"count":17,"href":"https:\/\/www.iseg.ulisboa.pt\/secretaria\/en\/wp-json\/wp\/v2\/pages\/50\/revisions"}],"predecessor-version":[{"id":5136,"href":"https:\/\/www.iseg.ulisboa.pt\/secretaria\/en\/wp-json\/wp\/v2\/pages\/50\/revisions\/5136"}],"up":[{"embeddable":true,"href":"https:\/\/www.iseg.ulisboa.pt\/secretaria\/en\/wp-json\/wp\/v2\/pages\/7"}],"wp:attachment":[{"href":"https:\/\/www.iseg.ulisboa.pt\/secretaria\/en\/wp-json\/wp\/v2\/media?parent=50"}],"curies":[{"name":"wp","href":"https:\/\/api.w.org\/{rel}","templated":true}]}}