{"id":5105,"date":"2025-05-06T08:46:46","date_gmt":"2025-05-06T08:46:46","guid":{"rendered":"https:\/\/www.iseg.ulisboa.pt\/secretaria\/?page_id=5105"},"modified":"2025-05-06T11:54:11","modified_gmt":"2025-05-06T11:54:11","slug":"apex-protocol","status":"publish","type":"page","link":"https:\/\/www.iseg.ulisboa.pt\/secretaria\/en\/useful-information\/apex-protocol\/","title":{"rendered":"APEX Protocol"},"content":{"rendered":"<p>In accordance with the APEX (Alliance for the Promotion of Excellence in Public Administration) protocol, managers and senior staff from the Public Administration (excluding the State Business Sector) can apply for some of ISEG's master's degrees, subject to the selection criteria in force and the established vacancies.<\/p>\n\n\n\n<p>You can find the courses and places offered under this protocol, application deadlines, fees and conditions at <a href=\"https:\/\/www.iseg.ulisboa.pt\/secretaria\/wp-content\/uploads\/sites\/8\/2025\/05\/Despacho-Presidencia-APEX_25-26.pdf\">APEX Order 2025\/2026<\/a>.<\/p>\n\n\n\n<ol style=\"list-style-type:lower-alpha\"><\/ol>","protected":false},"excerpt":{"rendered":"According to the APEX protocol (Alliance for the Promotion of Excellence in Public Administration), managers and senior staff in the Public Administration (excluding the State Business Sector) can [...]","protected":false},"author":47,"featured_media":0,"parent":46,"menu_order":0,"comment_status":"closed","ping_status":"closed","template":"","meta":{"_uag_custom_page_level_css":"","footnotes":""},"acf":[],"uagb_featured_image_src":{"full":false,"thumbnail":false,"medium":false,"medium_large":false,"large":false,"1536x1536":false,"2048x2048":false,"trp-custom-language-flag":false},"uagb_author_info":{"display_name":"helena","author_link":"https:\/\/www.iseg.ulisboa.pt\/secretaria\/en\/author\/helena\/"},"uagb_comment_info":0,"uagb_excerpt":"De acordo com o protocolo APEX (Alian\u00e7a para a Promo\u00e7\u00e3o da Excel\u00eancia na Admi\u00adnis\u00adtra\u00ad\u00e7\u00e3o P\u00fablica), os dirigentes e quadros superiores da Administra\u00e7\u00e3o P\u00fablica (excluindo o Setor Empresarial do Estado) podem&nbsp;[...]","_links":{"self":[{"href":"https:\/\/www.iseg.ulisboa.pt\/secretaria\/en\/wp-json\/wp\/v2\/pages\/5105"}],"collection":[{"href":"https:\/\/www.iseg.ulisboa.pt\/secretaria\/en\/wp-json\/wp\/v2\/pages"}],"about":[{"href":"https:\/\/www.iseg.ulisboa.pt\/secretaria\/en\/wp-json\/wp\/v2\/types\/page"}],"author":[{"embeddable":true,"href":"https:\/\/www.iseg.ulisboa.pt\/secretaria\/en\/wp-json\/wp\/v2\/users\/47"}],"replies":[{"embeddable":true,"href":"https:\/\/www.iseg.ulisboa.pt\/secretaria\/en\/wp-json\/wp\/v2\/comments?post=5105"}],"version-history":[{"count":6,"href":"https:\/\/www.iseg.ulisboa.pt\/secretaria\/en\/wp-json\/wp\/v2\/pages\/5105\/revisions"}],"predecessor-version":[{"id":5114,"href":"https:\/\/www.iseg.ulisboa.pt\/secretaria\/en\/wp-json\/wp\/v2\/pages\/5105\/revisions\/5114"}],"up":[{"embeddable":true,"href":"https:\/\/www.iseg.ulisboa.pt\/secretaria\/en\/wp-json\/wp\/v2\/pages\/46"}],"wp:attachment":[{"href":"https:\/\/www.iseg.ulisboa.pt\/secretaria\/en\/wp-json\/wp\/v2\/media?parent=5105"}],"curies":[{"name":"wp","href":"https:\/\/api.w.org\/{rel}","templated":true}]}}