{"id":679,"date":"2023-06-29T15:16:03","date_gmt":"2023-06-29T15:16:03","guid":{"rendered":"https:\/\/www.iseg.ulisboa.pt\/secretaria\/?page_id=679"},"modified":"2025-11-07T15:50:05","modified_gmt":"2025-11-07T15:50:05","slug":"legislation-to-consult","status":"publish","type":"page","link":"https:\/\/www.iseg.ulisboa.pt\/secretaria\/en\/applications\/crediting\/international-students\/legislation-to-consult\/","title":{"rendered":"Legislation to consult"},"content":{"rendered":"<p>Reading the site does not dispense with consulting the legislation in force.<\/p>\n\n\n\n<p><strong><a href=\"https:\/\/www.iseg.ulisboa.pt\/secretaria\/wp-content\/uploads\/sites\/8\/2025\/11\/Deliberacao-no-674_2025-Provas-homologas.pdf\" data-type=\"link\" data-id=\"https:\/\/www.iseg.ulisboa.pt\/secretaria\/wp-content\/uploads\/sites\/8\/2025\/11\/Deliberacao-no-674_2025-Provas-homologas.pdf\">Decree-Law 674\/2025, May 22nd<\/a>:<\/strong> Changes to the Portuguese higher education application process for foreign secondary school graduates -\u00a0<a href=\"https:\/\/www.iseg.ulisboa.pt\/secretaria\/en\/applications\/crediting\/international-students\/homologated-tests\/\" target=\"_blank\" rel=\"noreferrer noopener\">Homologous tests<\/a><\/p>\n\n\n\n<hr class=\"wp-block-separator has-alpha-channel-opacity\" \/>\n\n\n\n<p><strong><a href=\"https:\/\/www.iseg.ulisboa.pt\/secretaria\/wp-content\/uploads\/sites\/8\/2025\/03\/MO_PR01_03-Modelo-de-Regulamento_V10-_EN_versao-final.pdf\" data-type=\"link\" data-id=\"https:\/\/www.iseg.ulisboa.pt\/secretaria\/wp-content\/uploads\/sites\/8\/2025\/03\/Regulamento-Concurso-Estudante-Internacional-10_03-PT_versao-final.pdf\">Regulation no. RG-2024-12\/V10<\/a><\/strong>: Admission and Access Regulations for International Undergraduate Students<\/p>\n\n\n\n<hr class=\"wp-block-separator has-alpha-channel-opacity\" \/>\n\n\n\n<p><a rel=\"noreferrer noopener\" href=\"https:\/\/www.iseg.ulisboa.pt\/secretaria\/wp-content\/uploads\/sites\/8\/2023\/06\/Deliberacao-606-2022-de-20-de-Maio.pdf\" target=\"_blank\"><strong>Deliberation no. 606\/2022, of May 20th<\/strong><\/a>: Application to Portuguese higher education by foreign secondary school graduates -&nbsp;<a rel=\"noreferrer noopener\" href=\"https:\/\/www.iseg.ulisboa.pt\/secretaria\/en\/applications\/crediting\/international-students\/homologated-tests\/\" target=\"_blank\">Homologous tests<\/a>.<\/p>\n\n\n\n<hr class=\"wp-block-separator has-alpha-channel-opacity is-style-wide\" \/>\n\n\n\n<p><a rel=\"noreferrer noopener\" href=\"https:\/\/www.iseg.ulisboa.pt\/secretaria\/wp-content\/uploads\/sites\/8\/2023\/06\/Decreto-Lei-62-2018-de-6-de-Agosto.pdf\" target=\"_blank\"><strong>Decree-Law 62\/2018, of August 6th<\/strong><\/a>amendment and republication of the International Student Statute.<\/p>\n\n\n\n<hr class=\"wp-block-separator has-alpha-channel-opacity is-style-wide\" \/>\n\n\n\n<p><a rel=\"noreferrer noopener\" href=\"https:\/\/www.iseg.ulisboa.pt\/secretaria\/wp-content\/uploads\/sites\/8\/2023\/06\/Despacho-10579-2019-de-18-de-novembro.pdf\" target=\"_blank\"><strong>Order No. 10579\/2019, of November 18&nbsp;<\/strong><\/a>which approved the Admission and Access Regulations for International Students at the University of Lisbon and the conditions for access and admission to this competition.<\/p>\n\n\n\n<hr class=\"wp-block-separator has-alpha-channel-opacity is-style-wide\" \/>\n\n\n\n<p><a rel=\"noreferrer noopener\" href=\"https:\/\/www.iseg.ulisboa.pt\/secretaria\/wp-content\/uploads\/sites\/8\/2023\/06\/Decreto-Lei-296-A98-de-25-de-Setembro.pdf\" target=\"_blank\"><strong>Decree-Law no. 296 -A\/98 of September 25th<\/strong><\/a>definition of the homologous entrance exams defined for bachelor's degree courses.<\/p>\n\n\n\n<hr class=\"wp-block-separator has-alpha-channel-opacity is-style-wide\" \/>\n\n\n\n<p><a rel=\"noreferrer noopener\" href=\"https:\/\/www.iseg.ulisboa.pt\/secretaria\/wp-content\/uploads\/sites\/8\/2023\/06\/Portaria-224-2006-de-8-de-Marco.pdf\" target=\"_blank\"><strong>Ordinance no. 224\/2006, of March 8th<\/strong><\/a>This article defines the new system for granting equivalence of qualifications from foreign education systems to qualifications from the Portuguese education system, at the level of basic and secondary education in the following countries: Germany, Angola, Cape Verde, the Russian Federation, Greece, Mexico, Mozambique, the People's Republic of China and Ukraine.<\/p>\n\n\n\n<hr class=\"wp-block-separator has-alpha-channel-opacity is-style-wide\" \/>\n\n\n\n<p><a rel=\"noreferrer noopener\" href=\"https:\/\/www.iseg.ulisboa.pt\/secretaria\/wp-content\/uploads\/sites\/8\/2023\/06\/Portaria-699-2006-de-12-de-Julho.pdf\" target=\"_blank\"><strong>Order no. 699\/2006, of July 12th<\/strong><\/a>, defines the new system for granting equivalences of qualifications from foreign education systems to qualifications from the Portuguese education system, at the level of basic and secondary education in the following countries: South Africa, Argentina, Australia, Belgium, Bolivia, Brazil, Bulgaria, Cuba, Denmark, Spain, United States of America, France, Guinea-Bissau, Indonesia, Ireland, Italy, Luxembourg, Morocco, Moldova, Netherlands, Pakistan, Romania, S\u00e3o Tom\u00e9 and Pr\u00edncipe, Senegal, Switzerland, East Timor, Tunisia, Turkey, Venezuela and Zimbabwe.<\/p>\n\n\n\n<hr class=\"wp-block-separator has-alpha-channel-opacity is-style-wide\" \/>","protected":false},"excerpt":{"rendered":"Reading the site does not dispense with consulting the legislation in force. Decree-Law 674\/2025, May 22: Amendment to the Portuguese higher education application process for students with [...]","protected":false},"author":43,"featured_media":0,"parent":56,"menu_order":5,"comment_status":"closed","ping_status":"closed","template":"","meta":{"_uag_custom_page_level_css":"","footnotes":""},"acf":[],"uagb_featured_image_src":{"full":false,"thumbnail":false,"medium":false,"medium_large":false,"large":false,"1536x1536":false,"2048x2048":false,"trp-custom-language-flag":false},"uagb_author_info":{"display_name":"martaflourenco","author_link":"https:\/\/www.iseg.ulisboa.pt\/secretaria\/en\/author\/martaflourenco\/"},"uagb_comment_info":0,"uagb_excerpt":"A leitura do site n\u00e3o dispensa a consulta da legisla\u00e7\u00e3o em vigor. Decreto-Lei 674\/2025, 22 de Maio: Altera\u00e7\u00e3o da Candidatura ao ensino superior portugu\u00eas de estudantes titulares de cursos do&nbsp;[...]","_links":{"self":[{"href":"https:\/\/www.iseg.ulisboa.pt\/secretaria\/en\/wp-json\/wp\/v2\/pages\/679"}],"collection":[{"href":"https:\/\/www.iseg.ulisboa.pt\/secretaria\/en\/wp-json\/wp\/v2\/pages"}],"about":[{"href":"https:\/\/www.iseg.ulisboa.pt\/secretaria\/en\/wp-json\/wp\/v2\/types\/page"}],"author":[{"embeddable":true,"href":"https:\/\/www.iseg.ulisboa.pt\/secretaria\/en\/wp-json\/wp\/v2\/users\/43"}],"replies":[{"embeddable":true,"href":"https:\/\/www.iseg.ulisboa.pt\/secretaria\/en\/wp-json\/wp\/v2\/comments?post=679"}],"version-history":[{"count":8,"href":"https:\/\/www.iseg.ulisboa.pt\/secretaria\/en\/wp-json\/wp\/v2\/pages\/679\/revisions"}],"predecessor-version":[{"id":5754,"href":"https:\/\/www.iseg.ulisboa.pt\/secretaria\/en\/wp-json\/wp\/v2\/pages\/679\/revisions\/5754"}],"up":[{"embeddable":true,"href":"https:\/\/www.iseg.ulisboa.pt\/secretaria\/en\/wp-json\/wp\/v2\/pages\/56"}],"wp:attachment":[{"href":"https:\/\/www.iseg.ulisboa.pt\/secretaria\/en\/wp-json\/wp\/v2\/media?parent=679"}],"curies":[{"name":"wp","href":"https:\/\/api.w.org\/{rel}","templated":true}]}}