{"id":727,"date":"2023-06-30T09:48:35","date_gmt":"2023-06-30T09:48:35","guid":{"rendered":"https:\/\/www.iseg.ulisboa.pt\/secretaria\/?page_id=727"},"modified":"2024-05-09T13:50:48","modified_gmt":"2024-05-09T13:50:48","slug":"mobility-within-ulisboa","status":"publish","type":"page","link":"https:\/\/www.iseg.ulisboa.pt\/secretaria\/en\/useful-information\/mobility-within-ulisboa\/","title":{"rendered":"Mobility within ULisboa"},"content":{"rendered":"<p>Because multidisciplinary training is an asset, you can broaden your knowledge in the various fields of study that make up our university.<\/p>\n\n\n\n<p>The possibility of doing this is through internal mobility between the various ULisboa schools.<\/p>\n\n\n\n<hr class=\"wp-block-separator has-alpha-channel-opacity is-style-dots\" \/>\n\n\n\n<h3 class=\"wp-block-heading\"><strong>How to do it?<\/strong><\/h3>\n\n\n\n<p>As part of the group of optional curricular units (CU), ISEG students can attend a CU at any of the other 17 ULisboa schools.<\/p>\n\n\n\n<p>The presentation of&nbsp;<a href=\"https:\/\/www.iseg.ulisboa.pt\/secretaria\/wp-content\/uploads\/sites\/8\/2023\/06\/Acordo-de-Reconhecimento-Acadmico-Mobilidade-ULisboa_v2.doc\" target=\"_blank\" rel=\"noreferrer noopener\">application<\/a>&nbsp;must be made to the ISEG undergraduate secretariat, which, once it has been analyzed and accepted at ISEG, will send it to the desired school where, after verifying that there are operating conditions that allow the student to be accepted, they will proceed to enrol the student.<\/p>\n\n\n\n<hr class=\"wp-block-separator has-alpha-channel-opacity is-style-dots\" \/>\n\n\n\n<h3 class=\"wp-block-heading\"><strong>Application Deadline<\/strong><\/h3>\n\n\n\n<p>The application for ULisboa Mobility, made through the&nbsp;<a href=\"https:\/\/www.iseg.ulisboa.pt\/secretaria\/wp-content\/uploads\/sites\/8\/2023\/06\/Acordo-de-Reconhecimento-Acadmico-Mobilidade-ULisboa_v2.doc\" target=\"_blank\" rel=\"noreferrer noopener\">Academic Recognition Agreement<\/a>, undergraduate curricular units send an email to <a href=\"mailto:seclic@iseg.ulisboa.pt\" target=\"_blank\" rel=\"noreferrer noopener\">seclic@iseg.ulisboa.pt<\/a>Master's degree curricular units send an email to smd@iseg.ulisboa.pt, by the following deadlines:<\/p>\n\n\n\n<p><strong>Mobility in the 1st semester<\/strong>&nbsp;- from June 1st to June 30th<\/p>\n\n\n\n<p><strong>Mobility in the 2nd semester -<\/strong> From December 1st to 31st<\/p>\n\n\n\n<hr class=\"wp-block-separator has-alpha-channel-opacity is-style-dots\" \/>\n\n\n\n<h3 class=\"wp-block-heading\"><strong>Tuition Fees<\/strong><\/h3>\n\n\n\n<p>Although there are costs associated with enrolling and attending a course at another ULisboa school, these are supported by ISEG.<\/p>\n\n\n\n<p>There is no additional payment for the student to the normal payment of tuition fees at ISEG. Tuition fees must be paid at ISEG in the usual way and within the\u00a0<a href=\"https:\/\/www.iseg.ulisboa.pt\/secretaria\/en\/academic-information\/crediting\/tuition-fees\/\" data-type=\"link\" data-id=\"https:\/\/www.iseg.ulisboa.pt\/secretaria\/informacoes-academicas\/licenciaturas\/propinas\/\">defined deadlines<\/a>.<\/p>\n\n\n\n<p>A unique opportunity to integrate scientific areas other than your own! Take advantage of it and enrich your curriculum!<\/p>\n\n\n\n<hr class=\"wp-block-separator has-alpha-channel-opacity is-style-dots\" \/>\n\n\n\n<p><strong>Entrepreneurship Education<\/strong> &#8211; <a href=\"https:\/\/www.iseg.ulisboa.pt\/secretaria\/en\/useful-information\/mobility-within-ulisboa\/entrepreneurship-education\/\" target=\"_blank\" rel=\"noreferrer noopener\">See here<\/a><\/p>\n\n\n\n<hr class=\"wp-block-separator has-alpha-channel-opacity is-style-dots\" \/>\n\n\n<div class=\"block-additional-info\">\n    <div class=\"container\">\n        <h4>Departure: ISEG<\/h4>\n        \n        <div class=\"additional-info__grid\">\n                            <div class=\"additional-info__item\">\n                    <a href=\"http:\/\/www.fa.ulisboa.pt\/\">Faculty of Architecture <\/a>\n                <\/div>\n                            <div class=\"additional-info__item\">\n                    <a href=\"http:\/\/www.fba.ul.pt\/\">Faculty of Fine Arts<\/a>\n                <\/div>\n                            <div class=\"additional-info__item\">\n                    <a href=\"http:\/\/www.fc.ul.pt\/\">Faculty of Science<\/a>\n                <\/div>\n                            <div class=\"additional-info__item\">\n                    <a href=\"http:\/\/www.fd.ul.pt\/\">Law School<\/a>\n                <\/div>\n                            <div class=\"additional-info__item\">\n                    <a href=\"http:\/\/www.ff.ul.pt\/\">Faculty of Pharmacy<\/a>\n                <\/div>\n                            <div class=\"additional-info__item\">\n                    <a href=\"http:\/\/www.letras.ulisboa.pt\/pt\/\">Faculty of Arts<\/a>\n                <\/div>\n                    <\/div>\n\n            <\/div>\n<\/div>\n\n<div class=\"block-additional-info\">\n    <div class=\"container\">\n        <h4>Destination: ULisboa<\/h4>\n        \n        <div class=\"additional-info__grid\">\n                            <div class=\"additional-info__item\">\n                    <a href=\"http:\/\/www.fm.ul.pt\/\">Medical School<\/a>\n                <\/div>\n                            <div class=\"additional-info__item\">\n                    <a href=\"http:\/\/www.fmd.ul.pt\/\">Faculty of Dentistry<\/a>\n                <\/div>\n                            <div class=\"additional-info__item\">\n                    <a href=\"http:\/\/www.fmv.ulisboa.pt\/\">Faculty of Veterinary Medicine<\/a>\n                <\/div>\n                            <div class=\"additional-info__item\">\n                    <a href=\"http:\/\/www.fmh.ulisboa.pt\/pt\/\">Faculty of Human Motricity<\/a>\n                <\/div>\n                            <div class=\"additional-info__item\">\n                    <a href=\"http:\/\/www.fp.ul.pt\/\">Psychology Faculty<\/a>\n                <\/div>\n                            <div class=\"additional-info__item\">\n                    <a href=\"http:\/\/www.ics.ul.pt\/instituto\/\">Institute of Social Sciences<\/a>\n                <\/div>\n                            <div class=\"additional-info__item\">\n                    <a href=\"http:\/\/www.ie.ul.pt\/\">Education Institute<\/a>\n                <\/div>\n                            <div class=\"additional-info__item\">\n                    <a href=\"http:\/\/www.igot.ul.pt\/\">Institute of Geography and Spatial Planning<\/a>\n                <\/div>\n                            <div class=\"additional-info__item\">\n                    <a href=\"http:\/\/www.isa.utl.pt\/pt\">Higher Institute of Argonomy<\/a>\n                <\/div>\n                            <div class=\"additional-info__item\">\n                    <a href=\"http:\/\/www.iscsp.ulisboa.pt\/\">Higher Institute of Social and Political Sciences<\/a>\n                <\/div>\n                            <div class=\"additional-info__item\">\n                    <a href=\"http:\/\/tecnico.ulisboa.pt\/\">Instituto Superior T\u00e9cnico<\/a>\n                <\/div>\n                    <\/div>\n\n            <\/div>\n<\/div>","protected":false},"excerpt":{"rendered":"Because multidisciplinary training is an asset, you can broaden your knowledge in the various fields of study that make up our university. You can do this by taking [...]","protected":false},"author":2,"featured_media":0,"parent":46,"menu_order":8,"comment_status":"closed","ping_status":"closed","template":"","meta":{"_uag_custom_page_level_css":"","footnotes":""},"acf":[],"uagb_featured_image_src":{"full":false,"thumbnail":false,"medium":false,"medium_large":false,"large":false,"1536x1536":false,"2048x2048":false,"trp-custom-language-flag":false},"uagb_author_info":{"display_name":"Major","author_link":"https:\/\/www.iseg.ulisboa.pt\/secretaria\/en\/author\/leihla\/"},"uagb_comment_info":0,"uagb_excerpt":"Porque a forma\u00e7\u00e3o pluridisciplinar \u00e9 uma mais valia, podes alargar os teus conhecimentos nas diversas \u00e1reas&nbsp; de estudo que comp\u00f5em a nossa universidade. A possibilidade de o fazer passa pela&nbsp;[...]","_links":{"self":[{"href":"https:\/\/www.iseg.ulisboa.pt\/secretaria\/en\/wp-json\/wp\/v2\/pages\/727"}],"collection":[{"href":"https:\/\/www.iseg.ulisboa.pt\/secretaria\/en\/wp-json\/wp\/v2\/pages"}],"about":[{"href":"https:\/\/www.iseg.ulisboa.pt\/secretaria\/en\/wp-json\/wp\/v2\/types\/page"}],"author":[{"embeddable":true,"href":"https:\/\/www.iseg.ulisboa.pt\/secretaria\/en\/wp-json\/wp\/v2\/users\/2"}],"replies":[{"embeddable":true,"href":"https:\/\/www.iseg.ulisboa.pt\/secretaria\/en\/wp-json\/wp\/v2\/comments?post=727"}],"version-history":[{"count":12,"href":"https:\/\/www.iseg.ulisboa.pt\/secretaria\/en\/wp-json\/wp\/v2\/pages\/727\/revisions"}],"predecessor-version":[{"id":3666,"href":"https:\/\/www.iseg.ulisboa.pt\/secretaria\/en\/wp-json\/wp\/v2\/pages\/727\/revisions\/3666"}],"up":[{"embeddable":true,"href":"https:\/\/www.iseg.ulisboa.pt\/secretaria\/en\/wp-json\/wp\/v2\/pages\/46"}],"wp:attachment":[{"href":"https:\/\/www.iseg.ulisboa.pt\/secretaria\/en\/wp-json\/wp\/v2\/media?parent=727"}],"curies":[{"name":"wp","href":"https:\/\/api.w.org\/{rel}","templated":true}]}}