{"id":766,"date":"2023-06-30T15:24:02","date_gmt":"2023-06-30T15:24:02","guid":{"rendered":"https:\/\/www.iseg.ulisboa.pt\/secretaria\/?page_id=766"},"modified":"2023-08-22T01:39:03","modified_gmt":"2023-08-22T01:39:03","slug":"mentoring-program","status":"publish","type":"page","link":"https:\/\/www.iseg.ulisboa.pt\/secretaria\/en\/useful-information\/personal-development\/mentoring-program\/","title":{"rendered":"Mentoring Program"},"content":{"rendered":"<p>The aim of ISEG's Mentoring program is to give recent graduates the best possible setting in the job market, creating the conditions for building successful career paths.<\/p>\n\n\n\n<p>New graduates are continuously accompanied by their mentor during their integration into the job market, so that they can prepare for their future by extending their learning process, acquiring and improving skills. The mentor has the opportunity to \"sponsor\" someone with less experience, sharing their vast professional experience, creating the basis for professional success. This program is aimed at final-year students on all ISEG courses and former students with less than five years' professional experience.<\/p>\n\n\n\n<p>This program also includes a series of training and development activities throughout its duration.<\/p>\n\n\n\n<p>These training sessions focus on developing soft skills and aim to help recent graduates gain competencies in the areas of communication, initiative, adapting to change and networking, which are considered fundamental to a successful professional career.<\/p>\n\n\n\n<p>For more information on this program, please consult the\u00a0<strong><a href=\"https:\/\/www.iseg.ulisboa.pt\/secretaria\/en\/aquila\/investigacao\/alumni\/actividades\/mentoring-program\/\" target=\"_blank\" rel=\"noreferrer noopener\">Alumni website<\/a><\/strong><a href=\"https:\/\/www.iseg.ulisboa.pt\/secretaria\/en\/aquila\/investigacao\/alumni\/actividades\/mentoring-program\/?_request_checksum_=3cbd44e14063bfa2bd16473e48abe3b1754bf859\">\u00a0<\/a>or send an email to Ana Rita Santos -\u00a0<a rel=\"noreferrer noopener\" href=\"mailto:aaa@iseg.utl.pt\" target=\"_blank\">aaa@iseg.ulisboa.pt<\/a><\/p>","protected":false},"excerpt":{"rendered":"The aim of ISEG's Mentoring program is to give recent graduates the best possible setting in the job market, creating the conditions for building successful career paths. The [...]","protected":false},"author":43,"featured_media":0,"parent":605,"menu_order":1,"comment_status":"closed","ping_status":"closed","template":"","meta":{"_uag_custom_page_level_css":"","footnotes":""},"acf":[],"uagb_featured_image_src":{"full":false,"thumbnail":false,"medium":false,"medium_large":false,"large":false,"1536x1536":false,"2048x2048":false,"trp-custom-language-flag":false},"uagb_author_info":{"display_name":"martaflourenco","author_link":"https:\/\/www.iseg.ulisboa.pt\/secretaria\/en\/author\/martaflourenco\/"},"uagb_comment_info":0,"uagb_excerpt":"O objetivo do programa de Mentoring do ISEG \u00e9 dar o melhor enquadramento poss\u00edvel dos rec\u00e9m-licenciados no mercado trabalho, criando condi\u00e7\u00f5es para a constru\u00e7\u00e3o de percursos profissionais de sucesso. Os&nbsp;[...]","_links":{"self":[{"href":"https:\/\/www.iseg.ulisboa.pt\/secretaria\/en\/wp-json\/wp\/v2\/pages\/766"}],"collection":[{"href":"https:\/\/www.iseg.ulisboa.pt\/secretaria\/en\/wp-json\/wp\/v2\/pages"}],"about":[{"href":"https:\/\/www.iseg.ulisboa.pt\/secretaria\/en\/wp-json\/wp\/v2\/types\/page"}],"author":[{"embeddable":true,"href":"https:\/\/www.iseg.ulisboa.pt\/secretaria\/en\/wp-json\/wp\/v2\/users\/43"}],"replies":[{"embeddable":true,"href":"https:\/\/www.iseg.ulisboa.pt\/secretaria\/en\/wp-json\/wp\/v2\/comments?post=766"}],"version-history":[{"count":4,"href":"https:\/\/www.iseg.ulisboa.pt\/secretaria\/en\/wp-json\/wp\/v2\/pages\/766\/revisions"}],"predecessor-version":[{"id":1952,"href":"https:\/\/www.iseg.ulisboa.pt\/secretaria\/en\/wp-json\/wp\/v2\/pages\/766\/revisions\/1952"}],"up":[{"embeddable":true,"href":"https:\/\/www.iseg.ulisboa.pt\/secretaria\/en\/wp-json\/wp\/v2\/pages\/605"}],"wp:attachment":[{"href":"https:\/\/www.iseg.ulisboa.pt\/secretaria\/en\/wp-json\/wp\/v2\/media?parent=766"}],"curies":[{"name":"wp","href":"https:\/\/api.w.org\/{rel}","templated":true}]}}