{"id":91,"date":"2023-01-26T15:13:06","date_gmt":"2023-01-26T15:13:06","guid":{"rendered":"https:\/\/www.iseg.ulisboa.pt\/secretaria\/?page_id=91"},"modified":"2026-02-05T14:24:10","modified_gmt":"2026-02-05T14:24:10","slug":"over-23","status":"publish","type":"page","link":"https:\/\/www.iseg.ulisboa.pt\/secretaria\/en\/applications\/crediting\/over-23\/","title":{"rendered":"Over 23 years old"},"content":{"rendered":"<h3 class=\"wp-block-heading\">Assessment Tests for Over 23s - 2026\/2027<\/h3>\n\n\n\n<p>The&nbsp;<a href=\"https:\/\/www.iseg.ulisboa.pt\/secretaria\/wp-content\/uploads\/sites\/8\/2023\/07\/decreto-lei-64.pdf\" target=\"_blank\" rel=\"noreferrer noopener\">Decree-Law 64\/2006<\/a>The Law on Access to Higher Education, of March 21, which approves the special conditions for access and admission to higher education for those over 23 years of age, covers candidates over 23 years of age, regardless of the academic qualifications they hold, as long as they do not hold the access qualification. <\/p>\n\n\n\n<p>An access qualification should be understood as being the holder of a secondary education course or a legally equivalent qualification and having taken the test of ability to attend higher education, which is achieved by passing the entrance exams (the 12th grade or equivalent alone cannot be considered an access qualification to higher education).<\/p>\n\n\n\n<h3 class=\"wp-block-heading\"><strong>Access conditions:<\/strong><\/h3>\n\n\n\n<p>You must be 23 years old by December 31st of the year prior to the exams;<br>Do not have a specific access qualification (a \"specific access qualification\" is understood to mean students who have passed the subjects required for access to ISEG degrees in the national higher education entrance exams).<\/p>\n\n\n\n<h4 class=\"wp-block-heading\">&nbsp;<\/h4>\n\n\n\n<h4 class=\"wp-block-heading\"><a href=\"https:\/\/www.iseg.ulisboa.pt\/secretaria\/en\/aquila\/publico\/aquilaDegreeCandidacy.do\/?method=showWarning&amp;contentContextPath_PATH=\/instituicao\/ISEG\/topo\/licenciaturas&amp;_request_checksum_=57b77317605c940b1a0720609ec6b6bd51fd1a56&amp;_request_checksum_=6e683aa9a3ee34d33b61b760e2f8571565da7777\" data-type=\"URL\" data-id=\"https:\/\/www.iseg.ulisboa.pt\/aquila\/publico\/aquilaDegreeCandidacy.do?method=showWarning&amp;contentContextPath_PATH=\/instituicao\/ISEG\/topo\/licenciaturas&amp;_request_checksum_=57b77317605c940b1a0720609ec6b6bd51fd1a56&amp;_request_checksum_=6e683aa9a3ee34d33b61b760e2f8571565da7777\" target=\"_blank\" rel=\"noreferrer noopener\">Online application<\/a> \u2192 May 4 to 19, 2026<\/h4>\n\n\n\n<h5 class=\"wp-block-heading\">&nbsp;<\/h5>\n\n\n\n<div class=\"wp-block-pb-accordion-item c-accordion__item js-accordion-item no-js\" data-initially-open=\"false\" data-click-to-close=\"true\" data-auto-close=\"true\" data-scroll=\"false\" data-scroll-offset=\"0\"><h3 id=\"at-910\" class=\"c-accordion__title js-accordion-controller\" role=\"button\">Required documents<\/h3><div id=\"ac-910\" class=\"c-accordion__content\">\n<p>The application is made online and you must upload the following documents:<\/p>\n\n\n\n<ul>\n<li>Declaration of honor (<a href=\"https:\/\/www.iseg.ulisboa.pt\/secretaria\/wp-content\/uploads\/sites\/8\/2023\/07\/MO_PR11_02_Declaracao-de-Honra_M23_V07.xlsx\">here<\/a><a href=\"https:\/\/www.iseg.ulisboa.pt\/secretaria\/en\/aquila\/getFile.do\/?fileId=1535838&amp;method=getFile&amp;_request_checksum_=ee73a052cd63a667c36de4326b297a11bff1db03\">)<\/a><\/li>\n\n\n\n<li>Photography<\/li>\n\n\n\n<li>Copy of identity card\/citizen card or passport<\/li>\n\n\n\n<li>Copy of tax identification card<\/li>\n\n\n\n<li>School and professional curricula (we suggest the&nbsp;<a href=\"https:\/\/europass.cedefop.europa.eu\/editors\/pt\/cv\/compose\">Europasse<\/a>).<\/li>\n\n\n\n<li>Certificate of qualifications<\/li>\n\n\n\n<li>Summary of the reasons for your application (100 to 300 words)<\/li>\n\n\n\n<li>Certificate of Length of Residence in Portugal issued by AIMA, if the candidate is not a national of a Member State of the European Union.<\/li>\n<\/ul>\n<\/div><\/div>\n\n\n\n<div class=\"wp-block-pb-accordion-item c-accordion__item js-accordion-item no-js\" data-initially-open=\"false\" data-click-to-close=\"true\" data-auto-close=\"true\" data-scroll=\"false\" data-scroll-offset=\"0\"><h3 id=\"at-911\" class=\"c-accordion__title js-accordion-controller\" role=\"button\">Places<\/h3><div id=\"ac-911\" class=\"c-accordion__content\">\n<figure class=\"wp-block-table block-table-studyplan has-iseg-yellow-thead\"><table><thead><tr><th class=\"has-text-align-left\" data-align=\"left\">Portuguese degrees<\/th><th class=\"has-text-align-left\" data-align=\"left\">Places<\/th><\/tr><\/thead><tbody><tr><td class=\"has-text-align-left\" data-align=\"left\"><a href=\"https:\/\/www.iseg.ulisboa.pt\/secretaria\/en\/estudar\/licenciatura\/economia\/\">Economics<\/a><\/td><td class=\"has-text-align-left\" data-align=\"left\">10<\/td><\/tr><tr><td class=\"has-text-align-left\" data-align=\"left\"><a href=\"https:\/\/www.iseg.ulisboa.pt\/secretaria\/en\/estudar\/licenciatura\/gestao\/\">Management<\/a><\/td><td class=\"has-text-align-left\" data-align=\"left\">10<\/td><\/tr><tr><td class=\"has-text-align-left\" data-align=\"left\"><a href=\"https:\/\/www.iseg.ulisboa.pt\/secretaria\/en\/estudar\/licenciatura\/matematica-aplicada-a-economia-e-a-gestao\/\">MAEG<\/a><\/td><td class=\"has-text-align-left\" data-align=\"left\">1<\/td><\/tr><\/tbody><\/table><\/figure>\n\n\n\n<figure class=\"wp-block-table block-table-studyplan has-iseg-pink-thead\"><table><thead><tr><th class=\"has-text-align-left\" data-align=\"left\">Degree in English<\/th><th>Places<\/th><\/tr><\/thead><tbody><tr><td class=\"has-text-align-left\" data-align=\"left\"><a href=\"https:\/\/www.iseg.ulisboa.pt\/secretaria\/en\/study\/undergraduate\/finance\/\">Finance<\/a><\/td><td>3<\/td><\/tr><tr><td class=\"has-text-align-left\" data-align=\"left\"><a href=\"https:\/\/www.iseg.ulisboa.pt\/secretaria\/en\/study\/undergraduate\/economics\/\">Economics<\/a><\/td><td>2<\/td><\/tr><tr><td class=\"has-text-align-left\" data-align=\"left\">MAEG-EN<\/td><td>1<\/td><\/tr><tr><td class=\"has-text-align-left\" data-align=\"left\"><a href=\"https:\/\/www.iseg.ulisboa.pt\/secretaria\/en\/study\/undergraduate\/management\/\">Management<\/a><\/td><td>5<\/td><\/tr><\/tbody><\/table><\/figure>\n\n\n\n<p>The degrees at ISEG are taught during daytime hours<\/p>\n<\/div><\/div>\n\n\n\n<div class=\"wp-block-pb-accordion-item c-accordion__item js-accordion-item no-js\" data-initially-open=\"false\" data-click-to-close=\"true\" data-auto-close=\"true\" data-scroll=\"false\" data-scroll-offset=\"0\"><h3 id=\"at-912\" class=\"c-accordion__title js-accordion-controller\" role=\"button\">Fees<\/h3><div id=\"ac-912\" class=\"c-accordion__content\">\n<ul>\n<li>Race registration - 60 euros<\/li>\n\n\n\n<li>Request for re-examination of tests - 50 euros<\/li>\n\n\n\n<li>Certificate of test results - 20 euros<\/li>\n\n\n\n<li>Successful candidates (test on 25\/05\/2026) a) - 60 euros<\/li>\n<\/ul>\n<\/div><\/div>\n\n\n\n<div class=\"wp-block-pb-accordion-item c-accordion__item js-accordion-item no-js\" data-initially-open=\"false\" data-click-to-close=\"true\" data-auto-close=\"true\" data-scroll=\"false\" data-scroll-offset=\"0\"><h3 id=\"at-913\" class=\"c-accordion__title js-accordion-controller\" role=\"button\">Important deadlines<\/h3><div id=\"ac-913\" class=\"c-accordion__content\">\n<figure class=\"wp-block-table block-table-studyplan has-iseg-yellow-thead\"><table class=\"has-fixed-layout\"><thead><tr><th class=\"has-text-align-left\" data-align=\"left\">Activity<\/th><th class=\"has-text-align-left\" data-align=\"left\">Period<\/th><\/tr><\/thead><tbody><tr><td class=\"has-text-align-left\" data-align=\"left\">Registration Deadline for the Tests<\/td><td class=\"has-text-align-left\" data-align=\"left\">May 4-19, 2026<\/td><\/tr><tr><td class=\"has-text-align-left\" data-align=\"left\">Test date *<\/td><td class=\"has-text-align-left\" data-align=\"left\">May 25, 2026 at 10:00 a.m. *<\/td><\/tr><tr><td class=\"has-text-align-left\" data-align=\"left\">Posting of test results&nbsp;<\/td><td class=\"has-text-align-left\" data-align=\"left\">June 15, 2026<\/td><\/tr><tr><td class=\"has-text-align-left\" data-align=\"left\">Request for re-examination of tests<\/td><td class=\"has-text-align-left\" data-align=\"left\">June 15-16, 2026<\/td><\/tr><tr><td class=\"has-text-align-left\" data-align=\"left\">Posting of results of re-examination tests<\/td><td class=\"has-text-align-left\" data-align=\"left\">June 22nd, 2026<\/td><\/tr><tr><td class=\"has-text-align-left\" data-align=\"left\">Application of successful candidates a)<\/td><td class=\"has-text-align-left\" data-align=\"left\">June 23-26, 2026<\/td><\/tr><\/tbody><\/table><\/figure>\n\n\n\n<p>* Afiteatro 3 - Piso -1 - Ed. Francesinhas 2 - ISEG (Rua das Francesinhas s\/n)<\/p>\n\n\n\n<p><strong>Notes<\/strong>:<br>a) Candidates with a positive grade after the publication of the results, wishing to apply for places on ISEG courses, must apply by the deadlines set for this purpose, subject to the established fees.<\/p>\n<\/div><\/div>\n\n\n\n<div class=\"wp-block-pb-accordion-item c-accordion__item js-accordion-item no-js\" data-initially-open=\"false\" data-click-to-close=\"true\" data-auto-close=\"true\" data-scroll=\"false\" data-scroll-offset=\"0\"><h3 id=\"at-914\" class=\"c-accordion__title js-accordion-controller\" role=\"button\">Tests 3 years ago<\/h3><div id=\"ac-914\" class=\"c-accordion__content\"><div class=\"block-file-list\">\n\t<div class=\"container\">\n\t\t<div class=\"file-list\">\n\t\t\t<ul class=\"program-list\">\n                                    <li>\n                        <a target=\"_blank\" href=\"https:\/\/www.iseg.ulisboa.pt\/secretaria\/wp-content\/uploads\/sites\/8\/2026\/02\/Prova-2025-Portugues.pdf\">\n                            <b>Written Capacity Assessment Test 2025<\/b><div class=\"file_info\"> ( pdf, 129 KB ) <\/div>                        <\/a>\n                    <\/li>\n                                    <li>\n                        <a target=\"_blank\" href=\"https:\/\/www.iseg.ulisboa.pt\/secretaria\/wp-content\/uploads\/sites\/8\/2026\/02\/Prova-2024-PT.pdf\">\n                            <b>Written Capacity Assessment Test 2024<\/b><div class=\"file_info\"> ( pdf, 253 KB ) <\/div>                        <\/a>\n                    <\/li>\n                                    <li>\n                        <a target=\"_blank\" href=\"https:\/\/www.iseg.ulisboa.pt\/secretaria\/wp-content\/uploads\/sites\/8\/2023\/08\/Prova-Escrita-de-Avaliao-de-Capacidade-2023.pdf\">\n                            <b>Written Capacity Assessment Test 2023<\/b><div class=\"file_info\"> ( pdf, 290 KB ) <\/div>                        <\/a>\n                    <\/li>\n                            <\/ul>\n\t\t<\/div>\n\t<\/div>\n<\/div>\n\n\n<div style=\"height:100px\" aria-hidden=\"true\" class=\"wp-block-spacer\"><\/div>\n<\/div><\/div>\n\n\n\n<div class=\"wp-block-pb-accordion-item c-accordion__item js-accordion-item no-js\" data-initially-open=\"false\" data-click-to-close=\"true\" data-auto-close=\"true\" data-scroll=\"false\" data-scroll-offset=\"0\"><h3 id=\"at-915\" class=\"c-accordion__title js-accordion-controller\" role=\"button\">Areas of Study and Bibliography<\/h3><div id=\"ac-915\" class=\"c-accordion__content\">\n<p><strong>Scientific Area<\/strong>Management<\/p>\n\n\n\n<p>Topics: Any elements of General Culture<\/p>\n\n\n\n<p>Bibliography: SOUSA, Ant\u00f3nio, (1990), Introdu\u00e7\u00e3o \u00e0 Gest\u00e3o, Uma abordagem Sist\u00e9mica, Verbo.<\/p>\n\n\n\n<p><strong>Scientific Area:<\/strong>&nbsp;Economic History<\/p>\n\n\n\n<p>Themes: Post-World War II economic growth; Second Globalization; Crises.<\/p>\n\n\n\n<p>Bibliography: Nunes, Ana Bela; Val\u00e9rio, Nuno (2004), Hist\u00f3ria de Economia Mundial Contempor\u00e2nea, Editorial Presen\u00e7a, Lisbon.<\/p>\n\n\n\n<p><strong>Scientific Area:<\/strong>&nbsp;&nbsp;International Economy<\/p>\n\n\n\n<p>Bibliography: Appleyard , D., Field, A. and Cobb, S. (2010) Economia Internacional , McGraw Hill, AMG Editora Ltda. Sao Paulo.<\/p>\n\n\n\n<p>Krugman, P. (2012) End This Crisis Now. Editorial Presen\u00e7a, Lisbon.<\/p>\n\n\n\n<p><strong>Scientific Area:<\/strong>&nbsp;Mathematics.<\/p>\n\n\n\n<p>Topics: Functions and sequences; Differential calculus; Probabilities and statistics.<\/p>\n\n\n\n<p>Bibliographic support: Textbooks containing the Mathematics A syllabus for secondary education (10th, 11th and 12th grades).<\/p>\n<\/div><\/div>\n\n\n\n<div class=\"wp-block-pb-accordion-item c-accordion__item js-accordion-item no-js\" data-initially-open=\"false\" data-click-to-close=\"true\" data-auto-close=\"true\" data-scroll=\"false\" data-scroll-offset=\"0\"><h3 id=\"at-916\" class=\"c-accordion__title js-accordion-controller\" role=\"button\">Tuition Fees<\/h3><div id=\"ac-916\" class=\"c-accordion__content\">\n<p>Payment of <a href=\"https:\/\/www.iseg.ulisboa.pt\/secretaria\/en\/academic-information\/crediting\/tuition-fees\/\">tuition fees to be paid<\/a>:<\/p>\n\n\n\n<ul>\n<li>Administrative Acts - 50 euros;<\/li>\n\n\n\n<li>School Insurance + Tuition 1st Instalment - 159,10 Euros<\/li>\n<\/ul>\n\n\n\n<p>Full payment of <strong>209.10 Euros<\/strong> referring to Administrative Acts (50,00 Euros) + School Insurance (2,10 Euros) + 1st Instalment of Tuition Fees (157,00 Euros) must be paid. <strong>up to 5 days after registration<\/strong>.<\/p>\n<\/div><\/div>\n\n\n\n<div style=\"height:100px\" aria-hidden=\"true\" class=\"wp-block-spacer\"><\/div>\n\n\n\n<p>Open Day and Workshops Over 23 - February 5th - ULisboa see&nbsp;<a href=\"https:\/\/www.ulisboa.pt\/evento\/dia-aberto-m23-2026\">here<\/a><\/p>\n\n\n\n<p><\/p>\n\n\n<div class=\"block-file-list\">\n\t<div class=\"container\">\n\t\t<div class=\"file-list\">\n\t\t\t<ul class=\"program-list\">\n                                    <li>\n                        <a target=\"_blank\" href=\"https:\/\/www.iseg.ulisboa.pt\/secretaria\/wp-content\/uploads\/sites\/8\/2023\/07\/Regulamento-Maiores-23-anos-ISEG.pdf\">\n                            <b>Regulations for people over 23 - ISEG<\/b><div class=\"file_info\"> ( pdf, 462 KB ) <\/div>                        <\/a>\n                    <\/li>\n                            <\/ul>\n\t\t<\/div>\n\t<\/div>\n<\/div>","protected":false},"excerpt":{"rendered":"Provas de Avalia\u00e7\u00e3o Maiores de 23 Anos &#8211; 2026\/2027 O&nbsp;Decreto-Lei 64\/2006, de 21 de Mar\u00e7o, que aprova as condi\u00e7\u00f5es especiais de acesso e ingresso no ensino superior para a frequ\u00eancia&nbsp;[&#8230;]","protected":false},"author":2,"featured_media":0,"parent":50,"menu_order":5,"comment_status":"closed","ping_status":"closed","template":"","meta":{"_uag_custom_page_level_css":"","footnotes":""},"acf":[],"uagb_featured_image_src":{"full":false,"thumbnail":false,"medium":false,"medium_large":false,"large":false,"1536x1536":false,"2048x2048":false,"trp-custom-language-flag":false},"uagb_author_info":{"display_name":"Major","author_link":"https:\/\/www.iseg.ulisboa.pt\/secretaria\/en\/author\/leihla\/"},"uagb_comment_info":0,"uagb_excerpt":"Provas de Avalia\u00e7\u00e3o Maiores de 23 Anos &#8211; 2026\/2027 O&nbsp;Decreto-Lei 64\/2006, de 21 de Mar\u00e7o, que aprova as condi\u00e7\u00f5es especiais de acesso e ingresso no ensino superior para a frequ\u00eancia&nbsp;[...]","_links":{"self":[{"href":"https:\/\/www.iseg.ulisboa.pt\/secretaria\/en\/wp-json\/wp\/v2\/pages\/91"}],"collection":[{"href":"https:\/\/www.iseg.ulisboa.pt\/secretaria\/en\/wp-json\/wp\/v2\/pages"}],"about":[{"href":"https:\/\/www.iseg.ulisboa.pt\/secretaria\/en\/wp-json\/wp\/v2\/types\/page"}],"author":[{"embeddable":true,"href":"https:\/\/www.iseg.ulisboa.pt\/secretaria\/en\/wp-json\/wp\/v2\/users\/2"}],"replies":[{"embeddable":true,"href":"https:\/\/www.iseg.ulisboa.pt\/secretaria\/en\/wp-json\/wp\/v2\/comments?post=91"}],"version-history":[{"count":75,"href":"https:\/\/www.iseg.ulisboa.pt\/secretaria\/en\/wp-json\/wp\/v2\/pages\/91\/revisions"}],"predecessor-version":[{"id":5942,"href":"https:\/\/www.iseg.ulisboa.pt\/secretaria\/en\/wp-json\/wp\/v2\/pages\/91\/revisions\/5942"}],"up":[{"embeddable":true,"href":"https:\/\/www.iseg.ulisboa.pt\/secretaria\/en\/wp-json\/wp\/v2\/pages\/50"}],"wp:attachment":[{"href":"https:\/\/www.iseg.ulisboa.pt\/secretaria\/en\/wp-json\/wp\/v2\/media?parent=91"}],"curies":[{"name":"wp","href":"https:\/\/api.w.org\/{rel}","templated":true}]}}