{"id":93,"date":"2023-01-26T15:13:29","date_gmt":"2023-01-26T15:13:29","guid":{"rendered":"https:\/\/www.iseg.ulisboa.pt\/secretaria\/?page_id=93"},"modified":"2026-04-17T13:24:54","modified_gmt":"2026-04-17T13:24:54","slug":"re-entry","status":"publish","type":"page","link":"https:\/\/www.iseg.ulisboa.pt\/secretaria\/en\/applications\/crediting\/re-entry\/","title":{"rendered":"Re-admission"},"content":{"rendered":"<h3 class=\"wp-block-heading\"><strong>Degree Courses - Academic Year 2026\/2027<\/strong><\/h3>\n\n\n\n<p>Re-entry is the act by which a student, after interrupting their studies at a higher education institution\/course pair, enrolls at the same institution and enrolls in the same or a successor course.<\/p>\n\n\n\n<p>Classes start on September 7th&nbsp;<\/p>\n\n\n\n<p><\/p>\n\n\n\n<p class=\"button w-button\"><a rel=\"noreferrer noopener\" href=\"https:\/\/www.iseg.ulisboa.pt\/secretaria\/en\/aquila\/publico\/aquilaDegreeCandidacy.do\/?method=showWarning&amp;contentContextPath_PATH=\/instituicao\/ISEG\/topo\/licenciaturas&amp;_request_checksum_=57b77317605c940b1a0720609ec6b6bd51fd1a56&amp;_request_checksum_=b331c5ebab417393958008f1526ada064f86907a&amp;_request_checksum_=6e683aa9a3ee34d33b61b760e2f8571565da7777\" data-type=\"URL\" data-id=\"https:\/\/www.iseg.ulisboa.pt\/aquila\/publico\/aquilaDegreeCandidacy.do?method=showWarning&amp;contentContextPath_PATH=\/instituicao\/ISEG\/topo\/licenciaturas&amp;_request_checksum_=57b77317605c940b1a0720609ec6b6bd51fd1a56&amp;_request_checksum_=b331c5ebab417393958008f1526ada064f86907a&amp;_request_checksum_=6e683aa9a3ee34d33b61b760e2f8571565da7777\" target=\"_blank\">Online application<\/a><\/p>\n\n\n\n<div class=\"wp-block-pb-accordion-item c-accordion__item js-accordion-item no-js\" data-initially-open=\"false\" data-click-to-close=\"true\" data-auto-close=\"true\" data-scroll=\"false\" data-scroll-offset=\"0\"><h3 id=\"at-930\" class=\"c-accordion__title js-accordion-controller\" role=\"button\">Online Applications - June 1 to 30, 2026<\/h3><div id=\"ac-930\" class=\"c-accordion__content\">\n<p><strong>Notes<\/strong>:<br>You must log in to the ISEG website (top right), update your personal details and then apply by following the steps below:<\/p>\n\n\n\n<p class=\"has-text-align-center\"><strong>Applicant &gt; Application &gt; Re-entry &gt; Create<\/strong><\/p>\n\n\n\n<p>If you don't have an active password, you can request one by sending an email to&nbsp;<a href=\"mailto:helpdesk@iseg.ulisboa.pt\">helpdesk@iseg.ulisboa.pt<\/a>.<\/p>\n\n\n\n<p><strong>Students can apply to re-enter an institution\/course pair if:<\/strong><\/p>\n\n\n\n<ul>\n<li>Have been enrolled and registered in that institution\/course pair or in a pair that preceded it;<\/li>\n\n\n\n<li>In the case of students whose enrollment has lapsed under the provisions of ISEG's Prescription Regulations, they can only apply for this scheme after the two semesters relating to the prescription have elapsed;<\/li>\n\n\n\n<li>It is a condition for acceptance of re-enrolment that the student has paid the fees for the previous enrolment in good standing.<\/li>\n\n\n\n<li>International students who have passed at least one course unit.<\/li>\n<\/ul>\n\n\n\n<p><strong>Number of vacancies:<\/strong><\/p>\n\n\n\n<p>There is no limit on the number of places.<\/p>\n\n\n\n<p><\/p>\n\n\n\n<p><strong>Notes:<\/strong><\/p>\n\n\n\n<p>ISEG students or former students can apply, in the same academic year, for the Re-entry Scheme, for the course of origin, and for the Change of Institution\/Course Pair Scheme for the course they wish to change.<\/p>\n\n\n\n<p>Errors or omissions made when filling in the electronic application form are the sole responsibility of the applicant.<\/p>\n<\/div><\/div>\n\n\n\n<div class=\"wp-block-pb-accordion-item c-accordion__item js-accordion-item no-js\" data-initially-open=\"false\" data-click-to-close=\"true\" data-auto-close=\"true\" data-scroll=\"false\" data-scroll-offset=\"0\"><h3 id=\"at-931\" class=\"c-accordion__title js-accordion-controller\" role=\"button\">Fees<\/h3><div id=\"ac-931\" class=\"c-accordion__content\">\n<p><strong>Application fee of 60.00 euros (non-refundable)<\/strong><\/p>\n\n\n\n<ul>\n<li>For students living in Portugal, the application fee is paid by an ATM reference automatically generated when the application is submitted. If you do not pay the fee on time, your application will not be validated.<\/li>\n\n\n\n<li>Students living abroad can pay by credit card or MBWay.<\/li>\n\n\n\n<li>Applications that are not accompanied by all the documents requested and the application fee paid will be rejected outright. There is no right to a refund of the fee paid for incomplete applications.<\/li>\n<\/ul>\n<\/div><\/div>\n\n\n\n<div class=\"wp-block-pb-accordion-item c-accordion__item js-accordion-item no-js\" data-initially-open=\"false\" data-click-to-close=\"true\" data-auto-close=\"true\" data-scroll=\"false\" data-scroll-offset=\"0\"><h3 id=\"at-932\" class=\"c-accordion__title js-accordion-controller\" role=\"button\">Required documents<\/h3><div id=\"ac-932\" class=\"c-accordion__content\">\n<ul>\n<li>Photo;<\/li>\n\n\n\n<li>Photocopy of Citizen Card (or Identity Card) a) ;<\/li>\n\n\n\n<li>Photocopy of your Tax Identification Number (NIF) - if you don't have a Citizen's Card;<\/li>\n<\/ul>\n\n\n\n<p><strong>Notes:<\/strong><\/p>\n\n\n\n<p>a) With their consent.<\/p>\n\n\n\n<p>If you do not wish to&nbsp;<em>upload<\/em>, In order to validate the identification document, the student must present the document to the services for face-to-face validation at the Department of Undergraduate Studies within the fixed hours. In this case, you must submit a declaration stating that you will validate the identification document at the face-to-face service;<\/p>\n\n\n\n<p>Any questions can be answered by the Undergraduate Secretariat via email&nbsp;<a href=\"mailto:seclic@iseg.ulisboa.pt\">seclic@iseg.ulisboa.pt<\/a>phone 213925800 (from 2pm to 4pm).<\/p>\n<\/div><\/div>\n\n\n\n<div class=\"wp-block-pb-accordion-item c-accordion__item js-accordion-item no-js\" data-initially-open=\"false\" data-click-to-close=\"true\" data-auto-close=\"true\" data-scroll=\"false\" data-scroll-offset=\"0\"><h3 id=\"at-933\" class=\"c-accordion__title js-accordion-controller\" role=\"button\">Important deadlines<\/h3><div id=\"ac-933\" class=\"c-accordion__content\">\n<ul>\n<li>Application: June 1 to 30, 2026<\/li>\n\n\n\n<li>Announcement of placement results: by July 6, 2026 (subject to confirmation)<\/li>\n\n\n\n<li>Enrollment and registration (online): July 7-10, 2026 (subject to confirmation)<\/li>\n<\/ul>\n<\/div><\/div>\n\n\n\n<div class=\"wp-block-pb-accordion-item c-accordion__item js-accordion-item no-js\" data-initially-open=\"false\" data-click-to-close=\"true\" data-auto-close=\"true\" data-scroll=\"false\" data-scroll-offset=\"0\"><h3 id=\"at-934\" class=\"c-accordion__title js-accordion-controller\" role=\"button\">Enrollment \/ Registration<\/h3><div id=\"ac-934\" class=\"c-accordion__content\">\n<p>Enrollment\/registration takes place online from July 7 (at 10:00 AM) to July 10, 2026, and it is necessary to log in.<\/p>\n\n\n\n<p><strong>Fenix Portal &gt; \"Applicant\" tab &gt; in the application click on Detail &gt; \"Enroll\" option<\/strong><\/p>\n\n\n\n<p>For students on the Economics, Management and Finance courses who have changed their syllabus, we ask that, after clicking on Enrol, you send us an email to seclic@iseg.ulisboa.pt, so that we can upload the accreditation of the UCs approved in previous years.<\/p>\n\n\n\n<p>You will receive an email as soon as the system has loaded your CUs, after which you can access Fenix and follow the instructions below.<\/p>\n\n\n\n<p>Then click &gt; \"Student\" tab &gt; left side menu \"Enroll\" &gt; option \"Enrollment processes\" &gt; Click on \"Start process\"<\/p>\n\n\n\n<p>You should properly fill in the missing fields and proceed step by step until the process is completed. In the final step, after selecting the \u201cconfirm enrollment\u201d button, the \u201cproof of enrollment\u201c document is generated.<\/p>\n\n\n\n<p>Only after clicking the \"Finish\" button is the registration process complete.<\/p>\n\n\n\n<p>Tuition fees\/registration: At the end of the registration, a receipt will be provided indicating the tuition fees and references;<\/p>\n\n\n\n<p>The amounts to be paid for each installment and the bank references can be consulted on the Fenix portal at: &gt; \"student\" tab &gt; \"View Account\".<\/p>\n\n\n\n<p>Payment of&nbsp;<a href=\"https:\/\/www.iseg.ulisboa.pt\/secretaria\/en\/academic-information\/tuition-fees\/tuition-fees\/\">fees to be paid<\/a>:<\/p>\n\n\n\n<p>Administrative acts 50 euros;<\/p>\n\n\n\n<p>School insurance + Tuition fee 1st installment - 159,10 Euros<\/p>\n\n\n\n<p>Total payment of 209.10 Euros for administrative acts (50.00 Euros) + school insurance (2.10 Euros) + 1st tuition fee installment (157 Euros) must be made&nbsp;<strong>up to 5 days<\/strong> after registration.<\/p>\n\n\n\n<p>At this stage, students applying for a scholarship from the SAS (Social Action Services) are exempt from paying the tuition fee at the time of enrollment. They must present proof of application or a declaration of honor, and must only pay the school insurance and administrative acts, the proof of which must be sent by email with this indication.<\/p>\n<\/div><\/div>\n\n\n\n<div class=\"wp-block-pb-accordion-item c-accordion__item js-accordion-item no-js\" data-initially-open=\"false\" data-click-to-close=\"true\" data-auto-close=\"true\" data-scroll=\"false\" data-scroll-offset=\"0\"><h3 id=\"at-935\" class=\"c-accordion__title js-accordion-controller\" role=\"button\">Legislation and Regulations<\/h3><div id=\"ac-935\" class=\"c-accordion__content\">\n<ul>\n<li><a href=\"https:\/\/www.iseg.ulisboa.pt\/secretaria\/wp-content\/uploads\/sites\/8\/2023\/07\/71637164.pdf\">Decree-Law no. 196\/2006<\/a><\/li>\n\n\n\n<li><a href=\"https:\/\/www.iseg.ulisboa.pt\/secretaria\/wp-content\/uploads\/sites\/8\/2023\/07\/Portaria181-D_2015_Mudana-Par-Instituio_Curso.pdf\">Ordinance no. 181-D\/2015<\/a><\/li>\n\n\n\n<li><a href=\"https:\/\/www.iseg.ulisboa.pt\/secretaria\/wp-content\/uploads\/sites\/8\/2026\/04\/Regulamento-do-Regime-de-Reingresso-2026_2027_v1_EN.pdf\">Regulations<\/a><\/li>\n<\/ul>\n\n\n\n<p><\/p>\n<\/div><\/div>","protected":false},"excerpt":{"rendered":"Licenciaturas &#8211; Ano Letivo 2026\/2027 Reingresso \u00e9 o ato pelo qual um estudante, ap\u00f3s interrup\u00e7\u00e3o dos estudos num par institui\u00e7\u00e3o\/curso de ensino superior, se matricula na mesma institui\u00e7\u00e3o e se&nbsp;[&#8230;]","protected":false},"author":2,"featured_media":0,"parent":50,"menu_order":4,"comment_status":"closed","ping_status":"closed","template":"","meta":{"_uag_custom_page_level_css":"","footnotes":""},"acf":[],"uagb_featured_image_src":{"full":false,"thumbnail":false,"medium":false,"medium_large":false,"large":false,"1536x1536":false,"2048x2048":false,"trp-custom-language-flag":false},"uagb_author_info":{"display_name":"Major","author_link":"https:\/\/www.iseg.ulisboa.pt\/secretaria\/en\/author\/leihla\/"},"uagb_comment_info":0,"uagb_excerpt":"Licenciaturas &#8211; Ano Letivo 2026\/2027 Reingresso \u00e9 o ato pelo qual um estudante, ap\u00f3s interrup\u00e7\u00e3o dos estudos num par institui\u00e7\u00e3o\/curso de ensino superior, se matricula na mesma institui\u00e7\u00e3o e se&nbsp;[...]","_links":{"self":[{"href":"https:\/\/www.iseg.ulisboa.pt\/secretaria\/en\/wp-json\/wp\/v2\/pages\/93"}],"collection":[{"href":"https:\/\/www.iseg.ulisboa.pt\/secretaria\/en\/wp-json\/wp\/v2\/pages"}],"about":[{"href":"https:\/\/www.iseg.ulisboa.pt\/secretaria\/en\/wp-json\/wp\/v2\/types\/page"}],"author":[{"embeddable":true,"href":"https:\/\/www.iseg.ulisboa.pt\/secretaria\/en\/wp-json\/wp\/v2\/users\/2"}],"replies":[{"embeddable":true,"href":"https:\/\/www.iseg.ulisboa.pt\/secretaria\/en\/wp-json\/wp\/v2\/comments?post=93"}],"version-history":[{"count":28,"href":"https:\/\/www.iseg.ulisboa.pt\/secretaria\/en\/wp-json\/wp\/v2\/pages\/93\/revisions"}],"predecessor-version":[{"id":6134,"href":"https:\/\/www.iseg.ulisboa.pt\/secretaria\/en\/wp-json\/wp\/v2\/pages\/93\/revisions\/6134"}],"up":[{"embeddable":true,"href":"https:\/\/www.iseg.ulisboa.pt\/secretaria\/en\/wp-json\/wp\/v2\/pages\/50"}],"wp:attachment":[{"href":"https:\/\/www.iseg.ulisboa.pt\/secretaria\/en\/wp-json\/wp\/v2\/media?parent=93"}],"curies":[{"name":"wp","href":"https:\/\/api.w.org\/{rel}","templated":true}]}}