{"id":1034,"date":"2023-07-05T20:29:57","date_gmt":"2023-07-05T20:29:57","guid":{"rendered":"https:\/\/www.iseg.ulisboa.pt\/secretaria\/?page_id=1034"},"modified":"2026-04-14T14:03:59","modified_gmt":"2026-04-14T14:03:59","slug":"propinas","status":"publish","type":"page","link":"https:\/\/www.iseg.ulisboa.pt\/secretaria\/informacoes-academicas\/licenciaturas\/propinas\/","title":{"rendered":"Propinas"},"content":{"rendered":"\n<p><\/p>\n\n\n\n<p>A propina \u00e9 a taxa de frequ\u00eancia a que o estudante est\u00e1 obrigado pela realiza\u00e7\u00e3o de uma inscri\u00e7\u00e3o. A propina reporta-se sempre a um ano letivo.<\/p>\n\n\n\n<p>A propina est\u00e1 indexada \u00e0 matr\u00edcula\/inscri\u00e7\u00e3o, e n\u00e3o \u00e0 frequ\u00eancia do curso. Isto significa que um estudante regularmente inscrito, seja em unidades curriculares isoladas, num curso n\u00e3o conferente de grau, ou numa licenciatura, mestrado ou doutoramento, que deixe de frequentar as aulas, n\u00e3o deixa de estar obrigado ao pagamento da respetiva propina.<\/p>\n\n\n\n<p>A desobriga\u00e7\u00e3o deste pagamento s\u00f3 acontece perante a formaliza\u00e7\u00e3o de um pedido de desist\u00eancia, que ter\u00e1 de ser aceite e os termos do mesmo devidamente respeitados, sob pena de anula\u00e7\u00e3o. O estudante que entre em incumprimento torna-se n\u00e3o s\u00f3 devedor da propina, como dos respetivos juros de mora.<\/p>\n\n\n\n<p><\/p>\n\n\n<div class=\"block-additional-resources\">\n\t<div class=\"container\">\n\t\t<h3 class=\"has-iseg-red-color\"><\/h3>\n\t\t<div class=\"block-resources\">\n\t\t\t\t\t\t\t\t<a href=\"https:\/\/www.iseg.ulisboa.pt\/secretaria\/informacoes-academicas\/licenciaturas\/propinas\/propinas-ano-letivo-2025-2026\/\" class=\"block-resources__item\" title=\"Propinas Ano Letivo 2025\/2026\" target=\"_self\">\n\t\t\t\t\t\tPropinas Ano Letivo 2025\/2026\t\t\t\t\t<\/a>\n\t\t\t\t\t\t\t\t\t\t\t\t<a href=\"https:\/\/www.iseg.ulisboa.pt\/secretaria\/informacoes-academicas\/licenciaturas\/propinas\/propinas-ano-letivo-2026-2027\/\" class=\"block-resources__item\" title=\"Propinas Ano Letivo 2026\/2027\" target=\"_self\">\n\t\t\t\t\t\tPropinas Ano Letivo 2026\/2027\t\t\t\t\t<\/a>\n\t\t\t\t\t\t\t\t\t<\/div>\n\t<\/div>\n<\/div>\n\n\n\n<h3 class=\"wp-block-heading\">Emolumentos<\/h3>\n\n\n\n<p>Caso n\u00e3o efetue o pagamento de alguma presta\u00e7\u00e3o dentro dos prazos acima estabelecidos, incorrer\u00e1 num agravamento que inclui um Acr\u00e9scimo Emolumentar no valor de 20\u20ac e o juro \u00e0 taxa legal em vigor.&nbsp;<\/p>\n\n\n\n<hr class=\"wp-block-separator has-alpha-channel-opacity is-style-dots\" \/>\n\n\n\n<h3 class=\"wp-block-heading\">Informa\u00e7\u00f5es<\/h3>\n\n\n\n<p>Os pagamentos efetuados nos prazos acima fixados para o efeito s\u00e3o executados por Multibanco via SIBS, de acordo com as refer\u00eancias multibanco criadas no portal acad\u00e9mico, ou atrav\u00e9s de cart\u00e3o de cr\u00e9dito ou ainda MBWay. N\u00e3o ser\u00e3o recebidos pagamentos de propinas dentro dos prazos fixados junto da Secretaria das Licenciaturas.<\/p>\n\n\n\n<p>A refer\u00eancia para cada presta\u00e7\u00e3o deve ser criada pelo aluno. Para o efeito, dever\u00e1 aceder ao&nbsp;<a href=\"https:\/\/fenix.iseg.ulisboa.pt\/\" target=\"_blank\" rel=\"noreferrer noopener\">Portal Fenix<\/a>&nbsp;e escolher no menu &#8220;Aluno&#8221; as op\u00e7\u00f5es &#8220;Visualizar Conta&#8221; e clicar em &#8220;Gerar Refer\u00eancia Multibanco&#8221; selecionar a d\u00edvida pretendida e prosseguir com os passos apresentados.<\/p>\n\n\n\n<hr class=\"wp-block-separator has-alpha-channel-opacity is-style-dots\" \/>\n\n\n\n<h3 class=\"wp-block-heading\">Plano Espec\u00edfico de Pagamento<\/h3>\n\n\n\n<p>Poder\u00e1 ser estabelecido, mediante requerimento fundamentado do aluno, um plano espec\u00edfico de pagamento do valor da propina, nas seguintes condi\u00e7\u00f5es:<\/p>\n\n\n\n<ul>\n<li>O aluno dever\u00e1 apresentar o seu pedido espec\u00edfico de pagamento antes do final do prazo de pagamento de cada presta\u00e7\u00e3o,atrav\u00e9s do Fenix, via requerimento em separador \u201cPessoal\u201d &gt;&gt; Servi\u00e7os &gt;&gt; Requerimentos \u2013 clicar em \u201c+Criar\u201d e no Tipo de Requerimento escolher \u201cPlano de Pagamento\u201d;<\/li>\n\n\n\n<li>O plano espec\u00edfico de pagamento aprovado n\u00e3o poder\u00e1 exceder o final do ano letivo;<\/li>\n\n\n\n<li>Alunos que se encontram com um plano de pagamento de propinas e que comuniquem a sua inten\u00e7\u00e3o de anular a matr\u00edcula\/inscri\u00e7\u00e3o, \u00e9-lhes anulado o referido plano de pagamento de propinas, ficando assim obrigados ao pagamento das presta\u00e7\u00f5es das propinas j\u00e1 vencidas \u00e0 data do pedido da anula\u00e7\u00e3o da matricula\/inscri\u00e7\u00e3o e, consequentemente, ao acr\u00e9scimo emolumentar devido e aos juros morat\u00f3rios \u00e0 taxa legal. Esta informa\u00e7\u00e3o n\u00e3o dispensa a leitura do regulamento de propinas.<\/li>\n\n\n\n<li>N\u00e3o ser\u00e3o autorizados planos espec\u00edficos de pagamento a alunos que incumpriram planos anteriores.<\/li>\n<\/ul>\n\n\n\n<hr class=\"wp-block-separator has-alpha-channel-opacity is-style-dots\" \/>\n\n\n\n<h3 class=\"wp-block-heading\">Emiss\u00e3o de recibos\/faturas em nome de outra entidade:<\/h3>\n\n\n\n<p>As faturas e recibos de propinas s\u00e3o, regra geral, emitidos com os dados disponibilizados pelo aluno no portal acad\u00e9mico.<\/p>\n\n\n\n<p>Caso o aluno pretenda que as faturas e respetivos recibos sejam emitidos em nome de outra entidade, deve&nbsp;efetuar o procedimento referido em seguida.<\/p>\n\n\n\n<div class=\"wp-block-pb-accordion-item c-accordion__item js-accordion-item no-js\" data-initially-open=\"false\" data-click-to-close=\"true\" data-auto-close=\"true\" data-scroll=\"false\" data-scroll-offset=\"0\"><h3 id=\"at-10340\" class=\"c-accordion__title js-accordion-controller\" role=\"button\">Dados para Fatura\u00e7\u00e3o<\/h3><div id=\"ac-10340\" class=\"c-accordion__content\">\n<p>No caso de pretender que o recibo seja emitido em nome de outra entidade (Empresa, familiares, etc.), dever\u00e1, antes da data fixada para o pagamento, indicar-nos via email (<a href=\"mailto:seclic@iseg.ulisboa.pt\">seclic@iseg.ulisboa.pt<\/a>), os seguintes dados para emiss\u00e3o de fatura:<\/p>\n\n\n\n<ul>\n<li>N\u00ba de Identifica\u00e7\u00e3o Fiscal (NIF);<\/li>\n\n\n\n<li>Nome da Entidade (Completo);<\/li>\n\n\n\n<li>Pa\u00eds do Contribuinte;<\/li>\n\n\n\n<li>Morada (completa);<\/li>\n\n\n\n<li>C\u00f3digo Postal;<\/li>\n\n\n\n<li>Localidade do C\u00f3digo Postal;<\/li>\n\n\n\n<li>Freguesia;<\/li>\n\n\n\n<li>Concelho;<\/li>\n\n\n\n<li>Distrito.<\/li>\n<\/ul>\n\n\n\n<p><strong>Notas:<\/strong><\/p>\n\n\n\n<p>O pagamento s\u00f3 poder\u00e1 ser efetuado, ap\u00f3s a confirma\u00e7\u00e3o pelos nossos servi\u00e7os.<\/p>\n\n\n\n<p>As faturas e recibos de propinas s\u00e3o, regra geral, emitidos com os dados disponibilizados pelo aluno no portal Fenix.<\/p>\n\n\n\n<p>Caso o aluno pretenda que as faturas e respetivos recibos sejam emitidos em nome de outra entidade, deve seguir o procedimento acima descrito.<\/p>\n\n\n\n<p><strong>Ap\u00f3s a emiss\u00e3o da fatura e do recibo, n\u00e3o \u00e9 poss\u00edvel qualquer altera\u00e7\u00e3o aos mesmos.<\/strong><\/p>\n<\/div><\/div>\n","protected":false},"excerpt":{"rendered":"A propina \u00e9 a taxa de frequ\u00eancia a que o estudante est\u00e1 obrigado pela realiza\u00e7\u00e3o de uma inscri\u00e7\u00e3o. A propina reporta-se sempre a um ano letivo. A propina est\u00e1 indexada&nbsp;[&#8230;]","protected":false},"author":43,"featured_media":0,"parent":889,"menu_order":7,"comment_status":"closed","ping_status":"closed","template":"","meta":{"_uag_custom_page_level_css":"","footnotes":""},"acf":[],"uagb_featured_image_src":{"full":false,"thumbnail":false,"medium":false,"medium_large":false,"large":false,"1536x1536":false,"2048x2048":false,"trp-custom-language-flag":false},"uagb_author_info":{"display_name":"martaflourenco","author_link":"https:\/\/www.iseg.ulisboa.pt\/secretaria\/author\/martaflourenco\/"},"uagb_comment_info":0,"uagb_excerpt":"A propina \u00e9 a taxa de frequ\u00eancia a que o estudante est\u00e1 obrigado pela realiza\u00e7\u00e3o de uma inscri\u00e7\u00e3o. A propina reporta-se sempre a um ano letivo. A propina est\u00e1 indexada&nbsp;[...]","_links":{"self":[{"href":"https:\/\/www.iseg.ulisboa.pt\/secretaria\/wp-json\/wp\/v2\/pages\/1034"}],"collection":[{"href":"https:\/\/www.iseg.ulisboa.pt\/secretaria\/wp-json\/wp\/v2\/pages"}],"about":[{"href":"https:\/\/www.iseg.ulisboa.pt\/secretaria\/wp-json\/wp\/v2\/types\/page"}],"author":[{"embeddable":true,"href":"https:\/\/www.iseg.ulisboa.pt\/secretaria\/wp-json\/wp\/v2\/users\/43"}],"replies":[{"embeddable":true,"href":"https:\/\/www.iseg.ulisboa.pt\/secretaria\/wp-json\/wp\/v2\/comments?post=1034"}],"version-history":[{"count":45,"href":"https:\/\/www.iseg.ulisboa.pt\/secretaria\/wp-json\/wp\/v2\/pages\/1034\/revisions"}],"predecessor-version":[{"id":6091,"href":"https:\/\/www.iseg.ulisboa.pt\/secretaria\/wp-json\/wp\/v2\/pages\/1034\/revisions\/6091"}],"up":[{"embeddable":true,"href":"https:\/\/www.iseg.ulisboa.pt\/secretaria\/wp-json\/wp\/v2\/pages\/889"}],"wp:attachment":[{"href":"https:\/\/www.iseg.ulisboa.pt\/secretaria\/wp-json\/wp\/v2\/media?parent=1034"}],"curies":[{"name":"wp","href":"https:\/\/api.w.org\/{rel}","templated":true}]}}