{"id":1324,"date":"2023-07-18T12:54:11","date_gmt":"2023-07-18T12:54:11","guid":{"rendered":"https:\/\/www.iseg.ulisboa.pt\/secretaria\/?page_id=1324"},"modified":"2026-03-18T17:16:35","modified_gmt":"2026-03-18T17:16:35","slug":"inscricoes","status":"publish","type":"page","link":"https:\/\/www.iseg.ulisboa.pt\/secretaria\/informacoes-academicas\/doutoramentos\/inscricoes\/","title":{"rendered":"Inscri\u00e7\u00f5es"},"content":{"rendered":"\n<div class=\"wp-block-pb-accordion-item c-accordion__item js-accordion-item no-js\" data-initially-open=\"false\" data-click-to-close=\"true\" data-auto-close=\"true\" data-scroll=\"false\" data-scroll-offset=\"0\"><h2 id=\"at-13240\" class=\"c-accordion__title js-accordion-controller\" role=\"button\">2026\/2027 &#8211;\u00a01\u00ba ano &#8211; 1\u00aa Vez &#8211; Doutoramentos<\/h2><div id=\"ac-13240\" class=\"c-accordion__content\">\n<p>As inscri\u00e7\u00f5es em Unidades Curriculares s\u00e3o efetuadas pelos alunos (exceto Unidades Curriculares obrigat\u00f3rias do 1\u00ba ano) atrav\u00e9s do Portal do ISEG &#8211; &#8220;FENIX&#8221;<\/p>\n\n\n\n<p><strong>Prazo de inscri\u00e7\u00e3o<\/strong>: de 30 de junho (10h00) a 7 de julho (23h59)<\/p>\n\n\n\n<p><strong>Como<\/strong>: Portal Fenix &gt; Separador \u201cAluno\u201d &gt; menu lateral esquerdo \u201cInscrever\u201d &gt; op\u00e7\u00e3o \u201cProcessos de inscri\u00e7\u00e3o\u201d &gt; Clicar em \u201cIniciar processo\u201d<\/p>\n\n\n\n<hr class=\"wp-block-separator has-alpha-channel-opacity is-style-dots\" \/>\n\n\n\n<p><strong>Se o seu curso tem&nbsp;Unidades Curriculares Optativas:<\/strong><\/p>\n\n\n\n<ul>\n<li>Selecionar as Unidades curriculares optativas no grupo das unidades curriculares optativas atrav\u00e9s do bot\u00e3o \u201cescolher op\u00e7\u00e3o\u201d ou \u201cescolher op\u00e7\u00e3o livre\u201d no caso de optativa livre.<\/li>\n\n\n\n<li>Inscrever na unidade curricular pretendida.<\/li>\n\n\n\n<li>Selecionar a turma.<\/li>\n\n\n\n<li>No hor\u00e1rio abaixo \u00e9 apresentada uma simula\u00e7\u00e3o de hor\u00e1rio da unidade curricular selecionada e \u00e9 indicado se tem sobreposi\u00e7\u00e3o com outras aulas.<\/li>\n\n\n\n<li>A inscri\u00e7\u00e3o na UC optativa fica conclu\u00edda ap\u00f3s carregar no bot\u00e3o &#8220;selecionar&#8221;.<\/li>\n<\/ul>\n\n\n\n<p>&nbsp;(As vagas em Unidades curriculares optativas s\u00e3o limitadas e s\u00e3o ocupadas por ordem de inscri\u00e7\u00e3o.)<\/p>\n\n\n\n<p>&nbsp;A informa\u00e7\u00e3o \u00e9 apresentada por semestre.&nbsp;Para aceder \u00e0s UC optativas do 2\u00ba semestre deve selecionar o bot\u00e3o \u201c2\u00ba semestre\u201d.&nbsp;<\/p>\n\n\n\n<p>\u00bb Verificar as no passo de resumo as inscri\u00e7\u00f5es e\/ou imprimir o comprovativo de inscri\u00e7\u00e3o atrav\u00e9s dos seguintes passos:<\/p>\n\n\n\n<p class=\"has-text-align-center\">Login F\u00e9nix&nbsp;&gt;&nbsp;Separador&nbsp;\u201cPessoal\u201d &gt; Menu lateral&nbsp;esquerdo&nbsp;\u201cServi\u00e7os\u201d &gt;&nbsp;Selecionar&nbsp;\u201cRequerimentos\u201d \u2013&nbsp;Clicar&nbsp;no&nbsp;bot\u00e3o&nbsp;\u201c+&nbsp;Criar\u201d &gt; Tipo de&nbsp;requisi\u00e7\u00e3o:&nbsp;selecionar&nbsp;\u201ccomprovativo de inscri\u00e7\u00e3o&#8221;&nbsp;<\/p>\n\n\n\n<p>\u00bb Para mais esclarecimentos dever\u00e1 consultar os&nbsp;<a href=\"https:\/\/www.iseg.ulisboa.pt\/secretaria\/5054-2\/#uagb-tabs__tab2\">Prazos Importantes<\/a>&nbsp;e os&nbsp;<a href=\"https:\/\/www.iseg.ulisboa.pt\/secretaria\/legislacao-e-documentos\/#uagb-tabs__tab2\">Regulamento de Doutoramentos<\/a>.<\/p>\n\n\n\n<p><\/p>\n\n\n\n<p>Atualizado a 18\/03\/2026<\/p>\n<\/div><\/div>\n\n\n\n<div class=\"wp-block-pb-accordion-item c-accordion__item js-accordion-item no-js\" data-initially-open=\"false\" data-click-to-close=\"true\" data-auto-close=\"true\" data-scroll=\"false\" data-scroll-offset=\"0\"><h2 id=\"at-13241\" class=\"c-accordion__title js-accordion-controller\" role=\"button\">2026\/2027 &#8211; Renova\u00e7\u00f5es de inscri\u00e7\u00e3o &#8211; Doutoramentos<\/h2><div id=\"ac-13241\" class=\"c-accordion__content\">\n<p>As inscri\u00e7\u00f5es em Unidades Curriculares repetentes s\u00e3o efetuadas pelos alunos atrav\u00e9s do Portal do ISEG &#8211; &#8220;FENIX&#8221;<\/p>\n\n\n\n<p><strong>Prazo de inscri\u00e7\u00e3o<\/strong>: de&nbsp;21&nbsp;(10h00) a 28 de julho (23h59)<\/p>\n\n\n\n<p><strong>Como<\/strong>:&nbsp; Portal Fenix &gt; Separador \u201cAluno\u201d &gt; menu lateral esquerdo \u201cInscrever\u201d &gt; op\u00e7\u00e3o \u201cProcessos de inscri\u00e7\u00e3o\u201d &gt; Clicar em \u201cIniciar processo\u201d<\/p>\n\n\n\n<hr class=\"wp-block-separator has-alpha-channel-opacity is-style-dots\" \/>\n\n\n\n<p><strong>Inscri\u00e7\u00e3o em Unidades Curriculares:<\/strong><\/p>\n\n\n\n<p>Selecionar as Unidades curriculares (obrigat\u00f3rias e optativas) atrav\u00e9s do bot\u00e3o &#8220;Inscrever&#8221; ou \u201cescolher op\u00e7\u00e3o\u201d ou \u201cescolher op\u00e7\u00e3o livre\u201d no caso de optativa ou optativa livre.<\/p>\n\n\n\n<ol>\n<li>Inscrever na unidade curricular pretendida;<\/li>\n\n\n\n<li>Selecionar a turma;<\/li>\n\n\n\n<li>No hor\u00e1rio abaixo \u00e9 apresentada uma simula\u00e7\u00e3o de hor\u00e1rio da unidade curricular selecionada e \u00e9 indicado se tem sobreposi\u00e7\u00e3o com outras aulas;<\/li>\n\n\n\n<li>A inscri\u00e7\u00e3o em UC fica conclu\u00edda ap\u00f3s carregar no bot\u00e3o &#8220;selecionar&#8221;.<\/li>\n<\/ol>\n\n\n\n<p>(As vagas em Unidades curriculares optativas s\u00e3o limitadas e s\u00e3o ocupadas por ordem de inscri\u00e7\u00e3o.)<\/p>\n\n\n\n<hr class=\"wp-block-separator has-alpha-channel-opacity is-style-dots\" \/>\n\n\n\n<p><strong>Inscri\u00e7\u00e3o em Tese:<\/strong><\/p>\n\n\n\n<p><strong>Prazo de Inscri\u00e7\u00e3o em Tese Doutoramento:<\/strong> Prazo de inscri\u00e7\u00e3o:&nbsp;de 21 de julho (10h00) a 15 de setembro (23h59)<\/p>\n\n\n\n<p><strong>Como:<\/strong>&nbsp;&nbsp;Portal Fenix &gt; Separador \u201cAluno\u201d &gt; menu lateral esquerdo \u201cInscrever\u201d &gt; op\u00e7\u00e3o \u201cProcessos de inscri\u00e7\u00e3o\u201d &gt; Clicar em \u201cIniciar processo\u201d<\/p>\n\n\n\n<p>\u00bb Verificar no passo de resumo as inscri\u00e7\u00f5es e\/ou imprimir o comprovativo de inscri\u00e7\u00e3o atrav\u00e9s dos seguintes passos:<\/p>\n\n\n\n<p class=\"has-text-align-left\">Login F\u00e9nix&nbsp;&gt;&nbsp;Separador&nbsp;\u201cPessoal\u201d &gt; Menu lateral&nbsp;esquerdo&nbsp;\u201cServi\u00e7os\u201d &gt;&nbsp;Selecionar&nbsp;\u201cRequerimentos\u201d \u2013&nbsp;Clicar&nbsp;no&nbsp;bot\u00e3o&nbsp;\u201c+&nbsp;Criar\u201d &gt; Tipo de&nbsp;requisi\u00e7\u00e3o:&nbsp;selecionar&nbsp;\u201ccomprovativo de inscri\u00e7\u00e3o&#8221;<\/p>\n\n\n\n<p>Atualizado a 18\/03\/2026<\/p>\n<\/div><\/div>\n","protected":false},"excerpt":{"rendered":"","protected":false},"author":43,"featured_media":0,"parent":54,"menu_order":2,"comment_status":"closed","ping_status":"closed","template":"","meta":{"_uag_custom_page_level_css":"","footnotes":""},"acf":[],"uagb_featured_image_src":{"full":false,"thumbnail":false,"medium":false,"medium_large":false,"large":false,"1536x1536":false,"2048x2048":false,"trp-custom-language-flag":false},"uagb_author_info":{"display_name":"martaflourenco","author_link":"https:\/\/www.iseg.ulisboa.pt\/secretaria\/author\/martaflourenco\/"},"uagb_comment_info":0,"uagb_excerpt":null,"_links":{"self":[{"href":"https:\/\/www.iseg.ulisboa.pt\/secretaria\/wp-json\/wp\/v2\/pages\/1324"}],"collection":[{"href":"https:\/\/www.iseg.ulisboa.pt\/secretaria\/wp-json\/wp\/v2\/pages"}],"about":[{"href":"https:\/\/www.iseg.ulisboa.pt\/secretaria\/wp-json\/wp\/v2\/types\/page"}],"author":[{"embeddable":true,"href":"https:\/\/www.iseg.ulisboa.pt\/secretaria\/wp-json\/wp\/v2\/users\/43"}],"replies":[{"embeddable":true,"href":"https:\/\/www.iseg.ulisboa.pt\/secretaria\/wp-json\/wp\/v2\/comments?post=1324"}],"version-history":[{"count":17,"href":"https:\/\/www.iseg.ulisboa.pt\/secretaria\/wp-json\/wp\/v2\/pages\/1324\/revisions"}],"predecessor-version":[{"id":6017,"href":"https:\/\/www.iseg.ulisboa.pt\/secretaria\/wp-json\/wp\/v2\/pages\/1324\/revisions\/6017"}],"up":[{"embeddable":true,"href":"https:\/\/www.iseg.ulisboa.pt\/secretaria\/wp-json\/wp\/v2\/pages\/54"}],"wp:attachment":[{"href":"https:\/\/www.iseg.ulisboa.pt\/secretaria\/wp-json\/wp\/v2\/media?parent=1324"}],"curies":[{"name":"wp","href":"https:\/\/api.w.org\/{rel}","templated":true}]}}