{"id":1655,"date":"2023-08-04T09:28:09","date_gmt":"2023-08-04T09:28:09","guid":{"rendered":"https:\/\/www.iseg.ulisboa.pt\/secretaria\/?page_id=1655"},"modified":"2026-04-30T13:17:46","modified_gmt":"2026-04-30T13:17:46","slug":"candidaturas-a-doutoramento","status":"publish","type":"page","link":"https:\/\/www.iseg.ulisboa.pt\/secretaria\/candidaturas\/candidaturas-a-doutoramento\/","title":{"rendered":"Candidaturas a Doutoramento"},"content":{"rendered":"\n<p>As candidaturas&nbsp;a Doutoramento s\u00e3o feitas exclusivamente&nbsp;<a href=\"https:\/\/fenix.iseg.ulisboa.pt\/accountCreation#!accountCreation\/_qcheck=806bb6d1d582a53c9c9c1e4066f40f4cec6f49ca\">online<\/a> atrav\u00e9s do&nbsp;website do ISEG.<\/p>\n\n\n\n<p>O valor da taxa de candidatura \u00e9 de 100 euros por curso.<\/p>\n\n\n\n<h4 class=\"wp-block-heading\">Calendariza\u00e7\u00e3o de Candidaturas 2026\/2027:<\/h4>\n\n\n\n<figure class=\"wp-block-table\"><table class=\"has-fixed-layout\"><tbody><tr><td>Fases<\/td><td>Candidaturas<\/td><td>Seria\u00e7\u00e3o*<\/td><td>Matr\u00edculas<\/td><\/tr><tr><td>1\u00aa fase&nbsp;<\/td><td>2 de dezembro a <br>2 de fevereiro<\/td><td>at\u00e9 16 de fevereiro<\/td><td>10 dias seguidos ap\u00f3s <br>homologa\u00e7\u00e3o da candidatura&nbsp;&nbsp;&nbsp;<\/td><\/tr><tr><td>2\u00aa fase<\/td><td>3 de fevereiro a<br>31 de mar\u00e7o<\/td><td>at\u00e9 13 de abril<\/td><td>10 dias seguidos ap\u00f3s <br>homologa\u00e7\u00e3o da candidatura&nbsp;&nbsp;&nbsp;<\/td><\/tr><tr><td>3\u00aa fase<\/td><td>1 de abril a<br>18 de maio<\/td><td>&nbsp;at\u00e9 1 de junho<\/td><td>10 dias seguidos ap\u00f3s <br>homologa\u00e7\u00e3o da candidatura&nbsp;&nbsp;&nbsp;<\/td><\/tr><tr><td>4\u00aa fase **<\/td><td>19 de maio a <br>22 de junho<\/td><td>at\u00e9 1 de julho<\/td><td>5 dias seguidos ap\u00f3s<br>homologa\u00e7\u00e3o da candidatura&nbsp;&nbsp;&nbsp;<\/td><\/tr><\/tbody><\/table><figcaption class=\"wp-element-caption\">* As candidaturas que n\u00e3o tenham decis\u00e3o de aceita\u00e7\u00e3o ou rejei\u00e7\u00e3o poder\u00e3o ser transitadas para a fase seguinte, mediante o n\u00ba de vagas estipuladas&nbsp;pela respetiva coordena\u00e7\u00e3o&nbsp;para cada fase e&nbsp;sempre que re\u00fanam as condi\u00e7\u00f5es exigidas.&nbsp;<br><\/figcaption><\/figure>\n\n\n\n<p>** Poder\u00e1 existir a possibilidade de abertura de uma 4\u00aa fase (fase especial) para doutoramentos com vagas ainda dispon\u00edveis.<\/p>\n\n\n\n<h4 class=\"wp-block-heading\">Candidaturas Internacionais:<\/h4>\n\n\n\n<p>N\u00e3o \u00e9 recomendada a candidatura na 3\u00aa e 4\u00aa fase a estudantes internacionais (fora Europa) por quest\u00f5es de tempo na obten\u00e7\u00e3o de visto.<\/p>\n\n\n\n<p>Os candidatos Brasileiros devem reconhecer os seus documentos junto de um cart\u00f3rio (no Brasil) para que seja colocado a Apostilha de Haia, consultar informa\u00e7\u00e3o&nbsp;<a href=\"https:\/\/consuladoportugalsp.org.br\/apostilha\/\">aqui<\/a>.<\/p>\n\n\n\n<p>Os originais dos diplomas internacionais, devem ser apresentados nos servi\u00e7os acad\u00e9micos logo ap\u00f3s a chegada a Portugal e at\u00e9 o prazo m\u00e1ximo de 15\/10\/2026.<\/p>\n\n\n\n<p>Nos casos em que a obten\u00e7\u00e3o do visto \u00e9 concedida ap\u00f3s o inicio das aulas, a propina do 1\u00ba ano deve ser liquidada integralmente. Caso anule a matr\u00edcula aplica-se o artigo 10\u00ba do regulamento de propinas de doutoramento.&nbsp;<\/p>\n\n\n\n<h4 class=\"wp-block-heading\">Documenta\u00e7\u00e3o a submeter no ato da candidatura:<\/h4>\n\n\n\n<ul>\n<li>Fotografia;<\/li>\n\n\n\n<li>Documento de Identifica\u00e7\u00e3o (Cart\u00e3o de Cidad\u00e3o\/Passaporte);<\/li>\n\n\n\n<li>Certificado da Licenciatura e Mestrado com m\u00e9dia final;<\/li>\n\n\n\n<li>Hist\u00f3rico das unidades curriculares;<\/li>\n\n\n\n<li>Carta de Motiva\u00e7\u00e3o<\/li>\n\n\n\n<li>Duas (2) Cartas de Recomenda\u00e7\u00e3o *<\/li>\n\n\n\n<li>Curriculum Vitae;<\/li>\n\n\n\n<li>Projeto de Tese (Documento obrigat\u00f3rio. N\u00e3o existe um modelo estrutural de projeto, pretende-se uma descri\u00e7\u00e3o sumariada do tema e bibliografia do tema que pretende investigar)<\/li>\n\n\n\n<li>Certificado de conhecimento de l\u00edngua inglesa ou portuguesa (N\u00edvel minimo: B2&nbsp;<strong><sup>1<\/sup><\/strong>) para candidatos aos cursos lecionados em Ingl\u00eas ou Portugu\u00eas (exceto candidatos nacionais, Palop e Brasileiros).&nbsp;<strong>**<\/strong><\/li>\n<\/ul>\n\n\n\n<p><sup>1<\/sup>&nbsp;<a href=\"https:\/\/aquila.iseg.ulisboa.pt\/aquila\/getFile.do?fileId=907092&amp;method=getFile&amp;_request_checksum_=a9ecbbfca47d11a29fb4f68ccebaaf9afd1c48ae\">Quadro Europeu Comum de Refer\u00eancia para as L\u00ednguas &#8211; Grelha de autoavalia\u00e7\u00e3o<\/a><\/p>\n\n\n\n<p>* As duas cartas de recomenda\u00e7\u00e3o s\u00e3o obrigat\u00f3rias para o Doutoramento em&nbsp;<a href=\"https:\/\/www.iseg.ulisboa.pt\/study\/phd\/applied-mathematics-for-economics-and-management\/\">Matem\u00e1tica Aplicada \u00e0 Economia e \u00e0 Gest\u00e3o (MAEG)<\/a>&nbsp;dever\u00e3o ser redigidas por investigadores que trabalhem numa das \u00e1reas cient\u00edficas do programa. Essas cartas devem ser enviadas pelos autores para&nbsp;<a href=\"mailto:susanab@iseg.ulisboa.pt\">depmatematica@iseg.ulisboa.pt<\/a>&nbsp;e devem:<\/p>\n\n\n\n<p>&#8211; referir quando e em que qualidade o investigador interagiu consigo;<br>&#8211; tecer coment\u00e1rios sobre as suas qualidades ao n\u00edvel acad\u00e9mico;<br>&#8211; referir-se \u00e0 percep\u00e7\u00e3o que o investigador tem da sua capacidade de trabalhar de forma independente e produzir investiga\u00e7\u00e3o ao n\u00edvel do doutoramento;<br>&#8211; conter o nome, institui\u00e7\u00e3o e posi\u00e7\u00e3o nela desempenhada pelo investigador que escreve a carta.<\/p>\n\n\n\n<p><strong>**<\/strong>&nbsp;Documento n\u00e3o obrigat\u00f3rio, sendo da responsabilidade do candidato possuir conhecimentos minimos da l\u00edngua em que o curso \u00e9 lecionado. (N\u00edvel minimo B2)<\/p>\n\n\n\n<h4 class=\"wp-block-heading\">Valida\u00e7\u00e3o da Candidatura:&nbsp;<\/h4>\n\n\n\n<p>Para&nbsp;que a&nbsp;candidatura&nbsp;seja validada e esta&nbsp;possa&nbsp;seguir para an\u00e1lise da Coordena\u00e7\u00e3o dos Doutoramentos, dever\u00e1:<\/p>\n\n\n\n<ul>\n<li>Submeter corretamente todos os documentos solicitados no ponto acima.<\/li>\n\n\n\n<li>Efetuar o pagamento da taxa de candidatura (100 euros por cada Doutoramento a que se candidata)<\/li>\n<\/ul>\n\n\n\n<p>NOTA: O pagamento da taxa de candidatura e entrega de documentos deve ser efetuada&nbsp;at\u00e9 ao \u00faltimo dia\/hora da fase da candidatura. Ap\u00f3s este dia, a candidatura n\u00e3o ser\u00e1 validada.<\/p>\n\n\n\n<p>Poder\u00e1 ainda consultar o programa curricular,&nbsp;datas importantes, hor\u00e1rios, a quem se destina, objetivos, regulamento dos doutoramentos, propinas, calend\u00e1rio escolar entre outras informa\u00e7\u00f5es importantes no website do&nbsp;<a href=\"https:\/\/www.iseg.ulisboa.pt\/aquila\/instituicao\/ISEG\/cursos\/doutoramentos?_request_checksum_=36088f106c7226885f9ad79b16b224a728b2c5e6\" target=\"_blank\" rel=\"noreferrer noopener\">ISEG<\/a>.<\/p>\n\n\n\n<h4 class=\"wp-block-heading\">Crit\u00e9rios de Sele\u00e7\u00e3o dos Candidatos:<\/h4>\n\n\n\n<p>De acordo com o n\u00ba3 do artigo n.\u00ba1 do <a href=\"https:\/\/www.iseg.ulisboa.pt\/secretaria\/legislacao-e-documentos\/#uagb-tabs__tab2\" data-type=\"page\" data-id=\"1354\">regulamento de doutoramentos<\/a>, &#8220;sobre o crit\u00e9rio de sele\u00e7\u00e3o dos candidatos &#8220;compete \u00e0 comiss\u00e3o cient\u00edfica de cada doutoramento (definida no artigo 10.\u00ba), dar parecer favor\u00e1vel \u00e0 admiss\u00e3o dos candidatos tendo em conta o seu curr\u00edculo, nomeadamente no que se refere \u00e0s habilita\u00e7\u00f5es de acesso e respetivas classifica\u00e7\u00f5es, e a eventuais entrevistas ou provas especiais. A proposta de admiss\u00e3o dos candidatos de cada mestrado est\u00e1 sujeita a homologa\u00e7\u00e3o pelo presidente do conselho cient\u00edfico.&#8221;<\/p>\n\n\n\n<h4 class=\"wp-block-heading\">Matr\u00edculas:<\/h4>\n\n\n\n<ol>\n<li>O pagamento da 1\u00aa presta\u00e7\u00e3o (700.00\u20ac para alunos dentro da UE e 1400.00\u20ac para alunos fora da UE)&nbsp; \u00e9 efetuado no&nbsp;<strong>ato da matr\u00edcula<\/strong>&nbsp;(dedut\u00edvel ao valor total do 1\u00ba Ano). Esta presta\u00e7\u00e3o garante a ocupa\u00e7\u00e3o da vaga devendo ser paga na \u00edntegra no prazo fixado.<\/li>\n\n\n\n<li>A realiza\u00e7\u00e3o da matr\u00edcula implica o pagamento da 1\u00aa presta\u00e7\u00e3o at\u00e9 \u00e0 data limite estipulada para o efeito.<\/li>\n\n\n\n<li>A desist\u00eancia da matricula n\u00e3o isenta o pagamento referido no ponto anterior,&nbsp;&nbsp;salvo se comunicada at\u00e9 \u00e0 data limite para pagamento da mesma.<\/li>\n\n\n\n<li>O plano de pagamento de&nbsp;<a href=\"https:\/\/www.iseg.ulisboa.pt\/secretaria\/informacoes-academicas\/doutoramentos\/propinas\/\">propinas<\/a>&nbsp;deve ser consultado previamente.&nbsp;<\/li>\n\n\n\n<li>Candidatos a Bolsa FCT ficam isentos do pagamento da 1\u00aa presta\u00e7\u00e3o devendo,&nbsp; no&nbsp; ato&nbsp; da&nbsp; inscri\u00e7\u00e3o,&nbsp; enviar documento comprovativo&nbsp; da candidatura. Mais informa\u00e7\u00f5es <a href=\"https:\/\/www.iseg.ulisboa.pt\/secretaria\/informacoes-academicas\/doutoramentos\/propinas\/\">aqui<\/a>.<\/li>\n<\/ol>\n\n\n\n<p><strong><a href=\"https:\/\/fenix.iseg.ulisboa.pt\/accountCreation#!accountCreation\/_qcheck=84f8a03760f04c427e8b96b1701942c7e00838d0\">Submeta aqui a sua Candidatura<\/a><\/strong><\/p>\n\n\n\n<p><a href=\"https:\/\/www.iseg.ulisboa.pt\/secretaria\/wp-content\/uploads\/sites\/8\/2025\/12\/FAQs-Candidaturas-Mestrado-e-PhD.pdf\"><strong>FAQs sobre candidaturas<\/strong><\/a><\/p>\n\n\n\n<hr class=\"wp-block-separator has-alpha-channel-opacity is-style-dots\" \/>\n\n\n\n<div class=\"wp-block-pb-accordion-item c-accordion__item js-accordion-item no-js\" data-initially-open=\"false\" data-click-to-close=\"true\" data-auto-close=\"true\" data-scroll=\"false\" data-scroll-offset=\"0\"><h5 id=\"at-16550\" class=\"c-accordion__title js-accordion-controller\" role=\"button\">Editais 2026\/2027<br>Acesso apenas com Login.<\/h5><div id=\"ac-16550\" class=\"c-accordion__content\">\n<p><strong>Acesso aos Editais<\/strong><\/p>\n\n\n\n<figure class=\"wp-block-table block-table-studyplan has-iseg-pink-thead\"><table><thead><tr><th class=\"has-text-align-left\" data-align=\"left\"><\/th><th class=\"has-text-align-center\" data-align=\"center\">1\u00aa Fase<\/th><th class=\"has-text-align-center\" data-align=\"center\">2\u00aa Fase<\/th><th class=\"has-text-align-center\" data-align=\"center\">3\u00aa Fase<\/th><th class=\"has-text-align-center\" data-align=\"center\">4\u00aa fase<\/th><\/tr><\/thead><tbody><tr><td class=\"has-text-align-left\" data-align=\"left\">Applied Mathematics for Economics<br>and Management<\/td><td class=\"has-text-align-center\" data-align=\"center\"><a href=\"https:\/\/fenix.iseg.ulisboa.pt\/file?id=1410334118867947\">Aqui<\/a><\/td><td class=\"has-text-align-center\" data-align=\"center\"><a href=\"https:\/\/fenix.iseg.ulisboa.pt\/file?id=847384165922816\">Aqui<\/a><\/td><td class=\"has-text-align-center\" data-align=\"center\"><\/td><td class=\"has-text-align-center\" data-align=\"center\"><\/td><\/tr><tr><td class=\"has-text-align-left\" data-align=\"left\">Economics<\/td><td class=\"has-text-align-center\" data-align=\"center\"><a href=\"https:\/\/fenix.iseg.ulisboa.pt\/file?id=565909189306070\">Aqui<\/a><\/td><td class=\"has-text-align-center\" data-align=\"center\"><a href=\"https:\/\/fenix.iseg.ulisboa.pt\/file?id=1128859141652534\">Aqui<\/a><\/td><td class=\"has-text-align-center\" data-align=\"center\"><\/td><td class=\"has-text-align-center\" data-align=\"center\"><\/td><\/tr><tr><td class=\"has-text-align-left\" data-align=\"left\">Gest\u00e3o<\/td><td class=\"has-text-align-center\" data-align=\"center\"><a href=\"https:\/\/fenix.iseg.ulisboa.pt\/file?id=847384165805105\">Aqui<\/a><\/td><td class=\"has-text-align-center\" data-align=\"center\"><a href=\"https:\/\/fenix.iseg.ulisboa.pt\/file?id=847384165972731\">Aqui<\/a><\/td><td class=\"has-text-align-center\" data-align=\"center\"><\/td><td class=\"has-text-align-center\" data-align=\"center\"><\/td><\/tr><tr><td class=\"has-text-align-left\" data-align=\"left\">Hist\u00f3ria Econ\u00f3mica e Social<\/td><td class=\"has-text-align-center\" data-align=\"center\"><a href=\"https:\/\/fenix.iseg.ulisboa.pt\/file?id=847384165807605\">Aqui<\/a><\/td><td class=\"has-text-align-center\" data-align=\"center\"><a href=\"https:\/\/fenix.iseg.ulisboa.pt\/file?id=847384165976239\">Aqui<\/a><\/td><td class=\"has-text-align-center\" data-align=\"center\"><\/td><td class=\"has-text-align-center\" data-align=\"center\"><\/td><\/tr><tr><td class=\"has-text-align-left\" data-align=\"left\">Sociologia Econ\u00f3mica e das Organiza\u00e7\u00f5es<\/td><td class=\"has-text-align-center\" data-align=\"center\"><a href=\"https:\/\/fenix.iseg.ulisboa.pt\/file?id=1410334118867940\">Aqui<\/a><\/td><td class=\"has-text-align-center\" data-align=\"center\"><a href=\"https:\/\/fenix.iseg.ulisboa.pt\/file?id=847384165922829\">Aqui<\/a><\/td><td class=\"has-text-align-center\" data-align=\"center\"><\/td><td class=\"has-text-align-center\" data-align=\"center\"><\/td><\/tr><\/tbody><\/table><\/figure>\n\n\n\n<p class=\"has-small-font-size\">Nota: Por quest\u00f5es de RGPD, ap\u00f3s publica\u00e7\u00e3o os editais apenas ficam dispon\u00edveis por um per\u00edodo de 3 meses.<\/p>\n\n\n\n<p><\/p>\n<\/div><\/div>\n\n\n<div class=\"block-additional-info\">\n    <div class=\"container\">\n        <h4>Informa\u00e7\u00e3o Adicional<\/h4>\n        \n        <div class=\"additional-info__grid\">\n                            <div class=\"additional-info__item\">\n                    <a href=\"https:\/\/www.iseg.ulisboa.pt\/secretaria\/informacoes-academicas\/calendarios-academicos\/calendario-escolar\/\">Calend\u00e1rio Acad\u00e9mico<\/a>\n                <\/div>\n                            <div class=\"additional-info__item\">\n                    <a href=\"https:\/\/estudanteinternacional.ulisboa.pt\/index.html\">Guia do Estudante Internacional da Universidade de Lisboa<\/a>\n                <\/div>\n                    <\/div>\n\n            <\/div>\n<\/div>","protected":false},"excerpt":{"rendered":"As candidaturas&nbsp;a Doutoramento s\u00e3o feitas exclusivamente&nbsp;online atrav\u00e9s do&nbsp;website do ISEG. O valor da taxa de candidatura \u00e9 de 100 euros por curso. Calendariza\u00e7\u00e3o de Candidaturas 2026\/2027: FasesCandidaturasSeria\u00e7\u00e3o*Matr\u00edculas1\u00aa fase&nbsp;2 de dezembro&nbsp;[&#8230;]","protected":false},"author":2,"featured_media":0,"parent":7,"menu_order":3,"comment_status":"closed","ping_status":"closed","template":"","meta":{"_uag_custom_page_level_css":"","footnotes":""},"acf":[],"uagb_featured_image_src":{"full":false,"thumbnail":false,"medium":false,"medium_large":false,"large":false,"1536x1536":false,"2048x2048":false,"trp-custom-language-flag":false},"uagb_author_info":{"display_name":"Major","author_link":"https:\/\/www.iseg.ulisboa.pt\/secretaria\/author\/leihla\/"},"uagb_comment_info":0,"uagb_excerpt":"As candidaturas&nbsp;a Doutoramento s\u00e3o feitas exclusivamente&nbsp;online atrav\u00e9s do&nbsp;website do ISEG. O valor da taxa de candidatura \u00e9 de 100 euros por curso. Calendariza\u00e7\u00e3o de Candidaturas 2026\/2027: FasesCandidaturasSeria\u00e7\u00e3o*Matr\u00edculas1\u00aa fase&nbsp;2 de dezembro&nbsp;[...]","_links":{"self":[{"href":"https:\/\/www.iseg.ulisboa.pt\/secretaria\/wp-json\/wp\/v2\/pages\/1655"}],"collection":[{"href":"https:\/\/www.iseg.ulisboa.pt\/secretaria\/wp-json\/wp\/v2\/pages"}],"about":[{"href":"https:\/\/www.iseg.ulisboa.pt\/secretaria\/wp-json\/wp\/v2\/types\/page"}],"author":[{"embeddable":true,"href":"https:\/\/www.iseg.ulisboa.pt\/secretaria\/wp-json\/wp\/v2\/users\/2"}],"replies":[{"embeddable":true,"href":"https:\/\/www.iseg.ulisboa.pt\/secretaria\/wp-json\/wp\/v2\/comments?post=1655"}],"version-history":[{"count":130,"href":"https:\/\/www.iseg.ulisboa.pt\/secretaria\/wp-json\/wp\/v2\/pages\/1655\/revisions"}],"predecessor-version":[{"id":6258,"href":"https:\/\/www.iseg.ulisboa.pt\/secretaria\/wp-json\/wp\/v2\/pages\/1655\/revisions\/6258"}],"up":[{"embeddable":true,"href":"https:\/\/www.iseg.ulisboa.pt\/secretaria\/wp-json\/wp\/v2\/pages\/7"}],"wp:attachment":[{"href":"https:\/\/www.iseg.ulisboa.pt\/secretaria\/wp-json\/wp\/v2\/media?parent=1655"}],"curies":[{"name":"wp","href":"https:\/\/api.w.org\/{rel}","templated":true}]}}