{"id":1870,"date":"2023-08-20T22:15:49","date_gmt":"2023-08-20T22:15:49","guid":{"rendered":"https:\/\/www.iseg.ulisboa.pt\/secretaria\/?page_id=1870"},"modified":"2024-04-09T08:25:53","modified_gmt":"2024-04-09T08:25:53","slug":"provas-escritas-extraordinarias-2o-semestre-2023-2024","status":"publish","type":"page","link":"https:\/\/www.iseg.ulisboa.pt\/secretaria\/informacoes-academicas\/licenciaturas\/inscricoes\/inscricoes-em-epocas-de-avaliacao\/inscricoes-em-epocas-de-avaliacao-2023-2024-2o-semestre\/provas-escritas-extraordinarias-2o-semestre-2023-2024\/","title":{"rendered":"Provas Escritas Extraordin\u00e1rias &#8211; 2\u00ba Semestre"},"content":{"rendered":"\n<h3 class=\"wp-block-heading\"><\/h3>\n\n\n\n<ol>\n<li>Em cada semestre, qualquer aluno n\u00e3o inscrito numa unidade curricular tem acesso \u00e0 respetiva avalia\u00e7\u00e3o de conhecimentos da \u00e9poca especial de mar\u00e7o nos seguintes casos:\n<ul>\n<li>A unidade curricular n\u00e3o funciona no sistema de semestres consecutivos&nbsp;numa determinada licenciatura, mas tem turmas a funcionar nesse semestre noutras licenciaturas;<\/li>\n\n\n\n<li>A unidade curricular \u00e9 precedente de outra.<\/li>\n<\/ul>\n<\/li>\n\n\n\n<li>Para o exerc\u00edcio da faculdade prevista no n\u00famero anterior, os alunos devem fazer a respetiva inscri\u00e7\u00e3o no exame e devem ter estado inscritos na unidade curricular respetiva no semestre anterior.<\/li>\n\n\n\n<li>A inscri\u00e7\u00e3o referida no n\u00famero anterior conta para efeitos do n\u00famero m\u00e1ximo de cr\u00e9ditos ECTS de inscri\u00e7\u00e3o em unidades curriculares, por ano letivo.<\/li>\n\n\n\n<li>A classifica\u00e7\u00e3o de qualquer prova escrita extraordin\u00e1ria deve resultar exclusivamente da prova escrita individual respetiva (e eventual prova oral), n\u00e3o dependendo dos resultados da avalia\u00e7\u00e3o ao longo do semestre efetuada pelo aluno quando frequentou a unidade curricular.<\/li>\n<\/ol>\n\n\n\n<hr class=\"wp-block-separator has-alpha-channel-opacity is-style-dots\" \/>\n\n\n\n<p><strong>2\u00ba semestre<\/strong><\/p>\n\n\n\n<p>Inscri\u00e7\u00f5es por email:&nbsp;&nbsp;envio de email com indica\u00e7\u00e3o da UC para o email&nbsp;<a href=\"mailto:seclic@iseg.ulisboa.pt\" target=\"_blank\" rel=\"noreferrer noopener\">seclic@iseg.ulisboa.pt<\/a>&nbsp;(durante o prazo fixado).<\/p>\n\n\n\n<p>Prazo:\u00a0de 15 a 22 de julho (realiza\u00e7\u00e3o dos exames na \u00c9poca Especial de Setembro)<\/p>\n\n\n<div class=\"block-file-list\">\n\t<div class=\"container\">\n\t\t<div class=\"file-list\">\n\t\t\t<ul class=\"program-list\">\n                                    <li>\n                        <a target=\"_blank\" href=\"https:\/\/www.iseg.ulisboa.pt\/secretaria\/wp-content\/uploads\/sites\/8\/2023\/08\/Provas_Escritas_Extraordinrias_Licenciaturas_23_24_2_sem_v1.pdf\">\n                            <b>Provas Escritas Extraordin\u00e1rias 2\u00ba Semestre<\/b><div class=\"file_info\"> ( pdf, 91 KB ) <\/div>                        <\/a>\n                    <\/li>\n                            <\/ul>\n\t\t<\/div>\n\t<\/div>\n<\/div>","protected":false},"excerpt":{"rendered":"2\u00ba semestre Inscri\u00e7\u00f5es por email:&nbsp;&nbsp;envio de email com indica\u00e7\u00e3o da UC para o email&nbsp;seclic@iseg.ulisboa.pt&nbsp;(durante o prazo fixado). Prazo:\u00a0de 15 a 22 de julho (realiza\u00e7\u00e3o dos exames na \u00c9poca Especial de&nbsp;[&#8230;]","protected":false},"author":43,"featured_media":0,"parent":1877,"menu_order":2,"comment_status":"closed","ping_status":"closed","template":"","meta":{"_uag_custom_page_level_css":"","footnotes":""},"acf":[],"uagb_featured_image_src":{"full":false,"thumbnail":false,"medium":false,"medium_large":false,"large":false,"1536x1536":false,"2048x2048":false,"trp-custom-language-flag":false},"uagb_author_info":{"display_name":"martaflourenco","author_link":"https:\/\/www.iseg.ulisboa.pt\/secretaria\/author\/martaflourenco\/"},"uagb_comment_info":0,"uagb_excerpt":"2\u00ba semestre Inscri\u00e7\u00f5es por email:&nbsp;&nbsp;envio de email com indica\u00e7\u00e3o da UC para o email&nbsp;seclic@iseg.ulisboa.pt&nbsp;(durante o prazo fixado). Prazo:\u00a0de 15 a 22 de julho (realiza\u00e7\u00e3o dos exames na \u00c9poca Especial de&nbsp;[...]","_links":{"self":[{"href":"https:\/\/www.iseg.ulisboa.pt\/secretaria\/wp-json\/wp\/v2\/pages\/1870"}],"collection":[{"href":"https:\/\/www.iseg.ulisboa.pt\/secretaria\/wp-json\/wp\/v2\/pages"}],"about":[{"href":"https:\/\/www.iseg.ulisboa.pt\/secretaria\/wp-json\/wp\/v2\/types\/page"}],"author":[{"embeddable":true,"href":"https:\/\/www.iseg.ulisboa.pt\/secretaria\/wp-json\/wp\/v2\/users\/43"}],"replies":[{"embeddable":true,"href":"https:\/\/www.iseg.ulisboa.pt\/secretaria\/wp-json\/wp\/v2\/comments?post=1870"}],"version-history":[{"count":3,"href":"https:\/\/www.iseg.ulisboa.pt\/secretaria\/wp-json\/wp\/v2\/pages\/1870\/revisions"}],"predecessor-version":[{"id":3482,"href":"https:\/\/www.iseg.ulisboa.pt\/secretaria\/wp-json\/wp\/v2\/pages\/1870\/revisions\/3482"}],"up":[{"embeddable":true,"href":"https:\/\/www.iseg.ulisboa.pt\/secretaria\/wp-json\/wp\/v2\/pages\/1877"}],"wp:attachment":[{"href":"https:\/\/www.iseg.ulisboa.pt\/secretaria\/wp-json\/wp\/v2\/media?parent=1870"}],"curies":[{"name":"wp","href":"https:\/\/api.w.org\/{rel}","templated":true}]}}