{"id":1902,"date":"2023-08-20T23:53:11","date_gmt":"2023-08-20T23:53:11","guid":{"rendered":"https:\/\/www.iseg.ulisboa.pt\/secretaria\/?page_id=1902"},"modified":"2025-03-18T10:32:14","modified_gmt":"2025-03-18T10:32:14","slug":"horarios-doutoramentos","status":"publish","type":"page","link":"https:\/\/www.iseg.ulisboa.pt\/secretaria\/informacoes-academicas\/doutoramentos\/horarios-doutoramentos\/","title":{"rendered":"Hor\u00e1rios Doutoramentos"},"content":{"rendered":"\n<p><\/p>\n\n\n\n<figure class=\"wp-block-table block-table-studyplan has-iseg-yellow-thead\"><table><thead><tr><th class=\"has-text-align-left\" data-align=\"left\">Doutoramentos<\/th><\/tr><\/thead><tbody><tr><td class=\"has-text-align-left\" data-align=\"left\"><a href=\"https:\/\/fenix.iseg.ulisboa.pt\/degrees\/pdg\/class-timetable\">Doutoramento Gest\u00e3o<\/a><\/td><\/tr><tr><td class=\"has-text-align-left\" data-align=\"left\"><a href=\"https:\/\/fenix.iseg.ulisboa.pt\/degrees\/pdmaeg\/class-timetable\">Doutoramento em MAEG<\/a><\/td><\/tr><tr><td class=\"has-text-align-left\" data-align=\"left\"><a href=\"https:\/\/fenix.iseg.ulisboa.pt\/degrees\/pde\/class-timetable\">Doutoramento em Economia<\/a><\/td><\/tr><tr><td class=\"has-text-align-left\" data-align=\"left\"><a href=\"https:\/\/fenix.iseg.ulisboa.pt\/degrees\/pdseo\/class-timetable\">Doutoramento em Sociologia Econ\u00f3mica e das Organiza\u00e7\u00f5es<\/a><\/td><\/tr><tr><td class=\"has-text-align-left\" data-align=\"left\"><a href=\"https:\/\/fenix.iseg.ulisboa.pt\/degrees\/opensoc\/class-timetable\">Doutoramento em Sociologia &#8211; OPENSOC<\/a><\/td><\/tr><tr><td class=\"has-text-align-left\" data-align=\"left\"><a href=\"https:\/\/fenix.iseg.ulisboa.pt\/degrees\/pdhes\/class-timetable?schoolClassId=847104989724998\">Doutoramento Hist\u00f3ria Econ\u00f3mica e Social<\/a><\/td><\/tr><\/tbody><\/table><\/figure>\n","protected":false},"excerpt":{"rendered":"DoutoramentosDoutoramento Gest\u00e3oDoutoramento em MAEGDoutoramento em EconomiaDoutoramento em Sociologia Econ\u00f3mica e das Organiza\u00e7\u00f5esDoutoramento em Sociologia &#8211; OPENSOCDoutoramento Hist\u00f3ria Econ\u00f3mica e Social","protected":false},"author":43,"featured_media":0,"parent":54,"menu_order":1,"comment_status":"closed","ping_status":"closed","template":"","meta":{"_uag_custom_page_level_css":"","footnotes":""},"acf":[],"uagb_featured_image_src":{"full":false,"thumbnail":false,"medium":false,"medium_large":false,"large":false,"1536x1536":false,"2048x2048":false,"trp-custom-language-flag":false},"uagb_author_info":{"display_name":"martaflourenco","author_link":"https:\/\/www.iseg.ulisboa.pt\/secretaria\/author\/martaflourenco\/"},"uagb_comment_info":0,"uagb_excerpt":"DoutoramentosDoutoramento Gest\u00e3oDoutoramento em MAEGDoutoramento em EconomiaDoutoramento em Sociologia Econ\u00f3mica e das Organiza\u00e7\u00f5esDoutoramento em Sociologia &#8211; OPENSOCDoutoramento Hist\u00f3ria Econ\u00f3mica e Social","_links":{"self":[{"href":"https:\/\/www.iseg.ulisboa.pt\/secretaria\/wp-json\/wp\/v2\/pages\/1902"}],"collection":[{"href":"https:\/\/www.iseg.ulisboa.pt\/secretaria\/wp-json\/wp\/v2\/pages"}],"about":[{"href":"https:\/\/www.iseg.ulisboa.pt\/secretaria\/wp-json\/wp\/v2\/types\/page"}],"author":[{"embeddable":true,"href":"https:\/\/www.iseg.ulisboa.pt\/secretaria\/wp-json\/wp\/v2\/users\/43"}],"replies":[{"embeddable":true,"href":"https:\/\/www.iseg.ulisboa.pt\/secretaria\/wp-json\/wp\/v2\/comments?post=1902"}],"version-history":[{"count":5,"href":"https:\/\/www.iseg.ulisboa.pt\/secretaria\/wp-json\/wp\/v2\/pages\/1902\/revisions"}],"predecessor-version":[{"id":4873,"href":"https:\/\/www.iseg.ulisboa.pt\/secretaria\/wp-json\/wp\/v2\/pages\/1902\/revisions\/4873"}],"up":[{"embeddable":true,"href":"https:\/\/www.iseg.ulisboa.pt\/secretaria\/wp-json\/wp\/v2\/pages\/54"}],"wp:attachment":[{"href":"https:\/\/www.iseg.ulisboa.pt\/secretaria\/wp-json\/wp\/v2\/media?parent=1902"}],"curies":[{"name":"wp","href":"https:\/\/api.w.org\/{rel}","templated":true}]}}