{"id":24,"date":"2023-01-20T18:54:49","date_gmt":"2023-01-20T18:54:49","guid":{"rendered":"https:\/\/www.iseg.ulisboa.pt\/secretaria\/?page_id=24"},"modified":"2026-02-06T15:42:37","modified_gmt":"2026-02-06T15:42:37","slug":"informacoes-academicas","status":"publish","type":"page","link":"https:\/\/www.iseg.ulisboa.pt\/secretaria\/informacoes-academicas\/","title":{"rendered":"Informa\u00e7\u00f5es Acad\u00e9micas"},"content":{"rendered":"\n<section class=\"block-hero-full-width course-hero wf-section\">\n        <div class=\"course-hero__name\">\n            <h1 class=\"course-hero__heading \"><span class=\"course-hero__heading-span\">Informa\u00e7\u00f5es Acad\u00e9micas<\/span><\/h1>\n    <\/div>\n            <div class=\"course-hero__backdrop has-iseg-yellow-background\"><\/div>\n    \n    <div class=\"course-hero__image\">\n    <img decoding=\"async\" src=\"https:\/\/www.iseg.ulisboa.pt\/secretaria\/wp-content\/uploads\/sites\/8\/2023\/07\/informacoes-academicas-e1701263372607.jpg\" class=\"image-cover\" alt=\"\" srcset=\"https:\/\/www.iseg.ulisboa.pt\/secretaria\/wp-content\/uploads\/sites\/8\/2023\/07\/informacoes-academicas-e1701263372607.jpg 1600w, https:\/\/www.iseg.ulisboa.pt\/secretaria\/wp-content\/uploads\/sites\/8\/2023\/07\/informacoes-academicas-e1701263372607-300x150.jpg 300w, https:\/\/www.iseg.ulisboa.pt\/secretaria\/wp-content\/uploads\/sites\/8\/2023\/07\/informacoes-academicas-e1701263372607-1536x768.jpg 1536w, https:\/\/www.iseg.ulisboa.pt\/secretaria\/wp-content\/uploads\/sites\/8\/2023\/07\/informacoes-academicas-e1701263372607-18x9.jpg 18w, https:\/\/www.iseg.ulisboa.pt\/secretaria\/wp-content\/uploads\/sites\/8\/2023\/07\/informacoes-academicas-e1701263372607-768x384.jpg 768w, https:\/\/www.iseg.ulisboa.pt\/secretaria\/wp-content\/uploads\/sites\/8\/2023\/07\/informacoes-academicas-e1701263372607-1024x512.jpg 1024w\" sizes=\"(max-width: 1600px) 100vw, 1600px\" \/>    <\/div>\n<\/section>\n\n<div class=\"block-course-features\">\n    <div class=\"container\">\n                    <div class=\"course-features__grid\">\n        \n            <div class=\"course-features__item\">\n                                    <div class=\"course-features__image\">\n                        <img decoding=\"async\" src=\"https:\/\/www.iseg.ulisboa.pt\/secretaria\/wp-content\/uploads\/sites\/8\/2023\/07\/towfiqu-barbhuiya-bwOAixLG0uc-unsplash.jpg\" loading=\"lazy\" sizes=\"(max-width: 479px) 86vw, (max-width: 767px) 82vw, (max-width: 991px) 41vw, 32vw\" srcset=\"https:\/\/www.iseg.ulisboa.pt\/secretaria\/wp-content\/uploads\/sites\/8\/2023\/07\/towfiqu-barbhuiya-bwOAixLG0uc-unsplash.jpg 500w, https:\/\/www.iseg.ulisboa.pt\/secretaria\/wp-content\/uploads\/sites\/8\/2023\/07\/towfiqu-barbhuiya-bwOAixLG0uc-unsplash.jpg 800w, https:\/\/www.iseg.ulisboa.pt\/secretaria\/wp-content\/uploads\/sites\/8\/2023\/07\/towfiqu-barbhuiya-bwOAixLG0uc-unsplash.jpg 1080w, https:\/\/www.iseg.ulisboa.pt\/secretaria\/wp-content\/uploads\/sites\/8\/2023\/07\/towfiqu-barbhuiya-bwOAixLG0uc-unsplash.jpg 1340w\" alt=\"\" class=\"image-cover\">\n                    <\/div>\n                                <div class=\"course-features__content\">\n                    <div class=\"course-features__topcut\"><\/div>\n                    <h4 class=\"course-features__heading\">\n                                                    <a href=\"https:\/\/www.iseg.ulisboa.pt\/secretaria\/informacoes-academicas\/calendarios-academicos\/\">Calend\u00e1rios Acad\u00e9micos<\/a>\n                                            <\/h4>\n                    <div class=\"course-features__text\">Consulta o Calend\u00e1rio Escolar, o Calend\u00e1rio das \u00c9pocas de Avalia\u00e7\u00e3o, bem como outros prazos importantes.<\/div>\n                                            <a href=\"https:\/\/www.iseg.ulisboa.pt\/secretaria\/informacoes-academicas\/calendarios-academicos\/\"  class=\"link-learnmore\">Calend\u00e1rios Acad\u00e9micos<\/a>\n                                    <\/div>\n            <\/div>\n\n        \n            <div class=\"course-features__item\">\n                                    <div class=\"course-features__image\">\n                        <img decoding=\"async\" src=\"https:\/\/www.iseg.ulisboa.pt\/secretaria\/wp-content\/uploads\/sites\/8\/2023\/07\/pexels-buro-millennial-1438081.jpg\" loading=\"lazy\" sizes=\"(max-width: 479px) 86vw, (max-width: 767px) 82vw, (max-width: 991px) 41vw, 32vw\" srcset=\"https:\/\/www.iseg.ulisboa.pt\/secretaria\/wp-content\/uploads\/sites\/8\/2023\/07\/pexels-buro-millennial-1438081.jpg 500w, https:\/\/www.iseg.ulisboa.pt\/secretaria\/wp-content\/uploads\/sites\/8\/2023\/07\/pexels-buro-millennial-1438081.jpg 800w, https:\/\/www.iseg.ulisboa.pt\/secretaria\/wp-content\/uploads\/sites\/8\/2023\/07\/pexels-buro-millennial-1438081.jpg 1080w, https:\/\/www.iseg.ulisboa.pt\/secretaria\/wp-content\/uploads\/sites\/8\/2023\/07\/pexels-buro-millennial-1438081.jpg 1340w\" alt=\"\" class=\"image-cover\">\n                    <\/div>\n                                <div class=\"course-features__content\">\n                    <div class=\"course-features__topcut\"><\/div>\n                    <h4 class=\"course-features__heading\">\n                                                    <a href=\"https:\/\/www.iseg.ulisboa.pt\/secretaria\/informacoes-academicas\/licenciaturas\/\">Licenciaturas<\/a>\n                                            <\/h4>\n                    <div class=\"course-features__text\">\u00c9s aluno de Licenciatura, tens aqui informa\u00e7\u00f5es que te podem ser \u00fateis.<\/div>\n                                            <a href=\"https:\/\/www.iseg.ulisboa.pt\/secretaria\/informacoes-academicas\/licenciaturas\/\"  class=\"link-learnmore\">Informa\u00e7\u00f5es Licenciaturas<\/a>\n                                    <\/div>\n            <\/div>\n\n        \n            <div class=\"course-features__item\">\n                                    <div class=\"course-features__image\">\n                        <img decoding=\"async\" src=\"https:\/\/www.iseg.ulisboa.pt\/secretaria\/wp-content\/uploads\/sites\/8\/2023\/07\/hero-3.jpg\" loading=\"lazy\" sizes=\"(max-width: 479px) 86vw, (max-width: 767px) 82vw, (max-width: 991px) 41vw, 32vw\" srcset=\"https:\/\/www.iseg.ulisboa.pt\/secretaria\/wp-content\/uploads\/sites\/8\/2023\/07\/hero-3.jpg 500w, https:\/\/www.iseg.ulisboa.pt\/secretaria\/wp-content\/uploads\/sites\/8\/2023\/07\/hero-3.jpg 800w, https:\/\/www.iseg.ulisboa.pt\/secretaria\/wp-content\/uploads\/sites\/8\/2023\/07\/hero-3.jpg 1080w, https:\/\/www.iseg.ulisboa.pt\/secretaria\/wp-content\/uploads\/sites\/8\/2023\/07\/hero-3.jpg 1340w\" alt=\"\" class=\"image-cover\">\n                    <\/div>\n                                <div class=\"course-features__content\">\n                    <div class=\"course-features__topcut\"><\/div>\n                    <h4 class=\"course-features__heading\">\n                                                    <a href=\"https:\/\/www.iseg.ulisboa.pt\/secretaria\/informacoes-academicas\/mestrados\/\">Mestrados<\/a>\n                                            <\/h4>\n                    <div class=\"course-features__text\">\u00c9s aluno de Mestrado, tens aqui informa\u00e7\u00f5es que te podem ser \u00fateis.<\/div>\n                                            <a href=\"https:\/\/www.iseg.ulisboa.pt\/secretaria\/informacoes-academicas\/mestrados\/\"  class=\"link-learnmore\">Informa\u00e7\u00f5es Mestrados<\/a>\n                                    <\/div>\n            <\/div>\n\n        \n            <div class=\"course-features__item\">\n                                    <div class=\"course-features__image\">\n                        <img decoding=\"async\" src=\"https:\/\/www.iseg.ulisboa.pt\/secretaria\/wp-content\/uploads\/sites\/8\/2023\/07\/hero-bolsas.jpeg\" loading=\"lazy\" sizes=\"(max-width: 479px) 86vw, (max-width: 767px) 82vw, (max-width: 991px) 41vw, 32vw\" srcset=\"https:\/\/www.iseg.ulisboa.pt\/secretaria\/wp-content\/uploads\/sites\/8\/2023\/07\/hero-bolsas.jpeg 500w, https:\/\/www.iseg.ulisboa.pt\/secretaria\/wp-content\/uploads\/sites\/8\/2023\/07\/hero-bolsas.jpeg 800w, https:\/\/www.iseg.ulisboa.pt\/secretaria\/wp-content\/uploads\/sites\/8\/2023\/07\/hero-bolsas.jpeg 1080w, https:\/\/www.iseg.ulisboa.pt\/secretaria\/wp-content\/uploads\/sites\/8\/2023\/07\/hero-bolsas.jpeg 1340w\" alt=\"\" class=\"image-cover\">\n                    <\/div>\n                                <div class=\"course-features__content\">\n                    <div class=\"course-features__topcut\"><\/div>\n                    <h4 class=\"course-features__heading\">\n                                                    <a href=\"https:\/\/www.iseg.ulisboa.pt\/secretaria\/informacoes-academicas\/doutoramentos\/\">Doutoramentos<\/a>\n                                            <\/h4>\n                    <div class=\"course-features__text\">\u00c9s aluno de Doutoramento, tens aqui informa\u00e7\u00f5es que te podem ser \u00fateis.<\/div>\n                                            <a href=\"https:\/\/www.iseg.ulisboa.pt\/secretaria\/informacoes-academicas\/doutoramentos\/\"  class=\"link-learnmore\">Informa\u00e7\u00f5es Doutoramentos<\/a>\n                                    <\/div>\n            <\/div>\n\n        \n            <div class=\"course-features__item\">\n                                    <div class=\"course-features__image\">\n                        <img decoding=\"async\" src=\"https:\/\/www.iseg.ulisboa.pt\/secretaria\/wp-content\/uploads\/sites\/8\/2023\/07\/library-5.jpg\" loading=\"lazy\" sizes=\"(max-width: 479px) 86vw, (max-width: 767px) 82vw, (max-width: 991px) 41vw, 32vw\" srcset=\"https:\/\/www.iseg.ulisboa.pt\/secretaria\/wp-content\/uploads\/sites\/8\/2023\/07\/library-5.jpg 500w, https:\/\/www.iseg.ulisboa.pt\/secretaria\/wp-content\/uploads\/sites\/8\/2023\/07\/library-5.jpg 800w, https:\/\/www.iseg.ulisboa.pt\/secretaria\/wp-content\/uploads\/sites\/8\/2023\/07\/library-5.jpg 1080w, https:\/\/www.iseg.ulisboa.pt\/secretaria\/wp-content\/uploads\/sites\/8\/2023\/07\/library-5.jpg 1340w\" alt=\"\" class=\"image-cover\">\n                    <\/div>\n                                <div class=\"course-features__content\">\n                    <div class=\"course-features__topcut\"><\/div>\n                    <h4 class=\"course-features__heading\">\n                                                    <a href=\"https:\/\/www.iseg.ulisboa.pt\/secretaria\/estatutos-especiais\/\">Estatutos Especiais<\/a>\n                                            <\/h4>\n                    <div class=\"course-features__text\">A lei portuguesa prev\u00ea regalias especiais concedidas a estudantes que re\u00fanam as condi\u00e7\u00f5es necess\u00e1rias para requerer o respetivo estatuto.<\/div>\n                                            <a href=\"https:\/\/www.iseg.ulisboa.pt\/secretaria\/estatutos-especiais\/\"  class=\"link-learnmore\">Estatutos Especiais<\/a>\n                                    <\/div>\n            <\/div>\n\n        \n            <div class=\"course-features__item\">\n                                    <div class=\"course-features__image\">\n                        <img decoding=\"async\" src=\"https:\/\/www.iseg.ulisboa.pt\/secretaria\/wp-content\/uploads\/sites\/8\/2023\/07\/hero-investigacao.jpg\" loading=\"lazy\" sizes=\"(max-width: 479px) 86vw, (max-width: 767px) 82vw, (max-width: 991px) 41vw, 32vw\" srcset=\"https:\/\/www.iseg.ulisboa.pt\/secretaria\/wp-content\/uploads\/sites\/8\/2023\/07\/hero-investigacao.jpg 500w, https:\/\/www.iseg.ulisboa.pt\/secretaria\/wp-content\/uploads\/sites\/8\/2023\/07\/hero-investigacao.jpg 800w, https:\/\/www.iseg.ulisboa.pt\/secretaria\/wp-content\/uploads\/sites\/8\/2023\/07\/hero-investigacao.jpg 1080w, https:\/\/www.iseg.ulisboa.pt\/secretaria\/wp-content\/uploads\/sites\/8\/2023\/07\/hero-investigacao.jpg 1340w\" alt=\"\" class=\"image-cover\">\n                    <\/div>\n                                <div class=\"course-features__content\">\n                    <div class=\"course-features__topcut\"><\/div>\n                    <h4 class=\"course-features__heading\">\n                                                    <a href=\"https:\/\/www.iseg.ulisboa.pt\/secretaria\/informacao-util\/\">Informa\u00e7\u00e3o \u00datil<\/a>\n                                            <\/h4>\n                    <div class=\"course-features__text\">Consulta aqui informa\u00e7\u00e3o relevante para o teu percurso acad\u00e9mico.<\/div>\n                                            <a href=\"https:\/\/www.iseg.ulisboa.pt\/secretaria\/informacao-util\/\"  class=\"link-learnmore\">Informa\u00e7\u00e3o \u00datil<\/a>\n                                    <\/div>\n            <\/div>\n\n                <\/div>\n        <\/div>\n<\/div>\n\n<div class=\"block-additional-info\">\n    <div class=\"container\">\n        <h4>Informa\u00e7\u00e3o Adicional<\/h4>\n        \n        <div class=\"additional-info__grid\">\n                            <div class=\"additional-info__item\">\n                    <a href=\"https:\/\/www.iseg.ulisboa.pt\/secretaria\/informacoes-academicas\/calendarios-academicos\/prazos-importantes\/\">Prazos Importantes<\/a>\n                <\/div>\n                            <div class=\"additional-info__item\">\n                    <a href=\"https:\/\/www.iseg.ulisboa.pt\/secretaria\/legislacao-e-documentos\/\">Regulamentos<\/a>\n                <\/div>\n                    <\/div>\n\n            <\/div>\n<\/div>\n\n<div class=\"block-big-text has-iseg-red-background\">\n\t<div class=\"big-text-anim-left-layer\"><\/div>\n\t<div class=\"big-text-anim-right-layer\"><\/div>\n\t<div class=\"big-text-container\">\n\t\t<div class=\"big-text-content\">\n\n\t\t\t\t\t\t\t<p class=\"has-iseg-white-color\">Pronto para a tua Candidatura?<\/p>\n\t\t\t\n\t\t\t\t\t\t\t<div class=\"big-text-normal \"><p>Informa-te com os Servi\u00e7os Acad\u00e9micos do ISEG.<\/p>\n<\/div>\n\t\t\t\t\t<\/div>\n\t\t\t<\/div>\n<\/div>\n\n\n<div style=\"height:100px\" aria-hidden=\"true\" class=\"wp-block-spacer\"><\/div>\n","protected":false},"excerpt":{"rendered":"","protected":false},"author":2,"featured_media":0,"parent":0,"menu_order":2,"comment_status":"closed","ping_status":"closed","template":"tpl-page-blocks.php","meta":{"_uag_custom_page_level_css":"","footnotes":""},"acf":[],"uagb_featured_image_src":{"full":false,"thumbnail":false,"medium":false,"medium_large":false,"large":false,"1536x1536":false,"2048x2048":false,"trp-custom-language-flag":false},"uagb_author_info":{"display_name":"Major","author_link":"https:\/\/www.iseg.ulisboa.pt\/secretaria\/author\/leihla\/"},"uagb_comment_info":0,"uagb_excerpt":null,"_links":{"self":[{"href":"https:\/\/www.iseg.ulisboa.pt\/secretaria\/wp-json\/wp\/v2\/pages\/24"}],"collection":[{"href":"https:\/\/www.iseg.ulisboa.pt\/secretaria\/wp-json\/wp\/v2\/pages"}],"about":[{"href":"https:\/\/www.iseg.ulisboa.pt\/secretaria\/wp-json\/wp\/v2\/types\/page"}],"author":[{"embeddable":true,"href":"https:\/\/www.iseg.ulisboa.pt\/secretaria\/wp-json\/wp\/v2\/users\/2"}],"replies":[{"embeddable":true,"href":"https:\/\/www.iseg.ulisboa.pt\/secretaria\/wp-json\/wp\/v2\/comments?post=24"}],"version-history":[{"count":31,"href":"https:\/\/www.iseg.ulisboa.pt\/secretaria\/wp-json\/wp\/v2\/pages\/24\/revisions"}],"predecessor-version":[{"id":5954,"href":"https:\/\/www.iseg.ulisboa.pt\/secretaria\/wp-json\/wp\/v2\/pages\/24\/revisions\/5954"}],"wp:attachment":[{"href":"https:\/\/www.iseg.ulisboa.pt\/secretaria\/wp-json\/wp\/v2\/media?parent=24"}],"curies":[{"name":"wp","href":"https:\/\/api.w.org\/{rel}","templated":true}]}}