{"id":30,"date":"2023-01-20T18:55:32","date_gmt":"2023-01-20T18:55:32","guid":{"rendered":"https:\/\/www.iseg.ulisboa.pt\/secretaria\/?page_id=30"},"modified":"2025-05-06T09:50:51","modified_gmt":"2025-05-06T09:50:51","slug":"home","status":"publish","type":"page","link":"https:\/\/www.iseg.ulisboa.pt\/secretaria\/","title":{"rendered":"Home"},"content":{"rendered":"\n<section class=\"block-hero-full-width course-hero wf-section\">\n        <div class=\"course-hero__name\">\n            <h1 class=\"course-hero__heading has-iseg-white-color\"><span class=\"course-hero__heading-span\">Servi\u00e7os Acad\u00e9micos<\/span><\/h1>\n    <\/div>\n            <div class=\"course-hero__backdrop has-iseg-red-background\"><\/div>\n    \n    <div class=\"course-hero__image\">\n    <img decoding=\"async\" src=\"https:\/\/www.iseg.ulisboa.pt\/secretaria\/wp-content\/uploads\/sites\/8\/2024\/02\/Fotografia-Home1.jpg\" class=\"image-cover\" alt=\"\" srcset=\"https:\/\/www.iseg.ulisboa.pt\/secretaria\/wp-content\/uploads\/sites\/8\/2024\/02\/Fotografia-Home1.jpg 2000w, https:\/\/www.iseg.ulisboa.pt\/secretaria\/wp-content\/uploads\/sites\/8\/2024\/02\/Fotografia-Home1-300x180.jpg 300w, https:\/\/www.iseg.ulisboa.pt\/secretaria\/wp-content\/uploads\/sites\/8\/2024\/02\/Fotografia-Home1-1536x922.jpg 1536w, https:\/\/www.iseg.ulisboa.pt\/secretaria\/wp-content\/uploads\/sites\/8\/2024\/02\/Fotografia-Home1-18x12.jpg 18w\" sizes=\"(max-width: 2000px) 100vw, 2000px\" \/>    <\/div>\n<\/section>\n\n<div class=\"block-course-features\">\n    <div class=\"container\">\n                    <div class=\"course-features__grid\">\n        \n            <div class=\"course-features__item\">\n                                    <div class=\"course-features__image\">\n                        <img decoding=\"async\" src=\"https:\/\/www.iseg.ulisboa.pt\/secretaria\/wp-content\/uploads\/sites\/8\/2023\/07\/hero-study.jpeg\" loading=\"lazy\" sizes=\"(max-width: 479px) 86vw, (max-width: 767px) 82vw, (max-width: 991px) 41vw, 32vw\" srcset=\"https:\/\/www.iseg.ulisboa.pt\/secretaria\/wp-content\/uploads\/sites\/8\/2023\/07\/hero-study.jpeg 500w, https:\/\/www.iseg.ulisboa.pt\/secretaria\/wp-content\/uploads\/sites\/8\/2023\/07\/hero-study.jpeg 800w, https:\/\/www.iseg.ulisboa.pt\/secretaria\/wp-content\/uploads\/sites\/8\/2023\/07\/hero-study.jpeg 1080w, https:\/\/www.iseg.ulisboa.pt\/secretaria\/wp-content\/uploads\/sites\/8\/2023\/07\/hero-study.jpeg 1340w\" alt=\"\" class=\"image-cover\">\n                    <\/div>\n                                <div class=\"course-features__content\">\n                    <div class=\"course-features__topcut\"><\/div>\n                    <h4 class=\"course-features__heading\">\n                                                    <a href=\"https:\/\/www.iseg.ulisboa.pt\/secretaria\/candidaturas\/\">Candidaturas<\/a>\n                                            <\/h4>\n                    <div class=\"course-features__text\">Estudar no ISEG significa muito mais do que obter um diploma. Fomos considerados uma das universidades com melhor desempenho acad\u00e9mico do mundo. <\/div>\n                                            <a href=\"https:\/\/www.iseg.ulisboa.pt\/secretaria\/candidaturas\/\"  class=\"link-learnmore\">Candidaturas<\/a>\n                                    <\/div>\n            <\/div>\n\n        \n            <div class=\"course-features__item\">\n                                    <div class=\"course-features__image\">\n                        <img decoding=\"async\" src=\"https:\/\/www.iseg.ulisboa.pt\/secretaria\/wp-content\/uploads\/sites\/8\/2023\/07\/informacoes-academicas-e1701263372607.jpg\" loading=\"lazy\" sizes=\"(max-width: 479px) 86vw, (max-width: 767px) 82vw, (max-width: 991px) 41vw, 32vw\" srcset=\"https:\/\/www.iseg.ulisboa.pt\/secretaria\/wp-content\/uploads\/sites\/8\/2023\/07\/informacoes-academicas-e1701263372607.jpg 500w, https:\/\/www.iseg.ulisboa.pt\/secretaria\/wp-content\/uploads\/sites\/8\/2023\/07\/informacoes-academicas-e1701263372607.jpg 800w, https:\/\/www.iseg.ulisboa.pt\/secretaria\/wp-content\/uploads\/sites\/8\/2023\/07\/informacoes-academicas-e1701263372607.jpg 1080w, https:\/\/www.iseg.ulisboa.pt\/secretaria\/wp-content\/uploads\/sites\/8\/2023\/07\/informacoes-academicas-e1701263372607.jpg 1340w\" alt=\"\" class=\"image-cover\">\n                    <\/div>\n                                <div class=\"course-features__content\">\n                    <div class=\"course-features__topcut\"><\/div>\n                    <h4 class=\"course-features__heading\">\n                                                    <a href=\"https:\/\/www.iseg.ulisboa.pt\/secretaria\/informacoes-academicas\/\">Informa\u00e7\u00f5es Acad\u00e9micas<\/a>\n                                            <\/h4>\n                    <div class=\"course-features__text\">Encontra todas as informa\u00e7\u00f5es e documentos importantes para o teu dia-a-dia de estudante. Desde o calend\u00e1rio escolar, informa\u00e7\u00f5es sobre propinas e inscri\u00e7\u00f5es, estatutos especiais e muito mais.\r\n\r\n<\/div>\n                                            <a href=\"https:\/\/www.iseg.ulisboa.pt\/secretaria\/informacoes-academicas\/\"  class=\"link-learnmore\">Informa\u00e7\u00f5es Acad\u00e9micas<\/a>\n                                    <\/div>\n            <\/div>\n\n        \n            <div class=\"course-features__item\">\n                                    <div class=\"course-features__image\">\n                        <img decoding=\"async\" src=\"https:\/\/www.iseg.ulisboa.pt\/secretaria\/wp-content\/uploads\/sites\/8\/2023\/07\/hero-3.jpg\" loading=\"lazy\" sizes=\"(max-width: 479px) 86vw, (max-width: 767px) 82vw, (max-width: 991px) 41vw, 32vw\" srcset=\"https:\/\/www.iseg.ulisboa.pt\/secretaria\/wp-content\/uploads\/sites\/8\/2023\/07\/hero-3.jpg 500w, https:\/\/www.iseg.ulisboa.pt\/secretaria\/wp-content\/uploads\/sites\/8\/2023\/07\/hero-3.jpg 800w, https:\/\/www.iseg.ulisboa.pt\/secretaria\/wp-content\/uploads\/sites\/8\/2023\/07\/hero-3.jpg 1080w, https:\/\/www.iseg.ulisboa.pt\/secretaria\/wp-content\/uploads\/sites\/8\/2023\/07\/hero-3.jpg 1340w\" alt=\"\" class=\"image-cover\">\n                    <\/div>\n                                <div class=\"course-features__content\">\n                    <div class=\"course-features__topcut\"><\/div>\n                    <h4 class=\"course-features__heading\">\n                                                    <a href=\"https:\/\/www.iseg.ulisboa.pt\/secretaria\/legislacao-e-documentos\/\">Legisla\u00e7\u00e3o e Documentos<\/a>\n                                            <\/h4>\n                    <div class=\"course-features__text\">Encontra toda a legisla\u00e7\u00e3o, requerimentos, certificados e outros documentos que precisas no decorrer do ano letivo.<\/div>\n                                            <a href=\"https:\/\/www.iseg.ulisboa.pt\/secretaria\/legislacao-e-documentos\/\"  class=\"link-learnmore\">Legisla\u00e7\u00e3o e Documentos<\/a>\n                                    <\/div>\n            <\/div>\n\n                <\/div>\n        <\/div>\n<\/div>\n\n<div class=\"block-hero-slider\">\n\t<div data-delay=\"5000\" data-animation=\"slide\" data-autoplay=\"1\" data-duration=\"350\" data-infinite=\"1\" class=\"gallery-slider w-slider\">\n\t\t<div class=\"gallery-slider__mask w-slider-mask\">\n\t\t\t\t\t\t\t\t\t\t\t<div class=\"gallery-slider__slide w-slide\">\n\t\t\t\t\t<div class=\"gallery-slider__slide-content\">\n\t\t\t\t\t\t<div class=\"block-hero\">\n\t<div class=\"block-hero-content\">\n\t\t<div class=\"container\">\n\t\t\t<div class=\"hero-subtitle\"><\/div>\n\t\t\t<h1 class=\"hero-title\"><\/h1>\n\t\t\t<div class=\"hero-description\"><\/div>\n\t\t\t\t\t<\/div>\n\t\t\t\t\t\t\t\t<div class=\"hero-player\">\n\t\t\t\t<a href=\"#\" class=\"button-play w-inline-block w-lightbox\">\n\t\t\t\t\t<img decoding=\"async\" src=\"https:\/\/www.iseg.ulisboa.pt\/secretaria\/wp-content\/themes\/iseg\/assets\/images\/icon-player.svg\" loading=\"lazy\" alt=\"\" class=\"button-play__image\" \/>\n\t\t\t\t\t<div>Ver v\u00eddeo completo<\/div>\n\t\t\t\t\t<script type=\"application\/json\" class=\"w-json\">{\"items\":[{\"type\":\"video\",\"originalUrl\":\"\",\"url\":\"\",\"html\":\"<iframe src=\\\"https:\\\/\\\/player.vimeo.com\\\/video\\\/915130134?autoplay=1&#038;color=e02020&#038;title=0&#038;byline=0&#038;portrait=0\\\" style=\\\"position:absolute;top:0;left:0;width:100%;height:100%;\\\" frameborder=\\\"0\\\" allow=\\\"autoplay; fullscreen; picture-in-picture\\\" allowfullscreen><\\\/iframe><script src=\\\"https:\\\/\\\/player.vimeo.com\\\/api\\\/player.js\\\">\",\"thumbnailUrl\":\"\",\"width\":940,\"height\":528}]}<\/script>\n\t\t\t\t<\/a>\n\t\t\t<\/div>\n\t\t\t<\/div>\n\n\t\t\t<div data-poster-url=\"https:\/\/www.iseg.ulisboa.pt\/secretaria\/wp-content\/uploads\/sites\/8\/2024\/02\/ACADEMIC-SERVICES.jpg\" data-video-urls=\"https:\/\/www.iseg.ulisboa.pt\/secretaria\/wp-content\/uploads\/sites\/8\/2024\/02\/ACADEMIC-SERVICES-30fps-v2.mp4\" data-autoplay=\"true\" data-loop=\"true\" data-wf-ignore=\"true\" class=\"block-hero-video w-background-video w-background-video-atom\">\n\t\t\t<video autoplay=\"\" loop=\"\" style=\"background-image: url('https:\/\/www.iseg.ulisboa.pt\/secretaria\/wp-content\/uploads\/sites\/8\/2024\/02\/ACADEMIC-SERVICES.jpg')\" muted=\"\" playsinline=\"\" data-wf-ignore=\"true\" data-object-fit=\"cover\">\n\t\t\t\t<source src=\"https:\/\/www.iseg.ulisboa.pt\/secretaria\/wp-content\/uploads\/sites\/8\/2024\/02\/ACADEMIC-SERVICES-30fps-v2.mp4\" data-wf-ignore=\"true\" \/>\n\t\t\t<\/video>\n\t\t<\/div>\t\t\n\t\n\t\n<\/div>\t\t\t\t\t<\/div>\n\t\t\t\t<\/div>\n\t\t\t\t\t<\/div>\n\t\t\t<\/div>\n<\/div>\n\n\n\n\n<div class=\"block-key-numbers\">\n\t<div class=\"container\">\n\n\t\t<div class=\"block-key-numbers-list has-4-columns\">\n\t\t\t\t\t\t\t<div class=\"key-number-card one\">\n\t\t\t\t\t<div class=\"key-number-card-number\">4500+<\/div>\n\t\t\t\t\t<div class=\"key-numbers-card-byline\">Estudantes<\/div>\n\t\t\t\t<\/div>\n\t\t\t\t\t\t\t<div class=\"key-number-card two\">\n\t\t\t\t\t<div class=\"key-number-card-number\">25%<\/div>\n\t\t\t\t\t<div class=\"key-numbers-card-byline\">Alunos Internacionais de mais de 70 pa\u00edses<\/div>\n\t\t\t\t<\/div>\n\t\t\t\t\t\t\t<div class=\"key-number-card three\">\n\t\t\t\t\t<div class=\"key-number-card-number\">#1<\/div>\n\t\t\t\t\t<div class=\"key-numbers-card-byline\">Parte da Universidade de Lisboa \u2013 a universidade n\u00famero 1 em Portugal<\/div>\n\t\t\t\t<\/div>\n\t\t\t\t\t\t\t<div class=\"key-number-card four\">\n\t\t\t\t\t<div class=\"key-number-card-number\">36<\/div>\n\t\t\t\t\t<div class=\"key-numbers-card-byline\">Programas (8 Licenciaturas, 22 Mestrados e 6 Doutoramentos)<\/div>\n\t\t\t\t<\/div>\n\t\t\t\t\t\t\n\t\t<\/div>\n\n\t<\/div>\n<\/div>\n\n<div class=\"block-intro-text has-iseg-pink-background\">\n\t<div class=\"intro-text\">Os Servi\u00e7os Acad\u00e9micos t\u00eam como principal miss\u00e3o dar apoio administrativo aos alunos de todos os ciclos de estudo, durante o seu percurso escolar.<br \/>\r\nAtrav\u00e9s deste Website pretendemos proporcionar-te, de forma simples, r\u00e1pida e c\u00f3moda, o acesso a um vasto conjunto de informa\u00e7\u00f5es \u00fateis que venhas a necessitar.<br \/>\r\nDesejamos a toda a comunidade do ISEG e a ti em particular, um ano letivo pleno de realiza\u00e7\u00e3o e sucesso acad\u00e9mico e pessoal!<\/div>\n\t<div class=\"intro-text-anim-left-layer\"><\/div>\n\t<div class=\"intro-text-anim-right-layer\"><\/div>\n<\/div>\n\n\n<div class=\"block-featured-news\">\n\t<div class=\"container\">\n\t\t<div class=\"block-header\">\n\t\t\t<h2 class=\"has-iseg-red-color\">Not\u00edcias<\/h2>\n\t\t\t\t\t\t\t<a href=\"https:\/\/www.iseg.ulisboa.pt\/noticias\/?topic=servicos-academicos\" class=\"link-learnmore\" title=\"Ver todas\" target=\"_self\">\n\t\t\t\t\tVer todas\t\t\t\t<\/a>\n\t\t\t\t\t<\/div>\n\t\t<div class=\"block-3-articles\">\n\t\t\t\n\t\t\t\t<div class=\"news-card\">\n\t<a href=\"https:\/\/www.iseg.ulisboa.pt\/2025\/09\/matriculas-inscricoes-alunos-1o-ano-2025-2026-2a-fase-online\/\" class=\"news-card__image\">\n\t\t<img decoding=\"async\" src=\"https:\/\/www.iseg.ulisboa.pt\/secretaria\/wp-content\/uploads\/DCP4110_noticia.jpg\" class=\"image-cover wp-post-image\" alt=\"\" srcset=\"https:\/\/www.iseg.ulisboa.pt\/secretaria\/wp-content\/uploads\/DCP4110_noticia.jpg 1200w, https:\/\/www.iseg.ulisboa.pt\/secretaria\/wp-content\/uploads\/DCP4110_noticia-300x169.jpg 300w, https:\/\/www.iseg.ulisboa.pt\/secretaria\/wp-content\/uploads\/DCP4110_noticia-18x10.jpg 18w\" sizes=\"(max-width: 1200px) 100vw, 1200px\" \/>\t<\/a>\n\t<div class=\"news-card__type\">Outras<\/div>\n\t<a href=\"https:\/\/www.iseg.ulisboa.pt\/2025\/09\/matriculas-inscricoes-alunos-1o-ano-2025-2026-2a-fase-online\/\" class=\"news-card__title\">Matr\u00edculas\/Inscri\u00e7\u00f5es Alunos 1\u00ba Ano 2025\/2026\u00a0(2\u00aa Fase) \u2013 Online<\/a>\n\t<div class=\"post-date\">09-09-2025<\/div>\n<\/div>\t\t\t\t\n\t\t\t\t\t\t\t\n\t\t\t\t<div class=\"news-card\">\n\t<a href=\"https:\/\/www.iseg.ulisboa.pt\/2025\/08\/matriculas-inscricoes-alunos-1o-ano-2025-2026-1a-fase-online\/\" class=\"news-card__image\">\n\t\t<img decoding=\"async\" src=\"https:\/\/www.iseg.ulisboa.pt\/secretaria\/wp-content\/uploads\/IMG_8729.jpeg\" class=\"image-cover wp-post-image\" alt=\"\" srcset=\"https:\/\/www.iseg.ulisboa.pt\/secretaria\/wp-content\/uploads\/IMG_8729.jpeg 2048w, https:\/\/www.iseg.ulisboa.pt\/secretaria\/wp-content\/uploads\/IMG_8729-300x200.jpeg 300w, https:\/\/www.iseg.ulisboa.pt\/secretaria\/wp-content\/uploads\/IMG_8729-1536x1024.jpeg 1536w, https:\/\/www.iseg.ulisboa.pt\/secretaria\/wp-content\/uploads\/IMG_8729-18x12.jpeg 18w\" sizes=\"(max-width: 2048px) 100vw, 2048px\" \/>\t<\/a>\n\t<div class=\"news-card__type\">Outras<\/div>\n\t<a href=\"https:\/\/www.iseg.ulisboa.pt\/2025\/08\/matriculas-inscricoes-alunos-1o-ano-2025-2026-1a-fase-online\/\" class=\"news-card__title\">Matr\u00edculas\/Inscri\u00e7\u00f5es Alunos 1\u00ba Ano 2025\/2026\u00a0(1\u00aa Fase) \u2013 Online<\/a>\n\t<div class=\"post-date\">23-08-2025<\/div>\n<\/div>\t\t\t\t\n\t\t\t\t\t\t\t\n\t\t\t\t<div class=\"news-card\">\n\t<a href=\"https:\/\/www.iseg.ulisboa.pt\/2025\/07\/candidaturas-para-titulares-de-curso-superior-2025-2026\/\" class=\"news-card__image\">\n\t\t<img decoding=\"async\" src=\"https:\/\/www.iseg.ulisboa.pt\/secretaria\/wp-content\/uploads\/FIL9146_homepage.jpg\" class=\"image-cover wp-post-image\" alt=\"\" srcset=\"https:\/\/www.iseg.ulisboa.pt\/secretaria\/wp-content\/uploads\/FIL9146_homepage.jpg 1200w, https:\/\/www.iseg.ulisboa.pt\/secretaria\/wp-content\/uploads\/FIL9146_homepage-300x187.jpg 300w, https:\/\/www.iseg.ulisboa.pt\/secretaria\/wp-content\/uploads\/FIL9146_homepage-18x12.jpg 18w\" sizes=\"(max-width: 1200px) 100vw, 1200px\" \/>\t<\/a>\n\t<div class=\"news-card__type\">Outras<\/div>\n\t<a href=\"https:\/\/www.iseg.ulisboa.pt\/2025\/07\/candidaturas-para-titulares-de-curso-superior-2025-2026\/\" class=\"news-card__title\">Candidaturas para Titulares de Curso Superior &#8211; 2025\/2026<\/a>\n\t<div class=\"post-date\">01-07-2025<\/div>\n<\/div>\t\t\t\t\n\t\t\t\t\t\t\t\t\n\t\t<\/div>\n\t<\/div>\n<\/div>","protected":false},"excerpt":{"rendered":"","protected":false},"author":2,"featured_media":0,"parent":0,"menu_order":5,"comment_status":"closed","ping_status":"closed","template":"tpl-page-blocks.php","meta":{"_uag_custom_page_level_css":"","footnotes":""},"acf":[],"uagb_featured_image_src":{"full":false,"thumbnail":false,"medium":false,"medium_large":false,"large":false,"1536x1536":false,"2048x2048":false,"trp-custom-language-flag":false},"uagb_author_info":{"display_name":"Major","author_link":"https:\/\/www.iseg.ulisboa.pt\/secretaria\/author\/leihla\/"},"uagb_comment_info":0,"uagb_excerpt":null,"_links":{"self":[{"href":"https:\/\/www.iseg.ulisboa.pt\/secretaria\/wp-json\/wp\/v2\/pages\/30"}],"collection":[{"href":"https:\/\/www.iseg.ulisboa.pt\/secretaria\/wp-json\/wp\/v2\/pages"}],"about":[{"href":"https:\/\/www.iseg.ulisboa.pt\/secretaria\/wp-json\/wp\/v2\/types\/page"}],"author":[{"embeddable":true,"href":"https:\/\/www.iseg.ulisboa.pt\/secretaria\/wp-json\/wp\/v2\/users\/2"}],"replies":[{"embeddable":true,"href":"https:\/\/www.iseg.ulisboa.pt\/secretaria\/wp-json\/wp\/v2\/comments?post=30"}],"version-history":[{"count":30,"href":"https:\/\/www.iseg.ulisboa.pt\/secretaria\/wp-json\/wp\/v2\/pages\/30\/revisions"}],"predecessor-version":[{"id":5112,"href":"https:\/\/www.iseg.ulisboa.pt\/secretaria\/wp-json\/wp\/v2\/pages\/30\/revisions\/5112"}],"wp:attachment":[{"href":"https:\/\/www.iseg.ulisboa.pt\/secretaria\/wp-json\/wp\/v2\/media?parent=30"}],"curies":[{"name":"wp","href":"https:\/\/api.w.org\/{rel}","templated":true}]}}