{"id":390,"date":"2023-06-01T13:01:47","date_gmt":"2023-06-01T13:01:47","guid":{"rendered":"https:\/\/www.iseg.ulisboa.pt\/secretaria\/?page_id=390"},"modified":"2024-05-09T13:44:55","modified_gmt":"2024-05-09T13:44:55","slug":"acreditacao-pela-occ","status":"publish","type":"page","link":"https:\/\/www.iseg.ulisboa.pt\/secretaria\/informacao-util\/acreditacao-pela-occ\/","title":{"rendered":"Ordem dos Contabilistas Certificados"},"content":{"rendered":"\n<h3 class=\"wp-block-heading\">Contabilista Certificado<\/h3>\n\n\n\n<h6 class=\"wp-block-heading\">A Ordem dos Contabilistas Certificados reconheceu, para efeito das habilita\u00e7\u00f5es acad\u00e9micas necess\u00e1rias&nbsp;&nbsp; para a inscri\u00e7\u00e3o como Contabilista Certificado, os cursos de licenciatura em Gest\u00e3o, Management, Economia, Economics, MAEG, e Finan\u00e7as conjugado com o Mestrado em Contabilidade, Fiscalidade e Finan\u00e7as Empresariais.<\/h6>\n\n\n\n<p>Para mais informa\u00e7\u00f5es, consultar&nbsp;<a href=\"https:\/\/www.occ.pt\/pt-pt\/inscricao\/regras-de-inscricao-e-regulamentos\">https:\/\/www.occ.pt\/pt-pt\/inscricao\/regras-de-inscricao-e-regulamentos<\/a>.<\/p>\n\n\n\n<div style=\"height:50px\" aria-hidden=\"true\" class=\"wp-block-spacer\"><\/div>\n\n\n<div class=\"wp-block-image\">\n<figure class=\"alignleft size-full\"><img loading=\"lazy\" decoding=\"async\" width=\"160\" height=\"219\" src=\"https:\/\/www.iseg.ulisboa.pt\/secretaria\/wp-content\/uploads\/sites\/8\/2023\/06\/image.png\" alt=\"\" class=\"wp-image-392\" srcset=\"https:\/\/www.iseg.ulisboa.pt\/secretaria\/wp-content\/uploads\/sites\/8\/2023\/06\/image.png 160w, https:\/\/www.iseg.ulisboa.pt\/secretaria\/wp-content\/uploads\/sites\/8\/2023\/06\/image-9x12.png 9w\" sizes=\"(max-width: 160px) 100vw, 160px\" \/><\/figure><\/div>","protected":false},"excerpt":{"rendered":"Contabilista Certificado A Ordem dos Contabilistas Certificados reconheceu, para efeito das habilita\u00e7\u00f5es acad\u00e9micas necess\u00e1rias&nbsp;&nbsp; para a inscri\u00e7\u00e3o como Contabilista Certificado, os cursos de licenciatura em Gest\u00e3o, Management, Economia, Economics, MAEG,&nbsp;[&#8230;]","protected":false},"author":2,"featured_media":0,"parent":46,"menu_order":1,"comment_status":"closed","ping_status":"closed","template":"","meta":{"_uag_custom_page_level_css":"","footnotes":""},"acf":[],"uagb_featured_image_src":{"full":false,"thumbnail":false,"medium":false,"medium_large":false,"large":false,"1536x1536":false,"2048x2048":false,"trp-custom-language-flag":false},"uagb_author_info":{"display_name":"Major","author_link":"https:\/\/www.iseg.ulisboa.pt\/secretaria\/author\/leihla\/"},"uagb_comment_info":0,"uagb_excerpt":"Contabilista Certificado A Ordem dos Contabilistas Certificados reconheceu, para efeito das habilita\u00e7\u00f5es acad\u00e9micas necess\u00e1rias&nbsp;&nbsp; para a inscri\u00e7\u00e3o como Contabilista Certificado, os cursos de licenciatura em Gest\u00e3o, Management, Economia, Economics, MAEG,&nbsp;[...]","_links":{"self":[{"href":"https:\/\/www.iseg.ulisboa.pt\/secretaria\/wp-json\/wp\/v2\/pages\/390"}],"collection":[{"href":"https:\/\/www.iseg.ulisboa.pt\/secretaria\/wp-json\/wp\/v2\/pages"}],"about":[{"href":"https:\/\/www.iseg.ulisboa.pt\/secretaria\/wp-json\/wp\/v2\/types\/page"}],"author":[{"embeddable":true,"href":"https:\/\/www.iseg.ulisboa.pt\/secretaria\/wp-json\/wp\/v2\/users\/2"}],"replies":[{"embeddable":true,"href":"https:\/\/www.iseg.ulisboa.pt\/secretaria\/wp-json\/wp\/v2\/comments?post=390"}],"version-history":[{"count":12,"href":"https:\/\/www.iseg.ulisboa.pt\/secretaria\/wp-json\/wp\/v2\/pages\/390\/revisions"}],"predecessor-version":[{"id":3664,"href":"https:\/\/www.iseg.ulisboa.pt\/secretaria\/wp-json\/wp\/v2\/pages\/390\/revisions\/3664"}],"up":[{"embeddable":true,"href":"https:\/\/www.iseg.ulisboa.pt\/secretaria\/wp-json\/wp\/v2\/pages\/46"}],"wp:attachment":[{"href":"https:\/\/www.iseg.ulisboa.pt\/secretaria\/wp-json\/wp\/v2\/media?parent=390"}],"curies":[{"name":"wp","href":"https:\/\/api.w.org\/{rel}","templated":true}]}}