{"id":46,"date":"2023-01-20T19:04:48","date_gmt":"2023-01-20T19:04:48","guid":{"rendered":"https:\/\/www.iseg.ulisboa.pt\/secretaria\/?page_id=46"},"modified":"2025-05-30T12:04:36","modified_gmt":"2025-05-30T12:04:36","slug":"informacao-util","status":"publish","type":"page","link":"https:\/\/www.iseg.ulisboa.pt\/secretaria\/informacao-util\/","title":{"rendered":"Informa\u00e7\u00e3o \u00datil"},"content":{"rendered":"<div class=\"block-additional-resources\">\n\t<div class=\"container\">\n\t\t<h3 class=\"has-iseg-red-color\"><\/h3>\n\t\t<div class=\"block-resources\">\n\t\t\t\t\t\t\t\t<a href=\"https:\/\/www.iseg.ulisboa.pt\/estudar\/bolsas-e-premios\/\" class=\"block-resources__item\" title=\"Bolsas e Pr\u00e9mios\" target=\"_self\">\n\t\t\t\t\t\tBolsas e Pr\u00e9mios\t\t\t\t\t<\/a>\n\t\t\t\t\t\t\t\t\t\t\t\t<a href=\"https:\/\/www.iseg.ulisboa.pt\/secretaria\/informacao-util\/creditacao-unidades-curriculares\/\" class=\"block-resources__item\" title=\"Credita\u00e7\u00e3o\" target=\"_self\">\n\t\t\t\t\t\tCredita\u00e7\u00e3o\t\t\t\t\t<\/a>\n\t\t\t\t\t\t\t\t\t\t\t\t<a href=\"https:\/\/www.iseg.ulisboa.pt\/secretaria\/informacao-util\/fenix-email-institucional-e-website\/\" class=\"block-resources__item\" title=\"Fenix, Email Institucional e Website\" target=\"_self\">\n\t\t\t\t\t\tFenix, Email Institucional e Website\t\t\t\t\t<\/a>\n\t\t\t\t\t\t\t\t\t\t\t\t<a href=\"https:\/\/www.iseg.ulisboa.pt\/secretaria\/informacao-util\/habilitacoes-estrangeiras-diplomas\/\" class=\"block-resources__item\" title=\"Reconhecimento de Habilita\u00e7\u00f5es Estrangeiras\" target=\"_self\">\n\t\t\t\t\t\tReconhecimento de Habilita\u00e7\u00f5es Estrangeiras\t\t\t\t\t<\/a>\n\t\t\t\t\t\t\t\t\t\t\t\t<a href=\"https:\/\/www.iseg.ulisboa.pt\/secretaria\/informacao-util\/mobilidade-dentro-da-ulisboa\/\" class=\"block-resources__item\" title=\"Mobilidade Dentro da ULisboa\" target=\"_self\">\n\t\t\t\t\t\tMobilidade Dentro da ULisboa\t\t\t\t\t<\/a>\n\t\t\t\t\t\t\t\t\t\t\t\t<a href=\"https:\/\/www.iseg.ulisboa.pt\/secretaria\/informacao-util\/acreditacao-pela-occ\/\" class=\"block-resources__item\" title=\"Ordem dos Contabilistas Certificados\" target=\"_self\">\n\t\t\t\t\t\tOrdem dos Contabilistas Certificados\t\t\t\t\t<\/a>\n\t\t\t\t\t\t\t\t\t\t\t\t<a href=\"https:\/\/www.iseg.ulisboa.pt\/secretaria\/informacao-util\/3061-2\/\" class=\"block-resources__item\" title=\"Unidade Curricular Isolada\" target=\"_self\">\n\t\t\t\t\t\tUnidade Curricular Isolada\t\t\t\t\t<\/a>\n\t\t\t\t\t\t\t\t\t\t\t\t<a href=\"https:\/\/www.iseg.ulisboa.pt\/secretaria\/informacao-util\/tabela-emolumentos\/\" class=\"block-resources__item\" title=\"Tabela de Emolumentos\" target=\"_self\">\n\t\t\t\t\t\tTabela de Emolumentos\t\t\t\t\t<\/a>\n\t\t\t\t\t\t\t\t\t\t\t\t<a href=\"https:\/\/www.iseg.ulisboa.pt\/secretaria\/informacao-util\/carta-de-direitos-e-deveres-do-aluno\/\" class=\"block-resources__item\" title=\"Carta de Direitos e Deveres dos Alunos\" target=\"_self\">\n\t\t\t\t\t\tCarta de Direitos e Deveres dos Alunos\t\t\t\t\t<\/a>\n\t\t\t\t\t\t\t\t\t\t\t\t<a href=\"https:\/\/www.iseg.ulisboa.pt\/secretaria\/informacao-util\/skill-up-for-the-future\/\" class=\"block-resources__item\" title=\"Skill Up for the Future\" target=\"_self\">\n\t\t\t\t\t\tSkill Up for the Future\t\t\t\t\t<\/a>\n\t\t\t\t\t\t\t\t\t\t\t\t<a href=\"https:\/\/www.iseg.ulisboa.pt\/estudar\/bem-estar-no-iseg\/\" class=\"block-resources__item\" title=\"Bem-Estar no ISEG\" target=\"_self\">\n\t\t\t\t\t\tBem-Estar no ISEG\t\t\t\t\t<\/a>\n\t\t\t\t\t\t\t\t\t\t\t\t<a href=\"https:\/\/www.iseg.ulisboa.pt\/secretaria\/informacao-util\/prorrogacao-repetencia-tfm\/\" class=\"block-resources__item\" title=\"Prorroga\u00e7\u00e3o \/ Repet\u00eancia TFM\" target=\"_self\">\n\t\t\t\t\t\tProrroga\u00e7\u00e3o \/ Repet\u00eancia TFM\t\t\t\t\t<\/a>\n\t\t\t\t\t\t\t\t\t\t\t\t<a href=\"https:\/\/www.iseg.ulisboa.pt\/secretaria\/informacao-util\/protocolo-apex\/\" class=\"block-resources__item\" title=\"Protocolo APEX\" target=\"_self\">\n\t\t\t\t\t\tProtocolo APEX\t\t\t\t\t<\/a>\n\t\t\t\t\t\t\t\t\t<\/div>\n\t<\/div>\n<\/div>\n\n\n\n<p><\/p>\n\n\n\n<p><\/p>\n\n\n\n<p><\/p>\n","protected":false},"excerpt":{"rendered":"","protected":false},"author":2,"featured_media":0,"parent":0,"menu_order":4,"comment_status":"closed","ping_status":"closed","template":"","meta":{"_uag_custom_page_level_css":"","footnotes":""},"acf":[],"uagb_featured_image_src":{"full":false,"thumbnail":false,"medium":false,"medium_large":false,"large":false,"1536x1536":false,"2048x2048":false,"trp-custom-language-flag":false},"uagb_author_info":{"display_name":"Major","author_link":"https:\/\/www.iseg.ulisboa.pt\/secretaria\/author\/leihla\/"},"uagb_comment_info":0,"uagb_excerpt":null,"_links":{"self":[{"href":"https:\/\/www.iseg.ulisboa.pt\/secretaria\/wp-json\/wp\/v2\/pages\/46"}],"collection":[{"href":"https:\/\/www.iseg.ulisboa.pt\/secretaria\/wp-json\/wp\/v2\/pages"}],"about":[{"href":"https:\/\/www.iseg.ulisboa.pt\/secretaria\/wp-json\/wp\/v2\/types\/page"}],"author":[{"embeddable":true,"href":"https:\/\/www.iseg.ulisboa.pt\/secretaria\/wp-json\/wp\/v2\/users\/2"}],"replies":[{"embeddable":true,"href":"https:\/\/www.iseg.ulisboa.pt\/secretaria\/wp-json\/wp\/v2\/comments?post=46"}],"version-history":[{"count":69,"href":"https:\/\/www.iseg.ulisboa.pt\/secretaria\/wp-json\/wp\/v2\/pages\/46\/revisions"}],"predecessor-version":[{"id":5407,"href":"https:\/\/www.iseg.ulisboa.pt\/secretaria\/wp-json\/wp\/v2\/pages\/46\/revisions\/5407"}],"wp:attachment":[{"href":"https:\/\/www.iseg.ulisboa.pt\/secretaria\/wp-json\/wp\/v2\/media?parent=46"}],"curies":[{"name":"wp","href":"https:\/\/api.w.org\/{rel}","templated":true}]}}