{"id":4893,"date":"2025-03-26T14:22:32","date_gmt":"2025-03-26T14:22:32","guid":{"rendered":"https:\/\/www.iseg.ulisboa.pt\/secretaria\/?page_id=4893"},"modified":"2025-09-08T15:50:24","modified_gmt":"2025-09-08T15:50:24","slug":"renovacao-de-inscricao-para-o-ano-letivo-2025-2026","status":"publish","type":"page","link":"https:\/\/www.iseg.ulisboa.pt\/secretaria\/informacoes-academicas\/licenciaturas\/inscricoes\/renovacao-de-inscricao-para-o-ano-letivo-2025-2026\/","title":{"rendered":"Renova\u00e7\u00e3o de Inscri\u00e7\u00e3o para o Ano Letivo 2025\/2026"},"content":{"rendered":"\n<p>Os alunos inscritos em 2024\/2025 devem efetuar a inscri\u00e7\u00e3o nas Turmas das Unidades Curriculares Obrigat\u00f3rias e Optativas para 2025\/2026, via web, atrav\u00e9s do&nbsp;Portal &#8220;<strong>Fenix<\/strong>&#8220;,&nbsp;<strong>Portal do Aluno<\/strong> \u00bb <strong>Inscrever<\/strong> \u00bb <strong>Inscri\u00e7\u00f5es <\/strong> \u00bb <strong>Criar, <\/strong>de:<\/p>\n\n\n\n<p class=\"has-text-align-center\"><strong>16 a 23 de julho de 2025<\/strong><\/p>\n\n\n\n<p class=\"has-text-align-center\">\u00a0(no dia 16 o acesso est\u00e1 dispon\u00edvel apenas a partir das 10h00 e no dia 23 ser\u00e1 at\u00e9 \u00e0s 23h59)<\/p>\n\n\n<div class=\"block-additional-resources\">\n\t<div class=\"container\">\n\t\t<h3 class=\"has-iseg-red-color\"><\/h3>\n\t\t<div class=\"block-resources\">\n\t\t\t\t\t\t\t\t<a href=\"https:\/\/www.iseg.ulisboa.pt\/secretaria\/informacoes-academicas\/calendarios-academicos\/calendario-escolar\/#uagb-tabs__tab1\" class=\"block-resources__item\" title=\"Calend\u00e1rio Escolar\" target=\"_blank\">\n\t\t\t\t\t\tCalend\u00e1rio Escolar\t\t\t\t\t<\/a>\n\t\t\t\t\t\t\t\t\t\t\t\t<a href=\"https:\/\/www.iseg.ulisboa.pt\/secretaria\/informacoes-academicas\/calendarios-academicos\/calendario-de-epocas-de-avaliacao\/\" class=\"block-resources__item\" title=\"Calend\u00e1rio \u00c9pocas de Avalia\u00e7\u00e3o\" target=\"_self\">\n\t\t\t\t\t\tCalend\u00e1rio \u00c9pocas de Avalia\u00e7\u00e3o\t\t\t\t\t<\/a>\n\t\t\t\t\t\t\t\t\t\t\t\t<a href=\"https:\/\/www.iseg.ulisboa.pt\/secretaria\/informacoes-academicas\/licenciaturas\/horarios-licenciaturas\/\" class=\"block-resources__item\" title=\"Hor\u00e1rios\" target=\"_self\">\n\t\t\t\t\t\tHor\u00e1rios\t\t\t\t\t<\/a>\n\t\t\t\t\t\t\t\t\t\t\t\t<a href=\"https:\/\/www.iseg.ulisboa.pt\/secretaria\/informacoes-academicas\/licenciaturas\/inscricoes\/inscricoes-em-unidades-curriculares\/inscricoes-2\/\" class=\"block-resources__item\" title=\"Inscri\u00e7\u00f5es - UC e turmas\" target=\"_self\">\n\t\t\t\t\t\tInscri\u00e7\u00f5es &#8211; UC e turmas\t\t\t\t\t<\/a>\n\t\t\t\t\t\t\t\t\t\t\t\t<a href=\"https:\/\/www.iseg.ulisboa.pt\/secretaria\/informacoes-academicas\/licenciaturas\/inscricoes\/inscricoes-em-unidades-curriculares\/faq\/\" class=\"block-resources__item\" title=\"FAQ\" target=\"_self\">\n\t\t\t\t\t\tFAQ\t\t\t\t\t<\/a>\n\t\t\t\t\t\t\t\t\t\t\t\t<a href=\"https:\/\/www.iseg.ulisboa.pt\/secretaria\/informacoes-academicas\/licenciaturas\/propinas\/propinas-ano-letivo-2025-2026\/\" class=\"block-resources__item\" title=\"Propinas Ano Letivo 2025\/2026\" target=\"_self\">\n\t\t\t\t\t\tPropinas Ano Letivo 2025\/2026\t\t\t\t\t<\/a>\n\t\t\t\t\t\t\t\t\t<\/div>\n\t<\/div>\n<\/div>\n\n\n\n<p><strong>O crit\u00e9rio da afeta\u00e7\u00e3o das inscri\u00e7\u00f5es \u00e0s turmas \u00e9 por ordem de acesso ao sistema.<\/strong><\/p>\n\n\n\n<p>A inscri\u00e7\u00e3o \u00e9 obrigat\u00f3ria para os alunos inscritos no ISEG em 2024\/2025 que pretendam prosseguir os seus estudos em 2025\/2026.<\/p>\n\n\n\n<p>A partir do momento em que a inscri\u00e7\u00e3o \u00e9 efetuada, o(a) aluno(a) fica automaticamente vinculado(a) ao ISEG, devendo assim cumprir com os seus compromissos financeiros, nomeadamente com o pagamento das propinas.<\/p>\n\n\n\n<p>Notas importantes:<\/p>\n\n\n\n<p><strong>Licenciatura em Economia\/Economics:<\/strong> Para o ano de 2025\/2026 a transi\u00e7\u00e3o de planos afecta apenas o 1\u00ba ano. Poder\u00e1 consultar o plano de transi\u00e7\u00e3o, bem com as FAQ referentes ao curso <a href=\"https:\/\/fenix.iseg.ulisboa.pt\/degrees\/eco\/faqs\">aqui<\/a><\/p>\n\n\n\n<p>Em termos de optativas em 2025\/2026 os alunos de Economia (do 3\u00ba ano) devem ter <strong>30 ECTS<\/strong> no grupo de optativas, sendo<strong> 18 ECTS<\/strong> em optativas condicionadas e <strong>12 ECTS<\/strong> em optativas livres.<\/p>\n\n\n\n<p><strong>Licenciatura em Gest\u00e3o\/Mangement: <\/strong>Para 2025\/2026 ir\u00e1 existir uma altera\u00e7\u00e3o do plano de estudo, podes consultar toda a informa\u00e7\u00e3o (novo plano de estudo, Faq, etc) <a href=\"https:\/\/fenix.iseg.ulisboa.pt\/degrees\/ges\/faq\">aqui<\/a><\/p>\n\n\n\n<p>Em termos de Optativas em 2025\/2026 os alunos de Gest\u00e3o (do 3\u00ba ano) devem ter <strong>24 ECTS<\/strong> em optativas, sendo <strong>18 ECTS<\/strong> em optativas condiciondas e<strong> 6 ECTS<\/strong> em optativas Livres<\/p>\n\n\n\n<p><strong>Licenciatura em Finance<\/strong>: Os alunos de Finance do 3\u00ba ano podem escolher uma optativa livre no 2\u00ba semestre.<\/p>\n\n\n\n<div style=\"height:16px\" aria-hidden=\"true\" class=\"wp-block-spacer\"><\/div>\n\n\n\n<p><strong>Altera\u00e7\u00f5es \u00e0s Inscri\u00e7\u00f5es<\/strong><\/p>\n\n\n\n<p>Decorrem, via web, atrav\u00e9s do&nbsp;Portal &#8220;FENIX&#8221;&nbsp;de:<\/p>\n\n\n\n<p>2 (10h00) a 5 de setembro de 2025<\/p>\n\n\n\n<div style=\"height:25px\" aria-hidden=\"true\" class=\"wp-block-spacer\"><\/div>\n\n\n\n<p><strong>Alunos que n\u00e3o efetuaram Inscri\u00e7\u00e3o em julho<\/strong><\/p>\n\n\n\n<p>Podem realizar a inscri\u00e7\u00e3o para 2025\/2026 Online:<\/p>\n\n\n\n<p>2 (10h) a 5&nbsp;de setembro de 2025<\/p>\n\n\n\n<p>Estas inscri\u00e7\u00f5es est\u00e3o sujeitas \u00e0s vagas dispon\u00edveis, com um agravamento de 60\u20ac. Ap\u00f3s este per\u00edodo apenas ser\u00e1 poss\u00edvel efetuar inscri\u00e7\u00e3o junto dos servi\u00e7os, com o respetivo agravamento, at\u00e9 ao final de setembro. Ap\u00f3s esse prazo e at\u00e9 ao prazo m\u00e1ximo de 31 de outubro de 2025, o agravamento passar\u00e1 para 120\u20ac.<\/p>\n\n\n\n<div style=\"height:34px\" aria-hidden=\"true\" class=\"wp-block-spacer\"><\/div>\n\n\n\n<p><strong>Candidatos a Mudan\u00e7a Par Institui\u00e7\u00e3o\/Curso<\/strong><\/p>\n\n\n\n<p>Os alunos que pretendam candidatar-se a mudan\u00e7a par institui\u00e7\u00e3o\/curso para outro estabelecimento de ensino ou para o mesmo estabelecimento,&nbsp;<strong>n\u00e3o&nbsp;devem<\/strong> efetuar a inscri\u00e7\u00e3o. No caso de terem feito inscri\u00e7\u00e3o e ficarem colocados noutro estabelecimento de ensino, devem anular a sua matr\u00edcula no ISEG atrav\u00e9s do Fenix.<\/p>\n\n\n\n<div style=\"height:32px\" aria-hidden=\"true\" class=\"wp-block-spacer\"><\/div>\n\n\n\n<p><strong>Situa\u00e7\u00e3o Financeira Irregular<\/strong><\/p>\n\n\n\n<p>Os alunos com situa\u00e7\u00e3o financeira irregular n\u00e3o t\u00eam acesso \u00e0s inscri\u00e7\u00f5es. Por isso, a sua regulariza\u00e7\u00e3o antes do in\u00edcio das inscri\u00e7\u00f5es \u00e9 fundamental.<\/p>\n","protected":false},"excerpt":{"rendered":"Os alunos inscritos em 2024\/2025 devem efetuar a inscri\u00e7\u00e3o nas Turmas das Unidades Curriculares Obrigat\u00f3rias e Optativas para 2025\/2026, via web, atrav\u00e9s do&nbsp;Portal &#8220;Fenix&#8220;,&nbsp;Portal do Aluno \u00bb Inscrever \u00bb Inscri\u00e7\u00f5es&nbsp;[&#8230;]","protected":false},"author":44,"featured_media":0,"parent":880,"menu_order":2,"comment_status":"closed","ping_status":"closed","template":"","meta":{"_uag_custom_page_level_css":"","footnotes":""},"acf":[],"uagb_featured_image_src":{"full":false,"thumbnail":false,"medium":false,"medium_large":false,"large":false,"1536x1536":false,"2048x2048":false,"trp-custom-language-flag":false},"uagb_author_info":{"display_name":"emartins","author_link":"https:\/\/www.iseg.ulisboa.pt\/secretaria\/author\/emartins\/"},"uagb_comment_info":0,"uagb_excerpt":"Os alunos inscritos em 2024\/2025 devem efetuar a inscri\u00e7\u00e3o nas Turmas das Unidades Curriculares Obrigat\u00f3rias e Optativas para 2025\/2026, via web, atrav\u00e9s do&nbsp;Portal &#8220;Fenix&#8220;,&nbsp;Portal do Aluno \u00bb Inscrever \u00bb Inscri\u00e7\u00f5es&nbsp;[...]","_links":{"self":[{"href":"https:\/\/www.iseg.ulisboa.pt\/secretaria\/wp-json\/wp\/v2\/pages\/4893"}],"collection":[{"href":"https:\/\/www.iseg.ulisboa.pt\/secretaria\/wp-json\/wp\/v2\/pages"}],"about":[{"href":"https:\/\/www.iseg.ulisboa.pt\/secretaria\/wp-json\/wp\/v2\/types\/page"}],"author":[{"embeddable":true,"href":"https:\/\/www.iseg.ulisboa.pt\/secretaria\/wp-json\/wp\/v2\/users\/44"}],"replies":[{"embeddable":true,"href":"https:\/\/www.iseg.ulisboa.pt\/secretaria\/wp-json\/wp\/v2\/comments?post=4893"}],"version-history":[{"count":10,"href":"https:\/\/www.iseg.ulisboa.pt\/secretaria\/wp-json\/wp\/v2\/pages\/4893\/revisions"}],"predecessor-version":[{"id":5257,"href":"https:\/\/www.iseg.ulisboa.pt\/secretaria\/wp-json\/wp\/v2\/pages\/4893\/revisions\/5257"}],"up":[{"embeddable":true,"href":"https:\/\/www.iseg.ulisboa.pt\/secretaria\/wp-json\/wp\/v2\/pages\/880"}],"wp:attachment":[{"href":"https:\/\/www.iseg.ulisboa.pt\/secretaria\/wp-json\/wp\/v2\/media?parent=4893"}],"curies":[{"name":"wp","href":"https:\/\/api.w.org\/{rel}","templated":true}]}}