{"id":50,"date":"2023-01-20T19:05:25","date_gmt":"2023-01-20T19:05:25","guid":{"rendered":"https:\/\/www.iseg.ulisboa.pt\/secretaria\/?page_id=50"},"modified":"2025-05-07T10:38:59","modified_gmt":"2025-05-07T10:38:59","slug":"licenciaturas","status":"publish","type":"page","link":"https:\/\/www.iseg.ulisboa.pt\/secretaria\/candidaturas\/licenciaturas\/","title":{"rendered":"Candidaturas a Licenciaturas"},"content":{"rendered":"\n<p class=\"has-large-font-size\">Fazer uma licenciatura no ISEG \u00e9 fazer algo mais do que uma licenciatura. O ISEG \u00e9 a melhor rampa de lan\u00e7amento para a tua carreira acad\u00e9mica e o teu futuro profissional. As nossas licenciaturas d\u00e3o-te espa\u00e7o para evoluir o teu conhecimento e as tuas capacidades interdisciplinares. <\/p>\n\n\n\n<hr class=\"wp-block-separator has-alpha-channel-opacity is-style-dots\" \/>\n\n\n<div class=\"block-additional-resources\">\n\t<div class=\"container\">\n\t\t<h3 class=\"has-iseg-red-color\">Regimes de Acesso<\/h3>\n\t\t<div class=\"block-resources\">\n\t\t\t\t\t\t\t\t<a href=\"https:\/\/www.iseg.ulisboa.pt\/secretaria\/candidaturas\/licenciaturas\/concurso-nacional\/\" class=\"block-resources__item\" title=\"Concurso Nacional\" target=\"_self\">\n\t\t\t\t\t\tConcurso Nacional\t\t\t\t\t<\/a>\n\t\t\t\t\t\t\t\t\t\t\t\t<a href=\"https:\/\/www.iseg.ulisboa.pt\/secretaria\/candidaturas\/licenciaturas\/mudanca-de-par-instituicao-curso\/\" class=\"block-resources__item\" title=\"Mudan\u00e7a de Par Institui\u00e7\u00e3o\/Curso\" target=\"_self\">\n\t\t\t\t\t\tMudan\u00e7a de Par Institui\u00e7\u00e3o\/Curso\t\t\t\t\t<\/a>\n\t\t\t\t\t\t\t\t\t\t\t\t<a href=\"https:\/\/www.iseg.ulisboa.pt\/secretaria\/candidaturas\/licenciaturas\/reingresso\/\" class=\"block-resources__item\" title=\"Reingressos\" target=\"_self\">\n\t\t\t\t\t\tReingressos\t\t\t\t\t<\/a>\n\t\t\t\t\t\t\t\t\t\t\t\t<a href=\"https:\/\/www.iseg.ulisboa.pt\/secretaria\/candidaturas\/licenciaturas\/maiores-de-23-anos\/\" class=\"block-resources__item\" title=\"Maiores de 23 anos\" target=\"_self\">\n\t\t\t\t\t\tMaiores de 23 anos\t\t\t\t\t<\/a>\n\t\t\t\t\t\t\t\t\t\t\t\t<a href=\"https:\/\/www.iseg.ulisboa.pt\/secretaria\/candidaturas\/licenciaturas\/titulares-de-curso-superior\/\" class=\"block-resources__item\" title=\"Titulares de Curso Superior\" target=\"_self\">\n\t\t\t\t\t\tTitulares de Curso Superior\t\t\t\t\t<\/a>\n\t\t\t\t\t\t\t\t\t\t\t\t<a href=\"https:\/\/www.iseg.ulisboa.pt\/secretaria\/candidaturas\/licenciaturas\/unidades-curriculares-isoladas\/\" class=\"block-resources__item\" title=\"Unidades Curriculares Isoladas\" target=\"_self\">\n\t\t\t\t\t\tUnidades Curriculares Isoladas\t\t\t\t\t<\/a>\n\t\t\t\t\t\t\t\t\t\t\t\t<a href=\"https:\/\/www.iseg.ulisboa.pt\/secretaria\/candidaturas\/licenciaturas\/regimes-especiais\/\" class=\"block-resources__item\" title=\"Regimes Especiais\" target=\"_self\">\n\t\t\t\t\t\tRegimes Especiais\t\t\t\t\t<\/a>\n\t\t\t\t\t\t\t\t\t\t\t\t<a href=\"https:\/\/www.iseg.ulisboa.pt\/secretaria\/candidaturas\/licenciaturas\/estudantes-internacionais\/\" class=\"block-resources__item\" title=\"Estudantes Internacionais\" target=\"_self\">\n\t\t\t\t\t\tEstudantes Internacionais\t\t\t\t\t<\/a>\n\t\t\t\t\t\t\t\t\t<\/div>\n\t<\/div>\n<\/div>\n","protected":false},"excerpt":{"rendered":"Fazer uma licenciatura no ISEG \u00e9 fazer algo mais do que uma licenciatura. O ISEG \u00e9 a melhor rampa de lan\u00e7amento para a tua carreira acad\u00e9mica e o teu futuro&nbsp;[&#8230;]","protected":false},"author":2,"featured_media":0,"parent":7,"menu_order":1,"comment_status":"closed","ping_status":"closed","template":"","meta":{"_uag_custom_page_level_css":"","footnotes":""},"acf":[],"uagb_featured_image_src":{"full":false,"thumbnail":false,"medium":false,"medium_large":false,"large":false,"1536x1536":false,"2048x2048":false,"trp-custom-language-flag":false},"uagb_author_info":{"display_name":"Major","author_link":"https:\/\/www.iseg.ulisboa.pt\/secretaria\/author\/leihla\/"},"uagb_comment_info":0,"uagb_excerpt":"Fazer uma licenciatura no ISEG \u00e9 fazer algo mais do que uma licenciatura. O ISEG \u00e9 a melhor rampa de lan\u00e7amento para a tua carreira acad\u00e9mica e o teu futuro&nbsp;[...]","_links":{"self":[{"href":"https:\/\/www.iseg.ulisboa.pt\/secretaria\/wp-json\/wp\/v2\/pages\/50"}],"collection":[{"href":"https:\/\/www.iseg.ulisboa.pt\/secretaria\/wp-json\/wp\/v2\/pages"}],"about":[{"href":"https:\/\/www.iseg.ulisboa.pt\/secretaria\/wp-json\/wp\/v2\/types\/page"}],"author":[{"embeddable":true,"href":"https:\/\/www.iseg.ulisboa.pt\/secretaria\/wp-json\/wp\/v2\/users\/2"}],"replies":[{"embeddable":true,"href":"https:\/\/www.iseg.ulisboa.pt\/secretaria\/wp-json\/wp\/v2\/comments?post=50"}],"version-history":[{"count":17,"href":"https:\/\/www.iseg.ulisboa.pt\/secretaria\/wp-json\/wp\/v2\/pages\/50\/revisions"}],"predecessor-version":[{"id":5136,"href":"https:\/\/www.iseg.ulisboa.pt\/secretaria\/wp-json\/wp\/v2\/pages\/50\/revisions\/5136"}],"up":[{"embeddable":true,"href":"https:\/\/www.iseg.ulisboa.pt\/secretaria\/wp-json\/wp\/v2\/pages\/7"}],"wp:attachment":[{"href":"https:\/\/www.iseg.ulisboa.pt\/secretaria\/wp-json\/wp\/v2\/media?parent=50"}],"curies":[{"name":"wp","href":"https:\/\/api.w.org\/{rel}","templated":true}]}}