{"id":52,"date":"2023-01-20T19:05:47","date_gmt":"2023-01-20T19:05:47","guid":{"rendered":"https:\/\/www.iseg.ulisboa.pt\/secretaria\/?page_id=52"},"modified":"2026-02-06T12:13:40","modified_gmt":"2026-02-06T12:13:40","slug":"mestrados","status":"publish","type":"page","link":"https:\/\/www.iseg.ulisboa.pt\/secretaria\/informacoes-academicas\/mestrados\/","title":{"rendered":"Mestrados"},"content":{"rendered":"<div class=\"block-additional-resources\">\n\t<div class=\"container\">\n\t\t<h3 class=\"has-iseg-red-color\"><\/h3>\n\t\t<div class=\"block-resources\">\n\t\t\t\t\t\t\t\t<a href=\"https:\/\/www.iseg.ulisboa.pt\/secretaria\/informacoes-academicas\/mestrados\/horarios-mestrados\/\" class=\"block-resources__item\" title=\"Hor\u00e1rios\" target=\"_self\">\n\t\t\t\t\t\tHor\u00e1rios\t\t\t\t\t<\/a>\n\t\t\t\t\t\t\t\t\t\t\t\t<a href=\"https:\/\/www.iseg.ulisboa.pt\/secretaria\/informacoes-academicas\/mestrados\/inscricoes\/\" class=\"block-resources__item\" title=\"Inscri\u00e7\u00f5es\" target=\"_self\">\n\t\t\t\t\t\tInscri\u00e7\u00f5es\t\t\t\t\t<\/a>\n\t\t\t\t\t\t\t\t\t\t\t\t<a href=\"https:\/\/www.iseg.ulisboa.pt\/secretaria\/informacoes-academicas\/calendarios-academicos\/calendario-de-epocas-de-avaliacao\/#uagb-tabs__tab1\" class=\"block-resources__item\" title=\"Calend\u00e1rio de \u00c9pocas de Avalia\u00e7\u00e3o\" target=\"_self\">\n\t\t\t\t\t\tCalend\u00e1rio de \u00c9pocas de Avalia\u00e7\u00e3o\t\t\t\t\t<\/a>\n\t\t\t\t\t\t\t\t\t\t\t\t<a href=\"https:\/\/www.iseg.ulisboa.pt\/secretaria\/informacoes-academicas\/calendarios-academicos\/calendario-escolar\/\" class=\"block-resources__item\" title=\"Calend\u00e1rio Escolar\" target=\"_self\">\n\t\t\t\t\t\tCalend\u00e1rio Escolar\t\t\t\t\t<\/a>\n\t\t\t\t\t\t\t\t\t\t\t\t<a href=\"https:\/\/www.iseg.ulisboa.pt\/secretaria\/informacoes-academicas\/mestrados\/propinas\/\" class=\"block-resources__item\" title=\"Propinas\" target=\"_self\">\n\t\t\t\t\t\tPropinas\t\t\t\t\t<\/a>\n\t\t\t\t\t\t\t\t\t\t\t\t<a href=\"https:\/\/www.iseg.ulisboa.pt\/secretaria\/informacoes-academicas\/mestrados\/trabalho-final-de-mestrado\" class=\"block-resources__item\" title=\"Trabalho Final de Mestrado (TFM)\" target=\"_self\">\n\t\t\t\t\t\tTrabalho Final de Mestrado (TFM)\t\t\t\t\t<\/a>\n\t\t\t\t\t\t\t\t\t\t\t\t<a href=\"https:\/\/www.iseg.ulisboa.pt\/secretaria\/informacoes-academicas\/calendarios-academicos\/prazos-importantes\/\" class=\"block-resources__item\" title=\"Prazos Importantes\" target=\"_self\">\n\t\t\t\t\t\tPrazos Importantes\t\t\t\t\t<\/a>\n\t\t\t\t\t\t\t\t\t\t\t\t<a href=\"https:\/\/www.iseg.ulisboa.pt\/secretaria\/estatutos-especiais\/\" class=\"block-resources__item\" title=\"Estatutos Especiais\" target=\"_self\">\n\t\t\t\t\t\tEstatutos Especiais\t\t\t\t\t<\/a>\n\t\t\t\t\t\t\t\t\t<\/div>\n\t<\/div>\n<\/div>\n\n\n\n<p><\/p>\n","protected":false},"excerpt":{"rendered":"","protected":false},"author":2,"featured_media":0,"parent":24,"menu_order":3,"comment_status":"closed","ping_status":"closed","template":"","meta":{"_uag_custom_page_level_css":"","footnotes":""},"acf":[],"uagb_featured_image_src":{"full":false,"thumbnail":false,"medium":false,"medium_large":false,"large":false,"1536x1536":false,"2048x2048":false,"trp-custom-language-flag":false},"uagb_author_info":{"display_name":"Major","author_link":"https:\/\/www.iseg.ulisboa.pt\/secretaria\/author\/leihla\/"},"uagb_comment_info":0,"uagb_excerpt":null,"_links":{"self":[{"href":"https:\/\/www.iseg.ulisboa.pt\/secretaria\/wp-json\/wp\/v2\/pages\/52"}],"collection":[{"href":"https:\/\/www.iseg.ulisboa.pt\/secretaria\/wp-json\/wp\/v2\/pages"}],"about":[{"href":"https:\/\/www.iseg.ulisboa.pt\/secretaria\/wp-json\/wp\/v2\/types\/page"}],"author":[{"embeddable":true,"href":"https:\/\/www.iseg.ulisboa.pt\/secretaria\/wp-json\/wp\/v2\/users\/2"}],"replies":[{"embeddable":true,"href":"https:\/\/www.iseg.ulisboa.pt\/secretaria\/wp-json\/wp\/v2\/comments?post=52"}],"version-history":[{"count":47,"href":"https:\/\/www.iseg.ulisboa.pt\/secretaria\/wp-json\/wp\/v2\/pages\/52\/revisions"}],"predecessor-version":[{"id":5951,"href":"https:\/\/www.iseg.ulisboa.pt\/secretaria\/wp-json\/wp\/v2\/pages\/52\/revisions\/5951"}],"up":[{"embeddable":true,"href":"https:\/\/www.iseg.ulisboa.pt\/secretaria\/wp-json\/wp\/v2\/pages\/24"}],"wp:attachment":[{"href":"https:\/\/www.iseg.ulisboa.pt\/secretaria\/wp-json\/wp\/v2\/media?parent=52"}],"curies":[{"name":"wp","href":"https:\/\/api.w.org\/{rel}","templated":true}]}}