{"id":5846,"date":"2025-12-12T10:39:39","date_gmt":"2025-12-12T10:39:39","guid":{"rendered":"https:\/\/www.iseg.ulisboa.pt\/secretaria\/?page_id=5846"},"modified":"2026-04-09T15:48:29","modified_gmt":"2026-04-09T15:48:29","slug":"candidaturas-a-mestrado-executivo","status":"publish","type":"page","link":"https:\/\/www.iseg.ulisboa.pt\/secretaria\/candidaturas-a-mestrado-executivo\/","title":{"rendered":"Candidaturas a Mestrado Executivo"},"content":{"rendered":"\n<p>As candidaturas&nbsp;ao Mestrado Executivo Transforma\u00e7\u00f5es na Gest\u00e3o de Recursos Humanos s\u00e3o feitas&nbsp;exclusivamente&nbsp;<a href=\"https:\/\/fenix.iseg.ulisboa.pt\/accountCreation#!accountCreation\/_qcheck=806bb6d1d582a53c9c9c1e4066f40f4cec6f49ca\">online<\/a> atrav\u00e9s do&nbsp;website&nbsp;do ISEG,<\/p>\n\n\n\n<p>O valor da taxa de candidatura \u00e9 de 50 euros por curso.<\/p>\n\n\n\n<hr class=\"wp-block-separator has-alpha-channel-opacity is-style-dots\" \/>\n\n\n\n<h4 class=\"wp-block-heading\">Calendariza\u00e7\u00e3o de Candidaturas 2026\/2027:<\/h4>\n\n\n\n<figure class=\"wp-block-table\"><table class=\"has-fixed-layout\"><tbody><tr><td>Fases<\/td><td>Candidaturas<\/td><td>Seria\u00e7\u00e3o*<\/td><td>Matr\u00edculas<\/td><\/tr><tr><td>1\u00aa fase&nbsp;<\/td><td>2 de dezembro a 2 de fevereiro<\/td><td>at\u00e9 16 de fevereiro<\/td><td>10 dias seguidos ap\u00f3s <br>homologa\u00e7\u00e3o da candidatura&nbsp;&nbsp;&nbsp;<\/td><\/tr><tr><td>2\u00aa fase<\/td><td>3 de fevereiro a<br>31 de mar\u00e7o<\/td><td>at\u00e9 13 de abril<\/td><td>10 dias seguidos ap\u00f3s <br>homologa\u00e7\u00e3o da candidatura&nbsp;&nbsp;&nbsp;<\/td><\/tr><tr><td>3\u00aa fase<\/td><td>1 de abril a<br>18 de maio<\/td><td>&nbsp;at\u00e9 1 de junho<\/td><td>10 dias seguidos ap\u00f3s <br>homologa\u00e7\u00e3o da candidatura&nbsp;&nbsp;&nbsp;<\/td><\/tr><tr><td>4\u00aa fase*<\/td><td>19 de maio a 22 de junho<\/td><td>at\u00e9 1 de julho<\/td><td>5 dias seguidos ap\u00f3s<br>homologa\u00e7\u00e3o da candidatura&nbsp;<\/td><\/tr><\/tbody><\/table><\/figure>\n\n\n\n<p>* A abertura da 4.\u00aa fase depende da exist\u00eancia de vagas, uma vez que todas podem ser preenchidas na fase anterior.<\/p>\n\n\n\n<hr class=\"wp-block-separator has-alpha-channel-opacity is-style-dots\" \/>\n\n\n\n<h4 class=\"wp-block-heading\">Documenta\u00e7\u00e3o a submeter no ato da candidatura:<\/h4>\n\n\n\n<ul>\n<li>Fotografia;<\/li>\n\n\n\n<li>Documento de Identifica\u00e7\u00e3o (Cart\u00e3o de Cidad\u00e3o\/Passaporte);<\/li>\n\n\n\n<li>Certificado de conclus\u00e3o com m\u00e9dia final de Licenciatura e hist\u00f3rico das unidades curriculares;<\/li>\n\n\n\n<li>Carta de motiva\u00e7\u00e3o (dever\u00e1 indicar no m\u00e1ximo uma p\u00e1gina, o porqu\u00ea do interesse na candidatura a mestrado no ISEG, os seus pontos fortes, as suas \u00e1reas de interesse e quais as suas expetativas);<\/li>\n\n\n\n<li>Curriculum Vitae;<\/li>\n\n\n\n<li>Documento comprovativo de 5 ou mais anos de experi\u00eancia profissiona na \u00e1rea (pode ser uma declara\u00e7\u00e3o emitida pela entidade patronal)<\/li>\n<\/ul>\n\n\n\n<p><\/p>\n\n\n\n<hr class=\"wp-block-separator has-alpha-channel-opacity is-style-dots\" \/>\n\n\n\n<h4 class=\"wp-block-heading\">Valida\u00e7\u00e3o da Candidatura:&nbsp;<\/h4>\n\n\n\n<p>Para&nbsp;que a&nbsp;candidatura&nbsp;seja validada e esta&nbsp;possa&nbsp;seguir para an\u00e1lise da Coordena\u00e7\u00e3o dos Mestrados, dever\u00e1:<\/p>\n\n\n\n<ul>\n<li>Efetuar o pagamento da taxa de candidatura <\/li>\n\n\n\n<li>Submeter corretamente todos os documentos solicitados no ponto acima.<\/li>\n<\/ul>\n\n\n\n<p>Nota: O pagamento da taxa de candidatura e entrega de documentos deve ser efetuada&nbsp;at\u00e9 ao \u00faltimo dia\/hora da fase da candidatura. Ap\u00f3s este dia, a candidatura n\u00e3o ser\u00e1 validada.<\/p>\n\n\n\n<p>Para mais informa\u00e7\u00f5es poder\u00e1 ainda consultar as&nbsp;brochuras, os prazos importantes, os hor\u00e1rios, a quem se destina, objetivos, regulamento de mestrados e propinas, calend\u00e1rio escolar entre outras informa\u00e7\u00f5es importantes no site do&nbsp;<a href=\"https:\/\/www.iseg.ulisboa.pt\/estudar\/mestrados\/\">ISEG<\/a>.<\/p>\n\n\n\n<hr class=\"wp-block-separator has-alpha-channel-opacity is-style-dots\" \/>\n\n\n\n<h4 class=\"wp-block-heading\">Crit\u00e9rios de Sele\u00e7\u00e3o dos Candidatos:<\/h4>\n\n\n\n<p>De acordo com o n\u00ba3 do artigo n.\u00ba1 do nosso regulamento, sobre o crit\u00e9rio de sele\u00e7\u00e3o dos candidatos &#8220;Compete \u00e0 comiss\u00e3o cient\u00edfica e pedag\u00f3gica de cada mestrado (definida no artigo 9.\u00ba), dar parecer favor\u00e1vel \u00e0 admiss\u00e3o dos candidatos para as vagas fixadas tendo em conta o seu curr\u00edculo, nomeadamente no que se refere \u00e0s habilita\u00e7\u00f5es de acesso e respetivas classifica\u00e7\u00f5es, e a eventuais entrevistas ou provas especiais. b) A proposta de admiss\u00e3o dos candidatos de cada mestrado est\u00e1 sujeita a homologa\u00e7\u00e3o pelo presidente do conselho cient\u00edfico.&#8221;<\/p>\n\n\n\n<hr class=\"wp-block-separator has-alpha-channel-opacity is-style-dots\" \/>\n\n\n\n<h4 class=\"wp-block-heading\">Matr\u00edculas:<\/h4>\n\n\n\n<ol>\n<li>O pagamento da 1\u00aa presta\u00e7\u00e3o (700.00\u20ac) \u00e9 efetuado no&nbsp;<strong>ato da matr\u00edcula<\/strong>&nbsp;(dedut\u00edvel ao valor total do mestrado). Esta presta\u00e7\u00e3o garante a ocupa\u00e7\u00e3o da vaga devendo ser paga na \u00edntegra no prazo fixado.<\/li>\n\n\n\n<li>A realiza\u00e7\u00e3o da matr\u00edcula implica o pagamento da 1\u00aapresta\u00e7\u00e3o at\u00e9 \u00e0 data limite estipulada para o efeito.<\/li>\n\n\n\n<li>A desist\u00eancia da matricula n\u00e3o isenta o pagamento referido no ponto anterior,&nbsp;&nbsp;salvo se comunicada at\u00e9 \u00e0 data limite para pagamento da mesma.<\/li>\n\n\n\n<li>O plano de pagamento de&nbsp;<a href=\"https:\/\/www.iseg.ulisboa.pt\/secretaria\/informacoes-academicas\/mestrados\/propinas\/\">propinas<\/a>&nbsp;deve ser consultado previamente.&nbsp;<\/li>\n<\/ol>\n\n\n\n<div style=\"height:30px\" aria-hidden=\"true\" class=\"wp-block-spacer\"><\/div>\n\n\n\n<p><strong><a href=\"https:\/\/fenix.iseg.ulisboa.pt\/accountCreation#!accountCreation\/_qcheck=84f8a03760f04c427e8b96b1701942c7e00838d0\">Submeta aqui a sua Candidatura<\/a><\/strong><\/p>\n\n\n\n<hr class=\"wp-block-separator has-alpha-channel-opacity is-style-dots\" \/>\n\n\n<div class=\"block-additional-info\">\n    <div class=\"container\">\n        <h4>Informa\u00e7\u00e3o Adicional<\/h4>\n        \n        <div class=\"additional-info__grid\">\n                            <div class=\"additional-info__item\">\n                    <a href=\"https:\/\/www.iseg.ulisboa.pt\/secretaria\/informacoes-academicas\/calendarios-academicos\/calendario-escolar\/\">Calend\u00e1rio Acad\u00e9mico<\/a>\n                <\/div>\n                            <div class=\"additional-info__item\">\n                    <a href=\"https:\/\/estudanteinternacional.ulisboa.pt\/index.html\">Guia do Estudante Internacional da Universidade de Lisboa<\/a>\n                <\/div>\n                    <\/div>\n\n            <\/div>\n<\/div>","protected":false},"excerpt":{"rendered":"As candidaturas&nbsp;ao Mestrado Executivo Transforma\u00e7\u00f5es na Gest\u00e3o de Recursos Humanos s\u00e3o feitas&nbsp;exclusivamente&nbsp;online atrav\u00e9s do&nbsp;website&nbsp;do ISEG, O valor da taxa de candidatura \u00e9 de 50 euros por curso. Calendariza\u00e7\u00e3o de Candidaturas&nbsp;[&#8230;]","protected":false},"author":47,"featured_media":0,"parent":0,"menu_order":0,"comment_status":"closed","ping_status":"closed","template":"","meta":{"_uag_custom_page_level_css":"","footnotes":""},"acf":[],"uagb_featured_image_src":{"full":false,"thumbnail":false,"medium":false,"medium_large":false,"large":false,"1536x1536":false,"2048x2048":false,"trp-custom-language-flag":false},"uagb_author_info":{"display_name":"helena","author_link":"https:\/\/www.iseg.ulisboa.pt\/secretaria\/author\/helena\/"},"uagb_comment_info":0,"uagb_excerpt":"As candidaturas&nbsp;ao Mestrado Executivo Transforma\u00e7\u00f5es na Gest\u00e3o de Recursos Humanos s\u00e3o feitas&nbsp;exclusivamente&nbsp;online atrav\u00e9s do&nbsp;website&nbsp;do ISEG, O valor da taxa de candidatura \u00e9 de 50 euros por curso. Calendariza\u00e7\u00e3o de Candidaturas&nbsp;[...]","_links":{"self":[{"href":"https:\/\/www.iseg.ulisboa.pt\/secretaria\/wp-json\/wp\/v2\/pages\/5846"}],"collection":[{"href":"https:\/\/www.iseg.ulisboa.pt\/secretaria\/wp-json\/wp\/v2\/pages"}],"about":[{"href":"https:\/\/www.iseg.ulisboa.pt\/secretaria\/wp-json\/wp\/v2\/types\/page"}],"author":[{"embeddable":true,"href":"https:\/\/www.iseg.ulisboa.pt\/secretaria\/wp-json\/wp\/v2\/users\/47"}],"replies":[{"embeddable":true,"href":"https:\/\/www.iseg.ulisboa.pt\/secretaria\/wp-json\/wp\/v2\/comments?post=5846"}],"version-history":[{"count":9,"href":"https:\/\/www.iseg.ulisboa.pt\/secretaria\/wp-json\/wp\/v2\/pages\/5846\/revisions"}],"predecessor-version":[{"id":6063,"href":"https:\/\/www.iseg.ulisboa.pt\/secretaria\/wp-json\/wp\/v2\/pages\/5846\/revisions\/6063"}],"wp:attachment":[{"href":"https:\/\/www.iseg.ulisboa.pt\/secretaria\/wp-json\/wp\/v2\/media?parent=5846"}],"curies":[{"name":"wp","href":"https:\/\/api.w.org\/{rel}","templated":true}]}}