{"id":679,"date":"2023-06-29T15:16:03","date_gmt":"2023-06-29T15:16:03","guid":{"rendered":"https:\/\/www.iseg.ulisboa.pt\/secretaria\/?page_id=679"},"modified":"2025-11-07T15:50:05","modified_gmt":"2025-11-07T15:50:05","slug":"legislacao-a-consultar","status":"publish","type":"page","link":"https:\/\/www.iseg.ulisboa.pt\/secretaria\/candidaturas\/licenciaturas\/estudantes-internacionais\/legislacao-a-consultar\/","title":{"rendered":"Legisla\u00e7\u00e3o a Consultar"},"content":{"rendered":"\n<p>A leitura do site n\u00e3o dispensa a consulta da legisla\u00e7\u00e3o em vigor.<\/p>\n\n\n\n<p><strong><a href=\"https:\/\/www.iseg.ulisboa.pt\/secretaria\/wp-content\/uploads\/sites\/8\/2025\/11\/Deliberacao-no-674_2025-Provas-homologas.pdf\" data-type=\"link\" data-id=\"https:\/\/www.iseg.ulisboa.pt\/secretaria\/wp-content\/uploads\/sites\/8\/2025\/11\/Deliberacao-no-674_2025-Provas-homologas.pdf\">Decreto-Lei 674\/2025, 22 de Maio<\/a>:<\/strong> Altera\u00e7\u00e3o da Candidatura ao ensino superior portugu\u00eas de estudantes titulares de cursos do ensino secund\u00e1rio estrangeiro &#8211;\u00a0<a href=\"https:\/\/www.iseg.ulisboa.pt\/secretaria\/candidaturas\/licenciaturas\/estudantes-internacionais\/provas-homologas\/\" target=\"_blank\" rel=\"noreferrer noopener\">Provas Hom\u00f3logas<\/a><\/p>\n\n\n\n<hr class=\"wp-block-separator has-alpha-channel-opacity\" \/>\n\n\n\n<p><strong><a href=\"https:\/\/www.iseg.ulisboa.pt\/secretaria\/wp-content\/uploads\/sites\/8\/2025\/03\/Regulamento-Concurso-Estudante-Internacional-10_03-PT_versao-final.pdf\" data-type=\"link\" data-id=\"https:\/\/www.iseg.ulisboa.pt\/secretaria\/wp-content\/uploads\/sites\/8\/2025\/03\/Regulamento-Concurso-Estudante-Internacional-10_03-PT_versao-final.pdf\">Regulamento n\u00ba RG-2024-12\/V10<\/a><\/strong>: Regulamento de Ingresso e de Acesso para Estudantes Internacionais de Licenciatura<\/p>\n\n\n\n<hr class=\"wp-block-separator has-alpha-channel-opacity\" \/>\n\n\n\n<p><a rel=\"noreferrer noopener\" href=\"https:\/\/www.iseg.ulisboa.pt\/secretaria\/wp-content\/uploads\/sites\/8\/2023\/06\/Deliberacao-606-2022-de-20-de-Maio.pdf\" target=\"_blank\"><strong>Delibera\u00e7\u00e3o n.\u00ba 606\/2022, de 20 de Maio<\/strong><\/a>:&nbsp;Candidatura ao ensino superior portugu\u00eas de estudantes titulares de cursos do ensino secund\u00e1rio estrangeiro &#8211;&nbsp;<a rel=\"noreferrer noopener\" href=\"https:\/\/www.iseg.ulisboa.pt\/secretaria\/candidaturas\/licenciaturas\/estudantes-internacionais\/provas-homologas\/\" target=\"_blank\">Provas Hom\u00f3logas<\/a>.<\/p>\n\n\n\n<hr class=\"wp-block-separator has-alpha-channel-opacity is-style-wide\" \/>\n\n\n\n<p><a rel=\"noreferrer noopener\" href=\"https:\/\/www.iseg.ulisboa.pt\/secretaria\/wp-content\/uploads\/sites\/8\/2023\/06\/Decreto-Lei-62-2018-de-6-de-Agosto.pdf\" target=\"_blank\"><strong>Decreto-Lei 62\/2018, de 6 de Agosto<\/strong><\/a>: altera\u00e7\u00e3o e republica\u00e7\u00e3o do Estatuto de Estudante Internacional.<\/p>\n\n\n\n<hr class=\"wp-block-separator has-alpha-channel-opacity is-style-wide\" \/>\n\n\n\n<p><a rel=\"noreferrer noopener\" href=\"https:\/\/www.iseg.ulisboa.pt\/secretaria\/wp-content\/uploads\/sites\/8\/2023\/06\/Despacho-10579-2019-de-18-de-novembro.pdf\" target=\"_blank\"><strong>Despacho n\u00ba 10579\/2019, de 18 de novembro&nbsp;<\/strong><\/a>que aprovou o Regulamento de Ingresso e Acesso para Estudantes Internacionais da Universidade de Lisboa e as condi\u00e7\u00f5es de acesso e de ingresso a este concurso.<\/p>\n\n\n\n<hr class=\"wp-block-separator has-alpha-channel-opacity is-style-wide\" \/>\n\n\n\n<p><a rel=\"noreferrer noopener\" href=\"https:\/\/www.iseg.ulisboa.pt\/secretaria\/wp-content\/uploads\/sites\/8\/2023\/06\/Decreto-Lei-296-A98-de-25-de-Setembro.pdf\" target=\"_blank\"><strong>Decreto-Lei n.\u00ba 296 -A\/98,de 25 de Setembro<\/strong><\/a>: defini\u00e7\u00e3o das provas de ingresso hom\u00f3logas definidas para os cursos de licenciatura.<\/p>\n\n\n\n<hr class=\"wp-block-separator has-alpha-channel-opacity is-style-wide\" \/>\n\n\n\n<p><a rel=\"noreferrer noopener\" href=\"https:\/\/www.iseg.ulisboa.pt\/secretaria\/wp-content\/uploads\/sites\/8\/2023\/06\/Portaria-224-2006-de-8-de-Marco.pdf\" target=\"_blank\"><strong>Portaria n\u00ba. 224\/2006, de 8 de Mar\u00e7o<\/strong><\/a>, define o novo regime de concess\u00e3o de equival\u00eancias de habilita\u00e7\u00f5es de sistemas educativos estrangeiros a habilita\u00e7\u00f5es do sistema educativo portugu\u00eas, ao n\u00edvel dos ensinos b\u00e1sico e secund\u00e1rio nos seguintes pa\u00edses: Alemanha, Angola, Cabo Verde, Federa\u00e7\u00e3o Russa, Gr\u00e9cia, M\u00e9xico, Mo\u00e7ambique, Rep\u00fablica Popular da China e Ucr\u00e2nia.<\/p>\n\n\n\n<hr class=\"wp-block-separator has-alpha-channel-opacity is-style-wide\" \/>\n\n\n\n<p><a rel=\"noreferrer noopener\" href=\"https:\/\/www.iseg.ulisboa.pt\/secretaria\/wp-content\/uploads\/sites\/8\/2023\/06\/Portaria-699-2006-de-12-de-Julho.pdf\" target=\"_blank\"><strong>Portaria n.\u00ba 699\/2006, de 12 de Julho<\/strong><\/a>, define o novo regime de concess\u00e3o de equival\u00eancias de habilita\u00e7\u00f5es de sistemas educativos estrangeiros a habilita\u00e7\u00f5es do sistema educativo portugu\u00eas, ao n\u00edvel dos ensinos b\u00e1sico e secund\u00e1rio nos seguintes pa\u00edses:&nbsp; \u00c1frica do Sul, Argentina, Austr\u00e1lia, B\u00e9lgica, Bol\u00edvia, Brasil, Bulg\u00e1ria, Cuba, Dinamarca, Espanha, Estados Unidos da Am\u00e9rica, Fran\u00e7a, Guin\u00e9-Bissau, Indon\u00e9sia, Irlanda, It\u00e1lia, Luxemburgo, Marrocos, Mold\u00e1via, Pa\u00edses Baixos, Paquist\u00e3o, Rom\u00e9nia, S\u00e3o Tom\u00e9 e Pr\u00edncipe, Senegal, Su\u00ed\u00e7a, Timor-Leste, Tun\u00edsia, Turquia, Venezuela e Zimbabwe.<\/p>\n\n\n\n<hr class=\"wp-block-separator has-alpha-channel-opacity is-style-wide\" \/>\n","protected":false},"excerpt":{"rendered":"A leitura do site n\u00e3o dispensa a consulta da legisla\u00e7\u00e3o em vigor. Decreto-Lei 674\/2025, 22 de Maio: Altera\u00e7\u00e3o da Candidatura ao ensino superior portugu\u00eas de estudantes titulares de cursos do&nbsp;[&#8230;]","protected":false},"author":43,"featured_media":0,"parent":56,"menu_order":5,"comment_status":"closed","ping_status":"closed","template":"","meta":{"_uag_custom_page_level_css":"","footnotes":""},"acf":[],"uagb_featured_image_src":{"full":false,"thumbnail":false,"medium":false,"medium_large":false,"large":false,"1536x1536":false,"2048x2048":false,"trp-custom-language-flag":false},"uagb_author_info":{"display_name":"martaflourenco","author_link":"https:\/\/www.iseg.ulisboa.pt\/secretaria\/author\/martaflourenco\/"},"uagb_comment_info":0,"uagb_excerpt":"A leitura do site n\u00e3o dispensa a consulta da legisla\u00e7\u00e3o em vigor. Decreto-Lei 674\/2025, 22 de Maio: Altera\u00e7\u00e3o da Candidatura ao ensino superior portugu\u00eas de estudantes titulares de cursos do&nbsp;[...]","_links":{"self":[{"href":"https:\/\/www.iseg.ulisboa.pt\/secretaria\/wp-json\/wp\/v2\/pages\/679"}],"collection":[{"href":"https:\/\/www.iseg.ulisboa.pt\/secretaria\/wp-json\/wp\/v2\/pages"}],"about":[{"href":"https:\/\/www.iseg.ulisboa.pt\/secretaria\/wp-json\/wp\/v2\/types\/page"}],"author":[{"embeddable":true,"href":"https:\/\/www.iseg.ulisboa.pt\/secretaria\/wp-json\/wp\/v2\/users\/43"}],"replies":[{"embeddable":true,"href":"https:\/\/www.iseg.ulisboa.pt\/secretaria\/wp-json\/wp\/v2\/comments?post=679"}],"version-history":[{"count":8,"href":"https:\/\/www.iseg.ulisboa.pt\/secretaria\/wp-json\/wp\/v2\/pages\/679\/revisions"}],"predecessor-version":[{"id":5754,"href":"https:\/\/www.iseg.ulisboa.pt\/secretaria\/wp-json\/wp\/v2\/pages\/679\/revisions\/5754"}],"up":[{"embeddable":true,"href":"https:\/\/www.iseg.ulisboa.pt\/secretaria\/wp-json\/wp\/v2\/pages\/56"}],"wp:attachment":[{"href":"https:\/\/www.iseg.ulisboa.pt\/secretaria\/wp-json\/wp\/v2\/media?parent=679"}],"curies":[{"name":"wp","href":"https:\/\/api.w.org\/{rel}","templated":true}]}}