{"id":127,"date":"2025-01-06T15:39:43","date_gmt":"2025-01-06T15:39:43","guid":{"rendered":"https:\/\/www.iseg.ulisboa.pt\/socius\/?page_id=127"},"modified":"2025-11-03T10:38:28","modified_gmt":"2025-11-03T10:38:28","slug":"contactos","status":"publish","type":"page","link":"https:\/\/www.iseg.ulisboa.pt\/socius\/contactos\/","title":{"rendered":"Contactos"},"content":{"rendered":"<div class=\"block-map\">\n\t<div class=\"container\">\n\t\t<div class=\"block-map-content\">\n\t\t\t<h1 class=\"block-map-title has-iseg-red-color\">Contactos<\/h1>\n\t\t\t<a href=\"https:\/\/goo.gl\/maps\/Yk3MKqYzsAuvc4qYA\" class=\"block-map-image\">\n\t\t\t\t<img decoding=\"async\" src=\"https:\/\/www.iseg.ulisboa.pt\/socius\/wp-content\/uploads\/sites\/27\/2025\/01\/Mapa.jpg\" class=\"image-cover\" alt=\"\" srcset=\"https:\/\/www.iseg.ulisboa.pt\/socius\/wp-content\/uploads\/sites\/27\/2025\/01\/Mapa.jpg 1960w, https:\/\/www.iseg.ulisboa.pt\/socius\/wp-content\/uploads\/sites\/27\/2025\/01\/Mapa-300x165.jpg 300w, https:\/\/www.iseg.ulisboa.pt\/socius\/wp-content\/uploads\/sites\/27\/2025\/01\/Mapa-1536x846.jpg 1536w, https:\/\/www.iseg.ulisboa.pt\/socius\/wp-content\/uploads\/sites\/27\/2025\/01\/Mapa-18x10.jpg 18w\" sizes=\"(max-width: 1960px) 100vw, 1960px\" \/>\t\t\t<\/a>\n\t\t\t<div class=\"block-map-links\">\n\t\t\t\t\t\t\t\t\t<a href=\"https:\/\/goo.gl\/maps\/Yk3MKqYzsAuvc4qYA\" class=\"link-learnmore\" title=\"Google Maps\" target=\"_blank\">\n\t\t\t\t\t\tGoogle Maps\t\t\t\t\t<\/a>\n\t\t\t\t\t\t\t\t\t\t\t\t\t<a href=\"https:\/\/www.iseg.ulisboa.pt\/pt\/campus-iseg\/\" class=\"link-learnmore\" title=\"Campus\" target=\"_blank\">\n\t\t\t\t\t\tCampus\t\t\t\t\t<\/a>\n\t\t\t\t\t\t\t<\/div>\n\t\t\t\t\t\t\t<div class=\"block-map-contacts\">\n\t\t\t\t\t\t\t\t\t\t\t<div class=\"block-map-contact__item\">\n\t\t\t\t\t\t\t<span class=\"block-map-contact__title\">Morada<\/span>\n\t\t\t\t\t\t\tISEG, Edif\u00edcio Francesinhas 2, piso 2 &#8211; ISEG Research<br \/>\r\nRua das Francesinhas, Lisboa, Portugal\t\t\t\t\t\t<\/div>\n\t\t\t\t\t\t\t\t\t\t\t<div class=\"block-map-contact__item\">\n\t\t\t\t\t\t\t<span class=\"block-map-contact__title\">Hor\u00e1rio de Funcionamento<\/span>\n\t\t\t\t\t\t\tSegunda a Sexta-feira<br \/>\r\n9h30 &#8211; 13h00 e 14h00 &#8211; 17h30\t\t\t\t\t\t<\/div>\n\t\t\t\t\t\t\t\t\t<\/div>\n\t\t\t\t\n\t\t<\/div>\n\t<\/div>\n<\/div>\n\n\n<div style=\"height:61px\" aria-hidden=\"true\" class=\"wp-block-spacer\"><\/div>\n\n\n\n<div class=\"wp-block-columns is-layout-flex wp-container-core-columns-is-layout-1 wp-block-columns-is-layout-flex\">\n<div class=\"wp-block-column is-layout-flow wp-block-column-is-layout-flow\">\n<p><strong>Apoio Administrativo<\/strong><br>Teresa Oliveira<br>Email:&nbsp;<a href=\"mailto:socius@iseg.ulisboa.pt\">socius@iseg.ulisboa.pt<\/a><br>Tel.: 213 925 910<br>Ext.: 465910<br>Ed. F2 &#8211; piso 2 &#8211; ISEG Research<\/p>\n<\/div>\n\n\n\n<div class=\"wp-block-column is-layout-flow wp-block-column-is-layout-flow\">\n<p><strong>Gest\u00e3o de Ci\u00eancia<\/strong><br>Bruno Gon\u00e7alves<br>Email:&nbsp;<a href=\"mailto:brunogoncalves@iseg.ulisboa.pt\">brunogoncalves@iseg.ulisboa.pt<\/a><br>Tel.: 213 922 880<br>Ext.: 462880<br>Ed. F2 &#8211; piso 2 &#8211; Gabinete 205<\/p>\n<\/div>\n\n\n\n<div class=\"wp-block-column is-layout-flow wp-block-column-is-layout-flow\">\n<p><strong>Comunica\u00e7\u00e3o de Ci\u00eancia<\/strong><br>M\u00f3nica Fraga<br>Email:&nbsp;<a href=\"mailto:monicafraga@iseg.ulisboa.pt\">monicafraga@iseg.ulisboa.pt<\/a><br>Tel.: &nbsp;213 925 914<br>Ext.: 465914<br>Ed. F2 &#8211; piso 2 &#8211; ISEG Research<\/p>\n<\/div>\n<\/div>\n\n\n\n<div style=\"height:61px\" aria-hidden=\"true\" class=\"wp-block-spacer\"><\/div>\n\n\n\n<div class=\"wp-block-columns is-layout-flex wp-container-core-columns-is-layout-2 wp-block-columns-is-layout-flex\">\n<div class=\"wp-block-column is-layout-flow wp-block-column-is-layout-flow\">\n<h4 class=\"wp-block-heading has-iseg-red-color has-text-color has-link-color wp-elements-a5109b9d36f3e35336db3a7db1db74b3\">Morada (para envio de correio postal)<\/h4>\n<\/div>\n<\/div>\n\n\n\n<div class=\"wp-block-columns is-layout-flex wp-container-core-columns-is-layout-3 wp-block-columns-is-layout-flex\">\n<div class=\"wp-block-column is-layout-flow wp-block-column-is-layout-flow\">\n<section class=\"w-full mb-20\">\n    <div class=\"@container\">\n                <div class=\"grid grid-cols-1 @4xl:grid-cols-4 @2xl:grid-cols-3 gap-4\">\n                            <div class=\"bg-neutral-50 py-4 px-4 font-medium text-black\">\n                    <img decoding=\"async\" src=\"https:\/\/www.iseg.ulisboa.pt\/socius\/wp-content\/themes\/iseg\/assets\/images\/location.svg\" alt=\"Location\">\n                    <h3 class=\"mt-4 mb-2 font-bold !text-xl\">\n                        Address                    <\/h3>\n                    ISEG &#8211; SOCIUS<br \/>\r\nRua Miguel Lupi 20<br \/>\r\n1249-078 Lisboa, Portugal                <\/div>\n                                                        <\/div>\n    <\/div>\n<\/section><\/div>\n<\/div>\n","protected":false},"excerpt":{"rendered":"Apoio AdministrativoTeresa OliveiraEmail:&nbsp;socius@iseg.ulisboa.ptTel.: 213 925 910Ext.: 465910Ed. F2 &#8211; piso 2 &#8211; ISEG Research Gest\u00e3o de Ci\u00eanciaBruno Gon\u00e7alvesEmail:&nbsp;brunogoncalves@iseg.ulisboa.ptTel.: 213 922 880Ext.: 462880Ed. F2 &#8211; piso 2 &#8211; Gabinete 205 Comunica\u00e7\u00e3o&nbsp;[&#8230;]","protected":false},"author":5,"featured_media":0,"parent":0,"menu_order":0,"comment_status":"closed","ping_status":"closed","template":"tpl-page-blocks.php","meta":{"inline_featured_image":false,"_uag_custom_page_level_css":"","footnotes":""},"acf":[],"uagb_featured_image_src":{"full":false,"thumbnail":false,"medium":false,"medium_large":false,"large":false,"1536x1536":false,"2048x2048":false},"uagb_author_info":{"display_name":"diogoalmeida","author_link":"https:\/\/www.iseg.ulisboa.pt\/socius\/author\/diogoalmeida\/"},"uagb_comment_info":0,"uagb_excerpt":"Apoio AdministrativoTeresa OliveiraEmail:&nbsp;socius@iseg.ulisboa.ptTel.: 213 925 910Ext.: 465910Ed. F2 &#8211; piso 2 &#8211; ISEG Research Gest\u00e3o de Ci\u00eanciaBruno Gon\u00e7alvesEmail:&nbsp;brunogoncalves@iseg.ulisboa.ptTel.: 213 922 880Ext.: 462880Ed. F2 &#8211; piso 2 &#8211; Gabinete 205 Comunica\u00e7\u00e3o&nbsp;[...]","_links":{"self":[{"href":"https:\/\/www.iseg.ulisboa.pt\/socius\/wp-json\/wp\/v2\/pages\/127"}],"collection":[{"href":"https:\/\/www.iseg.ulisboa.pt\/socius\/wp-json\/wp\/v2\/pages"}],"about":[{"href":"https:\/\/www.iseg.ulisboa.pt\/socius\/wp-json\/wp\/v2\/types\/page"}],"author":[{"embeddable":true,"href":"https:\/\/www.iseg.ulisboa.pt\/socius\/wp-json\/wp\/v2\/users\/5"}],"replies":[{"embeddable":true,"href":"https:\/\/www.iseg.ulisboa.pt\/socius\/wp-json\/wp\/v2\/comments?post=127"}],"version-history":[{"count":15,"href":"https:\/\/www.iseg.ulisboa.pt\/socius\/wp-json\/wp\/v2\/pages\/127\/revisions"}],"predecessor-version":[{"id":347,"href":"https:\/\/www.iseg.ulisboa.pt\/socius\/wp-json\/wp\/v2\/pages\/127\/revisions\/347"}],"wp:attachment":[{"href":"https:\/\/www.iseg.ulisboa.pt\/socius\/wp-json\/wp\/v2\/media?parent=127"}],"curies":[{"name":"wp","href":"https:\/\/api.w.org\/{rel}","templated":true}]}}