{"id":179,"date":"2025-06-22T15:19:29","date_gmt":"2025-06-22T15:19:29","guid":{"rendered":"https:\/\/www.iseg.ulisboa.pt\/socius\/?page_id=179"},"modified":"2026-04-06T18:48:33","modified_gmt":"2026-04-06T18:48:33","slug":"projetos-em-curso","status":"publish","type":"page","link":"https:\/\/www.iseg.ulisboa.pt\/socius\/projetos-em-curso\/","title":{"rendered":"Projetos em Curso"},"content":{"rendered":"\n<p><strong>PROJETOS EM CURSO<\/strong><\/p>\n\n\n\n<ul>\n<li><a href=\"https:\/\/www.facebook.com\/agorarisk\/\" data-type=\"link\" data-id=\"https:\/\/www.facebook.com\/agorarisk\/\" target=\"_blank\" rel=\"noreferrer noopener\">Agorarisk<\/a><\/li>\n\n\n\n<li><a href=\"https:\/\/www.pro-mel.org\/\">Promel<\/a><\/li>\n\n\n\n<li><a href=\"https:\/\/www.iseg.ulisboa.pt\/sustentabilidade\/mini-floresta\/\" target=\"_blank\" rel=\"noreferrer noopener\">TERRARE: investiga\u00e7\u00e3o-a\u00e7\u00e3o para a regenera\u00e7\u00e3o eco-social<\/a><\/li>\n<\/ul>\n\n\n\n<hr class=\"wp-block-separator has-alpha-channel-opacity\" \/>\n\n\n\n<p><strong>PROJETOS DO ISEG, COM COORDENA\u00c7\u00c3O DE INVESTIGADORES\/AS DO SOCIUS<\/strong>, <strong>EM PARCERIA COM OUTRAS INSTITUI\u00c7\u00d5ES<\/strong><br><\/p>\n\n\n\n<ul>\n<li><a href=\"https:\/\/build-project.eu\/\" target=\"_blank\" rel=\"noreferrer noopener\">BUILD<\/a> (ISEG Coord.: Ricardo Rodrigues, SOCIUS)<\/li>\n\n\n\n<li>Estudos Cr\u00edticos do Estado &#8211; 2024.14956.PEX (Institui\u00e7\u00e3o principal: ISEG; Coord.: Sandra Faustino, SOCIUS)<\/li>\n\n\n\n<li><a href=\"https:\/\/eng-morfeus.hub.inrae.fr\/\" target=\"_blank\" rel=\"noreferrer noopener\">MORFeuS<\/a> (ISEG, DS#4: Sofia Bento, Marta Romero, Marta Varanda e Oriana Br\u00e1s, SOCIUS)<\/li>\n\n\n\n<li><a href=\"https:\/\/sustinafrica.com\/\" target=\"_blank\" rel=\"noreferrer noopener\">SustInAfrica &#8211; Sustainable intensification of food production through resilient farming systems in West &amp; North Africa<\/a> (WP4 Coord.: Idalina Dias Sardinha, SOCIUS)<\/li>\n\n\n\n<li><a href=\"https:\/\/genderpaygap-elimination.pt\/\" target=\"_blank\" rel=\"noreferrer noopener\">Os benef\u00edcios sociais e econ\u00f3micos da igualdade salarial entre mulheres e homens<\/a> (Coord.: Sara Falc\u00e3o Casaca, SOCIUS)<\/li>\n\n\n\n<li><a href=\"https:\/\/xr2esilience.eu\/\" target=\"_blank\" rel=\"noreferrer noopener\">XR\u00b2ESILIENCE<\/a> (ISEG Coord.: Ricardo Rodrigues, SOCIUS)<br><\/li>\n<\/ul>\n\n\n\n<hr class=\"wp-block-separator has-alpha-channel-opacity\" \/>\n\n\n\n<p><strong>OUTROS PROJETOS COM PARTICIPA\u00c7\u00c3O DE INVESTIGADORES\/AS DO SOCIUS<\/strong><br><\/p>\n\n\n\n<ul>\n<li><a href=\"https:\/\/ejatlas.org\/country\/portugal\" target=\"_blank\" rel=\"noreferrer noopener\">Environmental Justice Atlas Portugal &#8211; EJAtlas Portugal<\/a> (ISEG Equipa: Sofia Bento, SOCIUS)<\/li>\n\n\n\n<li><a href=\"https:\/\/soccar.itu.dk\/\" target=\"_blank\" rel=\"noreferrer noopener\">SOCCAR &#8211; Sociocultural Carbon<\/a> (Advisory board: Daniel Seabra Lopes, SOCIUS)                                                                                                                                                                                                                                                                                                                                                 <\/li>\n\n\n\n<li><a href=\"https:\/\/wondercommonlands.com\/\" target=\"_blank\" rel=\"noreferrer noopener\">Wonder Commonlands<\/a> (ISEG Equipa: Marta Romero, SOCIUS)<br><\/li>\n<\/ul>\n\n\n\n<p><\/p>\n","protected":false},"excerpt":{"rendered":"PROJETOS EM CURSO PROJETOS DO ISEG, COM COORDENA\u00c7\u00c3O DE INVESTIGADORES\/AS DO SOCIUS, EM PARCERIA COM OUTRAS INSTITUI\u00c7\u00d5ES OUTROS PROJETOS COM PARTICIPA\u00c7\u00c3O DE INVESTIGADORES\/AS DO SOCIUS","protected":false},"author":5,"featured_media":0,"parent":0,"menu_order":0,"comment_status":"closed","ping_status":"closed","template":"","meta":{"inline_featured_image":false,"_uag_custom_page_level_css":"","footnotes":""},"acf":[],"uagb_featured_image_src":{"full":false,"thumbnail":false,"medium":false,"medium_large":false,"large":false,"1536x1536":false,"2048x2048":false},"uagb_author_info":{"display_name":"diogoalmeida","author_link":"https:\/\/www.iseg.ulisboa.pt\/socius\/author\/diogoalmeida\/"},"uagb_comment_info":0,"uagb_excerpt":"PROJETOS EM CURSO PROJETOS DO ISEG, COM COORDENA\u00c7\u00c3O DE INVESTIGADORES\/AS DO SOCIUS, EM PARCERIA COM OUTRAS INSTITUI\u00c7\u00d5ES OUTROS PROJETOS COM PARTICIPA\u00c7\u00c3O DE INVESTIGADORES\/AS DO SOCIUS","_links":{"self":[{"href":"https:\/\/www.iseg.ulisboa.pt\/socius\/wp-json\/wp\/v2\/pages\/179"}],"collection":[{"href":"https:\/\/www.iseg.ulisboa.pt\/socius\/wp-json\/wp\/v2\/pages"}],"about":[{"href":"https:\/\/www.iseg.ulisboa.pt\/socius\/wp-json\/wp\/v2\/types\/page"}],"author":[{"embeddable":true,"href":"https:\/\/www.iseg.ulisboa.pt\/socius\/wp-json\/wp\/v2\/users\/5"}],"replies":[{"embeddable":true,"href":"https:\/\/www.iseg.ulisboa.pt\/socius\/wp-json\/wp\/v2\/comments?post=179"}],"version-history":[{"count":27,"href":"https:\/\/www.iseg.ulisboa.pt\/socius\/wp-json\/wp\/v2\/pages\/179\/revisions"}],"predecessor-version":[{"id":496,"href":"https:\/\/www.iseg.ulisboa.pt\/socius\/wp-json\/wp\/v2\/pages\/179\/revisions\/496"}],"wp:attachment":[{"href":"https:\/\/www.iseg.ulisboa.pt\/socius\/wp-json\/wp\/v2\/media?parent=179"}],"curies":[{"name":"wp","href":"https:\/\/api.w.org\/{rel}","templated":true}]}}