{"id":19,"date":"2024-12-19T22:18:51","date_gmt":"2024-12-19T22:18:51","guid":{"rendered":"https:\/\/www.iseg.ulisboa.pt\/socius\/?page_id=19"},"modified":"2025-10-31T17:02:29","modified_gmt":"2025-10-31T17:02:29","slug":"apresentacao","status":"publish","type":"page","link":"https:\/\/www.iseg.ulisboa.pt\/socius\/apresentacao\/","title":{"rendered":"Apresenta\u00e7\u00e3o"},"content":{"rendered":"\n<p>O SOCIUS \u2013 Centro de Investiga\u00e7\u00e3o em Sociologia Econ\u00f3mica e das Organiza\u00e7\u00f5es foi criado em maio de 1991 por docentes e investigadores\/as do <a href=\"https:\/\/www.iseg.ulisboa.pt\/\">ISEG \u2013 Instituto Superior de Economia e Gest\u00e3o<\/a>&nbsp;da<a href=\"https:\/\/www.ulisboa.pt\/\">&nbsp;Universidade de Lisboa<\/a>.<\/p>\n\n\n\n<p>A sua principal \u00e1rea cient\u00edfica de atua\u00e7\u00e3o \u00e9 a Sociologia Econ\u00f3mica e das Organiza\u00e7\u00f5es, entendida numa perspetiva ampla que privilegia o di\u00e1logo entre a Sociologia, a Economia e outras Ci\u00eancias Sociais interessadas na an\u00e1lise das intera\u00e7\u00f5es entre as realidades econ\u00f3mica e organizacional.<\/p>\n\n\n\n<p>A equipa de investiga\u00e7\u00e3o do SOCIUS \u00e9 composta por docentes do ISEG, investigadores\/as de p\u00f3s-doutoramento, bolseiros\/as de investiga\u00e7\u00e3o e docentes de outras universidades, assegurando uma forte articula\u00e7\u00e3o entre ensino, investiga\u00e7\u00e3o e produ\u00e7\u00e3o cient\u00edfica.<\/p>\n\n\n\n<h3 class=\"wp-block-heading\">\u00c1reas de investiga\u00e7\u00e3o<\/h3>\n\n\n\n<ul>\n<li>Emprego, G\u00e9nero e Migra\u00e7\u00f5es<\/li>\n\n\n\n<li>Ci\u00eancia, Tecnologia e Inova\u00e7\u00e3o<\/li>\n\n\n\n<li>Estado e Pol\u00edticas P\u00fablicas<\/li>\n\n\n\n<li>Mercados e Financeiriza\u00e7\u00e3o<\/li>\n\n\n\n<li>Organiza\u00e7\u00f5es, Profiss\u00f5es e Qualifica\u00e7\u00f5es<\/li>\n\n\n\n<li>Envelhecimento, Sa\u00fade e Cuidados<\/li>\n\n\n\n<li>Desenvolvimento Sustent\u00e1vel, Terceiro Setor e Redes Sociais<\/li>\n<\/ul>\n\n\n\n<h3 class=\"wp-block-heading\">Atividades<\/h3>\n\n\n\n<ul>\n<li>Projetos de investiga\u00e7\u00e3o cient\u00edfica;<\/li>\n\n\n\n<li>Participa\u00e7\u00e3o em diversos programas de investiga\u00e7\u00e3o e redes de coopera\u00e7\u00e3o cient\u00edfica nacionais e internacionais;<\/li>\n\n\n\n<li>Organiza\u00e7\u00e3o de Semin\u00e1rios, Confer\u00eancias nacionais e internacionais, Col\u00f3quios e Workshops;<\/li>\n\n\n\n<li>Acolhimento regular de bolseiros de mestrado, doutoramento e p\u00f3s-doutoramento;<\/li>\n\n\n\n<li>Integra\u00e7\u00e3o de estudantes de gradua\u00e7\u00e3o, cursos de p\u00f3s-gradua\u00e7\u00e3o, mestrado e doutoramento em projetos de investiga\u00e7\u00e3o cient\u00edfica;<\/li>\n\n\n\n<li>Orienta\u00e7\u00e3o de trabalhos de p\u00f3s-gradua\u00e7\u00e3o e de teses de mestrado e doutoramento;<\/li>\n\n\n\n<li>Apoio aos Programas de Mestrado e Doutoramento em Sociologia Econ\u00f3mica e das Organiza\u00e7\u00f5es do ISEG-ULisboa;<\/li>\n\n\n\n<li>Consultoria;<\/li>\n\n\n\n<li>Forma\u00e7\u00e3o para organiza\u00e7\u00f5es e institui\u00e7\u00f5es da sociedade civil, incluindo a de docentes de v\u00e1rios graus do ensino;<\/li>\n\n\n\n<li>Publica\u00e7\u00e3o e divulga\u00e7\u00e3o de textos cient\u00edficos (working papers, trabalhos de investiga\u00e7\u00e3o, textos de apoio a a\u00e7\u00f5es de forma\u00e7\u00e3o e semin\u00e1rios, etc.).<\/li>\n<\/ul>\n\n\n\n<p><\/p>\n\n\n\n<p>Entre 2013 e 2024, o SOCIUS integrou o cons\u00f3rcio CSG \u2013 Investiga\u00e7\u00e3o em Ci\u00eancias Sociais e Gest\u00e3o, que reuniu quatro centros de investiga\u00e7\u00e3o do ISEG (SOCIUS, ADVANCE, CEsA e GHES).<\/p>\n\n\n\n<p>A partir de 1 de janeiro de 2025, o SOCIUS passou a estar representado na unidade de investiga\u00e7\u00e3o <a href=\"https:\/\/www.iseg.ulisboa.pt\/investigacao\/\">ISEG Research<\/a> in Economics and Management, a nova unidade de I&amp;D do ISEG, atrav\u00e9s do grupo de investiga\u00e7\u00e3o <a href=\"https:\/\/www.iseg.ulisboa.pt\/investigacao\/\">Sociologia Econ\u00f3mica, Organiza\u00e7\u00f5es e Trabalho<\/a>.<\/p>\n\n\n\n<p>A <a href=\"https:\/\/www.iseg.ulisboa.pt\/investigacao\/\">ISEG Research<\/a> obteve a classifica\u00e7\u00e3o de \u201cExcelente\u201d na avalia\u00e7\u00e3o mais recente da FCT (2025), refor\u00e7ando o reconhecimento da qualidade e relev\u00e2ncia cient\u00edfica da investiga\u00e7\u00e3o desenvolvida no ISEG.<\/p>\n\n\n\n<p>Esta nova estrutura refor\u00e7a o compromisso do ISEG com a excel\u00eancia cient\u00edfica, a interdisciplinaridade e a relev\u00e2ncia social da investiga\u00e7\u00e3o, promovendo o desenvolvimento de abordagens inovadoras e colaborativas no estudo das din\u00e2micas econ\u00f3micas, organizacionais e sociais contempor\u00e2neas.<\/p>\n","protected":false},"excerpt":{"rendered":"O SOCIUS \u2013 Centro de Investiga\u00e7\u00e3o em Sociologia Econ\u00f3mica e das Organiza\u00e7\u00f5es foi criado em maio de 1991 por docentes e investigadores\/as do ISEG \u2013 Instituto Superior de Economia e&nbsp;[&#8230;]","protected":false},"author":5,"featured_media":0,"parent":302,"menu_order":1,"comment_status":"closed","ping_status":"closed","template":"","meta":{"inline_featured_image":false,"_uag_custom_page_level_css":"","footnotes":""},"acf":[],"uagb_featured_image_src":{"full":false,"thumbnail":false,"medium":false,"medium_large":false,"large":false,"1536x1536":false,"2048x2048":false},"uagb_author_info":{"display_name":"diogoalmeida","author_link":"https:\/\/www.iseg.ulisboa.pt\/socius\/author\/diogoalmeida\/"},"uagb_comment_info":0,"uagb_excerpt":"O SOCIUS \u2013 Centro de Investiga\u00e7\u00e3o em Sociologia Econ\u00f3mica e das Organiza\u00e7\u00f5es foi criado em maio de 1991 por docentes e investigadores\/as do ISEG \u2013 Instituto Superior de Economia e&nbsp;[...]","_links":{"self":[{"href":"https:\/\/www.iseg.ulisboa.pt\/socius\/wp-json\/wp\/v2\/pages\/19"}],"collection":[{"href":"https:\/\/www.iseg.ulisboa.pt\/socius\/wp-json\/wp\/v2\/pages"}],"about":[{"href":"https:\/\/www.iseg.ulisboa.pt\/socius\/wp-json\/wp\/v2\/types\/page"}],"author":[{"embeddable":true,"href":"https:\/\/www.iseg.ulisboa.pt\/socius\/wp-json\/wp\/v2\/users\/5"}],"replies":[{"embeddable":true,"href":"https:\/\/www.iseg.ulisboa.pt\/socius\/wp-json\/wp\/v2\/comments?post=19"}],"version-history":[{"count":4,"href":"https:\/\/www.iseg.ulisboa.pt\/socius\/wp-json\/wp\/v2\/pages\/19\/revisions"}],"predecessor-version":[{"id":341,"href":"https:\/\/www.iseg.ulisboa.pt\/socius\/wp-json\/wp\/v2\/pages\/19\/revisions\/341"}],"up":[{"embeddable":true,"href":"https:\/\/www.iseg.ulisboa.pt\/socius\/wp-json\/wp\/v2\/pages\/302"}],"wp:attachment":[{"href":"https:\/\/www.iseg.ulisboa.pt\/socius\/wp-json\/wp\/v2\/media?parent=19"}],"curies":[{"name":"wp","href":"https:\/\/api.w.org\/{rel}","templated":true}]}}