{"id":235,"date":"2025-07-07T09:28:30","date_gmt":"2025-07-07T09:28:30","guid":{"rendered":"https:\/\/www.iseg.ulisboa.pt\/socius\/?page_id=235"},"modified":"2025-07-07T09:31:54","modified_gmt":"2025-07-07T09:31:54","slug":"relatorios","status":"publish","type":"page","link":"https:\/\/www.iseg.ulisboa.pt\/socius\/publicacoes\/relatorios\/","title":{"rendered":"Relat\u00f3rios"},"content":{"rendered":"\n<ul>\n<li>Paulo Miguel Madeira, B\u00e1rbara Ferreira, Pedro Candeias, Jo\u00e3o Peixoto e Duval Fernandes (2020),\u00a0<a href=\"http:\/\/observatorioemigracao.pt\/np4\/7508.html\">\u201cBrasil<\/a>\u201d, OEm Country Reports, 6, Lisboa, Observat\u00f3rio da Emigra\u00e7\u00e3o, CIES-IUL, ISCTE-IUL, DOI: 10.15847\/CIESOEMCR062020<\/li>\n<\/ul>\n","protected":false},"excerpt":{"rendered":"","protected":false},"author":5,"featured_media":0,"parent":62,"menu_order":7,"comment_status":"closed","ping_status":"closed","template":"","meta":{"inline_featured_image":false,"_uag_custom_page_level_css":"","footnotes":""},"acf":[],"uagb_featured_image_src":{"full":false,"thumbnail":false,"medium":false,"medium_large":false,"large":false,"1536x1536":false,"2048x2048":false},"uagb_author_info":{"display_name":"diogoalmeida","author_link":"https:\/\/www.iseg.ulisboa.pt\/socius\/author\/diogoalmeida\/"},"uagb_comment_info":0,"uagb_excerpt":null,"_links":{"self":[{"href":"https:\/\/www.iseg.ulisboa.pt\/socius\/wp-json\/wp\/v2\/pages\/235"}],"collection":[{"href":"https:\/\/www.iseg.ulisboa.pt\/socius\/wp-json\/wp\/v2\/pages"}],"about":[{"href":"https:\/\/www.iseg.ulisboa.pt\/socius\/wp-json\/wp\/v2\/types\/page"}],"author":[{"embeddable":true,"href":"https:\/\/www.iseg.ulisboa.pt\/socius\/wp-json\/wp\/v2\/users\/5"}],"replies":[{"embeddable":true,"href":"https:\/\/www.iseg.ulisboa.pt\/socius\/wp-json\/wp\/v2\/comments?post=235"}],"version-history":[{"count":1,"href":"https:\/\/www.iseg.ulisboa.pt\/socius\/wp-json\/wp\/v2\/pages\/235\/revisions"}],"predecessor-version":[{"id":236,"href":"https:\/\/www.iseg.ulisboa.pt\/socius\/wp-json\/wp\/v2\/pages\/235\/revisions\/236"}],"up":[{"embeddable":true,"href":"https:\/\/www.iseg.ulisboa.pt\/socius\/wp-json\/wp\/v2\/pages\/62"}],"wp:attachment":[{"href":"https:\/\/www.iseg.ulisboa.pt\/socius\/wp-json\/wp\/v2\/media?parent=235"}],"curies":[{"name":"wp","href":"https:\/\/api.w.org\/{rel}","templated":true}]}}