{"id":248,"date":"2025-07-07T09:42:14","date_gmt":"2025-07-07T09:42:14","guid":{"rendered":"https:\/\/www.iseg.ulisboa.pt\/socius\/?page_id=248"},"modified":"2026-01-16T17:58:58","modified_gmt":"2026-01-16T17:58:58","slug":"cursos","status":"publish","type":"page","link":"https:\/\/www.iseg.ulisboa.pt\/socius\/cursos\/","title":{"rendered":"Cursos"},"content":{"rendered":"\n<p><ul style=\"margin-top: 0px;margin-bottom: 2em;padding-left: 0px;margin-left: 30px;list-style-type: none;, sans-serif;font-size: 18px\"><li style=\"margin-top: 10px;margin-bottom: 10px;padding-left: 24px\"><strong>Curso de L\u00edngua e Cultura Japonesa<\/strong>, promovido pelo SOCIUS entre 2005 e 2025\/6. Curso livre estruturado em m\u00f3dulos independentes (42h), correspondentes a diversos n\u00edveis de aprendizagem (A1, A2, B1, B2, C1, C2). Os conte\u00fados program\u00e1ticos incluem introdu\u00e7\u00e3o \u00e0 cultura e costumes do Jap\u00e3o, vocabul\u00e1rio (express\u00f5es, cumprimentos, n\u00fameros, cores, contagens), alfabeto Hiragana, e pron\u00fancia. A coordena\u00e7\u00e3o do curso est\u00e1 a cargo da professora Etsuko Motoki. Professora reconhecida pela Embaixada do Jap\u00e3o em Portugal, Etsuko Motoki \u00e9 tamb\u00e9m tradutora de japon\u00eas, tendo contribu\u00eddo para a tradu\u00e7\u00e3o de in\u00fameros filmes. A sua l\u00edngua nativa \u00e9 o japon\u00eas.<\/li><\/ul><\/p>\n\n\n\n<p><ul style=\"margin-top: 0px;margin-bottom: 2em;padding-left: 0px;margin-left: 30px;list-style-type: none;, sans-serif;font-size: 18px\"><li style=\"margin-top: 10px;margin-bottom: 10px;padding-left: 24px\"><strong>Curso de L\u00edngua e Cultura Russa<\/strong>, promovido pelo SOCIUS entre 2013 e 2025\/6. Curso livre estruturado em m\u00f3dulos independentes (60h), correspondentes a diversos n\u00edveis de aprendizagem (A1, A2, B1, B2, C1, C2). Os conte\u00fados program\u00e1ticos incluem introdu\u00e7\u00e3o \u00e0 hist\u00f3ria, geografia e cultura da R\u00fassia, estudo do alfabeto cir\u00edlico, enquadramento da l\u00edngua russa na sua evolu\u00e7\u00e3o hist\u00f3rica, t\u00f3picos de comunica\u00e7\u00e3o quotidiana, componente gramatical, g\u00e9nero e n\u00famero dos substantivos, uso de pronomes, adjetivos, numerais ordinais e an\u00e1lise sint\u00e1tica. A coordena\u00e7\u00e3o do curso est\u00e1 a cargo da professora Elena Bulakh, investigadora do SOCIUS e do ICS. Doutorada em Lingu\u00edstica Contrastiva, Hist\u00f3rica e Tipol\u00f3gica pela Universidade Lingu\u00edstica de Pyatigorsk (R\u00fassia), Elena Bulakh possui vasta experi\u00eancia no ensino universit\u00e1rio em Portugal e na R\u00fassia e \u00e9 autora de diversas publica\u00e7\u00f5es na \u00e1rea da lingu\u00edstica e cultura russa.<\/li><\/ul><\/p>\n","protected":false},"excerpt":{"rendered":"Curso de L\u00edngua e Cultura Japonesa, promovido pelo SOCIUS entre 2005 e 2025\/6. Curso livre estruturado em m\u00f3dulos independentes (42h), correspondentes a diversos n\u00edveis de aprendizagem (A1, A2, B1, B2,&nbsp;[&#8230;]","protected":false},"author":5,"featured_media":0,"parent":0,"menu_order":0,"comment_status":"closed","ping_status":"closed","template":"","meta":{"inline_featured_image":false,"_uag_custom_page_level_css":"","footnotes":""},"acf":[],"uagb_featured_image_src":{"full":false,"thumbnail":false,"medium":false,"medium_large":false,"large":false,"1536x1536":false,"2048x2048":false},"uagb_author_info":{"display_name":"diogoalmeida","author_link":"https:\/\/www.iseg.ulisboa.pt\/socius\/author\/diogoalmeida\/"},"uagb_comment_info":0,"uagb_excerpt":"Curso de L\u00edngua e Cultura Japonesa, promovido pelo SOCIUS entre 2005 e 2025\/6. Curso livre estruturado em m\u00f3dulos independentes (42h), correspondentes a diversos n\u00edveis de aprendizagem (A1, A2, B1, B2,&nbsp;[...]","_links":{"self":[{"href":"https:\/\/www.iseg.ulisboa.pt\/socius\/wp-json\/wp\/v2\/pages\/248"}],"collection":[{"href":"https:\/\/www.iseg.ulisboa.pt\/socius\/wp-json\/wp\/v2\/pages"}],"about":[{"href":"https:\/\/www.iseg.ulisboa.pt\/socius\/wp-json\/wp\/v2\/types\/page"}],"author":[{"embeddable":true,"href":"https:\/\/www.iseg.ulisboa.pt\/socius\/wp-json\/wp\/v2\/users\/5"}],"replies":[{"embeddable":true,"href":"https:\/\/www.iseg.ulisboa.pt\/socius\/wp-json\/wp\/v2\/comments?post=248"}],"version-history":[{"count":2,"href":"https:\/\/www.iseg.ulisboa.pt\/socius\/wp-json\/wp\/v2\/pages\/248\/revisions"}],"predecessor-version":[{"id":363,"href":"https:\/\/www.iseg.ulisboa.pt\/socius\/wp-json\/wp\/v2\/pages\/248\/revisions\/363"}],"wp:attachment":[{"href":"https:\/\/www.iseg.ulisboa.pt\/socius\/wp-json\/wp\/v2\/media?parent=248"}],"curies":[{"name":"wp","href":"https:\/\/api.w.org\/{rel}","templated":true}]}}