{"id":267,"date":"2025-07-07T10:06:12","date_gmt":"2025-07-07T10:06:12","guid":{"rendered":"https:\/\/www.iseg.ulisboa.pt\/socius\/?page_id=267"},"modified":"2025-07-07T10:06:22","modified_gmt":"2025-07-07T10:06:22","slug":"testemunhos","status":"publish","type":"page","link":"https:\/\/www.iseg.ulisboa.pt\/socius\/cursos\/testemunhos\/","title":{"rendered":"Testemunhos de Alunos\/as"},"content":{"rendered":"\n<p><em>Com necessidade de aprofundar conhecimentos da l\u00edngua Russa, foi com satisfa\u00e7\u00e3o que, sendo antigo aluno do ISEG, encontrei no SOCIUS o curso que necessitava. As aulas ministradas pela Professora Elena Bulakh foram ao encontro dos meus anseios pois, apesar dos cursos estarem organizados e estruturados de acordo com o Quadro Europeu de L\u00ednguas, a professora tem a maleabilidade e os conhecimentos suficientes para adaptar as li\u00e7\u00f5es \u00e0s nossas necessidades. As aulas s\u00e3o bastante din\u00e2micas pois, al\u00e9m de transmitirem conhecimentos atualizados s\u00e3o acompanhadas por uma variedade de recursos did\u00e1ticos que auxiliam na compreens\u00e3o dos temas. A dedica\u00e7\u00e3o, compet\u00eancia e orienta\u00e7\u00e3o da professora foram relevantes para rever conhecimentos e desenvolver n\u00e3o s\u00f3 a l\u00edngua como a cultura do pa\u00eds de Dostoi\u00e9vski. Por tudo, bem hajam o SOCIUS e a Professora Elena Bulakh.<br><\/em>A. R. (Economista)<\/p>\n\n\n\n<p><em>\u00c9 com enorme satisfa\u00e7\u00e3o que venho publicamente expressar o meu reconhecimento pelo curso \u00abL\u00edngua e Cultura Russa\u00bb lecionado pela Professora Elena Bulakh.<br>Numa altura em que a R\u00fassia \u00e9 t\u00e3o falada nos meios de comunica\u00e7\u00e3o social nem sempre pelos melhores motivos, gostaria de destacar a oportunidade deste curso e de agradecer ao SOCIUS\/ISEG da Universidade de Lisboa a decis\u00e3o de o promover. A R\u00fassia \u00e9 muito mais do que as a\u00e7\u00f5es dos seus l\u00edderes atuais e este curso permite divulgar o outro lado \u2013 permite aprender a l\u00edngua de Pushkin, Tolst\u00f3i, Dostoievski ou Akhmatova; descobrir a cultura de Prokofiev, Stravinsky ou Shostakovitch; entender a hist\u00f3ria de um territ\u00f3rio imenso e a forma como esta tamb\u00e9m moldou o mundo como o conhecemos; e, acima de tudo, apreender o modo de vida do povo russo, a sua maneira de pensar e as suas tradi\u00e7\u00f5es.<br>No meu caso pessoal, a frequ\u00eancia deste curso tem proporcionado, de forma muito positiva, o aperfei\u00e7oamento de conhecimentos anteriormente adquiridos, destacando, em particular, o formato presencial das aulas que permite criar din\u00e2micas muito estimulantes e educacionais; e a riqueza do material did\u00e1tico disponibilizado pela Professora Elena, nomeadamente os meios audiovisuais, que permitem introduzir novas metodologias pedag\u00f3gicas e facilitar a compreens\u00e3o de temas de maior complexidade, como, por exemplo, aspetos gramaticais, entre outros.<br>Por \u00faltimo, mas n\u00e3o menos importante, gostaria de destacar a import\u00e2ncia da Professora Elena para o sucesso deste curso. O seu profissionalismo e profundo conhecimento da l\u00edngua e cultura russas, a par da sua simpatia, boa disposi\u00e7\u00e3o, paci\u00eancia, entusiamo e disponibilidade, tornam as aulas profundamente enriquecedoras e fazem toda a diferen\u00e7a na motiva\u00e7\u00e3o e aprendizagem dos seus alunos.<br>Recomendo vivamente este curso a todos aqueles que desejem conhecer a verdadeira R\u00fassia, com toda a sua riqueza e diversidade cultural, e agrade\u00e7o ao SOCIUS\/ISEG a disponibiliza\u00e7\u00e3o desta oferta formativa que vem mostrar, uma vez mais, o car\u00e1ter \u00edmpar e a excel\u00eancia deste Instituto.<br><\/em>Eduardo Augusto (Economista)<\/p>\n\n\n\n<p><em>A cultura e as l\u00ednguas eslavas, em particular a russa, sempre me suscitaram interesse. Por raz\u00f5es diversas, a possibilidade de aprender a l\u00edngua russa, s\u00f3 se p\u00f4de concretizar ap\u00f3s a minha aposenta\u00e7\u00e3o. Tenho vindo a apreciar bastante esta experi\u00eancia proporcionada pelo SOCIUS e corporizada na pessoa da Professora Helena Bulakh, a qual com a sua experi\u00eancia e compet\u00eancia nos transmite de forma clara, concisa e motivadora os conhecimentos que almejamos alcan\u00e7ar. Com efeito, as suas aulas &#8211; as quais n\u00e3o damos pelo passar das horas &#8211; s\u00e3o um puro prazer para os seus discentes. A minha experi\u00eancia como docente do ensino superior durante 40 anos, permite-me avaliar as qualidades da nossa docente nas m\u00faltiplas vertentes do complexo processo que \u00e9 ensinar. Destarte, considero que o curso de l\u00edngua e cultura russa tem bastante interesse e qualidade, raz\u00e3o pela qual deve ser mantido quer no formato presencial quer \u00e0 dist\u00e2ncia sob a reg\u00eancia da Professora Helena Bulakh. Finalmente, e no que tange ao material did\u00e1tico que nos tem sido facultado importa referir a sua qualidade, o qual associado \u00e0 qualidade das aulas ministradas formam como que um todo de excel\u00eancia. Uma palavra de agradecimento \u00e0 professora Helena Bulakh e ao SOCIUS. Bem hajam!<br><\/em>Gabriela Veloso (Docente aposentada da Ulisboa)<\/p>\n\n\n\n<p><em>Gostaria de partilhar a minha experi\u00eancia extremamente positiva como aluno do curso de L\u00edngua e Cultura Russa, lecionado pela Professora Elena Bulakh no SOCIUS\/ISEG da Universidade de Lisboa, ao longo do qual tenho tido a oportunidade, n\u00e3o s\u00f3 de aprender uma l\u00edngua desafiante e fascinante, mas tamb\u00e9m de o fazer num ambiente acolhedor, estimulante e profundamente humano. Desde o in\u00edcio a Professora Elena demonstrou um profissionalismo exemplar, combinando s\u00f3lida forma\u00e7\u00e3o acad\u00e9mica e conhecimento profundo da l\u00edngua e cultura russas, com uma abordagem pedag\u00f3gica envolvente e acess\u00edvel, sempre adaptada ao ritmo do grupo. As aulas s\u00e3o cuidadosamente estruturadas e a Professora Elena utiliza uma variedade de recursos did\u00e1ticos que facilitam a compreens\u00e3o de conte\u00fados complexos. Al\u00e9m disso, a introdu\u00e7\u00e3o de elementos culturais torna cada sess\u00e3o ainda mais enriquecedora. Para al\u00e9m das suas compet\u00eancias profissionais, a Professora Elena revela qualidades humanas inestim\u00e1veis neste tipo de contexto: \u00e9 acess\u00edvel, paciente e dedica uma aten\u00e7\u00e3o genu\u00edna aos seus alunos. A sua empatia e boa disposi\u00e7\u00e3o criam um ambiente de confian\u00e7a e motiva\u00e7\u00e3o, essencial para a aprendizagem de uma l\u00edngua como o russo. Recomendo vivamente este curso a qualquer pessoa interessada em aprender russo, seja por curiosidade cultural, necessidade profissional ou familiar, ou gosto pessoal. \u00c9 uma oportunidade imperd\u00edvel para quem deseja mergulhar no fascinante mundo da l\u00edngua russa, guiado por uma profissional de excel\u00eancia e uma professora verdadeiramente apaixonada pelo que faz. Gostaria de salientar a import\u00e2ncia da continuidade deste curso no pr\u00f3ximo ano letivo, mantendo a op\u00e7\u00e3o de aulas presenciais. A intera\u00e7\u00e3o direta em sala de aula \u00e9 insubstitu\u00edvel e enriquece significativamente o processo de aprendizagem, promovendo uma compreens\u00e3o mais profunda da l\u00edngua e cultura russas. Oxal\u00e1 este projeto SOCIUS\/ISEG continue por muitos anos, com o mesmo entusiasmo, qualidade e dedica\u00e7\u00e3o.<\/em><br>Miguel Santos (Engenheiro)<br><br><br><\/p>\n\n\n\n<p><em>Quando decidi embarcar na viagem por entre a l\u00edngua Russa, n\u00e3o tive qualquer d\u00favida na melhor escolha a fazer, que seria por via do SOCIUS com a Professora Elena Bulakh, e iniciar o Curso de L\u00edngua e Cultura Russa. Tenho a agradecer imensamente \u00e0 Professora Elena a sua sapi\u00eancia, entusiasmo e dedica\u00e7\u00e3o para com os seus alunos, fatores determinantes no sucesso da aprendizagem da L\u00edngua Russa, e tudo o mais que nos ensina. Termos a possibilidade de fazer aulas presenciais e online \u00e9 uma muito mais-valia, e outro aspecto, a meu ver, preponderante. As aulas s\u00e3o motivantes e ricas em detalhes, pelo que recomendo, a todos os interessados, o Curso ministrado pela excecional Professora Elena Bulakh.<\/em><br>Joana F. (Economista)<br><br><br><br><em>Em boa hora decidi inscrever-me no Curso de L\u00edngua e Cultura Russa leccionado pela Professora Elena Bulakh. As aulas s\u00e3o muito completas, informativas e entusiasmantes, a Professora Elena Bulakh incentiva o nosso aperfei\u00e7oamento, com grande dedica\u00e7\u00e3o, paci\u00eancia e um profundo conhecimento do Curso, ao n\u00edvel das tem\u00e1ticas da l\u00edngua e cultura, assim como das \u00e1reas que s\u00e3o abordadas de forma espec\u00edfica e variada, o que permite que cada aluno possa atingir o conhecimento proposto com sucesso. \u00c9 uma excelente Professora e o Curso \u00e9 essencial a quem queira estar por dentro do Mundo Russo, na sua riqueza e grande diversidade.<\/em><br>Filipe Barroso (Professor e Historiador)<br><br><br><br><em>\u00c9 com enorme gratid\u00e3o e satisfa\u00e7\u00e3o que fa\u00e7o um balan\u00e7o muito positivo do curso de l\u00edngua e cultura russa ministrado pela Professora Elena. Saliento o car\u00e1cter din\u00e2mico e personalizado do mesmo, uma vez que mediante a apresenta\u00e7\u00e3o por diversos meios (\u00e1udio, v\u00eddeo, manuais, etc.) foram abordados in\u00fameros aspetos da l\u00edngua e cultura russa, permitindo ao estudante obter conhecimentos sobre a cultura\/tradi\u00e7\u00f5es da l\u00edngua que estuda.<\/em><br><em>No que respeita especificamente \u00e0 l\u00edngua russa destaco os manuais cujo conte\u00fado gramatical \u00e9 bastante acess\u00edvel e fundamental para a compreens\u00e3o dos aspetos essenciais para dominar corretamente o idioma.<\/em><br><em>Por \u00faltimo \u00e9 indispens\u00e1vel referir um fator determinante deste curso que \u00e9 sem d\u00favida o profissionalismo, vasta experi\u00eancia, personalidade simp\u00e1tica e o humor da Professora Elena que n\u00e3o deixa nenhum aluno indiferente e que em bastante contribui para o sucesso deste curso.<\/em><br><em>Um muito obrigado em particular \u00e0 Professora Elena e ao SOCIUS por disponibilizar este tipo de forma\u00e7\u00e3o.<\/em><br>&nbsp;Ant\u00f3nio G. (Consultor)<br><br><br><br><em>O curso de l\u00edngua e cultura russa ultrapassou as expectativas que tinha em rela\u00e7\u00e3o ao conhecimento que iria adquirir. Com este curso, que \u00e9 bastante completo e nunca aborrecido, os alunos aprendem n\u00e3o s\u00f3 a compreender e a usar a l\u00edngua russa, mas tamb\u00e9m obt\u00eam factos importantes sobre a cultura e o modo de vida russos, que contribuem para a melhor compreens\u00e3o do povo em si num contexto hist\u00f3rico e detalhado. A professora Elena mostrou uma dedica\u00e7\u00e3o e uma compet\u00eancia excelentes e notou-se que tem uma capacidade de adapta\u00e7\u00e3o a cada aluno, individualmente, muito interessante. A professora esteve sempre dispon\u00edvel para esclarecer quaisquer d\u00favidas que tivesse e para fornecer material did\u00e1tico para ajudar no estudo. Com este curso obtive o conhecimento gramatical e de vocabul\u00e1rio que precisava para iniciar a aprendizagem da l\u00edngua russa. Gostaria de agradecer ao SOCIUS e \u00e0 professora Elena pelo trabalho de grande qualidade que est\u00e3o a fazer e pela dedica\u00e7\u00e3o que mostram ao ensino.<\/em><br>Ricardo A. (Estudante universit\u00e1rio)<\/p>\n","protected":false},"excerpt":{"rendered":"Com necessidade de aprofundar conhecimentos da l\u00edngua Russa, foi com satisfa\u00e7\u00e3o que, sendo antigo aluno do ISEG, encontrei no SOCIUS o curso que necessitava. As aulas ministradas pela Professora Elena&nbsp;[&#8230;]","protected":false},"author":5,"featured_media":0,"parent":248,"menu_order":5,"comment_status":"closed","ping_status":"closed","template":"","meta":{"inline_featured_image":false,"_uag_custom_page_level_css":"","footnotes":""},"acf":[],"uagb_featured_image_src":{"full":false,"thumbnail":false,"medium":false,"medium_large":false,"large":false,"1536x1536":false,"2048x2048":false},"uagb_author_info":{"display_name":"diogoalmeida","author_link":"https:\/\/www.iseg.ulisboa.pt\/socius\/author\/diogoalmeida\/"},"uagb_comment_info":0,"uagb_excerpt":"Com necessidade de aprofundar conhecimentos da l\u00edngua Russa, foi com satisfa\u00e7\u00e3o que, sendo antigo aluno do ISEG, encontrei no SOCIUS o curso que necessitava. As aulas ministradas pela Professora Elena&nbsp;[...]","_links":{"self":[{"href":"https:\/\/www.iseg.ulisboa.pt\/socius\/wp-json\/wp\/v2\/pages\/267"}],"collection":[{"href":"https:\/\/www.iseg.ulisboa.pt\/socius\/wp-json\/wp\/v2\/pages"}],"about":[{"href":"https:\/\/www.iseg.ulisboa.pt\/socius\/wp-json\/wp\/v2\/types\/page"}],"author":[{"embeddable":true,"href":"https:\/\/www.iseg.ulisboa.pt\/socius\/wp-json\/wp\/v2\/users\/5"}],"replies":[{"embeddable":true,"href":"https:\/\/www.iseg.ulisboa.pt\/socius\/wp-json\/wp\/v2\/comments?post=267"}],"version-history":[{"count":2,"href":"https:\/\/www.iseg.ulisboa.pt\/socius\/wp-json\/wp\/v2\/pages\/267\/revisions"}],"predecessor-version":[{"id":269,"href":"https:\/\/www.iseg.ulisboa.pt\/socius\/wp-json\/wp\/v2\/pages\/267\/revisions\/269"}],"up":[{"embeddable":true,"href":"https:\/\/www.iseg.ulisboa.pt\/socius\/wp-json\/wp\/v2\/pages\/248"}],"wp:attachment":[{"href":"https:\/\/www.iseg.ulisboa.pt\/socius\/wp-json\/wp\/v2\/media?parent=267"}],"curies":[{"name":"wp","href":"https:\/\/api.w.org\/{rel}","templated":true}]}}