{"id":3,"date":"2024-11-26T17:07:28","date_gmt":"2024-11-26T17:07:28","guid":{"rendered":"https:\/\/www.iseg.ulisboa.pt\/socius\/?page_id=3"},"modified":"2026-04-06T18:41:27","modified_gmt":"2026-04-06T18:41:27","slug":"3-2","status":"publish","type":"page","link":"https:\/\/www.iseg.ulisboa.pt\/socius\/","title":{"rendered":"SOCIUS"},"content":{"rendered":"<div class=\"block-gallery\">\n\t<div class=\"container\">\n\t\t<div data-delay=\"5000\" data-animation=\"slide\" data-autoplay=\"1\" data-duration=\"500\" data-infinite=\"1\" class=\"gallery-slider w-slider\">\n\t\t\t<div class=\"gallery-slider__mask w-slider-mask\">\n\n\t\t\t\t\t\t\t\t\t\n\t\t\t\t\t<div class=\"gallery-slider__slide w-slide\">\n\t\t\t\t\t\t<div class=\"gallery-slider__slide-content\">\n\t\t\t\t\t\t\t\t\t\t\t\t\t\t\t<div class=\"gallery-slider__slide-media\">\n\t\t\t\t\t\t\t\t\t<img decoding=\"async\" src=\"https:\/\/www.iseg.ulisboa.pt\/socius\/wp-content\/uploads\/sites\/27\/2025\/01\/Slideshow_sustinafrica.jpg\" class=\"image-cover\" alt=\"\" srcset=\"https:\/\/www.iseg.ulisboa.pt\/socius\/wp-content\/uploads\/sites\/27\/2025\/01\/Slideshow_sustinafrica.jpg 2250w, https:\/\/www.iseg.ulisboa.pt\/socius\/wp-content\/uploads\/sites\/27\/2025\/01\/Slideshow_sustinafrica-300x92.jpg 300w, https:\/\/www.iseg.ulisboa.pt\/socius\/wp-content\/uploads\/sites\/27\/2025\/01\/Slideshow_sustinafrica-1536x469.jpg 1536w, https:\/\/www.iseg.ulisboa.pt\/socius\/wp-content\/uploads\/sites\/27\/2025\/01\/Slideshow_sustinafrica-2048x625.jpg 2048w, https:\/\/www.iseg.ulisboa.pt\/socius\/wp-content\/uploads\/sites\/27\/2025\/01\/Slideshow_sustinafrica-18x5.jpg 18w\" sizes=\"(max-width: 2250px) 100vw, 2250px\" \/>\t\t\t\t\t\t\t\t<\/div>\n\t\t\t\t\t\t\t\t\t\t\t\t\t\t\t\t\t\t\t\t<\/div>\n\t\t\t\t\t<\/div>\n\t\t\t\t\t\t\t\t\t\n\t\t\t\t\t<div class=\"gallery-slider__slide w-slide\">\n\t\t\t\t\t\t<div class=\"gallery-slider__slide-content\">\n\t\t\t\t\t\t\t\t\t\t\t\t\t\t\t<div class=\"gallery-slider__slide-media\">\n\t\t\t\t\t\t\t\t\t<img decoding=\"async\" src=\"https:\/\/www.iseg.ulisboa.pt\/socius\/wp-content\/uploads\/sites\/27\/2025\/01\/slideshow_terrare.jpg\" class=\"image-cover\" alt=\"\" srcset=\"https:\/\/www.iseg.ulisboa.pt\/socius\/wp-content\/uploads\/sites\/27\/2025\/01\/slideshow_terrare.jpg 1125w, https:\/\/www.iseg.ulisboa.pt\/socius\/wp-content\/uploads\/sites\/27\/2025\/01\/slideshow_terrare-300x91.jpg 300w, https:\/\/www.iseg.ulisboa.pt\/socius\/wp-content\/uploads\/sites\/27\/2025\/01\/slideshow_terrare-18x5.jpg 18w\" sizes=\"(max-width: 1125px) 100vw, 1125px\" \/>\t\t\t\t\t\t\t\t<\/div>\n\t\t\t\t\t\t\t\t\t\t\t\t\t\t\t\t\t\t\t\t<\/div>\n\t\t\t\t\t<\/div>\n\t\t\t\t\n\t\t\t<\/div>\n\t\t\t\t\t\t\t<div class=\"slider-nav__left w-slider-arrow-left\"><\/div>\n\t\t\t\t<div class=\"slider-nav__right w-slider-arrow-right\"><\/div>\n\t\t\t\t\t<\/div>\n\t<\/div>\n<\/div>\n\n\n<div style=\"height:56px\" aria-hidden=\"true\" class=\"wp-block-spacer\"><\/div>\n\n\n\n<div class=\"wp-block-columns is-not-stacked-on-mobile is-layout-flex wp-container-core-columns-is-layout-1 wp-block-columns-is-layout-flex\">\n<div class=\"wp-block-column is-layout-flow wp-block-column-is-layout-flow\">\n<p>O SOCIUS \u2013 Centro de Investiga\u00e7\u00e3o em Sociologia Econ\u00f3mica e das Organiza\u00e7\u00f5es encontra-se, atualmente, representado na unidade de investiga\u00e7\u00e3o&nbsp; <a href=\"https:\/\/www.iseg.ulisboa.pt\/investigacao\/\">ISEG Research<\/a> in Economics and Management, atrav\u00e9s do grupo de investiga\u00e7\u00e3o <a href=\"https:\/\/www.iseg.ulisboa.pt\/investigacao\/\">Sociologia Econ\u00f3mica, Organiza\u00e7\u00f5es e Trabalho<\/a>. Esta nova unidade recebeu a classifica\u00e7\u00e3o de \u201cExcelente\u201d pela Funda\u00e7\u00e3o para a Ci\u00eancia e a Tecnologia (FCT), refor\u00e7ando a qualidade e relev\u00e2ncia da investiga\u00e7\u00e3o desenvolvida no ISEG \u2013 Lisbon School of Economics and Management da Universidade de Lisboa<\/p>\n\n\n\n<p>O SOCIUS, criado em 1991, dedica-se \u00e0 investiga\u00e7\u00e3o em Sociologia Econ\u00f3mica e das Organiza\u00e7\u00f5es, privilegiando o di\u00e1logo entre Sociologia, Economia e outras Ci\u00eancias Sociais para compreender as intera\u00e7\u00f5es entre as realidades econ\u00f3mica e organizacional. Enquanto unidade de investiga\u00e7\u00e3o, o SOCIUS obteve a classifica\u00e7\u00e3o de excelente nas avalia\u00e7\u00f5es peri\u00f3dicas de avalia\u00e7\u00e3o da FCT a que se submeteu, em 1999, 2002 e 2007.<\/p>\n\n\n\n<p><\/p>\n\n\n\n<p class=\"link-learnmore\"><a href=\"https:\/\/www.iseg.ulisboa.pt\/socius\/apresentacao\/\" data-type=\"page\" data-id=\"19\">Conhecer a hist\u00f3ria<\/a><\/p>\n<\/div>\n\n\n\n<div class=\"wp-block-column is-layout-flow wp-block-column-is-layout-flow\">\n<figure class=\"wp-block-image size-full\"><img loading=\"lazy\" decoding=\"async\" width=\"977\" height=\"315\" src=\"https:\/\/www.iseg.ulisboa.pt\/socius\/wp-content\/uploads\/sites\/27\/2024\/12\/SOCIUS.png\" alt=\"\" class=\"wp-image-15\" srcset=\"https:\/\/www.iseg.ulisboa.pt\/socius\/wp-content\/uploads\/sites\/27\/2024\/12\/SOCIUS.png 977w, https:\/\/www.iseg.ulisboa.pt\/socius\/wp-content\/uploads\/sites\/27\/2024\/12\/SOCIUS-300x97.png 300w, https:\/\/www.iseg.ulisboa.pt\/socius\/wp-content\/uploads\/sites\/27\/2024\/12\/SOCIUS-18x6.png 18w\" sizes=\"(max-width: 977px) 100vw, 977px\" \/><\/figure>\n<\/div>\n<\/div>\n\n\n<div class=\"block-course-features\">\n    <div class=\"container\">\n                    <div class=\"course-features__grid\">\n        \n            <div class=\"course-features__item\">\n                                    <div class=\"course-features__image\">\n                        <img decoding=\"async\" src=\"https:\/\/www.iseg.ulisboa.pt\/socius\/wp-content\/uploads\/sites\/27\/2025\/07\/iStock-1323851976.jpg\" loading=\"lazy\" sizes=\"(max-width: 479px) 86vw, (max-width: 767px) 82vw, (max-width: 991px) 41vw, 32vw\" srcset=\"https:\/\/www.iseg.ulisboa.pt\/socius\/wp-content\/uploads\/sites\/27\/2025\/07\/iStock-1323851976.jpg 500w, https:\/\/www.iseg.ulisboa.pt\/socius\/wp-content\/uploads\/sites\/27\/2025\/07\/iStock-1323851976.jpg 800w, https:\/\/www.iseg.ulisboa.pt\/socius\/wp-content\/uploads\/sites\/27\/2025\/07\/iStock-1323851976.jpg 1080w, https:\/\/www.iseg.ulisboa.pt\/socius\/wp-content\/uploads\/sites\/27\/2025\/07\/iStock-1323851976.jpg 1340w\" alt=\"\" class=\"image-cover\">\n                    <\/div>\n                                <div class=\"course-features__content\">\n                    <div class=\"course-features__topcut\"><\/div>\n                    <h4 class=\"course-features__heading\">\n                                                    <a href=\"https:\/\/www.iseg.ulisboa.pt\/estudar\/doutoramento\/sociologia-economica-e-das-organizacoes\">Doutoramento Doutoramento em Sociologia Econ\u00f3mica e das Organiza\u00e7\u00f5es<\/a>\n                                            <\/h4>\n                    <div class=\"course-features__text\"><\/div>\n                                            <a href=\"https:\/\/www.iseg.ulisboa.pt\/estudar\/doutoramento\/sociologia-economica-e-das-organizacoes\"  class=\"link-learnmore\">Conhecer o Doutoramento<\/a>\n                                    <\/div>\n            <\/div>\n\n        \n            <div class=\"course-features__item\">\n                                    <div class=\"course-features__image\">\n                        <img decoding=\"async\" src=\"https:\/\/www.iseg.ulisboa.pt\/socius\/wp-content\/uploads\/sites\/27\/2025\/07\/miniatura-capa-covid-19-virus-sociais.jpg\" loading=\"lazy\" sizes=\"(max-width: 479px) 86vw, (max-width: 767px) 82vw, (max-width: 991px) 41vw, 32vw\" srcset=\"https:\/\/www.iseg.ulisboa.pt\/socius\/wp-content\/uploads\/sites\/27\/2025\/07\/miniatura-capa-covid-19-virus-sociais.jpg 500w, https:\/\/www.iseg.ulisboa.pt\/socius\/wp-content\/uploads\/sites\/27\/2025\/07\/miniatura-capa-covid-19-virus-sociais.jpg 800w, https:\/\/www.iseg.ulisboa.pt\/socius\/wp-content\/uploads\/sites\/27\/2025\/07\/miniatura-capa-covid-19-virus-sociais.jpg 1080w, https:\/\/www.iseg.ulisboa.pt\/socius\/wp-content\/uploads\/sites\/27\/2025\/07\/miniatura-capa-covid-19-virus-sociais.jpg 1340w\" alt=\"\" class=\"image-cover\">\n                    <\/div>\n                                <div class=\"course-features__content\">\n                    <div class=\"course-features__topcut\"><\/div>\n                    <h4 class=\"course-features__heading\">\n                                                    <a href=\"https:\/\/www.iseg.ulisboa.pt\/socius\/livros-edicoes-socius\/\">\u00daltima publica\u00e7\u00e3o<\/a>\n                                            <\/h4>\n                    <div class=\"course-features__text\">COVID-19, V\u00edrus das desigualdades sociais de Jos\u00e9 Maria Carvalho Ferreira.<\/div>\n                                            <a href=\"https:\/\/www.iseg.ulisboa.pt\/socius\/livros-edicoes-socius\/\"  class=\"link-learnmore\">Ver lista completa<\/a>\n                                    <\/div>\n            <\/div>\n\n        \n            <div class=\"course-features__item\">\n                                    <div class=\"course-features__image\">\n                        <img decoding=\"async\" src=\"https:\/\/www.iseg.ulisboa.pt\/socius\/wp-content\/uploads\/sites\/27\/2025\/07\/iStock-1322842973.jpg\" loading=\"lazy\" sizes=\"(max-width: 479px) 86vw, (max-width: 767px) 82vw, (max-width: 991px) 41vw, 32vw\" srcset=\"https:\/\/www.iseg.ulisboa.pt\/socius\/wp-content\/uploads\/sites\/27\/2025\/07\/iStock-1322842973.jpg 500w, https:\/\/www.iseg.ulisboa.pt\/socius\/wp-content\/uploads\/sites\/27\/2025\/07\/iStock-1322842973.jpg 800w, https:\/\/www.iseg.ulisboa.pt\/socius\/wp-content\/uploads\/sites\/27\/2025\/07\/iStock-1322842973.jpg 1080w, https:\/\/www.iseg.ulisboa.pt\/socius\/wp-content\/uploads\/sites\/27\/2025\/07\/iStock-1322842973.jpg 1340w\" alt=\"\" class=\"image-cover\">\n                    <\/div>\n                                <div class=\"course-features__content\">\n                    <div class=\"course-features__topcut\"><\/div>\n                    <h4 class=\"course-features__heading\">\n                                                    <a href=\"https:\/\/www.iseg.ulisboa.pt\/socius\/investigacao\/parcerias\/\">Parcerias<\/a>\n                                            <\/h4>\n                    <div class=\"course-features__text\">Conhe\u00e7a as nossas parcerias.<\/div>\n                                            <a href=\"https:\/\/www.iseg.ulisboa.pt\/socius\/investigacao\/parcerias\/\"  class=\"link-learnmore\">Parcerias<\/a>\n                                    <\/div>\n            <\/div>\n\n                <\/div>\n        <\/div>\n<\/div>\n\n\n\n<div class=\"wp-block-image is-style-default\">\n<figure class=\"aligncenter size-full\"><img loading=\"lazy\" decoding=\"async\" width=\"1125\" height=\"469\" src=\"https:\/\/www.iseg.ulisboa.pt\/socius\/wp-content\/uploads\/sites\/27\/2025\/10\/logos_rodape_site_socius.jpg\" alt=\"\" class=\"wp-image-337\" style=\"object-fit:cover\" srcset=\"https:\/\/www.iseg.ulisboa.pt\/socius\/wp-content\/uploads\/sites\/27\/2025\/10\/logos_rodape_site_socius.jpg 1125w, https:\/\/www.iseg.ulisboa.pt\/socius\/wp-content\/uploads\/sites\/27\/2025\/10\/logos_rodape_site_socius-300x125.jpg 300w\" sizes=\"(max-width: 1125px) 100vw, 1125px\" \/><\/figure><\/div>","protected":false},"excerpt":{"rendered":"O SOCIUS \u2013 Centro de Investiga\u00e7\u00e3o em Sociologia Econ\u00f3mica e das Organiza\u00e7\u00f5es encontra-se, atualmente, representado na unidade de investiga\u00e7\u00e3o&nbsp; ISEG Research in Economics and Management, atrav\u00e9s do grupo de investiga\u00e7\u00e3o&nbsp;[&#8230;]","protected":false},"author":5,"featured_media":0,"parent":0,"menu_order":0,"comment_status":"closed","ping_status":"closed","template":"tpl-page-blocks.php","meta":{"inline_featured_image":false,"_uag_custom_page_level_css":"","footnotes":""},"acf":[],"uagb_featured_image_src":{"full":false,"thumbnail":false,"medium":false,"medium_large":false,"large":false,"1536x1536":false,"2048x2048":false},"uagb_author_info":{"display_name":"diogoalmeida","author_link":"https:\/\/www.iseg.ulisboa.pt\/socius\/author\/diogoalmeida\/"},"uagb_comment_info":0,"uagb_excerpt":"O SOCIUS \u2013 Centro de Investiga\u00e7\u00e3o em Sociologia Econ\u00f3mica e das Organiza\u00e7\u00f5es encontra-se, atualmente, representado na unidade de investiga\u00e7\u00e3o&nbsp; ISEG Research in Economics and Management, atrav\u00e9s do grupo de investiga\u00e7\u00e3o&nbsp;[...]","_links":{"self":[{"href":"https:\/\/www.iseg.ulisboa.pt\/socius\/wp-json\/wp\/v2\/pages\/3"}],"collection":[{"href":"https:\/\/www.iseg.ulisboa.pt\/socius\/wp-json\/wp\/v2\/pages"}],"about":[{"href":"https:\/\/www.iseg.ulisboa.pt\/socius\/wp-json\/wp\/v2\/types\/page"}],"author":[{"embeddable":true,"href":"https:\/\/www.iseg.ulisboa.pt\/socius\/wp-json\/wp\/v2\/users\/5"}],"replies":[{"embeddable":true,"href":"https:\/\/www.iseg.ulisboa.pt\/socius\/wp-json\/wp\/v2\/comments?post=3"}],"version-history":[{"count":37,"href":"https:\/\/www.iseg.ulisboa.pt\/socius\/wp-json\/wp\/v2\/pages\/3\/revisions"}],"predecessor-version":[{"id":490,"href":"https:\/\/www.iseg.ulisboa.pt\/socius\/wp-json\/wp\/v2\/pages\/3\/revisions\/490"}],"wp:attachment":[{"href":"https:\/\/www.iseg.ulisboa.pt\/socius\/wp-json\/wp\/v2\/media?parent=3"}],"curies":[{"name":"wp","href":"https:\/\/api.w.org\/{rel}","templated":true}]}}