{"id":314,"date":"2025-07-07T15:17:42","date_gmt":"2025-07-07T15:17:42","guid":{"rendered":"https:\/\/www.iseg.ulisboa.pt\/socius\/?page_id=314"},"modified":"2025-07-07T15:17:43","modified_gmt":"2025-07-07T15:17:43","slug":"in-memoriam","status":"publish","type":"page","link":"https:\/\/www.iseg.ulisboa.pt\/socius\/equipa\/in-memoriam\/","title":{"rendered":"In Memoriam"},"content":{"rendered":"\n<p><strong>Maria Rita Duarte Raposo&nbsp;<\/strong>(1963-2024)<br>Licenciada em Sociologia pela FCSH\/UNL, Mestre em Economia Doutorada em Sociologia Econ\u00f3mica e das Organiza\u00e7\u00f5es pelo ISEG, a Rita foi uma figura central no desenvolvimento da sociologia urbana e do territ\u00f3rio, com um contributo \u00edmpar no estudo dos condom\u00ednios privados, tema que lhe valeu destaque a n\u00edvel nacional e internacional. A sua defini\u00e7\u00e3o de cultura e a sua abordagem dos chamados estudos culturais, e do correspondente \u201ccultural turn\u201d, constituem um dos carimbos constitucionais da sua investiga\u00e7\u00e3o que, infelizmente, n\u00e3o recebeu a aten\u00e7\u00e3o devida da comunidade acad\u00e9mica. Cultivou o esfor\u00e7o interdisciplinar, sendo conhecidas as suas colabora\u00e7\u00f5es com ge\u00f3grafos, economistas e outros investigadores das ci\u00eancias sociais.<br>Fundadora e investigadora dedicada do SOCIUS, centro de investiga\u00e7\u00e3o em Sociologia Econ\u00f3mica e das Organiza\u00e7\u00f5es, a Rita foi autora de in\u00fameros artigos e livros cient\u00edficos, e manteve uma longa e frut\u00edfera carreira como professora no Instituto Superior de Economia e Gest\u00e3o (ISEG\/ULisboa), a sua casa de adop\u00e7\u00e3o, onde era profundamente admirada por alunos de todos os ciclos de forma\u00e7\u00e3o e colegas. Deixou um legado acad\u00e9mico inestim\u00e1vel e uma marca indel\u00e9vel na vida de todos que com ela partilharam o caminho.<br>Para al\u00e9m da sua brilhante carreira, a Rita era uma mulher de m\u00faltiplas paix\u00f5es. Fot\u00f3grafa amadora com um olhar apurado para os detalhes, encontrava na fotografia uma forma de captar a beleza e a complexidade do mundo. Amante de gatos, via neles companheiros fi\u00e9is e c\u00famplices nas suas rotinas di\u00e1rias. Civicamente empenhada, a Rita deixou sempre claras as suas orienta\u00e7\u00f5es e convic\u00e7\u00f5es, desde a participa\u00e7\u00e3o em associa\u00e7\u00f5es profissionais e acad\u00e9micas at\u00e9 ao envolvimento em movimentos sociais que reputava essenciais \u00e0 viv\u00eancia democr\u00e1tica que era, para si, parte essencial da sua exist\u00eancia.<br>Outra das suas grandes paix\u00f5es era viajar, em particular para o Sudeste Asi\u00e1tico, com especial afei\u00e7\u00e3o pela Mal\u00e1sia, pa\u00eds onde cultivou amizades duradouras e contactos profissionais relevantes que enriqueceram tanto a sua vida pessoal como o seu trabalho acad\u00e9mico. Estas viagens proporcionaram-lhe uma compreens\u00e3o profunda das culturas e dos espa\u00e7os urbanos da regi\u00e3o, algo que influenciou e ampliou o seu olhar sociol\u00f3gico.<br>Dona de um humor c\u00e1ustico e genu\u00edno, era uma presen\u00e7a leal, generosa e sempre presente entre os seus amigos e colegas. Para al\u00e9m de uma mente brilhante, a Rita foi uma companheira inigual\u00e1vel, dif\u00edcil e exigente cuja intelig\u00eancia, humor e humanidade fizeram dela uma figura \u00fanica.<br>A sua aus\u00eancia ser\u00e1 profundamente sentida, mas o seu legado, tanto pessoal quanto profissional, permanecer\u00e1 vivo em todos os que tiveram a sorte de partilhar a vida com ela.<br>\u00c0 sua mem\u00f3ria,<br>Rafael Marques<\/p>\n\n\n\n<p><strong>Giovani Ehrhardt\u00a0<\/strong>(2021)<br>Investigador do SOCIUS ao longo de dezassete anos, e Doutorando em Sociologia Econ\u00f3mica e das Organiza\u00e7\u00f5es do ISEG.<br>Natural de Chapec\u00f3 (Santa Catarina, Brasil), Giovani Ehrhardt era Docente da Faculdade de Administra\u00e7\u00e3o, Ci\u00eancias Cont\u00e1beis e Ci\u00eancias Econ\u00f4micas (FACE) da Universidade Federal de Goi\u00e1s (UFG), no Brasil. Investigador no INPEAU &#8211; Instituto de Pesquisas e Estudos em Administra\u00e7\u00e3o Universit\u00e1ria (UFSC). A sua atividade de investiga\u00e7\u00e3o centra-se na \u00e1rea da gest\u00e3o de projetos, empreendedorismo, gest\u00e3o do conhecimento, pol\u00edticas p\u00fablicas e avalia\u00e7\u00e3o da educa\u00e7\u00e3o superior. Autor e coautor de livros ligados \u00e0 gest\u00e3o universit\u00e1ria, tecnologias digitais e desenvolvimento econ\u00f3mico.<br>Al\u00e9m da experi\u00eancia acad\u00e9mica em institui\u00e7\u00f5es de ensino nacionais e internacionais, foi consultor em importantes organiza\u00e7\u00f5es europeias, nomeadamente na PricewaterhouseCoopers em Portugal.<br>Salientamos o importante contributo do Professor Giovani Ehrhardt para a linha de investiga\u00e7\u00e3o do SOCIUS \u201cDesenvolvimento Sustent\u00e1vel, Terceiro Sector e Redes Sociais\u201d, destacando a sua mais recente participa\u00e7\u00e3o na organiza\u00e7\u00e3o do<a href=\"https:\/\/socius.rc.iseg.ulisboa.pt\/eventos\/Eventos%20Online.shtml\" target=\"_blank\" rel=\"noreferrer noopener\">\u00a0Semin\u00e1rio Internacional \u201cConting\u00eancias da Pandemia gerada pelo Covid-19 nas Sociedades Contempor\u00e2neas<\/a>, sempre com enorme dedica\u00e7\u00e3o e entusiasmo.<\/p>\n\n\n\n<p><strong>Ant\u00f3nio Carlos dos Santos<\/strong>\u00a0(1945-2020)<br>Membro Investigador do SOCIUS e Professor do ISEG durante mais de tr\u00eas d\u00e9cadas, onde lecionou Direito Econ\u00f3mico, Direito Comunit\u00e1rio, Direito do Trabalho e Sindicalismo, Ci\u00eancia Pol\u00edtica, Teoria das Forma\u00e7\u00f5es Sociais (Teoria do Estado), Quadros Institucionais da Vida Econ\u00f3mica e No\u00e7\u00f5es Fundamentais de Direito.<br>Nascido em 1945, na P\u00f3voa de Varzim, Ant\u00f3nio Carlos dos Santos foi membro efectivo do\u00a0<em>VAT Expert Group<\/em>\u00a0da Comiss\u00e3o Europeia e esteve ligado a v\u00e1rios projetos de coopera\u00e7\u00e3o com os PALOP.<br>Foi Secret\u00e1rio de Estado dos Assuntos Fiscais no XIII Governo, entre 1995 e 1999. Ap\u00f3s a sua sa\u00edda do governo, durante aproximadamente uma d\u00e9cada, integrou o Gabinete de Estudos da Ordem dos Contabilistas Certificados, contribuindo com dezenas de artigos para a Revista \u201cTOC\/Contabilista\u201d, bem como na organiza\u00e7\u00e3o de confer\u00eancias no \u00e2mbito da fiscalidade. Foi conselheiro financeiro do Minist\u00e9rio dos Neg\u00f3cios Estrangeiros, na REPER, em Bruxelas, como coordenador do N\u00facleo de Economia e Finan\u00e7as, e foi tamb\u00e9m membro do grupo de pol\u00edtica fiscal da Comiss\u00e3o Europeia (Grupo Monti) e do grupo do c\u00f3digo de conduta sobre a fiscalidade direta das empresas (Grupo Primarolo).Autor de vasta bibliografia, com trabalhos publicados em livros e artigos acad\u00e9micos nas \u00e1reas do Direito Econ\u00f3mico, Direito Fiscal, Finan\u00e7as P\u00fablicas, Ci\u00eancia Pol\u00edtica, Direito Europeu e Direito da Concorr\u00eancia.<\/p>\n","protected":false},"excerpt":{"rendered":"Maria Rita Duarte Raposo&nbsp;(1963-2024)Licenciada em Sociologia pela FCSH\/UNL, Mestre em Economia Doutorada em Sociologia Econ\u00f3mica e das Organiza\u00e7\u00f5es pelo ISEG, a Rita foi uma figura central no desenvolvimento da sociologia&nbsp;[&#8230;]","protected":false},"author":5,"featured_media":0,"parent":312,"menu_order":0,"comment_status":"closed","ping_status":"closed","template":"","meta":{"inline_featured_image":false,"_uag_custom_page_level_css":"","footnotes":""},"acf":[],"uagb_featured_image_src":{"full":false,"thumbnail":false,"medium":false,"medium_large":false,"large":false,"1536x1536":false,"2048x2048":false},"uagb_author_info":{"display_name":"diogoalmeida","author_link":"https:\/\/www.iseg.ulisboa.pt\/socius\/author\/diogoalmeida\/"},"uagb_comment_info":0,"uagb_excerpt":"Maria Rita Duarte Raposo&nbsp;(1963-2024)Licenciada em Sociologia pela FCSH\/UNL, Mestre em Economia Doutorada em Sociologia Econ\u00f3mica e das Organiza\u00e7\u00f5es pelo ISEG, a Rita foi uma figura central no desenvolvimento da sociologia&nbsp;[...]","_links":{"self":[{"href":"https:\/\/www.iseg.ulisboa.pt\/socius\/wp-json\/wp\/v2\/pages\/314"}],"collection":[{"href":"https:\/\/www.iseg.ulisboa.pt\/socius\/wp-json\/wp\/v2\/pages"}],"about":[{"href":"https:\/\/www.iseg.ulisboa.pt\/socius\/wp-json\/wp\/v2\/types\/page"}],"author":[{"embeddable":true,"href":"https:\/\/www.iseg.ulisboa.pt\/socius\/wp-json\/wp\/v2\/users\/5"}],"replies":[{"embeddable":true,"href":"https:\/\/www.iseg.ulisboa.pt\/socius\/wp-json\/wp\/v2\/comments?post=314"}],"version-history":[{"count":1,"href":"https:\/\/www.iseg.ulisboa.pt\/socius\/wp-json\/wp\/v2\/pages\/314\/revisions"}],"predecessor-version":[{"id":315,"href":"https:\/\/www.iseg.ulisboa.pt\/socius\/wp-json\/wp\/v2\/pages\/314\/revisions\/315"}],"up":[{"embeddable":true,"href":"https:\/\/www.iseg.ulisboa.pt\/socius\/wp-json\/wp\/v2\/pages\/312"}],"wp:attachment":[{"href":"https:\/\/www.iseg.ulisboa.pt\/socius\/wp-json\/wp\/v2\/media?parent=314"}],"curies":[{"name":"wp","href":"https:\/\/api.w.org\/{rel}","templated":true}]}}