{"id":316,"date":"2025-07-07T15:21:14","date_gmt":"2025-07-07T15:21:14","guid":{"rendered":"https:\/\/www.iseg.ulisboa.pt\/socius\/?page_id=316"},"modified":"2026-04-01T16:34:49","modified_gmt":"2026-04-01T16:34:49","slug":"equipa-de-apoio","status":"publish","type":"page","link":"https:\/\/www.iseg.ulisboa.pt\/socius\/equipa\/equipa-de-apoio\/","title":{"rendered":"Equipa de Apoio"},"content":{"rendered":"\n<section class=\"block-team \">\n    <div class=\"container\">\n                \n\t\t<div class=\"team-list js-lmc-container\" data-columns>\n\t\t\t\n                \t\t\t\t\n                <div class=\"faculty-list__item js-list-item\">\n                    <a href=\"\" class=\"faculty-item__photo disabled-link\">\n                    <img decoding=\"async\" src=\"https:\/\/www.iseg.ulisboa.pt\/socius\/wp-content\/uploads\/sites\/27\/2026\/04\/IMG_1729.jpg\" class=\"image-cover\" alt=\"\" srcset=\"https:\/\/www.iseg.ulisboa.pt\/socius\/wp-content\/uploads\/sites\/27\/2026\/04\/IMG_1729.jpg 4000w, https:\/\/www.iseg.ulisboa.pt\/socius\/wp-content\/uploads\/sites\/27\/2026\/04\/IMG_1729-300x300.jpg 300w, https:\/\/www.iseg.ulisboa.pt\/socius\/wp-content\/uploads\/sites\/27\/2026\/04\/IMG_1729-150x150.jpg 150w, https:\/\/www.iseg.ulisboa.pt\/socius\/wp-content\/uploads\/sites\/27\/2026\/04\/IMG_1729-1536x1536.jpg 1536w, https:\/\/www.iseg.ulisboa.pt\/socius\/wp-content\/uploads\/sites\/27\/2026\/04\/IMG_1729-2048x2048.jpg 2048w\" sizes=\"(max-width: 4000px) 100vw, 4000px\" \/>                    <\/a>\n                    <a href=\"\" class=\"faculty-item__name disabled-link\">Teresa Oliveira<\/a>\n                    <div class=\"faculty-item__job\">Apoio Administrativo<\/div>\n                                        <a class=\"faculty-item__email\" href=\"mailto:socius@iseg.ulisboa.pt\">socius@iseg.ulisboa.pt<\/a>\n                    <br>\n                                                            <a class=\"faculty-item__phone\" href=\"telto:213925910\">213925910<\/a>\n                                    <\/div>\n\n\t\t\t\n                \t\t\t\t\n                <div class=\"faculty-list__item js-list-item\">\n                    <a href=\"\" class=\"faculty-item__photo disabled-link\">\n                    <img decoding=\"async\" src=\"https:\/\/www.iseg.ulisboa.pt\/socius\/wp-content\/uploads\/2021\/02\/faculty-default.png\" class=\"image-cover\">                    <\/a>\n                    <a href=\"\" class=\"faculty-item__name disabled-link\">Bruno Gon\u00e7alves<\/a>\n                    <div class=\"faculty-item__job\">Gest\u00e3o de Ci\u00eancia<\/div>\n                                        <a class=\"faculty-item__email\" href=\"mailto:brunogancalves@iseg.ulisboa.pt\">brunogancalves@iseg.ulisboa.pt<\/a>\n                    <br>\n                                                            <a class=\"faculty-item__phone\" href=\"telto:213922880\">213922880<\/a>\n                                    <\/div>\n\n\t\t\t\n                \t\t\t\t\n                <div class=\"faculty-list__item js-list-item\">\n                    <a href=\"\" class=\"faculty-item__photo disabled-link\">\n                    <img decoding=\"async\" src=\"https:\/\/www.iseg.ulisboa.pt\/socius\/wp-content\/uploads\/sites\/27\/2026\/04\/IMG_1682-Copy-2-e1775061175696.jpg\" class=\"image-cover\" alt=\"\" srcset=\"https:\/\/www.iseg.ulisboa.pt\/socius\/wp-content\/uploads\/sites\/27\/2026\/04\/IMG_1682-Copy-2-e1775061175696.jpg 3192w, https:\/\/www.iseg.ulisboa.pt\/socius\/wp-content\/uploads\/sites\/27\/2026\/04\/IMG_1682-Copy-2-e1775061175696-298x300.jpg 298w, https:\/\/www.iseg.ulisboa.pt\/socius\/wp-content\/uploads\/sites\/27\/2026\/04\/IMG_1682-Copy-2-e1775061175696-150x150.jpg 150w, https:\/\/www.iseg.ulisboa.pt\/socius\/wp-content\/uploads\/sites\/27\/2026\/04\/IMG_1682-Copy-2-e1775061175696-1528x1536.jpg 1528w, https:\/\/www.iseg.ulisboa.pt\/socius\/wp-content\/uploads\/sites\/27\/2026\/04\/IMG_1682-Copy-2-e1775061175696-2037x2048.jpg 2037w, https:\/\/www.iseg.ulisboa.pt\/socius\/wp-content\/uploads\/sites\/27\/2026\/04\/IMG_1682-Copy-2-e1775061175696-768x772.jpg 768w, https:\/\/www.iseg.ulisboa.pt\/socius\/wp-content\/uploads\/sites\/27\/2026\/04\/IMG_1682-Copy-2-e1775061175696-1019x1024.jpg 1019w\" sizes=\"(max-width: 3192px) 100vw, 3192px\" \/>                    <\/a>\n                    <a href=\"\" class=\"faculty-item__name disabled-link\">M\u00f3nica Fraga<\/a>\n                    <div class=\"faculty-item__job\">Comunica\u00e7\u00e3o de Ci\u00eancia<\/div>\n                                        <a class=\"faculty-item__email\" href=\"mailto:monicafraga@iseg.ulisboa.pt\">monicafraga@iseg.ulisboa.pt<\/a>\n                    <br>\n                                                            <a class=\"faculty-item__phone\" href=\"telto:213925914\">213925914<\/a>\n                                    <\/div>\n\n\t\t\t\t\t<\/div>\n    <\/div>\n<\/section>","protected":false},"excerpt":{"rendered":"","protected":false},"author":5,"featured_media":0,"parent":312,"menu_order":0,"comment_status":"closed","ping_status":"closed","template":"","meta":{"inline_featured_image":false,"_uag_custom_page_level_css":"","footnotes":""},"acf":[],"uagb_featured_image_src":{"full":false,"thumbnail":false,"medium":false,"medium_large":false,"large":false,"1536x1536":false,"2048x2048":false},"uagb_author_info":{"display_name":"diogoalmeida","author_link":"https:\/\/www.iseg.ulisboa.pt\/socius\/author\/diogoalmeida\/"},"uagb_comment_info":0,"uagb_excerpt":null,"_links":{"self":[{"href":"https:\/\/www.iseg.ulisboa.pt\/socius\/wp-json\/wp\/v2\/pages\/316"}],"collection":[{"href":"https:\/\/www.iseg.ulisboa.pt\/socius\/wp-json\/wp\/v2\/pages"}],"about":[{"href":"https:\/\/www.iseg.ulisboa.pt\/socius\/wp-json\/wp\/v2\/types\/page"}],"author":[{"embeddable":true,"href":"https:\/\/www.iseg.ulisboa.pt\/socius\/wp-json\/wp\/v2\/users\/5"}],"replies":[{"embeddable":true,"href":"https:\/\/www.iseg.ulisboa.pt\/socius\/wp-json\/wp\/v2\/comments?post=316"}],"version-history":[{"count":4,"href":"https:\/\/www.iseg.ulisboa.pt\/socius\/wp-json\/wp\/v2\/pages\/316\/revisions"}],"predecessor-version":[{"id":440,"href":"https:\/\/www.iseg.ulisboa.pt\/socius\/wp-json\/wp\/v2\/pages\/316\/revisions\/440"}],"up":[{"embeddable":true,"href":"https:\/\/www.iseg.ulisboa.pt\/socius\/wp-json\/wp\/v2\/pages\/312"}],"wp:attachment":[{"href":"https:\/\/www.iseg.ulisboa.pt\/socius\/wp-json\/wp\/v2\/media?parent=316"}],"curies":[{"name":"wp","href":"https:\/\/api.w.org\/{rel}","templated":true}]}}