{"id":33,"date":"2024-12-19T22:34:43","date_gmt":"2024-12-19T22:34:43","guid":{"rendered":"https:\/\/www.iseg.ulisboa.pt\/socius\/?page_id=33"},"modified":"2025-06-22T15:13:11","modified_gmt":"2025-06-22T15:13:11","slug":"investigacao","status":"publish","type":"page","link":"https:\/\/www.iseg.ulisboa.pt\/socius\/investigacao\/","title":{"rendered":"Investiga\u00e7\u00e3o"},"content":{"rendered":"\n<h4 class=\"wp-block-heading\">\u00c1reas de Investiga\u00e7\u00e3o<\/h4>\n\n\n\n<ul>\n<li>Emprego, G\u00e9nero e Migra\u00e7\u00f5es<\/li>\n\n\n\n<li>Ci\u00eancia, Tecnologia e Inova\u00e7\u00e3o<\/li>\n\n\n\n<li>Estado e Pol\u00edticas P\u00fablicas<\/li>\n\n\n\n<li>Mercados e Financeiriza\u00e7\u00e3o<\/li>\n\n\n\n<li>Organiza\u00e7\u00f5es, Profiss\u00f5es e Qualifica\u00e7\u00f5es<\/li>\n\n\n\n<li>Envelhecimento, Sa\u00fade e Cuidados<\/li>\n\n\n\n<li>Desenvolvimento Sustent\u00e1vel, Terceiro Setor e Redes Sociais<\/li>\n<\/ul>\n","protected":false},"excerpt":{"rendered":"\u00c1reas de Investiga\u00e7\u00e3o","protected":false},"author":5,"featured_media":0,"parent":0,"menu_order":0,"comment_status":"closed","ping_status":"closed","template":"","meta":{"inline_featured_image":false,"_uag_custom_page_level_css":"","footnotes":""},"acf":[],"uagb_featured_image_src":{"full":false,"thumbnail":false,"medium":false,"medium_large":false,"large":false,"1536x1536":false,"2048x2048":false},"uagb_author_info":{"display_name":"diogoalmeida","author_link":"https:\/\/www.iseg.ulisboa.pt\/socius\/author\/diogoalmeida\/"},"uagb_comment_info":0,"uagb_excerpt":"\u00c1reas de Investiga\u00e7\u00e3o","_links":{"self":[{"href":"https:\/\/www.iseg.ulisboa.pt\/socius\/wp-json\/wp\/v2\/pages\/33"}],"collection":[{"href":"https:\/\/www.iseg.ulisboa.pt\/socius\/wp-json\/wp\/v2\/pages"}],"about":[{"href":"https:\/\/www.iseg.ulisboa.pt\/socius\/wp-json\/wp\/v2\/types\/page"}],"author":[{"embeddable":true,"href":"https:\/\/www.iseg.ulisboa.pt\/socius\/wp-json\/wp\/v2\/users\/5"}],"replies":[{"embeddable":true,"href":"https:\/\/www.iseg.ulisboa.pt\/socius\/wp-json\/wp\/v2\/comments?post=33"}],"version-history":[{"count":2,"href":"https:\/\/www.iseg.ulisboa.pt\/socius\/wp-json\/wp\/v2\/pages\/33\/revisions"}],"predecessor-version":[{"id":178,"href":"https:\/\/www.iseg.ulisboa.pt\/socius\/wp-json\/wp\/v2\/pages\/33\/revisions\/178"}],"wp:attachment":[{"href":"https:\/\/www.iseg.ulisboa.pt\/socius\/wp-json\/wp\/v2\/media?parent=33"}],"curies":[{"name":"wp","href":"https:\/\/api.w.org\/{rel}","templated":true}]}}