{"id":25,"date":"2023-04-22T10:03:00","date_gmt":"2023-04-22T10:03:00","guid":{"rendered":"https:\/\/www.iseg.ulisboa.pt\/sustentabilidade\/?page_id=25"},"modified":"2024-09-11T10:10:03","modified_gmt":"2024-09-11T10:10:03","slug":"sustainability-in-research","status":"publish","type":"page","link":"https:\/\/www.iseg.ulisboa.pt\/sustentabilidade\/en\/sustainability-in-research\/","title":{"rendered":"Sustainability in Research"},"content":{"rendered":"<div class=\"block-hero\">\n\t<div class=\"block-hero-content\">\n\t\t<div class=\"container\">\n\t\t\t<div class=\"hero-subtitle\"><\/div>\n\t\t\t<h1 class=\"hero-title\">Sustainability in Research<\/h1>\n\t\t\t<div class=\"hero-description\"><\/div>\n\t\t\t\t\t<\/div>\n\t\t\t<\/div>\n\n\t\n\t\t\t<div class=\"block-hero-image\">\n\t\t\t<img decoding=\"async\" src=\"https:\/\/www.iseg.ulisboa.pt\/sustentabilidade\/wp-content\/uploads\/sites\/20\/2023\/04\/biblioteca.jpg\" class=\"image-cover\" alt=\"\" srcset=\"https:\/\/www.iseg.ulisboa.pt\/sustentabilidade\/wp-content\/uploads\/sites\/20\/2023\/04\/biblioteca.jpg 1450w, https:\/\/www.iseg.ulisboa.pt\/sustentabilidade\/wp-content\/uploads\/sites\/20\/2023\/04\/biblioteca-300x150.jpg 300w\" sizes=\"(max-width: 1450px) 100vw, 1450px\" \/>\t\t<\/div>\n\t\t<div class=\"block-hero-image mobile\">\n\t\t\t<img decoding=\"async\" src=\"https:\/\/www.iseg.ulisboa.pt\/sustentabilidade\/wp-content\/uploads\/sites\/20\/2023\/04\/biblioteca.jpg\" class=\"image-cover\" alt=\"\" srcset=\"https:\/\/www.iseg.ulisboa.pt\/sustentabilidade\/wp-content\/uploads\/sites\/20\/2023\/04\/biblioteca.jpg 1450w, https:\/\/www.iseg.ulisboa.pt\/sustentabilidade\/wp-content\/uploads\/sites\/20\/2023\/04\/biblioteca-300x150.jpg 300w\" sizes=\"(max-width: 1450px) 100vw, 1450px\" \/>\t\t<\/div>\n\t\n<\/div>\n\n\n<div style=\"height:100px\" aria-hidden=\"true\" class=\"wp-block-spacer\"><\/div>\n\n\n<div class=\"block-intro-text has-iseg-white-color has-iseg-dark-grey-background\">\n\t<div class=\"intro-text\">As a leading institution in economics and management with two excellent Research Centres, we recognise the importance of developing research on global challenges such as climate change, poverty and good governance. <\/div>\n\t<div class=\"intro-text-anim-left-layer\"><\/div>\n\t<div class=\"intro-text-anim-right-layer\"><\/div>\n<\/div>\n\n\n\n<div style=\"height:100px\" aria-hidden=\"true\" class=\"wp-block-spacer\"><\/div>\n\n\n\n<div class=\"wp-block-columns is-layout-flex wp-container-core-columns-is-layout-1 wp-block-columns-is-layout-flex\">\n<div class=\"wp-block-column is-layout-flow wp-block-column-is-layout-flow\" style=\"flex-basis:66.66%\">\n<h2 class=\"wp-block-heading has-iseg-red-color has-text-color\">Research Projects<\/h2>\n\n\n\n<p>The research projects seek to create new knowledge and practices that drive sustainable development. Get to know some of the research projects that have sustainability as a pillar.<\/p>\n<\/div>\n\n\n\n<div class=\"wp-block-column is-layout-flow wp-block-column-is-layout-flow\" style=\"flex-basis:33.33%\"><\/div>\n<\/div>\n\n\n\n<!-- Media\/text -->\n<div class=\"block-media-text\">\n\t<div class=\"container\">\n\t\t<div class=\"block-media-text__container\">\n\t\t\t<img decoding=\"async\" src=\"https:\/\/www.iseg.ulisboa.pt\/sustentabilidade\/wp-content\/themes\/iseg\/assets\/images\/red-shape.svg\" loading=\"lazy\" alt=\"shape\" class=\"block-media-text__red-shape\" \/>\n\t\t\t<figure class=\"block-media-text__media\">\n\t\t\t\t<div class=\"media-text-anim-left-layer\"><\/div>\n\t\t\t\t<div class=\"media-text-anim-right-layer\"><\/div>\n\t\t\t\t<img decoding=\"async\" src=\"https:\/\/www.iseg.ulisboa.pt\/sustentabilidade\/wp-content\/uploads\/sites\/20\/2023\/04\/eGroundWater.png\" class=\"image-cover\" alt=\"\" srcset=\"https:\/\/www.iseg.ulisboa.pt\/sustentabilidade\/wp-content\/uploads\/sites\/20\/2023\/04\/eGroundWater.png 1006w, https:\/\/www.iseg.ulisboa.pt\/sustentabilidade\/wp-content\/uploads\/sites\/20\/2023\/04\/eGroundWater-300x227.png 300w\" sizes=\"(max-width: 1006px) 100vw, 1006px\" \/>\t\t\t<\/figure>\n\t\t\t<div class=\"block-media-text__content\">\n\t\t\t\t<h2 class=\"block-media-text__heading\">eGROUND WATER<\/h2>\n\t\t\t\t<p class=\"block-media-text__paragraph\">Platform for participatory and sustainable groundwater management The project using the eGROUNDWATER platform aims to support sustainable aquifer management.<\/p>\n\t\t\t\t\t\t\t\t\t<a href=\"https:\/\/egroundwater.com\/\" class=\"link-learnmore\" title=\"Find out more\" target=\"_blank\">\n\t\t\t\t\t\tFind out more\t\t\t\t\t<\/a>\n\t\t\t\t\t\t\t<\/div>\n\t\t<\/div>\n\t<\/div>\n<\/div>\n\n\n\n<!-- Media\/text -->\n<div class=\"block-media-text-inverted\">\n\t<div class=\"container\">\n\t\t<div class=\"block-media-text-inverted__container\">\n\t\t\t<img decoding=\"async\" src=\"https:\/\/www.iseg.ulisboa.pt\/sustentabilidade\/wp-content\/themes\/iseg\/assets\/images\/red-shape-inverted.svg\" loading=\"lazy\" alt=\"shape\" class=\"block-media-text-inverted__red-shape\" \/>\n\t\t\t<figure class=\"block-media-text-inverted__media\">\n\t\t\t\t<div class=\"media-text-anim-left-layer\"><\/div>\n\t\t\t\t<div class=\"media-text-anim-right-layer\"><\/div>\n\t\t\t\t<img decoding=\"async\" src=\"https:\/\/www.iseg.ulisboa.pt\/sustentabilidade\/wp-content\/uploads\/sites\/20\/2023\/04\/SustinAfrica.png\" class=\"image-cover\" alt=\"\" srcset=\"https:\/\/www.iseg.ulisboa.pt\/sustentabilidade\/wp-content\/uploads\/sites\/20\/2023\/04\/SustinAfrica.png 1341w, https:\/\/www.iseg.ulisboa.pt\/sustentabilidade\/wp-content\/uploads\/sites\/20\/2023\/04\/SustinAfrica-300x226.png 300w\" sizes=\"(max-width: 1341px) 100vw, 1341px\" \/>\t\t\t<\/figure>\n\t\t\t<div class=\"block-media-text-inverted__content\">\n\t\t\t\t<h2 class=\"block-media-text-inverted__heading\">SustInAfrica<\/h2>\n\t\t\t\t<p class=\"block-media-text__paragraph\">The aim of SustInAfrica is to enable smallholder farmers and SMEs (small and medium-sized) agricultural enterprises in West and North Africa to practice intensive and sustainable agriculture in these regions.<\/p>\n\t\t\t\t\t\t\t<\/div>\n\t\t<\/div>\n\t<\/div>\n<\/div>\n\n\n\n<!-- Media\/text -->\n<div class=\"block-media-text\">\n\t<div class=\"container\">\n\t\t<div class=\"block-media-text__container\">\n\t\t\t<img decoding=\"async\" src=\"https:\/\/www.iseg.ulisboa.pt\/sustentabilidade\/wp-content\/themes\/iseg\/assets\/images\/red-shape.svg\" loading=\"lazy\" alt=\"shape\" class=\"block-media-text__red-shape\" \/>\n\t\t\t<figure class=\"block-media-text__media\">\n\t\t\t\t<div class=\"media-text-anim-left-layer\"><\/div>\n\t\t\t\t<div class=\"media-text-anim-right-layer\"><\/div>\n\t\t\t\t<img decoding=\"async\" src=\"https:\/\/www.iseg.ulisboa.pt\/sustentabilidade\/wp-content\/uploads\/sites\/20\/2023\/04\/SustainableFinance.png\" class=\"image-cover\" alt=\"\" srcset=\"https:\/\/www.iseg.ulisboa.pt\/sustentabilidade\/wp-content\/uploads\/sites\/20\/2023\/04\/SustainableFinance.png 1340w, https:\/\/www.iseg.ulisboa.pt\/sustentabilidade\/wp-content\/uploads\/sites\/20\/2023\/04\/SustainableFinance-300x227.png 300w\" sizes=\"(max-width: 1340px) 100vw, 1340px\" \/>\t\t\t<\/figure>\n\t\t\t<div class=\"block-media-text__content\">\n\t\t\t\t<h2 class=\"block-media-text__heading\">SKFC<\/h2>\n\t\t\t\t<p class=\"block-media-text__paragraph\">The Sustainable Finance Knowledge Centre (SFKC) was created in 2021 in partnership with the British Embassy in Lisbon and EURONEXT, becoming the first centre in Portugal dedicated to the study and discussion of sustainable finance.<\/p>\n\t\t\t\t\t\t\t<\/div>\n\t\t<\/div>\n\t<\/div>\n<\/div>\n\n\n\n<div class=\"block-media-long-text\">\n\t<div class=\"container\">\n\t\t<div class=\"block-media-long-text__container\">\n\t\t\t<div class=\"block-media-long-text__content\">\n\t\t\t\t<h3><span style=\"color: #e73433\">ISEG's Research Contribution to the SDGs<\/span><\/h3>\n<p>The greatest contribution of universities to the SDGs is through scientific research and training. In order to determine and quantify ISEG's contribution in the last 10 years, a mapping was carried out, within the scope of a Master's thesis during 2020.<\/p>\n<p>There is no doubt that ISEG has contributed to the various SDGs. However, the big challenge ahead of us is to be able to develop more research, theses and knowledge capable of connecting the various SDGs and understanding the interdependencies between them.<\/p>\n\t\t\t<\/div>\n\t\t\t<div class=\"block-media-long-text__media\">\n\t\t\t\t<img decoding=\"async\" src=\"https:\/\/www.iseg.ulisboa.pt\/sustentabilidade\/wp-content\/uploads\/sites\/20\/2023\/04\/Contribuicao-SDG.png\" class=\"image-cover\" alt=\"\" srcset=\"https:\/\/www.iseg.ulisboa.pt\/sustentabilidade\/wp-content\/uploads\/sites\/20\/2023\/04\/Contribuicao-SDG.png 570w, https:\/\/www.iseg.ulisboa.pt\/sustentabilidade\/wp-content\/uploads\/sites\/20\/2023\/04\/Contribuicao-SDG-250x300.png 250w\" sizes=\"(max-width: 570px) 100vw, 570px\" \/>\t\t\t<\/div>\n\t\t<\/div>\n\t<\/div>\n<\/div>\n\n\n\n<!-- Media\/text -->\n<div class=\"block-media-text-inverted\">\n\t<div class=\"container\">\n\t\t<div class=\"block-media-text-inverted__container\">\n\t\t\t<img decoding=\"async\" src=\"https:\/\/www.iseg.ulisboa.pt\/sustentabilidade\/wp-content\/themes\/iseg\/assets\/images\/red-shape-inverted.svg\" loading=\"lazy\" alt=\"shape\" class=\"block-media-text-inverted__red-shape\" \/>\n\t\t\t<figure class=\"block-media-text-inverted__media\">\n\t\t\t\t<div class=\"media-text-anim-left-layer\"><\/div>\n\t\t\t\t<div class=\"media-text-anim-right-layer\"><\/div>\n\t\t\t\t\t\t\t<\/figure>\n\t\t\t<div class=\"block-media-text-inverted__content\">\n\t\t\t\t<h2 class=\"block-media-text-inverted__heading\">Film Cycle &amp; Debates<\/h2>\n\t\t\t\t<p class=\"block-media-text__paragraph\">ISEG, SOCIUS and UFRGS have joined forces to organise this Cycle of Cinema &amp; Debates, which addresses key issues for contemporary society.<\/p>\n\t\t\t\t\t\t\t\t\t<a href=\"https:\/\/www.iseg.ulisboa.pt\/sustentabilidade\/en\/cinema-work-organisations-society-a-portuguese-brazilian-dialogue\/\" class=\"link-learnmore\" title=\"Find out more\" target=\"_blank\">\n\t\t\t\t\t\tFind out more\t\t\t\t\t<\/a>\n\t\t\t\t\t\t\t<\/div>\n\t\t<\/div>\n\t<\/div>\n<\/div>","protected":false},"excerpt":{"rendered":"Research Projects Research projects seek to create new knowledge and practices that promote sustainable development. Get to know some of the research projects that have sustainability [...]","protected":false},"author":2,"featured_media":0,"parent":0,"menu_order":0,"comment_status":"closed","ping_status":"closed","template":"tpl-page-blocks.php","meta":{"inline_featured_image":false,"_uag_custom_page_level_css":"","footnotes":""},"acf":[],"uagb_featured_image_src":{"full":false,"thumbnail":false,"medium":false,"medium_large":false,"large":false,"1536x1536":false,"2048x2048":false,"trp-custom-language-flag":false},"uagb_author_info":{"display_name":"Major","author_link":"https:\/\/www.iseg.ulisboa.pt\/sustentabilidade\/en\/author\/leihla\/"},"uagb_comment_info":0,"uagb_excerpt":"Projetos de Investiga\u00e7\u00e3o Os projetos de investiga\u00e7\u00e3o buscam a cria\u00e7\u00e3o de novos conhecimentos e pr\u00e1ticas que impulsionam o desenvolvimento sustent\u00e1vel. Conhe\u00e7a alguns dos projetos de investiga\u00e7\u00e3o que tem a sustentabilidade&nbsp;[...]","_links":{"self":[{"href":"https:\/\/www.iseg.ulisboa.pt\/sustentabilidade\/en\/wp-json\/wp\/v2\/pages\/25"}],"collection":[{"href":"https:\/\/www.iseg.ulisboa.pt\/sustentabilidade\/en\/wp-json\/wp\/v2\/pages"}],"about":[{"href":"https:\/\/www.iseg.ulisboa.pt\/sustentabilidade\/en\/wp-json\/wp\/v2\/types\/page"}],"author":[{"embeddable":true,"href":"https:\/\/www.iseg.ulisboa.pt\/sustentabilidade\/en\/wp-json\/wp\/v2\/users\/2"}],"replies":[{"embeddable":true,"href":"https:\/\/www.iseg.ulisboa.pt\/sustentabilidade\/en\/wp-json\/wp\/v2\/comments?post=25"}],"version-history":[{"count":40,"href":"https:\/\/www.iseg.ulisboa.pt\/sustentabilidade\/en\/wp-json\/wp\/v2\/pages\/25\/revisions"}],"predecessor-version":[{"id":580,"href":"https:\/\/www.iseg.ulisboa.pt\/sustentabilidade\/en\/wp-json\/wp\/v2\/pages\/25\/revisions\/580"}],"wp:attachment":[{"href":"https:\/\/www.iseg.ulisboa.pt\/sustentabilidade\/en\/wp-json\/wp\/v2\/media?parent=25"}],"curies":[{"name":"wp","href":"https:\/\/api.w.org\/{rel}","templated":true}]}}