{"id":259,"date":"2024-02-07T11:49:21","date_gmt":"2024-02-07T11:49:21","guid":{"rendered":"https:\/\/www.iseg.ulisboa.pt\/sustentabilidade\/?page_id=259"},"modified":"2024-07-09T15:34:51","modified_gmt":"2024-07-09T15:34:51","slug":"mini-forest","status":"publish","type":"page","link":"https:\/\/www.iseg.ulisboa.pt\/sustentabilidade\/en\/mini-forest\/","title":{"rendered":"Mini-forest"},"content":{"rendered":"<p><strong><br>Welcome to the ISEG Mini-forest!<\/strong><\/p>\n\n\n\n<p>On 2 February 2024, ISEG will take a significant step towards sustainability by inaugurating its own mini-forest. This project represents an important milestone in the intersection between ecology and economics, bringing to light the deep connection between the two fields that share the same etymological root - \"eco\", from the Greek \"oikos\", meaning \"home\".<\/p>\n\n\n\n<p>ISEG's mini-forest is an integral part of the research project <a href=\"https:\/\/socius.rc.iseg.ulisboa.pt\/investigacao\/Projecto%20TERRARE.shtml\" data-type=\"link\" data-id=\"https:\/\/socius.rc.iseg.ulisboa.pt\/investigacao\/Projecto%20TERRARE.shtml\" target=\"_blank\" rel=\"noreferrer noopener\">TERRARE<\/a>conducted at the <a href=\"https:\/\/socius.rc.iseg.ulisboa.pt\/\" data-type=\"link\" data-id=\"https:\/\/socius.rc.iseg.ulisboa.pt\/\" target=\"_blank\" rel=\"noreferrer noopener\">SOCIUS\/CSG<\/a> under the coordination of Oriana Rainho Br\u00e1s, in collaboration with Ant\u00f3nio Alexandre da <a href=\"https:\/\/www.2adapt.pt\/index.html\" data-type=\"link\" data-id=\"https:\/\/www.2adapt.pt\/index.html\">2Adapt<\/a> and with the support of Valorsul, the compost supplier. This mini-forest is a living laboratory where the community can learn and interact with nature in a participatory way.<\/p>\n\n\n\n<div class=\"block-media-long-text\">\n\t<div class=\"container\">\n\t\t<div class=\"block-media-long-text__container\">\n\t\t\t<div class=\"block-media-long-text__content\">\n\t\t\t\t<h3 class=\"wp-block-heading has-iseg-red-color has-text-color has-link-color wp-elements-b5e8d1514b3fc50bc4e59bf8f5696066\"><strong>A forest based on the Miyawaki method<\/strong><\/h3>\n<p>&nbsp;<br \/>\nThe Miyawaki method adopted for planting the mini-forest is an innovative approach that aims to create a dense and diverse forest ecosystem made up of native species from different strata.<\/p>\n<p>This method not only promotes rapid plant growth, but also creates a favourable environment for healthy competition for sunlight, allowing the plants to protect each other from climatic extremes.<\/p>\n\t\t\t<\/div>\n\t\t\t<div class=\"block-media-long-text__media\">\n\t\t\t\t<img decoding=\"async\" src=\"https:\/\/www.iseg.ulisboa.pt\/sustentabilidade\/wp-content\/uploads\/sites\/20\/2024\/02\/Floresta3.jpg\" class=\"image-cover\" alt=\"\" srcset=\"https:\/\/www.iseg.ulisboa.pt\/sustentabilidade\/wp-content\/uploads\/sites\/20\/2024\/02\/Floresta3.jpg 1080w, https:\/\/www.iseg.ulisboa.pt\/sustentabilidade\/wp-content\/uploads\/sites\/20\/2024\/02\/Floresta3-300x222.jpg 300w, https:\/\/www.iseg.ulisboa.pt\/sustentabilidade\/wp-content\/uploads\/sites\/20\/2024\/02\/Floresta3-16x12.jpg 16w\" sizes=\"(max-width: 1080px) 100vw, 1080px\" \/>\t\t\t<\/div>\n\t\t<\/div>\n\t<\/div>\n<\/div>\n\n\n\n<div class=\"block-media-long-text\">\n\t<div class=\"container\">\n\t\t<div class=\"block-media-long-text__container inverted\">\n\t\t\t<div class=\"block-media-long-text__content\">\n\t\t\t\t<h3 class=\"wp-block-heading has-iseg-red-color has-text-color has-link-color wp-elements-b5e8d1514b3fc50bc4e59bf8f5696066\"><strong>Created with input from the community<\/strong><\/h3>\n<p>The planting of the mini-forest is the result of a collaborative process involving ISEG students, teachers, researchers and staff.<\/p>\n<p>Through preparatory workshops, the land was cleared and prepared, and the design of the forest reflects the needs and desires of the community, as well as the needs of the plants, microorganisms and animals that will share this space.<\/p>\n\t\t\t<\/div>\n\t\t\t<div class=\"block-media-long-text__media\">\n\t\t\t\t<img decoding=\"async\" src=\"https:\/\/www.iseg.ulisboa.pt\/sustentabilidade\/wp-content\/uploads\/sites\/20\/2024\/02\/Floresta4.jpg\" class=\"image-cover\" alt=\"\" srcset=\"https:\/\/www.iseg.ulisboa.pt\/sustentabilidade\/wp-content\/uploads\/sites\/20\/2024\/02\/Floresta4.jpg 1080w, https:\/\/www.iseg.ulisboa.pt\/sustentabilidade\/wp-content\/uploads\/sites\/20\/2024\/02\/Floresta4-300x222.jpg 300w, https:\/\/www.iseg.ulisboa.pt\/sustentabilidade\/wp-content\/uploads\/sites\/20\/2024\/02\/Floresta4-16x12.jpg 16w\" sizes=\"(max-width: 1080px) 100vw, 1080px\" \/>\t\t\t<\/div>\n\t\t<\/div>\n\t<\/div>\n<\/div>\n\n\n\n<p>Urban mini-forests have demonstrated a series of socio-environmental benefits, from regulating temperature and humidity to reducing pollution and stimulating personal well-being. By joining the network of mini-forests in the Lisbon metropolitan region, ISEG is reaffirming its commitment to sustainability and connecting with nature.<\/p>\n\n\n\n<figure class=\"wp-block-image size-full is-resized\"><img loading=\"lazy\" decoding=\"async\" width=\"1208\" height=\"292\" src=\"https:\/\/www.iseg.ulisboa.pt\/sustentabilidade\/wp-content\/uploads\/sites\/20\/2024\/02\/Barra-Logos-Floresta.png\" alt=\"\" class=\"wp-image-296\" style=\"width:600px\" srcset=\"https:\/\/www.iseg.ulisboa.pt\/sustentabilidade\/wp-content\/uploads\/sites\/20\/2024\/02\/Barra-Logos-Floresta.png 1208w, https:\/\/www.iseg.ulisboa.pt\/sustentabilidade\/wp-content\/uploads\/sites\/20\/2024\/02\/Barra-Logos-Floresta-300x73.png 300w, https:\/\/www.iseg.ulisboa.pt\/sustentabilidade\/wp-content\/uploads\/sites\/20\/2024\/02\/Barra-Logos-Floresta-18x4.png 18w\" sizes=\"(max-width: 1208px) 100vw, 1208px\" \/><\/figure>\n\n\n\n<h3 class=\"wp-block-heading\"><mark style=\"background-color:#ffffff\" class=\"has-inline-color has-iseg-red-color\">Workshops already held:<\/mark><\/h3>\n\n\n\n<div class=\"wp-block-columns is-layout-flex wp-container-core-columns-is-layout-1 wp-block-columns-is-layout-flex\">\n<div class=\"wp-block-column is-layout-flow wp-block-column-is-layout-flow\">\n<figure class=\"wp-block-image size-full\"><img loading=\"lazy\" decoding=\"async\" width=\"1080\" height=\"1080\" src=\"https:\/\/www.iseg.ulisboa.pt\/sustentabilidade\/wp-content\/uploads\/sites\/20\/2024\/07\/10.png\" alt=\"\" class=\"wp-image-459\" srcset=\"https:\/\/www.iseg.ulisboa.pt\/sustentabilidade\/wp-content\/uploads\/sites\/20\/2024\/07\/10.png 1080w, https:\/\/www.iseg.ulisboa.pt\/sustentabilidade\/wp-content\/uploads\/sites\/20\/2024\/07\/10-300x300.png 300w, https:\/\/www.iseg.ulisboa.pt\/sustentabilidade\/wp-content\/uploads\/sites\/20\/2024\/07\/10-150x150.png 150w\" sizes=\"(max-width: 1080px) 100vw, 1080px\" \/><\/figure>\n<\/div>\n\n\n\n<div class=\"wp-block-column is-layout-flow wp-block-column-is-layout-flow\">\n<h4 class=\"wp-block-heading\">1st October 2023<\/h4>\n\n\n\n<p>1st Workshop: Presentation of the Mini-Forest at Sustainability Week<\/p>\n<\/div>\n<\/div>\n\n\n\n<div class=\"wp-block-columns is-layout-flex wp-container-core-columns-is-layout-2 wp-block-columns-is-layout-flex\">\n<div class=\"wp-block-column is-layout-flow wp-block-column-is-layout-flow\"><div class=\"wp-block-image\">\n<figure class=\"alignleft\"><img decoding=\"async\" src=\"https:\/\/www.iseg.ulisboa.pt\/sustentabilidade\/wp-content\/uploads\/sites\/20\/2024\/07\/IMG_20231109_155747.jpg\" alt=\"\" \/><\/figure><\/div><\/div>\n\n\n\n<div class=\"wp-block-column is-layout-flow wp-block-column-is-layout-flow\">\n<h4 class=\"wp-block-heading\">9 November 2023<\/h4>\n\n\n\n<p>2nd Workshop: Mini-forest design<\/p>\n<\/div>\n<\/div>\n\n\n\n<div class=\"wp-block-columns is-layout-flex wp-container-core-columns-is-layout-4 wp-block-columns-is-layout-flex\">\n<div class=\"wp-block-column is-layout-flow wp-block-column-is-layout-flow\">\n<div class=\"wp-block-columns is-layout-flex wp-container-core-columns-is-layout-3 wp-block-columns-is-layout-flex\">\n<div class=\"wp-block-column is-layout-flow wp-block-column-is-layout-flow\">\n<figure class=\"wp-block-image size-full\"><img loading=\"lazy\" decoding=\"async\" width=\"3000\" height=\"4000\" src=\"https:\/\/www.iseg.ulisboa.pt\/sustentabilidade\/wp-content\/uploads\/sites\/20\/2024\/07\/IMG_20231109_152323.jpg\" alt=\"\" class=\"wp-image-457\" srcset=\"https:\/\/www.iseg.ulisboa.pt\/sustentabilidade\/wp-content\/uploads\/sites\/20\/2024\/07\/IMG_20231109_152323.jpg 3000w, https:\/\/www.iseg.ulisboa.pt\/sustentabilidade\/wp-content\/uploads\/sites\/20\/2024\/07\/IMG_20231109_152323-225x300.jpg 225w, https:\/\/www.iseg.ulisboa.pt\/sustentabilidade\/wp-content\/uploads\/sites\/20\/2024\/07\/IMG_20231109_152323-1152x1536.jpg 1152w, https:\/\/www.iseg.ulisboa.pt\/sustentabilidade\/wp-content\/uploads\/sites\/20\/2024\/07\/IMG_20231109_152323-1536x2048.jpg 1536w\" sizes=\"(max-width: 3000px) 100vw, 3000px\" \/><\/figure>\n<\/div>\n\n\n\n<div class=\"wp-block-column is-layout-flow wp-block-column-is-layout-flow\">\n<h4 class=\"wp-block-heading\">16 November 2023<\/h4>\n\n\n\n<p>3rd Workshop: Developing the Mini-Forest Design<\/p>\n<\/div>\n<\/div>\n<\/div>\n<\/div>\n\n\n\n<div class=\"wp-block-columns is-layout-flex wp-container-core-columns-is-layout-5 wp-block-columns-is-layout-flex\">\n<div class=\"wp-block-column is-layout-flow wp-block-column-is-layout-flow\">\n<figure class=\"wp-block-image size-large\"><img loading=\"lazy\" decoding=\"async\" width=\"1024\" height=\"746\" src=\"https:\/\/www.iseg.ulisboa.pt\/sustentabilidade\/wp-content\/uploads\/sites\/20\/2024\/07\/Plantacao-II-e1720453975124-1024x746.jpg\" alt=\"\" class=\"wp-image-453\" srcset=\"https:\/\/www.iseg.ulisboa.pt\/sustentabilidade\/wp-content\/uploads\/sites\/20\/2024\/07\/Plantacao-II-e1720453975124-1024x746.jpg 1024w, https:\/\/www.iseg.ulisboa.pt\/sustentabilidade\/wp-content\/uploads\/sites\/20\/2024\/07\/Plantacao-II-e1720453975124-300x219.jpg 300w, https:\/\/www.iseg.ulisboa.pt\/sustentabilidade\/wp-content\/uploads\/sites\/20\/2024\/07\/Plantacao-II-e1720453975124-1536x1119.jpg 1536w, https:\/\/www.iseg.ulisboa.pt\/sustentabilidade\/wp-content\/uploads\/sites\/20\/2024\/07\/Plantacao-II-e1720453975124-2048x1492.jpg 2048w, https:\/\/www.iseg.ulisboa.pt\/sustentabilidade\/wp-content\/uploads\/sites\/20\/2024\/07\/Plantacao-II-e1720453975124-768x560.jpg 768w\" sizes=\"(max-width: 1024px) 100vw, 1024px\" \/><\/figure>\n<\/div>\n\n\n\n<div class=\"wp-block-column is-layout-flow wp-block-column-is-layout-flow\">\n<h4 class=\"wp-block-heading\">20th December 2023<\/h4>\n\n\n\n<p>4th and 5th Workshop: Clearing the Land<\/p>\n<\/div>\n<\/div>\n\n\n\n<div class=\"wp-block-columns is-layout-flex wp-container-core-columns-is-layout-6 wp-block-columns-is-layout-flex\">\n<div class=\"wp-block-column is-layout-flow wp-block-column-is-layout-flow\">\n<figure class=\"wp-block-image size-full\"><img loading=\"lazy\" decoding=\"async\" width=\"1080\" height=\"1080\" src=\"https:\/\/www.iseg.ulisboa.pt\/sustentabilidade\/wp-content\/uploads\/sites\/20\/2024\/07\/5.png\" alt=\"\" class=\"wp-image-452\" srcset=\"https:\/\/www.iseg.ulisboa.pt\/sustentabilidade\/wp-content\/uploads\/sites\/20\/2024\/07\/5.png 1080w, https:\/\/www.iseg.ulisboa.pt\/sustentabilidade\/wp-content\/uploads\/sites\/20\/2024\/07\/5-300x300.png 300w, https:\/\/www.iseg.ulisboa.pt\/sustentabilidade\/wp-content\/uploads\/sites\/20\/2024\/07\/5-150x150.png 150w\" sizes=\"(max-width: 1080px) 100vw, 1080px\" \/><\/figure>\n<\/div>\n\n\n\n<div class=\"wp-block-column is-layout-flow wp-block-column-is-layout-flow\">\n<h4 class=\"wp-block-heading\">2nd February 2023<\/h4>\n\n\n\n<p>6th Workshop: Planting the ISEG Mini-Forest<\/p>\n<\/div>\n<\/div>\n\n\n\n<div class=\"wp-block-columns is-layout-flex wp-container-core-columns-is-layout-7 wp-block-columns-is-layout-flex\">\n<div class=\"wp-block-column is-layout-flow wp-block-column-is-layout-flow\">\n<figure class=\"wp-block-image size-full\"><img loading=\"lazy\" decoding=\"async\" width=\"800\" height=\"839\" src=\"https:\/\/www.iseg.ulisboa.pt\/sustentabilidade\/wp-content\/uploads\/sites\/20\/2024\/07\/Compostagem.jpg\" alt=\"\" class=\"wp-image-454\" srcset=\"https:\/\/www.iseg.ulisboa.pt\/sustentabilidade\/wp-content\/uploads\/sites\/20\/2024\/07\/Compostagem.jpg 800w, https:\/\/www.iseg.ulisboa.pt\/sustentabilidade\/wp-content\/uploads\/sites\/20\/2024\/07\/Compostagem-286x300.jpg 286w\" sizes=\"(max-width: 800px) 100vw, 800px\" \/><\/figure>\n<\/div>\n\n\n\n<div class=\"wp-block-column is-layout-flow wp-block-column-is-layout-flow\">\n<h4 class=\"wp-block-heading\">22nd April 2024<\/h4>\n\n\n\n<p>7th Workshop: Cleaning, covering with compost and building the ISEG Mini-Forest composter<\/p>\n<\/div>\n<\/div>\n\n\n\n<div class=\"wp-block-columns is-layout-flex wp-container-core-columns-is-layout-8 wp-block-columns-is-layout-flex\">\n<div class=\"wp-block-column is-layout-flow wp-block-column-is-layout-flow\">\n<figure class=\"wp-block-image size-full\"><img loading=\"lazy\" decoding=\"async\" width=\"755\" height=\"665\" src=\"https:\/\/www.iseg.ulisboa.pt\/sustentabilidade\/wp-content\/uploads\/sites\/20\/2024\/07\/joaninha-na-esteva-e1720455675510.jpg\" alt=\"\" class=\"wp-image-458\" srcset=\"https:\/\/www.iseg.ulisboa.pt\/sustentabilidade\/wp-content\/uploads\/sites\/20\/2024\/07\/joaninha-na-esteva-e1720455675510.jpg 755w, https:\/\/www.iseg.ulisboa.pt\/sustentabilidade\/wp-content\/uploads\/sites\/20\/2024\/07\/joaninha-na-esteva-e1720455675510-300x264.jpg 300w\" sizes=\"(max-width: 755px) 100vw, 755px\" \/><\/figure>\n<\/div>\n\n\n\n<div class=\"wp-block-column is-layout-flow wp-block-column-is-layout-flow\">\n<h4 class=\"wp-block-heading\">22nd May 2024<\/h4>\n\n\n\n<p>8th Workshop: Spring planting in the ISEG Mini-Forest<\/p>\n<\/div>\n<\/div>\n\n\n\n<h2 class=\"wp-block-heading\"><mark style=\"background-color:#ffffff\" class=\"has-inline-color has-iseg-red-color\">Smart Cities Magazine<\/mark><\/h2>\n\n\n\n<div class=\"wp-block-columns is-layout-flex wp-container-core-columns-is-layout-9 wp-block-columns-is-layout-flex\">\n<div class=\"wp-block-column is-layout-flow wp-block-column-is-layout-flow\">\n<p>ISEG was featured in Smart Cities magazine for this initiative.<\/p>\n\n\n\n<p><a href=\"https:\/\/smart-cities.pt\/noticias\/miniflorestas-um-terreno-fertil-para-as-cidades-29-12\/\" target=\"_blank\" rel=\"noreferrer noopener\">Find out more<\/a><\/p>\n<\/div>\n\n\n\n<div class=\"wp-block-column is-layout-flow wp-block-column-is-layout-flow\">\n<figure class=\"wp-block-image size-full is-resized\"><img loading=\"lazy\" decoding=\"async\" width=\"650\" height=\"340\" src=\"https:\/\/www.iseg.ulisboa.pt\/sustentabilidade\/wp-content\/uploads\/sites\/20\/2024\/07\/Revista.jpg\" alt=\"\" class=\"wp-image-493\" style=\"width:359px;height:auto\" srcset=\"https:\/\/www.iseg.ulisboa.pt\/sustentabilidade\/wp-content\/uploads\/sites\/20\/2024\/07\/Revista.jpg 650w, https:\/\/www.iseg.ulisboa.pt\/sustentabilidade\/wp-content\/uploads\/sites\/20\/2024\/07\/Revista-300x157.jpg 300w\" sizes=\"(max-width: 650px) 100vw, 650px\" \/><\/figure>\n<\/div>\n<\/div>\n\n\n\n<p><\/p>","protected":false},"excerpt":{"rendered":"Welcome to the ISEG Mini Forest! On 2 February 2024, ISEG will take a significant step towards sustainability by inaugurating its own mini-forest. This project [...]","protected":false},"author":5,"featured_media":261,"parent":30,"menu_order":5,"comment_status":"closed","ping_status":"closed","template":"","meta":{"inline_featured_image":false,"_uag_custom_page_level_css":"","footnotes":""},"acf":[],"uagb_featured_image_src":{"full":["https:\/\/www.iseg.ulisboa.pt\/sustentabilidade\/wp-content\/uploads\/sites\/20\/2024\/02\/Floresta1.jpg",2000,1200,false],"thumbnail":["https:\/\/www.iseg.ulisboa.pt\/sustentabilidade\/wp-content\/uploads\/sites\/20\/2024\/02\/Floresta1-150x150.jpg",150,150,true],"medium":["https:\/\/www.iseg.ulisboa.pt\/sustentabilidade\/wp-content\/uploads\/sites\/20\/2024\/02\/Floresta1-300x180.jpg",300,180,true],"medium_large":["https:\/\/www.iseg.ulisboa.pt\/sustentabilidade\/wp-content\/uploads\/sites\/20\/2024\/02\/Floresta1.jpg",768,461,false],"large":["https:\/\/www.iseg.ulisboa.pt\/sustentabilidade\/wp-content\/uploads\/sites\/20\/2024\/02\/Floresta1.jpg",1024,614,false],"1536x1536":["https:\/\/www.iseg.ulisboa.pt\/sustentabilidade\/wp-content\/uploads\/sites\/20\/2024\/02\/Floresta1-1536x922.jpg",1536,922,true],"2048x2048":["https:\/\/www.iseg.ulisboa.pt\/sustentabilidade\/wp-content\/uploads\/sites\/20\/2024\/02\/Floresta1.jpg",2000,1200,false],"trp-custom-language-flag":["https:\/\/www.iseg.ulisboa.pt\/sustentabilidade\/wp-content\/uploads\/sites\/20\/2024\/02\/Floresta1-18x12.jpg",18,12,true]},"uagb_author_info":{"display_name":"diogoalmeida","author_link":"https:\/\/www.iseg.ulisboa.pt\/sustentabilidade\/en\/author\/diogoalmeida\/"},"uagb_comment_info":0,"uagb_excerpt":"Bem-vindos \u00e0 Mini-floresta do ISEG! No dia 2 de Fevereiro de 2024, o ISEG d\u00e1 um passo significativo em dire\u00e7\u00e3o \u00e0 sustentabilidade ao inaugurar a sua pr\u00f3pria mini-floresta. Este projeto&nbsp;[...]","_links":{"self":[{"href":"https:\/\/www.iseg.ulisboa.pt\/sustentabilidade\/en\/wp-json\/wp\/v2\/pages\/259"}],"collection":[{"href":"https:\/\/www.iseg.ulisboa.pt\/sustentabilidade\/en\/wp-json\/wp\/v2\/pages"}],"about":[{"href":"https:\/\/www.iseg.ulisboa.pt\/sustentabilidade\/en\/wp-json\/wp\/v2\/types\/page"}],"author":[{"embeddable":true,"href":"https:\/\/www.iseg.ulisboa.pt\/sustentabilidade\/en\/wp-json\/wp\/v2\/users\/5"}],"replies":[{"embeddable":true,"href":"https:\/\/www.iseg.ulisboa.pt\/sustentabilidade\/en\/wp-json\/wp\/v2\/comments?post=259"}],"version-history":[{"count":37,"href":"https:\/\/www.iseg.ulisboa.pt\/sustentabilidade\/en\/wp-json\/wp\/v2\/pages\/259\/revisions"}],"predecessor-version":[{"id":512,"href":"https:\/\/www.iseg.ulisboa.pt\/sustentabilidade\/en\/wp-json\/wp\/v2\/pages\/259\/revisions\/512"}],"up":[{"embeddable":true,"href":"https:\/\/www.iseg.ulisboa.pt\/sustentabilidade\/en\/wp-json\/wp\/v2\/pages\/30"}],"wp:featuredmedia":[{"embeddable":true,"href":"https:\/\/www.iseg.ulisboa.pt\/sustentabilidade\/en\/wp-json\/wp\/v2\/media\/261"}],"wp:attachment":[{"href":"https:\/\/www.iseg.ulisboa.pt\/sustentabilidade\/en\/wp-json\/wp\/v2\/media?parent=259"}],"curies":[{"name":"wp","href":"https:\/\/api.w.org\/{rel}","templated":true}]}}