{"id":11,"date":"2023-04-22T09:50:55","date_gmt":"2023-04-22T09:50:55","guid":{"rendered":"https:\/\/www.iseg.ulisboa.pt\/sustentabilidade\/?page_id=11"},"modified":"2025-10-28T16:20:32","modified_gmt":"2025-10-28T16:20:32","slug":"sustentabilidade-na-educacao","status":"publish","type":"page","link":"https:\/\/www.iseg.ulisboa.pt\/sustentabilidade\/sustentabilidade-na-educacao\/","title":{"rendered":"Sustentabilidade na Educa\u00e7\u00e3o"},"content":{"rendered":"<div class=\"block-hero\">\n\t<div class=\"block-hero-content\">\n\t\t<div class=\"container\">\n\t\t\t<div class=\"hero-subtitle\"><\/div>\n\t\t\t<h1 class=\"hero-title\">Sustentabilidade na Educa\u00e7\u00e3o<\/h1>\n\t\t\t<div class=\"hero-description\"><\/div>\n\t\t\t\t\t<\/div>\n\t\t\t<\/div>\n\n\t\n\t\t\t<div class=\"block-hero-image\">\n\t\t\t<img decoding=\"async\" src=\"https:\/\/www.iseg.ulisboa.pt\/sustentabilidade\/wp-content\/uploads\/sites\/20\/2023\/04\/pexels-buro-millennial-1438081.jpg\" class=\"image-cover\" alt=\"\" srcset=\"https:\/\/www.iseg.ulisboa.pt\/sustentabilidade\/wp-content\/uploads\/sites\/20\/2023\/04\/pexels-buro-millennial-1438081.jpg 1600w, https:\/\/www.iseg.ulisboa.pt\/sustentabilidade\/wp-content\/uploads\/sites\/20\/2023\/04\/pexels-buro-millennial-1438081-300x150.jpg 300w, https:\/\/www.iseg.ulisboa.pt\/sustentabilidade\/wp-content\/uploads\/sites\/20\/2023\/04\/pexels-buro-millennial-1438081-1536x768.jpg 1536w\" sizes=\"(max-width: 1600px) 100vw, 1600px\" \/>\t\t<\/div>\n\t\t<div class=\"block-hero-image mobile\">\n\t\t\t<img decoding=\"async\" src=\"https:\/\/www.iseg.ulisboa.pt\/sustentabilidade\/wp-content\/uploads\/sites\/20\/2023\/04\/pexels-buro-millennial-1438081.jpg\" class=\"image-cover\" alt=\"\" srcset=\"https:\/\/www.iseg.ulisboa.pt\/sustentabilidade\/wp-content\/uploads\/sites\/20\/2023\/04\/pexels-buro-millennial-1438081.jpg 1600w, https:\/\/www.iseg.ulisboa.pt\/sustentabilidade\/wp-content\/uploads\/sites\/20\/2023\/04\/pexels-buro-millennial-1438081-300x150.jpg 300w, https:\/\/www.iseg.ulisboa.pt\/sustentabilidade\/wp-content\/uploads\/sites\/20\/2023\/04\/pexels-buro-millennial-1438081-1536x768.jpg 1536w\" sizes=\"(max-width: 1600px) 100vw, 1600px\" \/>\t\t<\/div>\n\t\n<\/div>\n\n\n<div style=\"height:100px\" aria-hidden=\"true\" class=\"wp-block-spacer\"><\/div>\n\n\n<div class=\"block-big-text has-iseg-yellow-background\">\n\t<div class=\"big-text-anim-left-layer\"><\/div>\n\t<div class=\"big-text-anim-right-layer\"><\/div>\n\t<div class=\"big-text-container\">\n\t\t<div class=\"big-text-content\">\n\n\t\t\t\t\t\t\t<p class=\"has-iseg-white-color\">Civic Scholar Program<\/p>\n\t\t\t\n\t\t\t\t\t\t\t<div class=\"big-text-normal has-iseg-white-color\"><p>Uma distin\u00e7\u00e3o que reconhece os estudantes de mestrado que se envolvem em iniciativas de voluntariado, impacto social e cidadania ativa. Ao atingir 80 pontos, recebes o Civic Scholar Badge, um selo oficial de compromisso c\u00edvico que podes exibir no diploma, LinkedIn e CV.<\/p>\n<\/div>\n\t\t\t\t\t<\/div>\n\t\t\t\t\t<a href=\"https:\/\/www.iseg.ulisboa.pt\/sustentabilidade\/sustentabilidade-na-educacao\/cep\/\" class=\"button button-white w-button\" title=\"Saber mais\" target=\"_self\">\n\t\t\t\tSaber mais\t\t\t<\/a>\n\t\t\t<\/div>\n<\/div>\n\n\n<div style=\"height:100px\" aria-hidden=\"true\" class=\"wp-block-spacer\"><\/div>\n\n\n<div class=\"block-intro-text has-iseg-green-background\">\n\t<div class=\"intro-text\">A inser\u00e7\u00e3o do t\u00f3pico da sustentabilidade nos programas educacionais \u00e9 crucial para preparar os futuros l\u00edderes com as habilidades e conhecimentos necess\u00e1rios para enfrentar os desafios econ\u00f3micos e ambientais do nosso tempo. Reconhecemos a import\u00e2ncia da sustentabilidade como uma quest\u00e3o fulcral que afeta todas as \u00e1reas da sociedade, permitindo que os nossos alunos se tornem l\u00edderes conscientes e comprometidos com a promo\u00e7\u00e3o de pr\u00e1ticas sustent\u00e1veis nas suas \u00e1reas de atua\u00e7\u00e3o.<\/div>\n\t<div class=\"intro-text-anim-left-layer\"><\/div>\n\t<div class=\"intro-text-anim-right-layer\"><\/div>\n<\/div>\n\n\n\n<div style=\"height:100px\" aria-hidden=\"true\" class=\"wp-block-spacer\"><\/div>\n\n\n\n<div class=\"wp-block-columns is-layout-flex wp-container-core-columns-is-layout-1 wp-block-columns-is-layout-flex\">\n<div class=\"wp-block-column is-layout-flow wp-block-column-is-layout-flow\">\n<h2 class=\"wp-block-heading\"><mark style=\"background-color:#ffffff\" class=\"has-inline-color has-iseg-red-color\">Programas de Estudo com foco na Sustentabilidade<\/mark><\/h2>\n<\/div>\n<\/div>\n\n\n\n<div style=\"height:100px\" aria-hidden=\"true\" class=\"wp-block-spacer\"><\/div>\n\n\n\n<div class=\"block-media-long-text\">\n\t<div class=\"container\">\n\t\t<div class=\"block-media-long-text__container \">\n\t\t\t<div class=\"block-media-long-text__content\">\n\t\t\t\t<h2><span style=\"color: #e73433\">Mestrado em Gest\u00e3o (MiM)<\/span><\/h2>\n<p>A primeira edi\u00e7\u00e3o do Mestrado em Gest\u00e3o (MiM) centra-se na compreens\u00e3o e discuss\u00e3o de temas inovadores com uma forte orienta\u00e7\u00e3o para a sustentabilidade, com a ambi\u00e7\u00e3o de contribuir com respostas aos desafios da sociedade.<\/p>\n<p>Este mestrado tem o potencial de contribuir para o crescimento pessoal de nossos alunos e formar novos l\u00edderes capazes de liderar com objetivos maiores de gest\u00e3o, levando em considera\u00e7\u00e3o as quest\u00f5es ambientais, sociais e \u00e9ticas na tomada de decis\u00e3o.<\/p>\n<p><a class=\"link-learnmore\" href=\"https:\/\/www.iseg.ulisboa.pt\/study\/masters\/management#\" target=\"_blank\" rel=\"noopener\">Saiba mais<\/a><\/p>\n\t\t\t<\/div>\n\t\t\t<div class=\"block-media-long-text__media\">\n\t\t\t\t<img decoding=\"async\" src=\"https:\/\/www.iseg.ulisboa.pt\/sustentabilidade\/wp-content\/uploads\/sites\/20\/2023\/04\/Mestrado-Mim.jpg\" class=\"image-cover\" alt=\"\" srcset=\"https:\/\/www.iseg.ulisboa.pt\/sustentabilidade\/wp-content\/uploads\/sites\/20\/2023\/04\/Mestrado-Mim.jpg 854w, https:\/\/www.iseg.ulisboa.pt\/sustentabilidade\/wp-content\/uploads\/sites\/20\/2023\/04\/Mestrado-Mim-250x300.jpg 250w\" sizes=\"(max-width: 854px) 100vw, 854px\" \/>\t\t\t<\/div>\n\t\t<\/div>\n\t<\/div>\n<\/div>\n\n\n\n<div style=\"height:100px\" aria-hidden=\"true\" class=\"wp-block-spacer\"><\/div>\n\n\n\n<div class=\"block-media-long-text\">\n\t<div class=\"container\">\n\t\t<div class=\"block-media-long-text__container inverted\">\n\t\t\t<div class=\"block-media-long-text__content\">\n\t\t\t\t<h2><span style=\"color: #e73433\">Mestrado em Inova\u00e7\u00e3o e Investiga\u00e7\u00e3o para a Sustentabilidade (MIRS)<\/span><\/h2>\n<div class=\"container\">\n<p>O ISEG acaba de lan\u00e7ar o Mestrado em Inova\u00e7\u00e3o e Investiga\u00e7\u00e3o para a Sustentabilidade.<\/p>\n<p>O mundo das empresas e organiza\u00e7\u00f5es est\u00e1 cada vez mais especializado e competitivo, com a Inova\u00e7\u00e3o e a Sustentabilidade a desempenharem um papel importante em quest\u00f5es centrais. Se deseja liderar estes desenvolvimentos, inscreva-se neste programa de Mestrado no ISEG. Vamos ajud\u00e1-lo a antecipar o que est\u00e1 por vir.<\/p>\n<p>&nbsp;<\/p>\n<\/div>\n<p><a class=\"link-learnmore\" href=\"https:\/\/www.iseg.ulisboa.pt\/study\/masters\/innovation-and-research-for-sustainability\/\" target=\"_blank\" rel=\"noopener\">Saiba mais<\/a><\/p>\n\t\t\t<\/div>\n\t\t\t<div class=\"block-media-long-text__media\">\n\t\t\t\t<img decoding=\"async\" src=\"https:\/\/www.iseg.ulisboa.pt\/sustentabilidade\/wp-content\/uploads\/sites\/20\/2024\/09\/MIRS.jpg\" class=\"image-cover\" alt=\"\" srcset=\"https:\/\/www.iseg.ulisboa.pt\/sustentabilidade\/wp-content\/uploads\/sites\/20\/2024\/09\/MIRS.jpg 2048w, https:\/\/www.iseg.ulisboa.pt\/sustentabilidade\/wp-content\/uploads\/sites\/20\/2024\/09\/MIRS-300x200.jpg 300w, https:\/\/www.iseg.ulisboa.pt\/sustentabilidade\/wp-content\/uploads\/sites\/20\/2024\/09\/MIRS-1536x1025.jpg 1536w\" sizes=\"(max-width: 2048px) 100vw, 2048px\" \/>\t\t\t<\/div>\n\t\t<\/div>\n\t<\/div>\n<\/div>\n\n\n\n<div class=\"block-media-long-text\">\n\t<div class=\"container\">\n\t\t<div class=\"block-media-long-text__container \">\n\t\t\t<div class=\"block-media-long-text__content\">\n\t\t\t\t<h2><span style=\"color: #e73433\">Mestrado em Desenvolvimento e Coopera\u00e7\u00e3o Internacional (MDCI)<\/span><\/h2>\n<div class=\"container\">\n<p class=\"container\">Prepara-te para mudares o mundo. Desafiamos \u00e0 reflex\u00e3o, discuss\u00e3o e \u00e0 procura de solu\u00e7\u00f5es para encontrares caminhos poss\u00edveis para um desenvolvimento mais sustent\u00e1vel.<\/p>\n<\/div>\n<div><\/div>\n<div class=\"container\">\n<p class=\"container\">O MDCI \u00e9 um complemento \u00e0s compet\u00eancias adquiridas no primeiro ciclo nas \u00e1reas de Economia, Gest\u00e3o, Sociologia ou Rela\u00e7\u00f5es Internacionais. Prepara os alunos para serem dirigentes, quadros e t\u00e9cnicos superiores de organiza\u00e7\u00f5es ligadas \u00e0 coopera\u00e7\u00e3o internacional, em institui\u00e7\u00f5es p\u00fablicas ou empresas privadas.<\/p>\n<\/div>\n<div><\/div>\n<div><\/div>\n<p><a class=\"link-learnmore\" href=\"https:\/\/www.iseg.ulisboa.pt\/estudar\/mestrados\/desenvolvimento-e-cooperacao-internacional\" target=\"_blank\" rel=\"noopener\">Saiba mais<\/a><\/p>\n\t\t\t<\/div>\n\t\t\t<div class=\"block-media-long-text__media\">\n\t\t\t\t<img decoding=\"async\" src=\"https:\/\/www.iseg.ulisboa.pt\/sustentabilidade\/wp-content\/uploads\/sites\/20\/2024\/09\/MDCI.jpg\" class=\"image-cover\" alt=\"\" srcset=\"https:\/\/www.iseg.ulisboa.pt\/sustentabilidade\/wp-content\/uploads\/sites\/20\/2024\/09\/MDCI.jpg 1600w, https:\/\/www.iseg.ulisboa.pt\/sustentabilidade\/wp-content\/uploads\/sites\/20\/2024\/09\/MDCI-300x200.jpg 300w, https:\/\/www.iseg.ulisboa.pt\/sustentabilidade\/wp-content\/uploads\/sites\/20\/2024\/09\/MDCI-1536x1025.jpg 1536w\" sizes=\"(max-width: 1600px) 100vw, 1600px\" \/>\t\t\t<\/div>\n\t\t<\/div>\n\t<\/div>\n<\/div>\n\n\n\n<div style=\"height:100px\" aria-hidden=\"true\" class=\"wp-block-spacer\"><\/div>\n\n\n\n<div class=\"block-media-long-text\">\n\t<div class=\"container\">\n\t\t<div class=\"block-media-long-text__container inverted\">\n\t\t\t<div class=\"block-media-long-text__content\">\n\t\t\t\t<h2><span style=\"color: #e73433\">Mestrado em Design para a Sustentabilidade<\/span><\/h2>\n<p>O Mestrado em Design para a Sustentabilidade oferece uma forma\u00e7\u00e3o p\u00f3s-graduada focada no desenvolvimento sustent\u00e1vel, integrando ci\u00eancias ambientais, sociais e econ\u00f3micas. O curso promove a reflex\u00e3o sobre quest\u00f5es de sustentabilidade e o desenvolvimento de projetos reais em colabora\u00e7\u00e3o com entidades p\u00fablicas e privadas. Alinhado com os Objetivos de Desenvolvimento Sustent\u00e1vel das Na\u00e7\u00f5es Unidas, prepara os alunos para criar solu\u00e7\u00f5es inovadoras e sustent\u00e1veis a n\u00edvel local, regional e global.<\/p>\n<p>Este programa \u00e9 uma colabora\u00e7\u00e3o entre o ISEG e a Faculdade de Belas Artes, combinando as suas expertises para oferecer uma forma\u00e7\u00e3o \u00fanica.<\/p>\n<p><a class=\"link-learnmore\" href=\"https:\/\/www.belasartes.ulisboa.pt\/cursos\/mestrados\/design-para-a-sustentabilidade\/\" target=\"_blank\" rel=\"noopener\">Saiba mais<\/a><\/p>\n\t\t\t<\/div>\n\t\t\t<div class=\"block-media-long-text__media\">\n\t\t\t\t<img decoding=\"async\" src=\"https:\/\/www.iseg.ulisboa.pt\/sustentabilidade\/wp-content\/uploads\/sites\/20\/2024\/07\/iStock-1468209388.jpg\" class=\"image-cover\" alt=\"\" srcset=\"https:\/\/www.iseg.ulisboa.pt\/sustentabilidade\/wp-content\/uploads\/sites\/20\/2024\/07\/iStock-1468209388.jpg 4206w, https:\/\/www.iseg.ulisboa.pt\/sustentabilidade\/wp-content\/uploads\/sites\/20\/2024\/07\/iStock-1468209388-300x169.jpg 300w, https:\/\/www.iseg.ulisboa.pt\/sustentabilidade\/wp-content\/uploads\/sites\/20\/2024\/07\/iStock-1468209388-1536x864.jpg 1536w, https:\/\/www.iseg.ulisboa.pt\/sustentabilidade\/wp-content\/uploads\/sites\/20\/2024\/07\/iStock-1468209388-2048x1152.jpg 2048w, https:\/\/www.iseg.ulisboa.pt\/sustentabilidade\/wp-content\/uploads\/sites\/20\/2024\/07\/iStock-1468209388-18x10.jpg 18w\" sizes=\"(max-width: 4206px) 100vw, 4206px\" \/>\t\t\t<\/div>\n\t\t<\/div>\n\t<\/div>\n<\/div>\n\n\n\n<div style=\"height:100px\" aria-hidden=\"true\" class=\"wp-block-spacer\"><\/div>\n\n\n\n<div class=\"block-media-long-text\">\n\t<div class=\"container\">\n\t\t<div class=\"block-media-long-text__container \">\n\t\t\t<div class=\"block-media-long-text__content\">\n\t\t\t\t<h2><span style=\"color: #e73433\">P\u00f3s Gradua\u00e7\u00e3o em Gest\u00e3o da Sustentabilidade<\/span><\/h2>\n<p>A P\u00f3s-Gradua\u00e7\u00e3o em Gest\u00e3o da Sustentabilidade capacita profissionais com conhecimentos e ferramentas pr\u00e1ticas para criar e implementar estrat\u00e9gias sustent\u00e1veis nas organiza\u00e7\u00f5es. Atendendo \u00e0s crescentes necessidades de empresas e entidades p\u00fablicas, o programa aborda a integra\u00e7\u00e3o de pr\u00e1ticas ecol\u00f3gicas, sociais e econ\u00f3micas, alinhadas com os Objetivos de Desenvolvimento Sustent\u00e1vel (ODS) da ONU.<\/p>\n<p>Ao longo do curso, os alunos participam em estudos de caso e workshops que promovem a inova\u00e7\u00e3o sustent\u00e1vel e o engajamento comunit\u00e1rio. O melhor aluno recebe um pr\u00e9mio atribu\u00eddo pela EDP, destacando a excel\u00eancia e o potencial de lideran\u00e7a em sustentabilidade.<\/p>\n<p><a class=\"link-learnmore\" href=\"https:\/\/isegexecutive.education\/pt\/cursos\/pos-graduacoes\/gestao-da-sustentabilidade\/\" target=\"_blank\" rel=\"noopener\">Saiba mais<\/a><\/p>\n\t\t\t<\/div>\n\t\t\t<div class=\"block-media-long-text__media\">\n\t\t\t\t<img decoding=\"async\" src=\"https:\/\/www.iseg.ulisboa.pt\/sustentabilidade\/wp-content\/uploads\/sites\/20\/2024\/07\/Gestao-da-Sustentabilidade.jpg\" class=\"image-cover\" alt=\"\" srcset=\"https:\/\/www.iseg.ulisboa.pt\/sustentabilidade\/wp-content\/uploads\/sites\/20\/2024\/07\/Gestao-da-Sustentabilidade.jpg 474w, https:\/\/www.iseg.ulisboa.pt\/sustentabilidade\/wp-content\/uploads\/sites\/20\/2024\/07\/Gestao-da-Sustentabilidade-300x293.jpg 300w, https:\/\/www.iseg.ulisboa.pt\/sustentabilidade\/wp-content\/uploads\/sites\/20\/2024\/07\/Gestao-da-Sustentabilidade-12x12.jpg 12w\" sizes=\"(max-width: 474px) 100vw, 474px\" \/>\t\t\t<\/div>\n\t\t<\/div>\n\t<\/div>\n<\/div>\n\n\n\n<div style=\"height:100px\" aria-hidden=\"true\" class=\"wp-block-spacer\"><\/div>\n\n\n\n<div class=\"block-media-long-text\">\n\t<div class=\"container\">\n\t\t<div class=\"block-media-long-text__container inverted\">\n\t\t\t<div class=\"block-media-long-text__content\">\n\t\t\t\t<h2><span style=\"color: #e73433\">Finan\u00e7as Sustent\u00e1veis: Finan\u00e7as Verdes e Clim\u00e1ticas<\/span><\/h2>\n<p>O Curso Executivo sobre Finan\u00e7as Sustent\u00e1veis conta com a contribui\u00e7\u00e3o de especialistas nacionais e internacionais em diversos temas como a biodiversidade, energia e carbono, economia circular, produtos financeiros verdes, regula\u00e7\u00e3o, riscos ESG, entre muitos outros.<\/p>\n<p>A primeira edi\u00e7\u00e3o contou com o apoio institucional do Minist\u00e9rio do Meio Ambiente e A\u00e7\u00e3o Clim\u00e1tica. Um parceiro fundamental, a Funda\u00e7\u00e3o Calouste Gulbenkian disponibilizou 4 bolsas, e reconhece que o financiamento sustent\u00e1vel pode desempenhar um papel fulcral na organiza\u00e7\u00e3o.<\/p>\n<p><a class=\"link-learnmore\" href=\"https:\/\/isegexecutive.education\/pt\/cursos\/programas-executivos\/sustainable-finance\/\" target=\"_blank\" rel=\"noopener\">Saiba mais<\/a><\/p>\n\t\t\t<\/div>\n\t\t\t<div class=\"block-media-long-text__media\">\n\t\t\t\t<img decoding=\"async\" src=\"https:\/\/www.iseg.ulisboa.pt\/sustentabilidade\/wp-content\/uploads\/sites\/20\/2024\/07\/Sustainable-Finance.jpg\" class=\"image-cover\" alt=\"\" srcset=\"https:\/\/www.iseg.ulisboa.pt\/sustentabilidade\/wp-content\/uploads\/sites\/20\/2024\/07\/Sustainable-Finance.jpg 1600w, https:\/\/www.iseg.ulisboa.pt\/sustentabilidade\/wp-content\/uploads\/sites\/20\/2024\/07\/Sustainable-Finance-300x188.jpg 300w, https:\/\/www.iseg.ulisboa.pt\/sustentabilidade\/wp-content\/uploads\/sites\/20\/2024\/07\/Sustainable-Finance-1536x960.jpg 1536w, https:\/\/www.iseg.ulisboa.pt\/sustentabilidade\/wp-content\/uploads\/sites\/20\/2024\/07\/Sustainable-Finance-18x12.jpg 18w\" sizes=\"(max-width: 1600px) 100vw, 1600px\" \/>\t\t\t<\/div>\n\t\t<\/div>\n\t<\/div>\n<\/div>\n\n\n\n<div style=\"height:100px\" aria-hidden=\"true\" class=\"wp-block-spacer\"><\/div>\n\n\n\n<div class=\"block-media-long-text\">\n\t<div class=\"container\">\n\t\t<div class=\"block-media-long-text__container \">\n\t\t\t<div class=\"block-media-long-text__content\">\n\t\t\t\t<h2><span style=\"color: #e73433\">Sustentabilidade: Uma Jornada Corporativa<\/span><\/h2>\n<p>Ampliar a vis\u00e3o sobre o papel das empresas na sociedade e estimular a reflex\u00e3o sobre os desafios que hoje se colocam s\u00e3o objetivos fundamentais do programa desenvolvido em colabora\u00e7\u00e3o com o ISEG Executive Education, o GRACE e a Sair da Casca.<\/p>\n<p>Este programa visa assegurar a sustentabilidade dos neg\u00f3cios atrav\u00e9s da integra\u00e7\u00e3o de pr\u00e1ticas de gest\u00e3o sustent\u00e1vel e da promo\u00e7\u00e3o de um impacto positivo nas comunidades e no meio ambiente.<\/p>\n<p><a class=\"link-learnmore\" href=\"https:\/\/isegexecutive.education\/pt\/cursos\/programas-executivos\/sustainability-a-corporate-journey\/\" target=\"_blank\" rel=\"noopener\">Saiba mais<\/a><\/p>\n\t\t\t<\/div>\n\t\t\t<div class=\"block-media-long-text__media\">\n\t\t\t\t<img decoding=\"async\" src=\"https:\/\/www.iseg.ulisboa.pt\/sustentabilidade\/wp-content\/uploads\/sites\/20\/2024\/07\/iStock-1158184877.jpg\" class=\"image-cover\" alt=\"\" srcset=\"https:\/\/www.iseg.ulisboa.pt\/sustentabilidade\/wp-content\/uploads\/sites\/20\/2024\/07\/iStock-1158184877.jpg 3865w, https:\/\/www.iseg.ulisboa.pt\/sustentabilidade\/wp-content\/uploads\/sites\/20\/2024\/07\/iStock-1158184877-300x200.jpg 300w, https:\/\/www.iseg.ulisboa.pt\/sustentabilidade\/wp-content\/uploads\/sites\/20\/2024\/07\/iStock-1158184877-1536x1023.jpg 1536w, https:\/\/www.iseg.ulisboa.pt\/sustentabilidade\/wp-content\/uploads\/sites\/20\/2024\/07\/iStock-1158184877-2048x1364.jpg 2048w, https:\/\/www.iseg.ulisboa.pt\/sustentabilidade\/wp-content\/uploads\/sites\/20\/2024\/07\/iStock-1158184877-18x12.jpg 18w\" sizes=\"(max-width: 3865px) 100vw, 3865px\" \/>\t\t\t<\/div>\n\t\t<\/div>\n\t<\/div>\n<\/div>\n\n\n\n<div style=\"height:100px\" aria-hidden=\"true\" class=\"wp-block-spacer\"><\/div>\n\n\n\n<div class=\"block-media-long-text\">\n\t<div class=\"container\">\n\t\t<div class=\"block-media-long-text__container inverted\">\n\t\t\t<div class=\"block-media-long-text__content\">\n\t\t\t\t<h2><span style=\"color: #e73433\">ESG Reporting Corporativo e n\u00e3o Financeiro<\/span><\/h2>\n<p>Neste programa, os participantes ter\u00e3o a oportunidade de desenvolver a capacidade de realizar o Reporting Corporativo conforme as normas Corporate Sustainability Reporting Directive (CSRD) e Non-Financial Reporting Directive (NFRD).<\/p>\n<p>O curso oferece um enquadramento detalhado dessas diretrizes e sua aplica\u00e7\u00e3o pr\u00e1tica no contexto empresarial e de mercado. Ser\u00e3o exploradas metodologias para implementa\u00e7\u00e3o eficaz de processos de reporting, visando melhorar a efici\u00eancia e a qualidade das informa\u00e7\u00f5es reportadas. O objetivo \u00e9 capacitar os profissionais para que possam realizar o reporting de forma mais robusta e alinhada com as melhores pr\u00e1ticas de sustentabilidade e transpar\u00eancia corporativa.<\/p>\n<p><a class=\"link-learnmore\" href=\"https:\/\/isegexecutive.education\/pt\/cursos\/programas-executivos\/esg-reporting-corporativo-e-nao-financeiro\/\" target=\"_blank\" rel=\"noopener\">Saiba mais<\/a><\/p>\n\t\t\t<\/div>\n\t\t\t<div class=\"block-media-long-text__media\">\n\t\t\t\t<img decoding=\"async\" src=\"https:\/\/www.iseg.ulisboa.pt\/sustentabilidade\/wp-content\/uploads\/sites\/20\/2024\/07\/ESG.jpg\" class=\"image-cover\" alt=\"\" srcset=\"https:\/\/www.iseg.ulisboa.pt\/sustentabilidade\/wp-content\/uploads\/sites\/20\/2024\/07\/ESG.jpg 1200w, https:\/\/www.iseg.ulisboa.pt\/sustentabilidade\/wp-content\/uploads\/sites\/20\/2024\/07\/ESG-300x158.jpg 300w, https:\/\/www.iseg.ulisboa.pt\/sustentabilidade\/wp-content\/uploads\/sites\/20\/2024\/07\/ESG-18x9.jpg 18w\" sizes=\"(max-width: 1200px) 100vw, 1200px\" \/>\t\t\t<\/div>\n\t\t<\/div>\n\t<\/div>\n<\/div>\n\n\n\n<div style=\"height:100px\" aria-hidden=\"true\" class=\"wp-block-spacer\"><\/div>\n\n\n\n<div class=\"block-media-long-text\">\n\t<div class=\"container\">\n\t\t<div class=\"block-media-long-text__container \">\n\t\t\t<div class=\"block-media-long-text__content\">\n\t\t\t\t<h2><span style=\"color: #e73433\">Doutoramento em Ci\u00eancias Sustent\u00e1veis<\/span><\/h2>\n<p>O Doutoramento em Ci\u00eancias Sustent\u00e1veis centra-se na compreens\u00e3o e discuss\u00e3o de temas inovadores com uma forte orienta\u00e7\u00e3o para a sustentabilidade, com a ambi\u00e7\u00e3o de contribuir com respostas aos desafios globais. Este programa foca-se nas dimens\u00f5es de produ\u00e7\u00e3o e consumo de alimentos como os principais impulsionadores dos desafios da sustentabilidade.<\/p>\n<p>Este doutoramento tem o potencial de contribuir para o crescimento pessoal dos nossos alunos e formar novos l\u00edderes capazes de liderar com objetivos maiores, considerando quest\u00f5es ambientais, sociais e \u00e9ticas na tomada de decis\u00e3o.<\/p>\n<p><a class=\"link-learnmore\" href=\"https:\/\/csustentabilidade.ulisboa.pt\/index-en.html\" target=\"_blank\" rel=\"noopener\">Saiba mais<\/a><\/p>\n\t\t\t<\/div>\n\t\t\t<div class=\"block-media-long-text__media\">\n\t\t\t\t<img decoding=\"async\" src=\"https:\/\/www.iseg.ulisboa.pt\/sustentabilidade\/wp-content\/uploads\/sites\/20\/2024\/07\/Doutoramento-Desenvolvimento-Sustentavel.jpg\" class=\"image-cover\" alt=\"\" srcset=\"https:\/\/www.iseg.ulisboa.pt\/sustentabilidade\/wp-content\/uploads\/sites\/20\/2024\/07\/Doutoramento-Desenvolvimento-Sustentavel.jpg 1033w, https:\/\/www.iseg.ulisboa.pt\/sustentabilidade\/wp-content\/uploads\/sites\/20\/2024\/07\/Doutoramento-Desenvolvimento-Sustentavel-300x145.jpg 300w, https:\/\/www.iseg.ulisboa.pt\/sustentabilidade\/wp-content\/uploads\/sites\/20\/2024\/07\/Doutoramento-Desenvolvimento-Sustentavel-18x9.jpg 18w\" sizes=\"(max-width: 1033px) 100vw, 1033px\" \/>\t\t\t<\/div>\n\t\t<\/div>\n\t<\/div>\n<\/div>\n\n\n\n<div style=\"height:100px\" aria-hidden=\"true\" class=\"wp-block-spacer\"><\/div>\n\n\n\n<div class=\"block-media-long-text\">\n\t<div class=\"container\">\n\t\t<div class=\"block-media-long-text__container inverted\">\n\t\t\t<div class=\"block-media-long-text__content\">\n\t\t\t\t<h2><span style=\"color: #e73433\">Curso Online &#8211; Servi\u00e7os dos Ecossistemas, Empresas e Finan\u00e7as<\/span><\/h2>\n<p>O ISEG criou e disponibilizou um curso sobre \u201cServi\u00e7os dos Ecossistemas, Empresas e Finan\u00e7as\u201d em formato online com dura\u00e7\u00e3o de 30 horas. O curso teve o apoio financeiro do Fundo Ambiental do Minist\u00e9rio do Ambiente e A\u00e7\u00e3o Clim\u00e1tica.<\/p>\n<p>Este curso fornece informa\u00e7\u00f5es sobre como as empresas e os pa\u00edses influenciam e dependem dos servi\u00e7os ecossist\u00e9micos e como a natureza est\u00e1 relacionada ao PIB do pa\u00eds. <\/p>\n<p><a class=\"link-learnmore\" href=\"https:\/\/www.iseg.ulisboa.pt\/2020\/10\/iseg-cria-curso-online-gratuito-sobre-biodiversidade-economia-e-financas\/\" target=\"_blank\" rel=\"noopener\">Saiba mais<\/a><\/p>\n\t\t\t<\/div>\n\t\t\t<div class=\"block-media-long-text__media\">\n\t\t\t\t<img decoding=\"async\" src=\"https:\/\/www.iseg.ulisboa.pt\/sustentabilidade\/wp-content\/uploads\/sites\/20\/2024\/07\/Curso-Online.jpg\" class=\"image-cover\" alt=\"\" srcset=\"https:\/\/www.iseg.ulisboa.pt\/sustentabilidade\/wp-content\/uploads\/sites\/20\/2024\/07\/Curso-Online.jpg 624w, https:\/\/www.iseg.ulisboa.pt\/sustentabilidade\/wp-content\/uploads\/sites\/20\/2024\/07\/Curso-Online-300x238.jpg 300w, https:\/\/www.iseg.ulisboa.pt\/sustentabilidade\/wp-content\/uploads\/sites\/20\/2024\/07\/Curso-Online-15x12.jpg 15w\" sizes=\"(max-width: 624px) 100vw, 624px\" \/>\t\t\t<\/div>\n\t\t<\/div>\n\t<\/div>\n<\/div>\n\n\n\n<div style=\"height:100px\" aria-hidden=\"true\" class=\"wp-block-spacer\"><\/div>\n","protected":false},"excerpt":{"rendered":"Programas de Estudo com foco na Sustentabilidade","protected":false},"author":2,"featured_media":0,"parent":0,"menu_order":0,"comment_status":"closed","ping_status":"closed","template":"tpl-page-blocks.php","meta":{"inline_featured_image":false,"_uag_custom_page_level_css":"","footnotes":""},"acf":[],"uagb_featured_image_src":{"full":false,"thumbnail":false,"medium":false,"medium_large":false,"large":false,"1536x1536":false,"2048x2048":false,"trp-custom-language-flag":false},"uagb_author_info":{"display_name":"Major","author_link":"https:\/\/www.iseg.ulisboa.pt\/sustentabilidade\/author\/leihla\/"},"uagb_comment_info":0,"uagb_excerpt":"Programas de Estudo com foco na Sustentabilidade","_links":{"self":[{"href":"https:\/\/www.iseg.ulisboa.pt\/sustentabilidade\/wp-json\/wp\/v2\/pages\/11"}],"collection":[{"href":"https:\/\/www.iseg.ulisboa.pt\/sustentabilidade\/wp-json\/wp\/v2\/pages"}],"about":[{"href":"https:\/\/www.iseg.ulisboa.pt\/sustentabilidade\/wp-json\/wp\/v2\/types\/page"}],"author":[{"embeddable":true,"href":"https:\/\/www.iseg.ulisboa.pt\/sustentabilidade\/wp-json\/wp\/v2\/users\/2"}],"replies":[{"embeddable":true,"href":"https:\/\/www.iseg.ulisboa.pt\/sustentabilidade\/wp-json\/wp\/v2\/comments?post=11"}],"version-history":[{"count":107,"href":"https:\/\/www.iseg.ulisboa.pt\/sustentabilidade\/wp-json\/wp\/v2\/pages\/11\/revisions"}],"predecessor-version":[{"id":736,"href":"https:\/\/www.iseg.ulisboa.pt\/sustentabilidade\/wp-json\/wp\/v2\/pages\/11\/revisions\/736"}],"wp:attachment":[{"href":"https:\/\/www.iseg.ulisboa.pt\/sustentabilidade\/wp-json\/wp\/v2\/media?parent=11"}],"curies":[{"name":"wp","href":"https:\/\/api.w.org\/{rel}","templated":true}]}}