{"id":259,"date":"2024-02-07T11:49:21","date_gmt":"2024-02-07T11:49:21","guid":{"rendered":"https:\/\/www.iseg.ulisboa.pt\/sustentabilidade\/?page_id=259"},"modified":"2024-07-09T15:34:51","modified_gmt":"2024-07-09T15:34:51","slug":"mini-floresta","status":"publish","type":"page","link":"https:\/\/www.iseg.ulisboa.pt\/sustentabilidade\/mini-floresta\/","title":{"rendered":"Mini-Floresta"},"content":{"rendered":"\n<p><strong><br>Bem-vindos \u00e0 Mini-floresta do ISEG!<\/strong><\/p>\n\n\n\n<p>No dia 2 de Fevereiro de 2024, o ISEG d\u00e1 um passo significativo em dire\u00e7\u00e3o \u00e0 sustentabilidade ao inaugurar a sua pr\u00f3pria mini-floresta. Este projeto representa um marco importante na interse\u00e7\u00e3o entre ecologia e economia, trazendo \u00e0 tona a conex\u00e3o profunda entre os dois campos que compartilham a mesma raiz etimol\u00f3gica &#8211; &#8220;eco&#8221;, do grego &#8220;oikos&#8221;, que significa &#8220;casa&#8221;.<\/p>\n\n\n\n<p>A Mini-floresta do ISEG \u00e9 parte integrante do projeto de investiga\u00e7\u00e3o <a href=\"https:\/\/socius.rc.iseg.ulisboa.pt\/investigacao\/Projecto%20TERRARE.shtml\" data-type=\"link\" data-id=\"https:\/\/socius.rc.iseg.ulisboa.pt\/investigacao\/Projecto%20TERRARE.shtml\" target=\"_blank\" rel=\"noreferrer noopener\">TERRARE<\/a>, conduzido no <a href=\"https:\/\/socius.rc.iseg.ulisboa.pt\/\" data-type=\"link\" data-id=\"https:\/\/socius.rc.iseg.ulisboa.pt\/\" target=\"_blank\" rel=\"noreferrer noopener\">SOCIUS\/CSG<\/a> sob a coordena\u00e7\u00e3o de Oriana Rainho Br\u00e1s, em colabora\u00e7\u00e3o com Ant\u00f3nio Alexandre da <a href=\"https:\/\/www.2adapt.pt\/index.html\" data-type=\"link\" data-id=\"https:\/\/www.2adapt.pt\/index.html\">2Adapt<\/a> e com o apoio da Valorsul, fornecedora do composto. Esta mini-floresta \u00e9 um laborat\u00f3rio vivo, onde a comunidade pode aprender e interagir com a natureza de forma participativa.<\/p>\n\n\n\n<div class=\"block-media-long-text\">\n\t<div class=\"container\">\n\t\t<div class=\"block-media-long-text__container \">\n\t\t\t<div class=\"block-media-long-text__content\">\n\t\t\t\t<h3 class=\"wp-block-heading has-iseg-red-color has-text-color has-link-color wp-elements-b5e8d1514b3fc50bc4e59bf8f5696066\"><strong>Uma floresta baseada no m\u00e9todo Miyawaki<\/strong><\/h3>\n<p>&nbsp;<br \/>\nO m\u00e9todo Miyawaki, adotado para a planta\u00e7\u00e3o da mini-floresta, \u00e9 uma abordagem inovadora que visa criar um ecossistema florestal denso e diversificado, composto por esp\u00e9cies nativas de diferentes estratos.<\/p>\n<p>Este m\u00e9todo n\u00e3o apenas promove o crescimento r\u00e1pido das plantas, mas tamb\u00e9m cria um ambiente prop\u00edcio para a competi\u00e7\u00e3o saud\u00e1vel pela luz solar, permitindo que as plantas se protejam mutuamente dos extremos clim\u00e1ticos.<\/p>\n\t\t\t<\/div>\n\t\t\t<div class=\"block-media-long-text__media\">\n\t\t\t\t<img decoding=\"async\" src=\"https:\/\/www.iseg.ulisboa.pt\/sustentabilidade\/wp-content\/uploads\/sites\/20\/2024\/02\/Floresta3.jpg\" class=\"image-cover\" alt=\"\" srcset=\"https:\/\/www.iseg.ulisboa.pt\/sustentabilidade\/wp-content\/uploads\/sites\/20\/2024\/02\/Floresta3.jpg 1080w, https:\/\/www.iseg.ulisboa.pt\/sustentabilidade\/wp-content\/uploads\/sites\/20\/2024\/02\/Floresta3-300x222.jpg 300w, https:\/\/www.iseg.ulisboa.pt\/sustentabilidade\/wp-content\/uploads\/sites\/20\/2024\/02\/Floresta3-16x12.jpg 16w\" sizes=\"(max-width: 1080px) 100vw, 1080px\" \/>\t\t\t<\/div>\n\t\t<\/div>\n\t<\/div>\n<\/div>\n\n\n\n<div class=\"block-media-long-text\">\n\t<div class=\"container\">\n\t\t<div class=\"block-media-long-text__container inverted\">\n\t\t\t<div class=\"block-media-long-text__content\">\n\t\t\t\t<h3 class=\"wp-block-heading has-iseg-red-color has-text-color has-link-color wp-elements-b5e8d1514b3fc50bc4e59bf8f5696066\"><strong>Criada com o contributo da comunidade<\/strong><\/h3>\n<p>A planta\u00e7\u00e3o da mini-floresta \u00e9 o resultado de um processo colaborativo envolvendo estudantes, docentes, investigadores\/as e funcion\u00e1rios\/as do ISEG.<\/p>\n<p>Por meio de oficinas preparat\u00f3rias, o terreno foi limpo e preparado, o design da floresta reflete as necessidades e desejos da comunidade, bem como as necessidades das plantas, microrganismos e animais que ir\u00e3o compartilhar este espa\u00e7o.<\/p>\n\t\t\t<\/div>\n\t\t\t<div class=\"block-media-long-text__media\">\n\t\t\t\t<img decoding=\"async\" src=\"https:\/\/www.iseg.ulisboa.pt\/sustentabilidade\/wp-content\/uploads\/sites\/20\/2024\/02\/Floresta4.jpg\" class=\"image-cover\" alt=\"\" srcset=\"https:\/\/www.iseg.ulisboa.pt\/sustentabilidade\/wp-content\/uploads\/sites\/20\/2024\/02\/Floresta4.jpg 1080w, https:\/\/www.iseg.ulisboa.pt\/sustentabilidade\/wp-content\/uploads\/sites\/20\/2024\/02\/Floresta4-300x222.jpg 300w, https:\/\/www.iseg.ulisboa.pt\/sustentabilidade\/wp-content\/uploads\/sites\/20\/2024\/02\/Floresta4-16x12.jpg 16w\" sizes=\"(max-width: 1080px) 100vw, 1080px\" \/>\t\t\t<\/div>\n\t\t<\/div>\n\t<\/div>\n<\/div>\n\n\n\n<p>As mini-florestas urbanas t\u00eam demonstrado uma s\u00e9rie de benef\u00edcios socioambientais, desde a regula\u00e7\u00e3o da temperatura e humidade at\u00e9 a redu\u00e7\u00e3o da polui\u00e7\u00e3o e o est\u00edmulo ao bem-estar pessoal. Ao integrar-se na rede de mini-florestas da regi\u00e3o metropolitana de Lisboa, o ISEG reafirma o seu compromisso com a sustentabilidade e a conex\u00e3o com a natureza.<\/p>\n\n\n\n<figure class=\"wp-block-image size-full is-resized\"><img loading=\"lazy\" decoding=\"async\" width=\"1208\" height=\"292\" src=\"https:\/\/www.iseg.ulisboa.pt\/sustentabilidade\/wp-content\/uploads\/sites\/20\/2024\/02\/Barra-Logos-Floresta.png\" alt=\"\" class=\"wp-image-296\" style=\"width:600px\" srcset=\"https:\/\/www.iseg.ulisboa.pt\/sustentabilidade\/wp-content\/uploads\/sites\/20\/2024\/02\/Barra-Logos-Floresta.png 1208w, https:\/\/www.iseg.ulisboa.pt\/sustentabilidade\/wp-content\/uploads\/sites\/20\/2024\/02\/Barra-Logos-Floresta-300x73.png 300w, https:\/\/www.iseg.ulisboa.pt\/sustentabilidade\/wp-content\/uploads\/sites\/20\/2024\/02\/Barra-Logos-Floresta-18x4.png 18w\" sizes=\"(max-width: 1208px) 100vw, 1208px\" \/><\/figure>\n\n\n\n<h3 class=\"wp-block-heading\"><mark style=\"background-color:#ffffff\" class=\"has-inline-color has-iseg-red-color\">Oficinas j\u00e1 realizadas:<\/mark><\/h3>\n\n\n\n<div class=\"wp-block-columns is-layout-flex wp-container-core-columns-is-layout-1 wp-block-columns-is-layout-flex\">\n<div class=\"wp-block-column is-layout-flow wp-block-column-is-layout-flow\">\n<figure class=\"wp-block-image size-full\"><img loading=\"lazy\" decoding=\"async\" width=\"1080\" height=\"1080\" src=\"https:\/\/www.iseg.ulisboa.pt\/sustentabilidade\/wp-content\/uploads\/sites\/20\/2024\/07\/10.png\" alt=\"\" class=\"wp-image-459\" srcset=\"https:\/\/www.iseg.ulisboa.pt\/sustentabilidade\/wp-content\/uploads\/sites\/20\/2024\/07\/10.png 1080w, https:\/\/www.iseg.ulisboa.pt\/sustentabilidade\/wp-content\/uploads\/sites\/20\/2024\/07\/10-300x300.png 300w, https:\/\/www.iseg.ulisboa.pt\/sustentabilidade\/wp-content\/uploads\/sites\/20\/2024\/07\/10-150x150.png 150w\" sizes=\"(max-width: 1080px) 100vw, 1080px\" \/><\/figure>\n<\/div>\n\n\n\n<div class=\"wp-block-column is-layout-flow wp-block-column-is-layout-flow\">\n<h4 class=\"wp-block-heading\">1 de outubro 2023<\/h4>\n\n\n\n<p>1\u00aa Oficina: Apresenta\u00e7\u00e3o da Mini-Floresta na Semana da Sustentabilidade<\/p>\n<\/div>\n<\/div>\n\n\n\n<div class=\"wp-block-columns is-layout-flex wp-container-core-columns-is-layout-2 wp-block-columns-is-layout-flex\">\n<div class=\"wp-block-column is-layout-flow wp-block-column-is-layout-flow\"><div class=\"wp-block-image\">\n<figure class=\"alignleft\"><img decoding=\"async\" src=\"https:\/\/www.iseg.ulisboa.pt\/sustentabilidade\/wp-content\/uploads\/sites\/20\/2024\/07\/IMG_20231109_155747.jpg\" alt=\"\" \/><\/figure><\/div><\/div>\n\n\n\n<div class=\"wp-block-column is-layout-flow wp-block-column-is-layout-flow\">\n<h4 class=\"wp-block-heading\">9 de novembro 2023<\/h4>\n\n\n\n<p>2\u00aa Oficina: Design da Mini-Floresta<\/p>\n<\/div>\n<\/div>\n\n\n\n<div class=\"wp-block-columns is-layout-flex wp-container-core-columns-is-layout-4 wp-block-columns-is-layout-flex\">\n<div class=\"wp-block-column is-layout-flow wp-block-column-is-layout-flow\">\n<div class=\"wp-block-columns is-layout-flex wp-container-core-columns-is-layout-3 wp-block-columns-is-layout-flex\">\n<div class=\"wp-block-column is-layout-flow wp-block-column-is-layout-flow\">\n<figure class=\"wp-block-image size-full\"><img loading=\"lazy\" decoding=\"async\" width=\"3000\" height=\"4000\" src=\"https:\/\/www.iseg.ulisboa.pt\/sustentabilidade\/wp-content\/uploads\/sites\/20\/2024\/07\/IMG_20231109_152323.jpg\" alt=\"\" class=\"wp-image-457\" srcset=\"https:\/\/www.iseg.ulisboa.pt\/sustentabilidade\/wp-content\/uploads\/sites\/20\/2024\/07\/IMG_20231109_152323.jpg 3000w, https:\/\/www.iseg.ulisboa.pt\/sustentabilidade\/wp-content\/uploads\/sites\/20\/2024\/07\/IMG_20231109_152323-225x300.jpg 225w, https:\/\/www.iseg.ulisboa.pt\/sustentabilidade\/wp-content\/uploads\/sites\/20\/2024\/07\/IMG_20231109_152323-1152x1536.jpg 1152w, https:\/\/www.iseg.ulisboa.pt\/sustentabilidade\/wp-content\/uploads\/sites\/20\/2024\/07\/IMG_20231109_152323-1536x2048.jpg 1536w\" sizes=\"(max-width: 3000px) 100vw, 3000px\" \/><\/figure>\n<\/div>\n\n\n\n<div class=\"wp-block-column is-layout-flow wp-block-column-is-layout-flow\">\n<h4 class=\"wp-block-heading\">16 de novembro 2023<\/h4>\n\n\n\n<p>3\u00aa Oficina: Desenvolvimento do Design da Mini-Floresta<\/p>\n<\/div>\n<\/div>\n<\/div>\n<\/div>\n\n\n\n<div class=\"wp-block-columns is-layout-flex wp-container-core-columns-is-layout-5 wp-block-columns-is-layout-flex\">\n<div class=\"wp-block-column is-layout-flow wp-block-column-is-layout-flow\">\n<figure class=\"wp-block-image size-large\"><img loading=\"lazy\" decoding=\"async\" width=\"1024\" height=\"746\" src=\"https:\/\/www.iseg.ulisboa.pt\/sustentabilidade\/wp-content\/uploads\/sites\/20\/2024\/07\/Plantacao-II-e1720453975124-1024x746.jpg\" alt=\"\" class=\"wp-image-453\" srcset=\"https:\/\/www.iseg.ulisboa.pt\/sustentabilidade\/wp-content\/uploads\/sites\/20\/2024\/07\/Plantacao-II-e1720453975124-1024x746.jpg 1024w, https:\/\/www.iseg.ulisboa.pt\/sustentabilidade\/wp-content\/uploads\/sites\/20\/2024\/07\/Plantacao-II-e1720453975124-300x219.jpg 300w, https:\/\/www.iseg.ulisboa.pt\/sustentabilidade\/wp-content\/uploads\/sites\/20\/2024\/07\/Plantacao-II-e1720453975124-1536x1119.jpg 1536w, https:\/\/www.iseg.ulisboa.pt\/sustentabilidade\/wp-content\/uploads\/sites\/20\/2024\/07\/Plantacao-II-e1720453975124-2048x1492.jpg 2048w, https:\/\/www.iseg.ulisboa.pt\/sustentabilidade\/wp-content\/uploads\/sites\/20\/2024\/07\/Plantacao-II-e1720453975124-768x560.jpg 768w\" sizes=\"(max-width: 1024px) 100vw, 1024px\" \/><\/figure>\n<\/div>\n\n\n\n<div class=\"wp-block-column is-layout-flow wp-block-column-is-layout-flow\">\n<h4 class=\"wp-block-heading\">20 de dezembro 2023<\/h4>\n\n\n\n<p>4\u00aa e 5\u00aa Oficina: Limpeza do Terreno<\/p>\n<\/div>\n<\/div>\n\n\n\n<div class=\"wp-block-columns is-layout-flex wp-container-core-columns-is-layout-6 wp-block-columns-is-layout-flex\">\n<div class=\"wp-block-column is-layout-flow wp-block-column-is-layout-flow\">\n<figure class=\"wp-block-image size-full\"><img loading=\"lazy\" decoding=\"async\" width=\"1080\" height=\"1080\" src=\"https:\/\/www.iseg.ulisboa.pt\/sustentabilidade\/wp-content\/uploads\/sites\/20\/2024\/07\/5.png\" alt=\"\" class=\"wp-image-452\" srcset=\"https:\/\/www.iseg.ulisboa.pt\/sustentabilidade\/wp-content\/uploads\/sites\/20\/2024\/07\/5.png 1080w, https:\/\/www.iseg.ulisboa.pt\/sustentabilidade\/wp-content\/uploads\/sites\/20\/2024\/07\/5-300x300.png 300w, https:\/\/www.iseg.ulisboa.pt\/sustentabilidade\/wp-content\/uploads\/sites\/20\/2024\/07\/5-150x150.png 150w\" sizes=\"(max-width: 1080px) 100vw, 1080px\" \/><\/figure>\n<\/div>\n\n\n\n<div class=\"wp-block-column is-layout-flow wp-block-column-is-layout-flow\">\n<h4 class=\"wp-block-heading\">2 de fevereiro 2023<\/h4>\n\n\n\n<p>6\u00aa Oficina: Planta\u00e7\u00e3o da Mini-Floresta do ISEG<\/p>\n<\/div>\n<\/div>\n\n\n\n<div class=\"wp-block-columns is-layout-flex wp-container-core-columns-is-layout-7 wp-block-columns-is-layout-flex\">\n<div class=\"wp-block-column is-layout-flow wp-block-column-is-layout-flow\">\n<figure class=\"wp-block-image size-full\"><img loading=\"lazy\" decoding=\"async\" width=\"800\" height=\"839\" src=\"https:\/\/www.iseg.ulisboa.pt\/sustentabilidade\/wp-content\/uploads\/sites\/20\/2024\/07\/Compostagem.jpg\" alt=\"\" class=\"wp-image-454\" srcset=\"https:\/\/www.iseg.ulisboa.pt\/sustentabilidade\/wp-content\/uploads\/sites\/20\/2024\/07\/Compostagem.jpg 800w, https:\/\/www.iseg.ulisboa.pt\/sustentabilidade\/wp-content\/uploads\/sites\/20\/2024\/07\/Compostagem-286x300.jpg 286w\" sizes=\"(max-width: 800px) 100vw, 800px\" \/><\/figure>\n<\/div>\n\n\n\n<div class=\"wp-block-column is-layout-flow wp-block-column-is-layout-flow\">\n<h4 class=\"wp-block-heading\">22 de abril 2024<\/h4>\n\n\n\n<p>7\u00aa Oficina: Limpeza, cobertura com composto e constru\u00e7\u00e3o do compostor da Mini-Floresta do ISEG<\/p>\n<\/div>\n<\/div>\n\n\n\n<div class=\"wp-block-columns is-layout-flex wp-container-core-columns-is-layout-8 wp-block-columns-is-layout-flex\">\n<div class=\"wp-block-column is-layout-flow wp-block-column-is-layout-flow\">\n<figure class=\"wp-block-image size-full\"><img loading=\"lazy\" decoding=\"async\" width=\"755\" height=\"665\" src=\"https:\/\/www.iseg.ulisboa.pt\/sustentabilidade\/wp-content\/uploads\/sites\/20\/2024\/07\/joaninha-na-esteva-e1720455675510.jpg\" alt=\"\" class=\"wp-image-458\" srcset=\"https:\/\/www.iseg.ulisboa.pt\/sustentabilidade\/wp-content\/uploads\/sites\/20\/2024\/07\/joaninha-na-esteva-e1720455675510.jpg 755w, https:\/\/www.iseg.ulisboa.pt\/sustentabilidade\/wp-content\/uploads\/sites\/20\/2024\/07\/joaninha-na-esteva-e1720455675510-300x264.jpg 300w\" sizes=\"(max-width: 755px) 100vw, 755px\" \/><\/figure>\n<\/div>\n\n\n\n<div class=\"wp-block-column is-layout-flow wp-block-column-is-layout-flow\">\n<h4 class=\"wp-block-heading\">22 de maio 2024<\/h4>\n\n\n\n<p>8\u00aa Oficina: Planta\u00e7\u00e3o de Primavera na Mini-Floresta do ISEG<\/p>\n<\/div>\n<\/div>\n\n\n\n<h2 class=\"wp-block-heading\"><mark style=\"background-color:#ffffff\" class=\"has-inline-color has-iseg-red-color\">Revista Smart Cities<\/mark><\/h2>\n\n\n\n<div class=\"wp-block-columns is-layout-flex wp-container-core-columns-is-layout-9 wp-block-columns-is-layout-flex\">\n<div class=\"wp-block-column is-layout-flow wp-block-column-is-layout-flow\">\n<p>O ISEG foi destaque na Revista Smart Cities por esta iniciativa.<\/p>\n\n\n\n<p><a href=\"https:\/\/smart-cities.pt\/noticias\/miniflorestas-um-terreno-fertil-para-as-cidades-29-12\/\" target=\"_blank\" rel=\"noreferrer noopener\">Saiba mais<\/a><\/p>\n<\/div>\n\n\n\n<div class=\"wp-block-column is-layout-flow wp-block-column-is-layout-flow\">\n<figure class=\"wp-block-image size-full is-resized\"><img loading=\"lazy\" decoding=\"async\" width=\"650\" height=\"340\" src=\"https:\/\/www.iseg.ulisboa.pt\/sustentabilidade\/wp-content\/uploads\/sites\/20\/2024\/07\/Revista.jpg\" alt=\"\" class=\"wp-image-493\" style=\"width:359px;height:auto\" srcset=\"https:\/\/www.iseg.ulisboa.pt\/sustentabilidade\/wp-content\/uploads\/sites\/20\/2024\/07\/Revista.jpg 650w, https:\/\/www.iseg.ulisboa.pt\/sustentabilidade\/wp-content\/uploads\/sites\/20\/2024\/07\/Revista-300x157.jpg 300w\" sizes=\"(max-width: 650px) 100vw, 650px\" \/><\/figure>\n<\/div>\n<\/div>\n\n\n\n<p><\/p>\n","protected":false},"excerpt":{"rendered":"Bem-vindos \u00e0 Mini-floresta do ISEG! No dia 2 de Fevereiro de 2024, o ISEG d\u00e1 um passo significativo em dire\u00e7\u00e3o \u00e0 sustentabilidade ao inaugurar a sua pr\u00f3pria mini-floresta. Este projeto&nbsp;[&#8230;]","protected":false},"author":5,"featured_media":261,"parent":30,"menu_order":5,"comment_status":"closed","ping_status":"closed","template":"","meta":{"inline_featured_image":false,"_uag_custom_page_level_css":"","footnotes":""},"acf":[],"uagb_featured_image_src":{"full":["https:\/\/www.iseg.ulisboa.pt\/sustentabilidade\/wp-content\/uploads\/sites\/20\/2024\/02\/Floresta1.jpg",2000,1200,false],"thumbnail":["https:\/\/www.iseg.ulisboa.pt\/sustentabilidade\/wp-content\/uploads\/sites\/20\/2024\/02\/Floresta1-150x150.jpg",150,150,true],"medium":["https:\/\/www.iseg.ulisboa.pt\/sustentabilidade\/wp-content\/uploads\/sites\/20\/2024\/02\/Floresta1-300x180.jpg",300,180,true],"medium_large":["https:\/\/www.iseg.ulisboa.pt\/sustentabilidade\/wp-content\/uploads\/sites\/20\/2024\/02\/Floresta1.jpg",768,461,false],"large":["https:\/\/www.iseg.ulisboa.pt\/sustentabilidade\/wp-content\/uploads\/sites\/20\/2024\/02\/Floresta1.jpg",1024,614,false],"1536x1536":["https:\/\/www.iseg.ulisboa.pt\/sustentabilidade\/wp-content\/uploads\/sites\/20\/2024\/02\/Floresta1-1536x922.jpg",1536,922,true],"2048x2048":["https:\/\/www.iseg.ulisboa.pt\/sustentabilidade\/wp-content\/uploads\/sites\/20\/2024\/02\/Floresta1.jpg",2000,1200,false],"trp-custom-language-flag":["https:\/\/www.iseg.ulisboa.pt\/sustentabilidade\/wp-content\/uploads\/sites\/20\/2024\/02\/Floresta1-18x12.jpg",18,12,true]},"uagb_author_info":{"display_name":"diogoalmeida","author_link":"https:\/\/www.iseg.ulisboa.pt\/sustentabilidade\/author\/diogoalmeida\/"},"uagb_comment_info":0,"uagb_excerpt":"Bem-vindos \u00e0 Mini-floresta do ISEG! No dia 2 de Fevereiro de 2024, o ISEG d\u00e1 um passo significativo em dire\u00e7\u00e3o \u00e0 sustentabilidade ao inaugurar a sua pr\u00f3pria mini-floresta. Este projeto&nbsp;[...]","_links":{"self":[{"href":"https:\/\/www.iseg.ulisboa.pt\/sustentabilidade\/wp-json\/wp\/v2\/pages\/259"}],"collection":[{"href":"https:\/\/www.iseg.ulisboa.pt\/sustentabilidade\/wp-json\/wp\/v2\/pages"}],"about":[{"href":"https:\/\/www.iseg.ulisboa.pt\/sustentabilidade\/wp-json\/wp\/v2\/types\/page"}],"author":[{"embeddable":true,"href":"https:\/\/www.iseg.ulisboa.pt\/sustentabilidade\/wp-json\/wp\/v2\/users\/5"}],"replies":[{"embeddable":true,"href":"https:\/\/www.iseg.ulisboa.pt\/sustentabilidade\/wp-json\/wp\/v2\/comments?post=259"}],"version-history":[{"count":37,"href":"https:\/\/www.iseg.ulisboa.pt\/sustentabilidade\/wp-json\/wp\/v2\/pages\/259\/revisions"}],"predecessor-version":[{"id":512,"href":"https:\/\/www.iseg.ulisboa.pt\/sustentabilidade\/wp-json\/wp\/v2\/pages\/259\/revisions\/512"}],"up":[{"embeddable":true,"href":"https:\/\/www.iseg.ulisboa.pt\/sustentabilidade\/wp-json\/wp\/v2\/pages\/30"}],"wp:featuredmedia":[{"embeddable":true,"href":"https:\/\/www.iseg.ulisboa.pt\/sustentabilidade\/wp-json\/wp\/v2\/media\/261"}],"wp:attachment":[{"href":"https:\/\/www.iseg.ulisboa.pt\/sustentabilidade\/wp-json\/wp\/v2\/media?parent=259"}],"curies":[{"name":"wp","href":"https:\/\/api.w.org\/{rel}","templated":true}]}}