{"id":3,"date":"2023-04-22T10:15:55","date_gmt":"2023-04-22T10:15:55","guid":{"rendered":"https:\/\/www.iseg.ulisboa.pt\/sustentabilidade\/?page_id=3"},"modified":"2025-12-16T12:03:28","modified_gmt":"2025-12-16T12:03:28","slug":"relatorios","status":"publish","type":"page","link":"https:\/\/www.iseg.ulisboa.pt\/sustentabilidade\/relatorios\/","title":{"rendered":"Relat\u00f3rios"},"content":{"rendered":"\n<section class=\"block-hero-full-width course-hero wf-section\">\n        <div class=\"course-hero__name\">\n            <h1 class=\"course-hero__heading has-iseg-white-color\"><span class=\"course-hero__heading-span\">Relat\u00f3rios<\/span><\/h1>\n    <\/div>\n            <div class=\"course-hero__backdrop has-iseg-dark-grey-background\"><\/div>\n    \n    <div class=\"course-hero__image\">\n    <img decoding=\"async\" src=\"https:\/\/www.iseg.ulisboa.pt\/sustentabilidade\/wp-content\/uploads\/sites\/20\/2023\/04\/relatorios.jpg\" class=\"image-cover\" alt=\"\" srcset=\"https:\/\/www.iseg.ulisboa.pt\/sustentabilidade\/wp-content\/uploads\/sites\/20\/2023\/04\/relatorios.jpg 1450w, https:\/\/www.iseg.ulisboa.pt\/sustentabilidade\/wp-content\/uploads\/sites\/20\/2023\/04\/relatorios-300x135.jpg 300w\" sizes=\"(max-width: 1450px) 100vw, 1450px\" \/>    <\/div>\n<\/section>\n\n\n<div class=\"wp-block-columns is-layout-flex wp-container-core-columns-is-layout-1 wp-block-columns-is-layout-flex\">\n<div class=\"wp-block-column is-layout-flow wp-block-column-is-layout-flow\"><\/div>\n<\/div>\n\n\n\n<p><\/p>\n\n\n\n<div class=\"wp-block-columns is-layout-flex wp-container-core-columns-is-layout-2 wp-block-columns-is-layout-flex\">\n<div class=\"wp-block-column is-layout-flow wp-block-column-is-layout-flow\">\n<h2 class=\"wp-block-heading has-text-align-left\"><mark style=\"background-color:#ffffff\" class=\"has-inline-color has-iseg-red-color\">Grupo de Trabalho &#8211; ODS para a Educa\u00e7\u00e3o<\/mark><\/h2>\n\n\n\n<p>O Grupo de Trabalho &#8211; ODS para a Educa\u00e7\u00e3o \u00e9 uma equipa composta por professores do ISEG de diversas \u00e1reas de especializa\u00e7\u00e3o. Este grupo tem como objetivo integrar os Objetivos de Desenvolvimento Sustent\u00e1vel (ODS) da ONU no curr\u00edculo educacional, promovendo uma abordagem multidisciplinar e inovadora na forma\u00e7\u00e3o dos estudantes. A diversidade de conhecimentos e experi\u00eancias dos membros do grupo assegura uma compreens\u00e3o abrangente e pr\u00e1tica dos desafios e solu\u00e7\u00f5es sustent\u00e1veis, preparando os alunos para se tornarem agentes de mudan\u00e7a nas suas futuras carreiras.<\/p>\n<\/div>\n<\/div>\n\n\n\n<section class=\"block-team \">\n    <div class=\"container\">\n                \n\t\t<div class=\"team-list js-lmc-container\" data-columns>\n\t\t\t\n                \t\t\t\t\n                <div class=\"faculty-list__item js-list-item\">\n                    <a href=\"\/faculty\/pedro-verga-matos\" class=\"faculty-item__photo \">\n                    <img decoding=\"async\" src=\"\/wp-content\/\/uploads\/pvmatos.jpg\" class=\"image-cover\">                    <\/a>\n                    <a href=\"\/faculty\/pedro-verga-matos\" class=\"faculty-item__name \">Pedro Verga Matos<\/a>\n                    <div class=\"faculty-item__job\">Coordinator (Dep. Management)<\/div>\n                                                        <\/div>\n\n\t\t\t\n                \t\t\t\t\n                <div class=\"faculty-list__item js-list-item\">\n                    <a href=\"\/faculty\/rita-martins-de-sousa\" class=\"faculty-item__photo \">\n                    <img decoding=\"async\" src=\"\/wp-content\/\/uploads\/martins.jpg\" class=\"image-cover\">                    <\/a>\n                    <a href=\"\/faculty\/rita-martins-de-sousa\" class=\"faculty-item__name \">Rita Martins Sousa<\/a>\n                    <div class=\"faculty-item__job\">Pedagogic Board (Dep. Social Sciences)<\/div>\n                                                        <\/div>\n\n\t\t\t\n                \t\t\t\t\n                <div class=\"faculty-list__item js-list-item\">\n                    <a href=\"\/faculty\/helena-jeronimo\" class=\"faculty-item__photo \">\n                    <img decoding=\"async\" src=\"\/wp-content\/\/uploads\/jeronimo.jpg\" class=\"image-cover\">                    <\/a>\n                    <a href=\"\/faculty\/helena-jeronimo\" class=\"faculty-item__name \">Helena Jer\u00f3nimo<\/a>\n                    <div class=\"faculty-item__job\">PRME (Dep. Management)<\/div>\n                                                        <\/div>\n\n\t\t\t\n                \t\t\t\t\n                <div class=\"faculty-list__item js-list-item\">\n                    <a href=\"\/faculty\/sofia-bento\" class=\"faculty-item__photo \">\n                    <img decoding=\"async\" src=\"\/wp-content\/\/uploads\/sbento.jpg\" class=\"image-cover\">                    <\/a>\n                    <a href=\"\/faculty\/sofia-bento\" class=\"faculty-item__name \">Sofia Bento<\/a>\n                    <div class=\"faculty-item__job\">(Dep. Social Sciences)<\/div>\n                                                        <\/div>\n\n\t\t\t\n                \t\t\t\t\n                <div class=\"faculty-list__item js-list-item\">\n                    <a href=\"\/faculty\/ligia-amado\" class=\"faculty-item__photo \">\n                    <img decoding=\"async\" src=\"\/wp-content\/\/uploads\/lamado.jpg\" class=\"image-cover\">                    <\/a>\n                    <a href=\"\/faculty\/ligia-amado\" class=\"faculty-item__name \">L\u00edgia Amado<\/a>\n                    <div class=\"faculty-item__job\">(Dep. Mathematics)<\/div>\n                                                        <\/div>\n\n\t\t\t\n                \t\t\t\t\n                <div class=\"faculty-list__item js-list-item\">\n                    <a href=\"\/faculty\/manuel-coelho\" class=\"faculty-item__photo \">\n                    <img decoding=\"async\" src=\"\/wp-content\/\/uploads\/coelho.jpg\" class=\"image-cover\">                    <\/a>\n                    <a href=\"\/faculty\/manuel-coelho\" class=\"faculty-item__name \">Manuel Francisco Pacheco Coelho<\/a>\n                    <div class=\"faculty-item__job\">(Dep. Economics)<\/div>\n                                                        <\/div>\n\n\t\t\t\t\t<\/div>\n    <\/div>\n<\/section>\n\n<div class=\"block-intro-text\">\n\t<div class=\"intro-text\">O ISEG tem um compromisso com a transpar\u00eancia e, por isso, elabora e publica relat\u00f3rios que apresentam seus indicadores de desempenho nas diversas \u00e1reas. <\/div>\n\t<div class=\"intro-text-anim-left-layer\"><\/div>\n\t<div class=\"intro-text-anim-right-layer\"><\/div>\n<\/div>\n\n\n\n<div style=\"height:100px\" aria-hidden=\"true\" class=\"wp-block-spacer\"><\/div>\n\n\n\n<div class=\"wp-block-columns is-layout-flex wp-container-core-columns-is-layout-3 wp-block-columns-is-layout-flex\">\n<div class=\"wp-block-column is-layout-flow wp-block-column-is-layout-flow\">\n<p><strong>Esses relat\u00f3rios s\u00e3o elaborados com base em padr\u00f5es internacionais e trazem informa\u00e7\u00f5es detalhadas sobre as atividades e iniciativas do ISEG em rela\u00e7\u00e3o aos ODS, \u00e0 gest\u00e3o ambiental, responsabilidade social, governan\u00e7a, e a educa\u00e7\u00e3o para a sustentabilidade.<\/strong><\/p>\n<\/div>\n\n\n\n<div class=\"wp-block-column is-layout-flow wp-block-column-is-layout-flow\">\n<p>Os relat\u00f3rios incluem metas e objetivos de m\u00e9dio e longo prazo, que visam aprimorar ainda mais o desempenho sustent\u00e1vel do ISEG. A divulga\u00e7\u00e3o desses relat\u00f3rios \u00e9 importante, pois permite que toda a comunidade acad\u00eamica, bem como os demais stakeholders possam acompanhar de perto as a\u00e7\u00f5es do ISEG em rela\u00e7\u00e3o \u00e0 sustentabilidade e avaliar o impacto dessas a\u00e7\u00f5es.<\/p>\n<\/div>\n<\/div>\n\n\n\n<div style=\"height:100px\" aria-hidden=\"true\" class=\"wp-block-spacer\"><\/div>\n\n\n\n<div class=\"wp-block-pb-accordion-item c-accordion__item js-accordion-item no-js\" data-initially-open=\"false\" data-click-to-close=\"true\" data-auto-close=\"true\" data-scroll=\"false\" data-scroll-offset=\"0\"><h3 id=\"at-30\" class=\"c-accordion__title js-accordion-controller\" role=\"button\"><strong>PRME<\/strong><\/h3><div id=\"ac-30\" class=\"c-accordion__content\">\n<p>O PRME \u00e9 uma iniciativa apoiada pelas Na\u00e7\u00f5es Unidas, dirigida \u00e0s escolas de gest\u00e3o. Tem como objetivo capacitar os decisores de amanh\u00e3 para constru\u00edrem organiza\u00e7\u00f5es e sociedades promotoras do desenvolvimento sustent\u00e1vel. O ISEG reporta o seu trabalho em rela\u00e7\u00e3o aos 6 Princ\u00edpios para Educa\u00e7\u00e3o de Gest\u00e3o desde 2014, o ano em que se juntou \u00e0 iniciativa.<\/p>\n\n\n\n<p>Com a reativa\u00e7\u00e3o do Cap\u00edtulo Ib\u00e9rico do PRME em 2021, o ISEG integrou o Steering Committee, juntamente com outros signat\u00e1rios portugueses e espanh\u00f3is e hoje \u00e9 o respons\u00e1vel pelo Community Engagement do PRME Chapter Iberia.&nbsp;<\/p>\n\n\n\n<p class=\"link-learnmore\"><a rel=\"noreferrer noopener\" href=\"https:\/\/www.unprme.org\/chapter\/prme-chapter-iberia?section=governance\" data-type=\"URL\" data-id=\"https:\/\/www.unprme.org\/chapter\/prme-chapter-iberia?section=governance\" target=\"_blank\">Saiba mais<\/a><\/p>\n<\/div><\/div>\n\n\n\n<div class=\"wp-block-pb-accordion-item c-accordion__item js-accordion-item no-js\" data-initially-open=\"false\" data-click-to-close=\"true\" data-auto-close=\"true\" data-scroll=\"false\" data-scroll-offset=\"0\"><h3 id=\"at-31\" class=\"c-accordion__title js-accordion-controller\" role=\"button\"><strong>Relat\u00f3rio de Sustentabilidade<\/strong><\/h3><div id=\"ac-31\" class=\"c-accordion__content\">\n<p>O ISEG apresenta o seu Relat\u00f3rio de Sustentabilidade de 2023. Este documento representa o nosso compromisso em promover a sustentabilidade em todas as \u00e1reas de atua\u00e7\u00e3o e abrange as a\u00e7\u00f5es e iniciativas que realizamos para melhorar o nosso desempenho ambiental, social e econ\u00f3mico. Em 2023, realiz\u00e1mos diversas iniciativas para reduzir o consumo de recursos, aumentar a consciencializa\u00e7\u00e3o sobre sustentabilidade e os ODS e promover a educa\u00e7\u00e3o e a investiga\u00e7\u00e3o sobre o tema. Este relat\u00f3rio consubstancia o nosso comprometimento em continuar a promover a sustentabilidade em todas as \u00e1reas de atua\u00e7\u00e3o do ISEG, com o objetivo de contribuir para a constru\u00e7\u00e3o de um futuro mais justo e sustent\u00e1vel para todos.\u00a0<\/p>\n\n\n\n<p><a href=\"https:\/\/www.iseg.ulisboa.pt\/sustentabilidade\/wp-content\/uploads\/sites\/20\/2025\/12\/RELATORIO-DE-SUSTENTABILIDADE-2024.pdf\" data-type=\"link\" data-id=\"https:\/\/www.iseg.ulisboa.pt\/sustentabilidade\/wp-content\/uploads\/sites\/20\/2025\/12\/RELATORIO-DE-SUSTENTABILIDADE-2024.pdf\"><strong>Relat\u00f3rio de Sustentabilidade 2024<\/strong><\/a><\/p>\n\n\n\n<p><a href=\"https:\/\/www.iseg.ulisboa.pt\/sustentabilidade\/wp-content\/uploads\/sites\/20\/2024\/12\/Relatorio_Sustentabilidade_2023_web.pdf\" data-type=\"link\" data-id=\"https:\/\/www.iseg.ulisboa.pt\/sustentabilidade\/wp-content\/uploads\/sites\/20\/2024\/12\/Relatorio_Sustentabilidade_2023_web.pdf\" target=\"_blank\" rel=\"noreferrer noopener\"><strong>Relat\u00f3rio de Sustentabilidade 2023<\/strong><\/a><\/p>\n\n\n\n<p><a rel=\"noreferrer noopener\" class=\"link-learnmore\" href=\"https:\/\/www.iseg.ulisboa.pt\/sustentabilidade\/wp-content\/uploads\/sites\/20\/2023\/11\/Relatorio-de-Sustentabilidade-2022.pdf\" data-type=\"URL\" data-id=\"https:\/\/www.iseg.ulisboa.pt\/wp-content\/uploads\/2023\/02\/Relatorio-de-Sustentabilidade-2021-ISEG_V07.pdf\" target=\"_blank\">Relat\u00f3rio de Sustentabilidade 2022<\/a><\/p>\n\n\n\n<p><a rel=\"noreferrer noopener\" class=\"link-learnmore\" href=\"https:\/\/www.iseg.ulisboa.pt\/wp-content\/uploads\/2023\/02\/Relatorio-de-Sustentabilidade-2021-ISEG_V07.pdf\" data-type=\"URL\" data-id=\"https:\/\/www.iseg.ulisboa.pt\/wp-content\/uploads\/2023\/02\/Relatorio-de-Sustentabilidade-2021-ISEG_V07.pdf\" target=\"_blank\">Relat\u00f3rio de Sustentabilidade 2021<\/a><\/p>\n<\/div><\/div>\n\n\n\n<div class=\"wp-block-pb-accordion-item c-accordion__item js-accordion-item no-js\" data-initially-open=\"false\" data-click-to-close=\"true\" data-auto-close=\"true\" data-scroll=\"false\" data-scroll-offset=\"0\"><h3 id=\"at-32\" class=\"c-accordion__title js-accordion-controller\" role=\"button\"><strong>Estrat\u00e9gia de Sustentabilidade<\/strong><\/h3><div id=\"ac-32\" class=\"c-accordion__content\">\n<p>A Estrat\u00e9gia de Sustentabilidade 2030 do ISEG expressa a ambi\u00e7\u00e3o da escola em contribuir para a constru\u00e7\u00e3o de uma sociedade mais justa e desenvolvida, dentro dos limites planet\u00e1rios. Esta contribui\u00e7\u00e3o est\u00e1 focada na inclus\u00e3o do tema da sustentabilidade no ensino, na investiga\u00e7\u00e3o, na gest\u00e3o di\u00e1ria do campus e na rela\u00e7\u00e3o com os parceiros e a sociedade. Esta Estrat\u00e9gia de Sustentabilidade est\u00e1 alinhada com os Objetivos de Desenvolvimento Sustent\u00e1vel e ambiciona ser uma inspira\u00e7\u00e3o e um guia de a\u00e7\u00e3o para departamentos, centros de investiga\u00e7\u00e3o, parceiros, outras institui\u00e7\u00f5es e entidades relacionadas com o ISEG e os membros da comunidade ISEG: alunos, professores e funcion\u00e1rios.<\/p>\n\n\n\n<p><a href=\"https:\/\/www.iseg.ulisboa.pt\/sustentabilidade\/wp-content\/uploads\/sites\/20\/2023\/04\/Estrategia-de-Sustentabilidade-2030-PT1.pdf\" data-type=\"attachment\" data-id=\"122\" class=\"link-learnmore\">Estrat\u00e9gia de Sustentabilidade<\/a><\/p>\n<\/div><\/div>\n\n\n\n<div class=\"wp-block-pb-accordion-item c-accordion__item js-accordion-item no-js\" data-initially-open=\"false\" data-click-to-close=\"true\" data-auto-close=\"true\" data-scroll=\"false\" data-scroll-offset=\"0\"><h3 id=\"at-33\" class=\"c-accordion__title js-accordion-controller\" role=\"button\"><strong>Pol\u00edtica de Sustentabilidade<\/strong><\/h3><div id=\"ac-33\" class=\"c-accordion__content\">\n<p>A pol\u00edtica de sustentabilidade expressa um conjunto de compromissos do ISEG com os grandes desafios que a humanidade enfrenta a n\u00edvel ambiental, social, econ\u00f3mico e \u00e9tico. Deve ser entendida como um comprometimento institucional para alcan\u00e7ar a neutralidade carb\u00f3nica at\u00e9 2050, cumprir com o Acordo de Paris e os Objetivos de Desenvolvimento Sustent\u00e1vel. Aplica-se a todas as atividades do ISEG, incluindo o nosso relacionamento com os nossos principais parceiros.<\/p>\n\n\n\n<p class=\"link-learnmore\"><a href=\"https:\/\/www.iseg.ulisboa.pt\/sustentabilidade\/wp-content\/uploads\/sites\/20\/2023\/04\/2021_03_14_Politica-de-Sustentabilidade.pdf\" data-type=\"attachment\" data-id=\"121\" target=\"_blank\" rel=\"noreferrer noopener\">Pol\u00edtica de Sustentabilidade<\/a><\/p>\n<\/div><\/div>\n\n\n\n<div class=\"wp-block-pb-accordion-item c-accordion__item js-accordion-item no-js\" data-initially-open=\"false\" data-click-to-close=\"true\" data-auto-close=\"true\" data-scroll=\"false\" data-scroll-offset=\"0\"><h3 id=\"at-34\" class=\"c-accordion__title js-accordion-controller\" role=\"button\"><strong>Pol\u00edtica de Compras Sustent\u00e1veis<\/strong><\/h3><div id=\"ac-34\" class=\"c-accordion__content\">\n<p>A Pol\u00edtica de Compras Sustent\u00e1veis, pretende alinhar-se com a Estrat\u00e9gia Nacional para as Compras P\u00fablicas Ecol\u00f3gicas (ENCPE 2020), bem como a futura diretiva relativa ao dever de dilig\u00eancia das empresas. O prop\u00f3sito essencial da ENCPE 2020 \u00e9 o de se constituir como um instrumento complementar das pol\u00edticas de ambiente, concorrendo para:<\/p>\n\n\n\n<ul>\n<li>A promo\u00e7\u00e3o da redu\u00e7\u00e3o da polui\u00e7\u00e3o;<\/li>\n\n\n\n<li>A redu\u00e7\u00e3o do consumo de recursos naturais; e<\/li>\n\n\n\n<li>O aumento da efici\u00eancia dos sistemas.<\/li>\n<\/ul>\n\n\n\n<p>Por sua vez, o prop\u00f3sito essencial desta proposta de diretiva \u00e9 o de garantir que o respeito pelos direitos humanos e pelo ambiente s\u00e3o acautelados ao longo de toda a cadeia de valor das organiza\u00e7\u00f5es, nomeadamente atrav\u00e9s de:<\/p>\n\n\n\n<ul>\n<li>integrar a due diligence nas pol\u00edticas;<\/li>\n\n\n\n<li>identificar impactes ambientais e direitos humanos adversos reais ou potenciais;<\/li>\n\n\n\n<li>prevenir ou mitigar potenciais impactos;<\/li>\n\n\n\n<li>p\u00f4r fim ou minimizar os impactos reais;<\/li>\n\n\n\n<li>estabelecer e manter um procedimento de reclama\u00e7\u00f5es;<\/li>\n\n\n\n<li>monitorizar a efic\u00e1cia da pol\u00edtica e medidas de due diligence; e<\/li>\n\n\n\n<li>comunicar publicamente sobre o processo de due diligence.<\/li>\n<\/ul>\n<\/div><\/div>\n\n\n\n<div class=\"wp-block-pb-accordion-item c-accordion__item js-accordion-item no-js\" data-initially-open=\"false\" data-click-to-close=\"true\" data-auto-close=\"true\" data-scroll=\"false\" data-scroll-offset=\"0\"><h3 id=\"at-35\" class=\"c-accordion__title js-accordion-controller\" role=\"button\"><strong>Documentos Internos<\/strong><\/h3><div id=\"ac-35\" class=\"c-accordion__content\">\n<p>Para consultar os documentos da \u00e1rea da Sustentabilidade. Acess\u00edvel apenas \u00e0 Comunidade ISEG.<\/p>\n\n\n\n<p class=\"button w-button\"><a href=\"https:\/\/phdisegutl.sharepoint.com\/:f:\/r\/sites\/iseg-interno\/Documentos%20Partilhados\/Sustentabilidade?csf=1&amp;web=1&amp;e=CJe3i2\">\u00c1rea Reservada<\/a><\/p>\n<\/div><\/div>\n\n\n\n<div style=\"height:100px\" aria-hidden=\"true\" class=\"wp-block-spacer\"><\/div>\n","protected":false},"excerpt":{"rendered":"Grupo de Trabalho &#8211; ODS para a Educa\u00e7\u00e3o O Grupo de Trabalho &#8211; ODS para a Educa\u00e7\u00e3o \u00e9 uma equipa composta por professores do ISEG de diversas \u00e1reas de especializa\u00e7\u00e3o.&nbsp;[&#8230;]","protected":false},"author":2,"featured_media":0,"parent":0,"menu_order":0,"comment_status":"closed","ping_status":"closed","template":"tpl-page-blocks.php","meta":{"inline_featured_image":false,"_uag_custom_page_level_css":"","footnotes":""},"acf":[],"uagb_featured_image_src":{"full":false,"thumbnail":false,"medium":false,"medium_large":false,"large":false,"1536x1536":false,"2048x2048":false,"trp-custom-language-flag":false},"uagb_author_info":{"display_name":"Major","author_link":"https:\/\/www.iseg.ulisboa.pt\/sustentabilidade\/author\/leihla\/"},"uagb_comment_info":0,"uagb_excerpt":"Grupo de Trabalho &#8211; ODS para a Educa\u00e7\u00e3o O Grupo de Trabalho &#8211; ODS para a Educa\u00e7\u00e3o \u00e9 uma equipa composta por professores do ISEG de diversas \u00e1reas de especializa\u00e7\u00e3o.&nbsp;[...]","_links":{"self":[{"href":"https:\/\/www.iseg.ulisboa.pt\/sustentabilidade\/wp-json\/wp\/v2\/pages\/3"}],"collection":[{"href":"https:\/\/www.iseg.ulisboa.pt\/sustentabilidade\/wp-json\/wp\/v2\/pages"}],"about":[{"href":"https:\/\/www.iseg.ulisboa.pt\/sustentabilidade\/wp-json\/wp\/v2\/types\/page"}],"author":[{"embeddable":true,"href":"https:\/\/www.iseg.ulisboa.pt\/sustentabilidade\/wp-json\/wp\/v2\/users\/2"}],"replies":[{"embeddable":true,"href":"https:\/\/www.iseg.ulisboa.pt\/sustentabilidade\/wp-json\/wp\/v2\/comments?post=3"}],"version-history":[{"count":44,"href":"https:\/\/www.iseg.ulisboa.pt\/sustentabilidade\/wp-json\/wp\/v2\/pages\/3\/revisions"}],"predecessor-version":[{"id":752,"href":"https:\/\/www.iseg.ulisboa.pt\/sustentabilidade\/wp-json\/wp\/v2\/pages\/3\/revisions\/752"}],"wp:attachment":[{"href":"https:\/\/www.iseg.ulisboa.pt\/sustentabilidade\/wp-json\/wp\/v2\/media?parent=3"}],"curies":[{"name":"wp","href":"https:\/\/api.w.org\/{rel}","templated":true}]}}