{"id":30,"date":"2023-04-22T10:09:00","date_gmt":"2023-04-22T10:09:00","guid":{"rendered":"https:\/\/www.iseg.ulisboa.pt\/sustentabilidade\/?page_id=30"},"modified":"2025-07-25T16:41:41","modified_gmt":"2025-07-25T16:41:41","slug":"campus-sustentavel","status":"publish","type":"page","link":"https:\/\/www.iseg.ulisboa.pt\/sustentabilidade\/campus-sustentavel\/","title":{"rendered":"Campus Sustent\u00e1vel"},"content":{"rendered":"\n<section class=\"block-hero-full-width course-hero wf-section\">\n        <div class=\"course-hero__name\">\n            <h1 class=\"course-hero__heading \"><span class=\"course-hero__heading-span\">Campus Sustent\u00e1vel<\/span><\/h1>\n    <\/div>\n            <div class=\"course-hero__backdrop has-iseg-green-background\"><\/div>\n    \n    <div class=\"course-hero__image\">\n    <img decoding=\"async\" src=\"https:\/\/www.iseg.ulisboa.pt\/sustentabilidade\/wp-content\/uploads\/sites\/20\/2023\/04\/campus.jpg\" class=\"image-cover\" alt=\"\" srcset=\"https:\/\/www.iseg.ulisboa.pt\/sustentabilidade\/wp-content\/uploads\/sites\/20\/2023\/04\/campus.jpg 1080w, https:\/\/www.iseg.ulisboa.pt\/sustentabilidade\/wp-content\/uploads\/sites\/20\/2023\/04\/campus-300x225.jpg 300w\" sizes=\"(max-width: 1080px) 100vw, 1080px\" \/>    <\/div>\n<\/section>\n\n<div class=\"block-intro-text\">\n\t<div class=\"intro-text\">O campus \u00e9 o espa\u00e7o onde parte do processo de forma\u00e7\u00e3o dos nossos alunos acontece. Por esse motivo, \u00e9 fundamental que seja um exemplo de pr\u00e1ticas sustent\u00e1veis, tanto em termos comportamentais quanto tecnol\u00f3gicos e log\u00edsticos. O compromisso do ISEG \u00e9 tornar o nosso campus neutro em carbono e um exemplo de inova\u00e7\u00e3o verde at\u00e9 2050. <\/div>\n\t<div class=\"intro-text-anim-left-layer\"><\/div>\n\t<div class=\"intro-text-anim-right-layer\"><\/div>\n<\/div>\n\n\n\n<div style=\"height:100px\" aria-hidden=\"true\" class=\"wp-block-spacer\"><\/div>\n\n\n\n<div class=\"block-media-long-text\">\n\t<div class=\"container\">\n\t\t<div class=\"block-media-long-text__container \">\n\t\t\t<div class=\"block-media-long-text__content\">\n\t\t\t\t<h2><span style=\"color: #e02020\">Efici\u00eancia Energ\u00e9tica<\/span><\/h2>\n<p>A efici\u00eancia energ\u00e9tica no campus do ISEG refere-se ao uso racional da energia em todas as \u00e1reas do campus e a ado\u00e7\u00e3o de medidas como a implementa\u00e7\u00e3o de novas solu\u00e7\u00f5es tecnol\u00f3gicas de monitoriza\u00e7\u00e3o dos consumos, aparelhos mais eficientes em termos energ\u00e9ticos, a utiliza\u00e7\u00e3o de sistemas de ilumina\u00e7\u00e3o mais eficientes e a mudan\u00e7a de comportamento dos membros da comunidade em rela\u00e7\u00e3o ao consumo de energia.<\/p>\n<p>A efici\u00eancia energ\u00e9tica reduz significativamente o consumo de energia e as emiss\u00f5es de gases de efeito estufa, contribuindo assim para a preserva\u00e7\u00e3o do meio ambiente e para a sustentabilidade energ\u00e9tica.<\/p>\n<p><a href=\"https:\/\/www.iseg.ulisboa.pt\/sustentabilidade\/campus-sustentavel\/eficiencia-energetica-2\/\" target=\"_blank\" class=\"link-learnmore\">Saber mais<\/a><\/p>\n<p><a href=\"https:\/\/www.iseg.ulisboa.pt\/sustentabilidade\/wp-content\/uploads\/sites\/20\/2023\/06\/Eficiencia-Energetica_A3_PORTRAIT.pdf\" target=\"_blank\" rel=\"noopener\"><img decoding=\"async\" src=\"https:\/\/www.iseg.ulisboa.pt\/sustentabilidade\/wp-content\/uploads\/sites\/20\/2023\/06\/BARRA_LOGOS-FUNDO-AMBIENTAL-_-PRR.png\" alt=\"https:\/\/www.iseg.ulisboa.pt\/sustentabilidade\/wp-content\/uploads\/sites\/20\/2023\/06\/BARRA_LOGOS-FUNDO-AMBIENTAL-_-PRR.png\" \/><\/a><\/p>\n\t\t\t<\/div>\n\t\t\t<div class=\"block-media-long-text__media\">\n\t\t\t\t<img decoding=\"async\" src=\"https:\/\/www.iseg.ulisboa.pt\/sustentabilidade\/wp-content\/uploads\/sites\/20\/2023\/04\/eficiencia-energetica.jpg\" class=\"image-cover\" alt=\"\" srcset=\"https:\/\/www.iseg.ulisboa.pt\/sustentabilidade\/wp-content\/uploads\/sites\/20\/2023\/04\/eficiencia-energetica.jpg 854w, https:\/\/www.iseg.ulisboa.pt\/sustentabilidade\/wp-content\/uploads\/sites\/20\/2023\/04\/eficiencia-energetica-250x300.jpg 250w\" sizes=\"(max-width: 854px) 100vw, 854px\" \/>\t\t\t<\/div>\n\t\t<\/div>\n\t<\/div>\n<\/div>\n\n\n\n<div style=\"height:100px\" aria-hidden=\"true\" class=\"wp-block-spacer\"><\/div>\n\n\n\n<div class=\"block-media-long-text\">\n\t<div class=\"container\">\n\t\t<div class=\"block-media-long-text__container inverted\">\n\t\t\t<div class=\"block-media-long-text__content\">\n\t\t\t\t<h2><span style=\"color: #e02020\">Consumo de \u00c1gua<\/span><\/h2>\n<p>O consumo de \u00e1gua no campus do ISEG est\u00e1 a ser otimizado para promover um uso racional em todas as \u00e1reas. Para isso, est\u00e3o a ser implementadas novas solu\u00e7\u00f5es tecnol\u00f3gicas de monitoriza\u00e7\u00e3o dos consumos, utilizando aparelhos mais eficientes em termos de uso de \u00e1gua e incentivando a mudan\u00e7a de comportamento dos membros da comunidade em rela\u00e7\u00e3o ao consumo de \u00e1gua.<\/p>\n<p>A efici\u00eancia no consumo de \u00e1gua reduz significativamente o consumo de \u00e1gua e os desperd\u00edcios associados, contribuindo assim para a preserva\u00e7\u00e3o dos recursos h\u00eddricos e para a sustentabilidade ambiental.<\/p>\n<p><a class=\"link-learnmore\" href=\"https:\/\/www.iseg.ulisboa.pt\/sustentabilidade\/campus-sustentavel\/consumo-de-agua\/\" target=\"_blank\" rel=\"noopener\">Saber mais<\/a><\/p>\n<p>&nbsp;<\/p>\n\t\t\t<\/div>\n\t\t\t<div class=\"block-media-long-text__media\">\n\t\t\t\t<img decoding=\"async\" src=\"https:\/\/www.iseg.ulisboa.pt\/sustentabilidade\/wp-content\/uploads\/sites\/20\/2024\/07\/iStock-1454053508.jpg\" class=\"image-cover\" alt=\"\" srcset=\"https:\/\/www.iseg.ulisboa.pt\/sustentabilidade\/wp-content\/uploads\/sites\/20\/2024\/07\/iStock-1454053508.jpg 2120w, https:\/\/www.iseg.ulisboa.pt\/sustentabilidade\/wp-content\/uploads\/sites\/20\/2024\/07\/iStock-1454053508-300x200.jpg 300w, https:\/\/www.iseg.ulisboa.pt\/sustentabilidade\/wp-content\/uploads\/sites\/20\/2024\/07\/iStock-1454053508-1536x1024.jpg 1536w, https:\/\/www.iseg.ulisboa.pt\/sustentabilidade\/wp-content\/uploads\/sites\/20\/2024\/07\/iStock-1454053508-2048x1366.jpg 2048w\" sizes=\"(max-width: 2120px) 100vw, 2120px\" \/>\t\t\t<\/div>\n\t\t<\/div>\n\t<\/div>\n<\/div>\n\n\n\n<div style=\"height:100px\" aria-hidden=\"true\" class=\"wp-block-spacer\"><\/div>\n\n\n\n<div class=\"block-media-long-text\">\n\t<div class=\"container\">\n\t\t<div class=\"block-media-long-text__container \">\n\t\t\t<div class=\"block-media-long-text__content\">\n\t\t\t\t<h2><span style=\"color: #e02020\">Compras Sustent\u00e1veis<\/span><\/h2>\n<p><strong>Desde 2022 que o ISEG adotou a sua Pol\u00edtica de Compras Sustent\u00e1vel, permite a redu\u00e7\u00e3o do impacto ambiental das nossas atividades de aquisi\u00e7\u00e3o de bens e servi\u00e7os.<\/strong><\/p>\n<p>Ao optar por produtos e servi\u00e7os que sejam produzidos de forma mais sustent\u00e1vel, com materiais reciclados ou renov\u00e1veis, ou que tenham menor impacto ambiental durante a sua vida \u00fatil estamos a contribuir com o meio ambiente e a cumprir com as metas de sustentabilidade. Adotamos uma abordagem mais consciente em rela\u00e7\u00e3o \u00e0s compras para poder inspirar outras organiza\u00e7\u00f5es a fazerem o mesmo e contribuir para as mudan\u00e7as necess\u00e1rias.<\/p>\n\t\t\t<\/div>\n\t\t\t<div class=\"block-media-long-text__media\">\n\t\t\t\t<img decoding=\"async\" src=\"https:\/\/www.iseg.ulisboa.pt\/sustentabilidade\/wp-content\/uploads\/sites\/20\/2023\/04\/compras-sustentaveis.jpg\" class=\"image-cover\" alt=\"\" srcset=\"https:\/\/www.iseg.ulisboa.pt\/sustentabilidade\/wp-content\/uploads\/sites\/20\/2023\/04\/compras-sustentaveis.jpg 854w, https:\/\/www.iseg.ulisboa.pt\/sustentabilidade\/wp-content\/uploads\/sites\/20\/2023\/04\/compras-sustentaveis-250x300.jpg 250w\" sizes=\"(max-width: 854px) 100vw, 854px\" \/>\t\t\t<\/div>\n\t\t<\/div>\n\t<\/div>\n<\/div>\n\n\n\n<div style=\"height:100px\" aria-hidden=\"true\" class=\"wp-block-spacer\"><\/div>\n\n\n\n<div class=\"block-media-long-text\">\n\t<div class=\"container\">\n\t\t<div class=\"block-media-long-text__container inverted\">\n\t\t\t<div class=\"block-media-long-text__content\">\n\t\t\t\t<h2><span style=\"color: #e02020\">Redu\u00e7\u00e3o das Emiss\u00f5es de C02<\/span><\/h2>\n<p>O ISEG busca constantemente o alcance das metas de emiss\u00f5es definidas nacional e internacionalmente e, tamb\u00e9m dos objetivos do ECO.AP 2030. O primeiro passo para iniciar esta transi\u00e7\u00e3o foi realizar o c\u00e1lculo das suas emiss\u00f5es de Gases com Efeito de Estufa (GEE) e a elabora\u00e7\u00e3o de um plano de a\u00e7\u00e3o para o alcance da neutralidade carb\u00f3nica at\u00e9 2030.<\/p>\n<p>Com este prop\u00f3sito, foi contabilizada a pegada carb\u00f3nica organizacional do ISEG para o ano base de 2019, e os anos subsequentes, 2020 e 2021. O Plano de A\u00e7\u00e3o engloba um conjunto de medidas de redu\u00e7\u00e3o das emiss\u00f5es de \u00e2mbito 1, 2 e 3 e um plano de compensa\u00e7\u00e3o das emiss\u00f5es remanescentes, e que permitir\u00e1 o alcance deste objetivo.<\/p>\n\t\t\t<\/div>\n\t\t\t<div class=\"block-media-long-text__media\">\n\t\t\t\t<img decoding=\"async\" src=\"https:\/\/www.iseg.ulisboa.pt\/sustentabilidade\/wp-content\/uploads\/sites\/20\/2023\/04\/reducao-emissoes.jpg\" class=\"image-cover\" alt=\"\" srcset=\"https:\/\/www.iseg.ulisboa.pt\/sustentabilidade\/wp-content\/uploads\/sites\/20\/2023\/04\/reducao-emissoes.jpg 854w, https:\/\/www.iseg.ulisboa.pt\/sustentabilidade\/wp-content\/uploads\/sites\/20\/2023\/04\/reducao-emissoes-250x300.jpg 250w\" sizes=\"(max-width: 854px) 100vw, 854px\" \/>\t\t\t<\/div>\n\t\t<\/div>\n\t<\/div>\n<\/div>\n\n\n\n<div style=\"height:100px\" aria-hidden=\"true\" class=\"wp-block-spacer\"><\/div>\n\n\n\n<div class=\"block-media-long-text\">\n\t<div class=\"container\">\n\t\t<div class=\"block-media-long-text__container \">\n\t\t\t<div class=\"block-media-long-text__content\">\n\t\t\t\t<h2><span style=\"color: #e02020\">Forma\u00e7\u00e3o de STAFF<\/span><\/h2>\n<p>Esta iniciativa visa formar o nosso STAFF sobre os Objetivos de Desenvolvimento Sustent\u00e1vel (ODS). O nosso objetivo \u00e9 conscientizar cada indiv\u00edduo sobre o seu papel no combate \u00e0s altera\u00e7\u00f5es clim\u00e1ticas e incentivar a responsabilidade individual.<\/p>\n<p>Acreditamos que uma pessoa informada tem o poder de fazer a diferen\u00e7a. Por meio de workshops e forma\u00e7\u00f5es, queremos capacitar a nossa equipa a adotar pr\u00e1ticas sustent\u00e1veis no seu dia a dia e no trabalho, promovendo um impacto positivo no meio ambiente e na comunidade.<\/p>\n\t\t\t<\/div>\n\t\t\t<div class=\"block-media-long-text__media\">\n\t\t\t\t<img decoding=\"async\" src=\"https:\/\/www.iseg.ulisboa.pt\/sustentabilidade\/wp-content\/uploads\/sites\/20\/2024\/07\/WhatsApp-Image-2024-07-04-at-15.38.13.jpeg\" class=\"image-cover\" alt=\"\" srcset=\"https:\/\/www.iseg.ulisboa.pt\/sustentabilidade\/wp-content\/uploads\/sites\/20\/2024\/07\/WhatsApp-Image-2024-07-04-at-15.38.13.jpeg 1600w, https:\/\/www.iseg.ulisboa.pt\/sustentabilidade\/wp-content\/uploads\/sites\/20\/2024\/07\/WhatsApp-Image-2024-07-04-at-15.38.13-300x225.jpeg 300w, https:\/\/www.iseg.ulisboa.pt\/sustentabilidade\/wp-content\/uploads\/sites\/20\/2024\/07\/WhatsApp-Image-2024-07-04-at-15.38.13-1536x1152.jpeg 1536w, https:\/\/www.iseg.ulisboa.pt\/sustentabilidade\/wp-content\/uploads\/sites\/20\/2024\/07\/WhatsApp-Image-2024-07-04-at-15.38.13-16x12.jpeg 16w\" sizes=\"(max-width: 1600px) 100vw, 1600px\" \/>\t\t\t<\/div>\n\t\t<\/div>\n\t<\/div>\n<\/div>\n\n\n\n<div style=\"height:100px\" aria-hidden=\"true\" class=\"wp-block-spacer\"><\/div>\n\n\n\n<!-- Media\/text -->\n<div class=\"block-media-text\">\n\t<div class=\"container\">\n\t\t<div class=\"block-media-text__container\">\n\t\t\t<img decoding=\"async\" src=\"https:\/\/www.iseg.ulisboa.pt\/sustentabilidade\/wp-content\/themes\/iseg\/assets\/images\/red-shape.svg\" loading=\"lazy\" alt=\"shape\" class=\"block-media-text__red-shape\" \/>\n\t\t\t<figure class=\"block-media-text__media\">\n\t\t\t\t<div class=\"media-text-anim-left-layer\"><\/div>\n\t\t\t\t<div class=\"media-text-anim-right-layer\"><\/div>\n\t\t\t\t<img decoding=\"async\" src=\"https:\/\/www.iseg.ulisboa.pt\/sustentabilidade\/wp-content\/uploads\/sites\/20\/2024\/07\/ISEG-HomePage.png\" class=\"image-cover\" alt=\"\" srcset=\"https:\/\/www.iseg.ulisboa.pt\/sustentabilidade\/wp-content\/uploads\/sites\/20\/2024\/07\/ISEG-HomePage.png 2005w, https:\/\/www.iseg.ulisboa.pt\/sustentabilidade\/wp-content\/uploads\/sites\/20\/2024\/07\/ISEG-HomePage-300x108.png 300w, https:\/\/www.iseg.ulisboa.pt\/sustentabilidade\/wp-content\/uploads\/sites\/20\/2024\/07\/ISEG-HomePage-1536x555.png 1536w\" sizes=\"(max-width: 2005px) 100vw, 2005px\" \/>\t\t\t<\/figure>\n\t\t\t<div class=\"block-media-text__content\">\n\t\t\t\t<h2 class=\"block-media-text__heading\">Certifica\u00e7\u00e3o ISO 14001<\/h2>\n\t\t\t\t<p class=\"block-media-text__paragraph\">ISEG obt\u00e9m certifica\u00e7\u00e3o ISO 14001 &#8211; Gest\u00e3o Ambiental e mant\u00e9m certifica\u00e7\u00e3o do Sistema de Gest\u00e3o da Qualidade.<\/p>\n\t\t\t\t\t\t\t\t\t<a href=\"https:\/\/www.iseg.ulisboa.pt\/2023\/12\/iseg-obtem-certificacao-em-gestao-ambiental-e-mantem-certificacao-do-sistema-de-gestao-da-qualidade\/\" class=\"link-learnmore\" title=\"Saiba mais\" target=\"_self\">\n\t\t\t\t\t\tSaiba mais\t\t\t\t\t<\/a>\n\t\t\t\t\t\t\t<\/div>\n\t\t<\/div>\n\t<\/div>\n<\/div>\n\n\n\n<!-- Media\/text -->\n<div class=\"block-media-text-inverted\">\n\t<div class=\"container\">\n\t\t<div class=\"block-media-text-inverted__container\">\n\t\t\t<img decoding=\"async\" src=\"https:\/\/www.iseg.ulisboa.pt\/sustentabilidade\/wp-content\/themes\/iseg\/assets\/images\/red-shape-inverted.svg\" loading=\"lazy\" alt=\"shape\" class=\"block-media-text-inverted__red-shape\" \/>\n\t\t\t<figure class=\"block-media-text-inverted__media\">\n\t\t\t\t<div class=\"media-text-anim-left-layer\"><\/div>\n\t\t\t\t<div class=\"media-text-anim-right-layer\"><\/div>\n\t\t\t\t<img decoding=\"async\" src=\"https:\/\/www.iseg.ulisboa.pt\/sustentabilidade\/wp-content\/uploads\/sites\/20\/2024\/09\/ODS-3-e1727189391687.png\" class=\"image-cover\" alt=\"\" srcset=\"https:\/\/www.iseg.ulisboa.pt\/sustentabilidade\/wp-content\/uploads\/sites\/20\/2024\/09\/ODS-3-e1727189391687.png 1536w, https:\/\/www.iseg.ulisboa.pt\/sustentabilidade\/wp-content\/uploads\/sites\/20\/2024\/09\/ODS-3-e1727189391687-300x255.png 300w, https:\/\/www.iseg.ulisboa.pt\/sustentabilidade\/wp-content\/uploads\/sites\/20\/2024\/09\/ODS-3-e1727189391687-14x12.png 14w, https:\/\/www.iseg.ulisboa.pt\/sustentabilidade\/wp-content\/uploads\/sites\/20\/2024\/09\/ODS-3-e1727189391687-768x654.png 768w, https:\/\/www.iseg.ulisboa.pt\/sustentabilidade\/wp-content\/uploads\/sites\/20\/2024\/09\/ODS-3-e1727189391687-1024x872.png 1024w\" sizes=\"(max-width: 1536px) 100vw, 1536px\" \/>\t\t\t<\/figure>\n\t\t\t<div class=\"block-media-text-inverted__content\">\n\t\t\t\t<h2 class=\"block-media-text-inverted__heading\">Sa\u00fade &amp; Bem Estar<\/h2>\n\t\t\t\t<p class=\"block-media-text__paragraph\">No ISEG, promovemos um ambiente que valoriza a sa\u00fade e o bem-estar da nossa comunidade acad\u00e9mica. Acreditamos que a sustentabilidade come\u00e7a no cuidado com as pessoas, e por isso criamos iniciativas que incentivam pr\u00e1ticas saud\u00e1veis no dia a dia, tanto no \u00e2mbito f\u00edsico como mental.<\/p>\n\t\t\t\t\t\t\t\t\t<a href=\"https:\/\/www.iseg.ulisboa.pt\/sustentabilidade\/saude-e-bem-estar\/\" class=\"link-learnmore\" title=\"Saber mais\" target=\"_self\">\n\t\t\t\t\t\tSaber mais\t\t\t\t\t<\/a>\n\t\t\t\t\t\t\t<\/div>\n\t\t<\/div>\n\t<\/div>\n<\/div>\n\n\n<div class=\"block-course-features\">\n    <div class=\"container\">\n                        <div class=\"course-features__intro\"><h2><span style=\"color: #e02020\">Reciclagem no Campus<\/span><\/h2>\n<p>&nbsp;<\/p>\n<p>O ISEG esta empenhado em reduzir a sua produ\u00e7\u00e3o de res\u00edduos indiferenciados e melhorar a sua recolha e separa\u00e7\u00e3o de res\u00edduos recicl\u00e1veis, contribuindo para a economia circular dentro do campus.<\/p>\n<\/div>\n                <div class=\"course-features__grid\">\n        \n            <div class=\"course-features__item\">\n                                    <div class=\"course-features__image\">\n                        <img decoding=\"async\" src=\"https:\/\/www.iseg.ulisboa.pt\/sustentabilidade\/wp-content\/uploads\/sites\/20\/2023\/04\/campanhas-consciencializacao.jpg\" loading=\"lazy\" sizes=\"(max-width: 479px) 86vw, (max-width: 767px) 82vw, (max-width: 991px) 41vw, 32vw\" srcset=\"https:\/\/www.iseg.ulisboa.pt\/sustentabilidade\/wp-content\/uploads\/sites\/20\/2023\/04\/campanhas-consciencializacao.jpg 500w, https:\/\/www.iseg.ulisboa.pt\/sustentabilidade\/wp-content\/uploads\/sites\/20\/2023\/04\/campanhas-consciencializacao.jpg 800w, https:\/\/www.iseg.ulisboa.pt\/sustentabilidade\/wp-content\/uploads\/sites\/20\/2023\/04\/campanhas-consciencializacao.jpg 1080w, https:\/\/www.iseg.ulisboa.pt\/sustentabilidade\/wp-content\/uploads\/sites\/20\/2023\/04\/campanhas-consciencializacao.jpg 1340w\" alt=\"\" class=\"image-cover\">\n                    <\/div>\n                                <div class=\"course-features__content\">\n                    <div class=\"course-features__topcut\"><\/div>\n                    <h4 class=\"course-features__heading\">\n                                                    Campanhas de Consciencializa\u00e7\u00e3o                                            <\/h4>\n                    <div class=\"course-features__text\">O ISEG promove regularmente campanhas de consciencializa\u00e7\u00e3o entre os membros da comunidade, com o prop\u00f3sito de reduzir a cria\u00e7\u00e3o de res\u00edduos e incentivar a pr\u00e1tica da separa\u00e7\u00e3o correta dos materiais.<\/div>\n                                    <\/div>\n            <\/div>\n\n        \n            <div class=\"course-features__item\">\n                                    <div class=\"course-features__image\">\n                        <img decoding=\"async\" src=\"https:\/\/www.iseg.ulisboa.pt\/sustentabilidade\/wp-content\/uploads\/sites\/20\/2023\/04\/residuos-solidos.jpg\" loading=\"lazy\" sizes=\"(max-width: 479px) 86vw, (max-width: 767px) 82vw, (max-width: 991px) 41vw, 32vw\" srcset=\"https:\/\/www.iseg.ulisboa.pt\/sustentabilidade\/wp-content\/uploads\/sites\/20\/2023\/04\/residuos-solidos.jpg 500w, https:\/\/www.iseg.ulisboa.pt\/sustentabilidade\/wp-content\/uploads\/sites\/20\/2023\/04\/residuos-solidos.jpg 800w, https:\/\/www.iseg.ulisboa.pt\/sustentabilidade\/wp-content\/uploads\/sites\/20\/2023\/04\/residuos-solidos.jpg 1080w, https:\/\/www.iseg.ulisboa.pt\/sustentabilidade\/wp-content\/uploads\/sites\/20\/2023\/04\/residuos-solidos.jpg 1340w\" alt=\"\" class=\"image-cover\">\n                    <\/div>\n                                <div class=\"course-features__content\">\n                    <div class=\"course-features__topcut\"><\/div>\n                    <h4 class=\"course-features__heading\">\n                                                    Res\u00edduos S\u00f3lidos                                            <\/h4>\n                    <div class=\"course-features__text\">O tratamento dos res\u00edduos s\u00f3lidos no campus do ISEG \u00e9 realizado de forma respons\u00e1vel e sist\u00e9mica. O campus conta com lixeiras espec\u00edficas para cada tipo de res\u00edduo, como papel, pl\u00e1stico e metal. O res\u00edduo \u00e9 todo recolhido diariamente por uma equipa que se encarrega de transport\u00e1-lo para os contentores centrais de reciclagem do ISEG. <\/div>\n                                    <\/div>\n            <\/div>\n\n        \n            <div class=\"course-features__item\">\n                                    <div class=\"course-features__image\">\n                        <img decoding=\"async\" src=\"https:\/\/www.iseg.ulisboa.pt\/sustentabilidade\/wp-content\/uploads\/sites\/20\/2023\/04\/outros-residuos.jpg\" loading=\"lazy\" sizes=\"(max-width: 479px) 86vw, (max-width: 767px) 82vw, (max-width: 991px) 41vw, 32vw\" srcset=\"https:\/\/www.iseg.ulisboa.pt\/sustentabilidade\/wp-content\/uploads\/sites\/20\/2023\/04\/outros-residuos.jpg 500w, https:\/\/www.iseg.ulisboa.pt\/sustentabilidade\/wp-content\/uploads\/sites\/20\/2023\/04\/outros-residuos.jpg 800w, https:\/\/www.iseg.ulisboa.pt\/sustentabilidade\/wp-content\/uploads\/sites\/20\/2023\/04\/outros-residuos.jpg 1080w, https:\/\/www.iseg.ulisboa.pt\/sustentabilidade\/wp-content\/uploads\/sites\/20\/2023\/04\/outros-residuos.jpg 1340w\" alt=\"\" class=\"image-cover\">\n                    <\/div>\n                                <div class=\"course-features__content\">\n                    <div class=\"course-features__topcut\"><\/div>\n                    <h4 class=\"course-features__heading\">\n                                                    Outros Res\u00edduos                                            <\/h4>\n                    <div class=\"course-features__text\">O papel e o papel\u00e3o, as l\u00e2mpadas e as pilhas s\u00e3o recolhidas e entregues para a recolha especializada. Os Res\u00edduos de Equipamentos El\u00e9tricos e Eletr\u00f3nicos (REEE) s\u00e3o armazenados de forma segura e encaminhados para a reciclagem.<\/div>\n                                    <\/div>\n            <\/div>\n\n                <\/div>\n        <\/div>\n<\/div>\n\n<div class=\"block-big-text has-iseg-green-background\">\n\t<div class=\"big-text-anim-left-layer\"><\/div>\n\t<div class=\"big-text-anim-right-layer\"><\/div>\n\t<div class=\"big-text-container\">\n\t\t<div class=\"big-text-content\">\n\n\t\t\t\t\t\t\t<p class=\"\">Est\u00e1 a nascer no ISEG uma Mini-Floresta Urbana!<\/p>\n\t\t\t\n\t\t\t\t\t\t\t<div class=\"big-text-normal \"><p>A Mini-floresta do ISEG \u00e9 parte integrante do projeto de investiga\u00e7\u00e3o TERRARE, conduzido no SOCIUS\/CSG.<\/p>\n<\/div>\n\t\t\t\t\t<\/div>\n\t\t\t\t\t<a href=\"https:\/\/www.iseg.ulisboa.pt\/sustentabilidade\/mini-floresta\/\" class=\"button button-white w-button\" title=\"Conhece a Mini-floresta\" target=\"_self\">\n\t\t\t\tConhece a Mini-floresta\t\t\t<\/a>\n\t\t\t<\/div>\n<\/div>","protected":false},"excerpt":{"rendered":"","protected":false},"author":2,"featured_media":0,"parent":0,"menu_order":0,"comment_status":"closed","ping_status":"closed","template":"tpl-page-blocks.php","meta":{"inline_featured_image":false,"_uag_custom_page_level_css":"","footnotes":""},"acf":[],"uagb_featured_image_src":{"full":false,"thumbnail":false,"medium":false,"medium_large":false,"large":false,"1536x1536":false,"2048x2048":false,"trp-custom-language-flag":false},"uagb_author_info":{"display_name":"Major","author_link":"https:\/\/www.iseg.ulisboa.pt\/sustentabilidade\/author\/leihla\/"},"uagb_comment_info":0,"uagb_excerpt":null,"_links":{"self":[{"href":"https:\/\/www.iseg.ulisboa.pt\/sustentabilidade\/wp-json\/wp\/v2\/pages\/30"}],"collection":[{"href":"https:\/\/www.iseg.ulisboa.pt\/sustentabilidade\/wp-json\/wp\/v2\/pages"}],"about":[{"href":"https:\/\/www.iseg.ulisboa.pt\/sustentabilidade\/wp-json\/wp\/v2\/types\/page"}],"author":[{"embeddable":true,"href":"https:\/\/www.iseg.ulisboa.pt\/sustentabilidade\/wp-json\/wp\/v2\/users\/2"}],"replies":[{"embeddable":true,"href":"https:\/\/www.iseg.ulisboa.pt\/sustentabilidade\/wp-json\/wp\/v2\/comments?post=30"}],"version-history":[{"count":60,"href":"https:\/\/www.iseg.ulisboa.pt\/sustentabilidade\/wp-json\/wp\/v2\/pages\/30\/revisions"}],"predecessor-version":[{"id":696,"href":"https:\/\/www.iseg.ulisboa.pt\/sustentabilidade\/wp-json\/wp\/v2\/pages\/30\/revisions\/696"}],"wp:attachment":[{"href":"https:\/\/www.iseg.ulisboa.pt\/sustentabilidade\/wp-json\/wp\/v2\/media?parent=30"}],"curies":[{"name":"wp","href":"https:\/\/api.w.org\/{rel}","templated":true}]}}