{"id":601,"date":"2024-11-19T12:53:26","date_gmt":"2024-11-19T12:53:26","guid":{"rendered":"https:\/\/www.iseg.ulisboa.pt\/sustentabilidade\/?page_id=601"},"modified":"2024-11-19T12:54:03","modified_gmt":"2024-11-19T12:54:03","slug":"saude-e-bem-estar","status":"publish","type":"page","link":"https:\/\/www.iseg.ulisboa.pt\/sustentabilidade\/saude-e-bem-estar\/","title":{"rendered":"Sa\u00fade e Bem Estar"},"content":{"rendered":"\n<p>Priorizando o bem-estar dos nossos estudantes, o ISEG oferece <strong>apoio psicol\u00f3gico individualizado<\/strong> e confidencial. Esta iniciativa pretende auxiliar na promo\u00e7\u00e3o de uma vida acad\u00eamica mais equilibrada e saud\u00e1vel.<\/p>\n\n\n\n<p class=\"link-learnmore\"><a href=\"https:\/\/www.iseg.ulisboa.pt\/estudar\/servicos-para-estudantes\/gabinete-de-apoio-ao-aluno\/\">Sabe mais<\/a><\/p>\n\n\n\n<hr class=\"wp-block-separator has-alpha-channel-opacity\"\/>\n\n\n\n<p>A Universidade de Lisboa, em linha com este compromisso, tamb\u00e9m oferece servi\u00e7os de <strong>apoio psicol\u00f3gico<\/strong> para toda a sua comunidade estudantil.<\/p>\n\n\n\n<p class=\"link-learnmore\"><a href=\"https:\/\/www.estadio.ulisboa.pt\/atividade\/psicologia\">Sabe mais<\/a><\/p>\n","protected":false},"excerpt":{"rendered":"Priorizando o bem-estar dos nossos estudantes, o ISEG oferece apoio psicol\u00f3gico individualizado e confidencial. Esta iniciativa pretende auxiliar na promo\u00e7\u00e3o de uma vida acad\u00eamica mais equilibrada e saud\u00e1vel. Sabe mais&nbsp;[&#8230;]","protected":false},"author":5,"featured_media":0,"parent":30,"menu_order":0,"comment_status":"closed","ping_status":"closed","template":"","meta":{"inline_featured_image":false,"_uag_custom_page_level_css":"","footnotes":""},"acf":[],"uagb_featured_image_src":{"full":false,"thumbnail":false,"medium":false,"medium_large":false,"large":false,"1536x1536":false,"2048x2048":false,"trp-custom-language-flag":false},"uagb_author_info":{"display_name":"diogoalmeida","author_link":"https:\/\/www.iseg.ulisboa.pt\/sustentabilidade\/author\/diogoalmeida\/"},"uagb_comment_info":0,"uagb_excerpt":"Priorizando o bem-estar dos nossos estudantes, o ISEG oferece apoio psicol\u00f3gico individualizado e confidencial. Esta iniciativa pretende auxiliar na promo\u00e7\u00e3o de uma vida acad\u00eamica mais equilibrada e saud\u00e1vel. Sabe mais&nbsp;[...]","_links":{"self":[{"href":"https:\/\/www.iseg.ulisboa.pt\/sustentabilidade\/wp-json\/wp\/v2\/pages\/601"}],"collection":[{"href":"https:\/\/www.iseg.ulisboa.pt\/sustentabilidade\/wp-json\/wp\/v2\/pages"}],"about":[{"href":"https:\/\/www.iseg.ulisboa.pt\/sustentabilidade\/wp-json\/wp\/v2\/types\/page"}],"author":[{"embeddable":true,"href":"https:\/\/www.iseg.ulisboa.pt\/sustentabilidade\/wp-json\/wp\/v2\/users\/5"}],"replies":[{"embeddable":true,"href":"https:\/\/www.iseg.ulisboa.pt\/sustentabilidade\/wp-json\/wp\/v2\/comments?post=601"}],"version-history":[{"count":1,"href":"https:\/\/www.iseg.ulisboa.pt\/sustentabilidade\/wp-json\/wp\/v2\/pages\/601\/revisions"}],"predecessor-version":[{"id":602,"href":"https:\/\/www.iseg.ulisboa.pt\/sustentabilidade\/wp-json\/wp\/v2\/pages\/601\/revisions\/602"}],"up":[{"embeddable":true,"href":"https:\/\/www.iseg.ulisboa.pt\/sustentabilidade\/wp-json\/wp\/v2\/pages\/30"}],"wp:attachment":[{"href":"https:\/\/www.iseg.ulisboa.pt\/sustentabilidade\/wp-json\/wp\/v2\/media?parent=601"}],"curies":[{"name":"wp","href":"https:\/\/api.w.org\/{rel}","templated":true}]}}