{"id":720,"date":"2025-10-22T14:03:50","date_gmt":"2025-10-22T14:03:50","guid":{"rendered":"https:\/\/www.iseg.ulisboa.pt\/sustentabilidade\/?page_id=720"},"modified":"2026-02-09T12:09:19","modified_gmt":"2026-02-09T12:09:19","slug":"cep","status":"publish","type":"page","link":"https:\/\/www.iseg.ulisboa.pt\/sustentabilidade\/sustentabilidade-na-educacao\/csp\/","title":{"rendered":"Civic Scholar Programme (CSP)"},"content":{"rendered":"\n<h4 class=\"wp-block-heading\"><strong>Torna-te um agente de mudan\u00e7a.<\/strong><\/h4>\n\n\n\n<p>O <strong>Civic Scholar Programme<\/strong> \u00e9 uma oportunidade \u00fanica para estudantes de mestrado do ISEG que querem ir al\u00e9m da sala de aula e deixar uma marca positiva no mundo.<br>Atrav\u00e9s de um sistema baseado em pontos, vais poder envolver-te em projetos reais, a\u00e7\u00f5es de voluntariado, workshops e desafios sociais. Se atingires <strong>80 pontos<\/strong>, conquistas o <strong>Civic Scholar Badge<\/strong> \u2014 um reconhecimento oficial do teu compromisso c\u00edvico e lideran\u00e7a, que podes exibir no teu diploma, LinkedIn e CV.<\/p>\n\n\n\n<p><strong>Pronto para te envolveres?<\/strong><br>Este programa \u00e9 mais do que um selo \u2014 \u00e9 uma forma de constru\u00edres o teu legado enquanto estudante do ISEG.<\/p>\n\n\n\n<h3 class=\"wp-block-heading has-iseg-red-color has-text-color has-link-color wp-elements-7d19f9c8b174181baa7be220650f2785\"><strong>Destinat\u00e1rios<\/strong><\/h3>\n\n\n\n<p>Este programa \u00e9 dirigido a <strong>estudantes de 1.\u00ba e 2.\u00ba ano de mestrado do ISEG<\/strong> que t\u00eam interesse genu\u00edno em:<\/p>\n\n\n\n<ul>\n<li>Envolver-se ativamente em causas sociais;<\/li>\n\n\n\n<li>Assumir um papel de lideran\u00e7a respons\u00e1vel;<\/li>\n\n\n\n<li>Trabalhar com comunidades reais e gerar impacto positivo.<\/li>\n<\/ul>\n\n\n\n<h3 class=\"wp-block-heading has-iseg-red-color has-text-color has-link-color wp-elements-8c2ebc5a154d45ed60aaa650016262d3\"><strong>Objetivos<\/strong><\/h3>\n\n\n\n<p>O Civic Scholar Program foi criado para:<\/p>\n\n\n\n<ul>\n<li>Promover o <strong>envolvimento c\u00edvico<\/strong>, a responsabilidade social e a lideran\u00e7a comunit\u00e1ria;<\/li>\n\n\n\n<li><strong>Reconhecer e valorizar<\/strong> o contributo dos estudantes para causas sociais;<\/li>\n\n\n\n<li>Desenvolver compet\u00eancias pr\u00e1ticas de <strong>lideran\u00e7a e colabora\u00e7\u00e3o<\/strong>;<\/li>\n\n\n\n<li>Estimular a <strong>cria\u00e7\u00e3o de solu\u00e7\u00f5es para desafios societais<\/strong>;<\/li>\n\n\n\n<li>Fortalecer a liga\u00e7\u00e3o entre o ISEG, os seus estudantes e a comunidade.<\/li>\n<\/ul>\n\n\n\n<h3 class=\"wp-block-heading has-iseg-red-color has-text-color has-link-color wp-elements-bbaa90b86fb64e10d3e77d0846d3571f\"><strong>Estrutura do Programa<\/strong><\/h3>\n\n\n\n<p>Para obteres o <strong>Civic Scholar Badge<\/strong>, ter\u00e1s de <strong>acumular 80 pontos<\/strong> ao longo do programa, participando em atividades com impacto real.<br>Cada atividade tem um peso diferente, consoante o n\u00edvel de envolvimento e o impacto gerado. O programa inclui:<\/p>\n\n\n\n<ul>\n<li>A\u00e7\u00f5es de voluntariado (ver alguns exemplos <a href=\"https:\/\/www.iseg.ulisboa.pt\/wp-content\/uploads\/Civic-Scholar-Programme.pdf\" data-type=\"link\" data-id=\"https:\/\/www.iseg.ulisboa.pt\/wp-content\/uploads\/Civic-Scholar-Programme.pdf\" target=\"_blank\" rel=\"noreferrer noopener\">AQUI<\/a>);<\/li>\n\n\n\n<li>Participa\u00e7\u00e3o e organiza\u00e7\u00e3o de workshops e eventos;<\/li>\n\n\n\n<li>Desenvolvimento de projetos de lideran\u00e7a social ou est\u00e1gios no setor social;<\/li>\n\n\n\n<li>Sess\u00f5es de networking e mentoria com l\u00edderes comunit\u00e1rios;<\/li>\n\n\n\n<li>Identifica\u00e7\u00e3o de novas parcerias com ONGs e institui\u00e7\u00f5es p\u00fablicas.<\/li>\n<\/ul>\n\n\n\n<h3 class=\"wp-block-heading has-iseg-red-color has-text-color has-link-color wp-elements-3e5e2cd5997ddcc16017e45cf06fda1e\"><strong>Atividades e Pontos<\/strong><\/h3>\n\n\n\n<figure class=\"wp-block-table\"><table><thead><tr><td><strong>Atividade<\/strong><\/td><td><strong>Descri\u00e7\u00e3o breve<\/strong><\/td><td><strong>Pontos<\/strong><\/td><\/tr><\/thead><tbody><tr><td>\ud83e\udd1d <strong>Servi\u00e7o Comunit\u00e1rio e Voluntariado<\/strong><\/td><td>Trabalho volunt\u00e1rio em ONGs, organismos p\u00fablicos ou empresas sociais: <a href=\"https:\/\/coompass.org\/\">https:\/\/coompass.org\/<\/a><\/td><td>1 ponto\/hora \u00b7 m\u00e1x. 30<\/td><\/tr><tr><td>\ud83c\udf10 <strong>Cria\u00e7\u00e3o de Parcerias<\/strong><\/td><td>Identificar e formalizar novas parcerias para o programa<\/td><td>10 pontos por parceria \u00b7 m\u00e1x. 30<\/td><\/tr><tr><td>\ud83e\udde0 <strong>Workshops \/ Semin\u00e1rios \/ Publica\u00e7\u00f5es<\/strong><\/td><td>Participar ou organizar sess\u00f5es tem\u00e1ticas ou publicar artigos<\/td><td>5 pontos por sess\u00e3o (m\u00e1x. 20) \u00b7 20 pontos por organiza\u00e7\u00e3o\/publica\u00e7\u00e3o<\/td><\/tr><tr><td>\ud83d\udcac <strong>Mentoria &amp; Networking<\/strong><\/td><td>Participar em eventos de networking ou mentoria com l\u00edderes comunit\u00e1rios<\/td><td>5 pontos por evento \u00b7 m\u00e1x. 10<\/td><\/tr><tr><td>\ud83d\ude80 <strong>Lideran\u00e7a em A\u00e7\u00e3o<\/strong><\/td><td>Liderar ou co-liderar um projeto comunit\u00e1rio ou de empreendedorismo social<\/td><td>50 pontos<\/td><\/tr><tr><td>\ud83c\udf31 <strong>Est\u00e1gio no Setor Social<\/strong><\/td><td>Realizar est\u00e1gio em ONG ou entidade p\u00fablica, nacional ou internacional, com objetivos claros e impacto mensur\u00e1vel<\/td><td>50 pontos<\/td><\/tr><\/tbody><\/table><\/figure>\n\n\n\n<p>Para conquistares o <strong>Civic Scholar Badge<\/strong>, deves acumular pelo menos <strong>80 pontos<\/strong> atrav\u00e9s destas atividades \u2014 escolhendo as combina\u00e7\u00f5es que mais se alinham com os teus interesses e disponibilidade.<\/p>\n\n\n\n<h3 class=\"wp-block-heading has-iseg-red-color has-text-color has-link-color wp-elements-51afb620f096b29b326d2e95d933177b\"><strong>Reconhecimento<\/strong><\/h3>\n\n\n\n<p>Ao chegares aos <strong>80 pontos<\/strong>, recebes:<\/p>\n\n\n\n<ul>\n<li><strong>Civic Scholar Badge<\/strong> \u2014 suplemento oficial ao diploma, sinal vis\u00edvel do teu compromisso c\u00edvico.<\/li>\n\n\n\n<li><strong>Certificado<\/strong> \u2014 documento formal emitido pelo ISEG.<\/li>\n<\/ul>\n\n\n\n<h3 class=\"wp-block-heading has-iseg-red-color has-text-color has-link-color wp-elements-71212e60cf2cc7b2d7b944546a993377\"><strong>Parcerias<\/strong><\/h3>\n\n\n\n<p>O programa conta com o apoio de v\u00e1rias organiza\u00e7\u00f5es que v\u00e3o receber estudantes para voluntariado ou projetos de interven\u00e7\u00e3o.<\/p>\n\n\n\n<h3 class=\"wp-block-heading has-iseg-red-color has-text-color has-link-color wp-elements-288b60247413ab4a13a68896c140b9e7\"><strong>Plataforma Tecnol\u00f3gica<\/strong><\/h3>\n\n\n\n<figure class=\"wp-block-image size-full\"><img decoding=\"async\" src=\"https:\/\/www.iseg.ulisboa.pt\/sustentabilidade\/wp-content\/uploads\/sites\/20\/2025\/11\/1741349348280000_728307889.jpg\" alt=\"\" class=\"wp-image-740\" \/><\/figure>\n\n\n\n<p>O Civic Scholar Programme ser\u00e1 apoiado pela&nbsp;<a href=\"https:\/\/coompass.org\/\">plataforma Coompass<\/a>, que permite aos alunos aceder a oportunidades de impacto social, registar horas, acompanhar o seu percurso c\u00edvico, receber reconhecimento e visualizar o seu contributo para os Objetivos de Desenvolvimento Sustent\u00e1vel (ODS). Esta solu\u00e7\u00e3o foi desenhada para valorizar o envolvimento dos estudantes e facilitar a gest\u00e3o do programa por parte da equipa do ISEG.<\/p>\n\n\n\n<h3 class=\"wp-block-heading has-iseg-red-color has-text-color has-link-color wp-elements-10067fea977ff8c312e32824650b92a0\"><strong>Candidaturas<\/strong><\/h3>\n\n\n\n<p>Se queres fazer parte da primeira gera\u00e7\u00e3o de <strong>Civic Scholars do ISEG<\/strong>, candidata-te at\u00e9 <strong>22 de fevereiro<\/strong> <strong>de 2026<\/strong>.<\/p>\n\n\n\n<p class=\"button button-load-more w-button\"><strong><a href=\"https:\/\/fenix.iseg.ulisboa.pt\/accountCreation\" data-type=\"link\" data-id=\"https:\/\/fenix.iseg.ulisboa.pt\/accountCreation\" target=\"_blank\" rel=\"noreferrer noopener\">Candidaturas aqui<\/a><\/strong><\/p>\n\n\n\n<p>Ser\u00e3o selecionados no m\u00e1ximo <strong>20 estudantes<\/strong> para esta edi\u00e7\u00e3o piloto.<\/p>\n\n\n\n<p>\u2728 <strong>Pronto para te envolveres?<\/strong><br>Este programa \u00e9 mais do que um selo \u2014 \u00e9 uma forma de constru\u00edres o teu legado enquanto estudante do ISEG.<br>\ud83d\udc49 <strong>Candidata-te. Participa. Inspira. Lidera.<\/strong><\/p>\n","protected":false},"excerpt":{"rendered":"Torna-te um agente de mudan\u00e7a. O Civic Scholar Programme \u00e9 uma oportunidade \u00fanica para estudantes de mestrado do ISEG que querem ir al\u00e9m da sala de aula e deixar uma&nbsp;[&#8230;]","protected":false},"author":5,"featured_media":727,"parent":11,"menu_order":0,"comment_status":"closed","ping_status":"closed","template":"","meta":{"inline_featured_image":false,"_uag_custom_page_level_css":"","footnotes":""},"acf":[],"uagb_featured_image_src":{"full":["https:\/\/www.iseg.ulisboa.pt\/sustentabilidade\/wp-content\/uploads\/sites\/20\/2025\/10\/53217258243_3573de26f3_o-e1762515895511.jpg",2800,1339,false],"thumbnail":["https:\/\/www.iseg.ulisboa.pt\/sustentabilidade\/wp-content\/uploads\/sites\/20\/2025\/10\/53217258243_3573de26f3_o-e1762515895511-150x150.jpg",150,150,true],"medium":["https:\/\/www.iseg.ulisboa.pt\/sustentabilidade\/wp-content\/uploads\/sites\/20\/2025\/10\/53217258243_3573de26f3_o-e1762515895511-300x143.jpg",300,143,true],"medium_large":["https:\/\/www.iseg.ulisboa.pt\/sustentabilidade\/wp-content\/uploads\/sites\/20\/2025\/10\/53217258243_3573de26f3_o-e1762515895511-768x367.jpg",768,367,true],"large":["https:\/\/www.iseg.ulisboa.pt\/sustentabilidade\/wp-content\/uploads\/sites\/20\/2025\/10\/53217258243_3573de26f3_o-e1762515895511-1024x490.jpg",1024,490,true],"1536x1536":["https:\/\/www.iseg.ulisboa.pt\/sustentabilidade\/wp-content\/uploads\/sites\/20\/2025\/10\/53217258243_3573de26f3_o-e1762515895511-1536x735.jpg",1536,735,true],"2048x2048":["https:\/\/www.iseg.ulisboa.pt\/sustentabilidade\/wp-content\/uploads\/sites\/20\/2025\/10\/53217258243_3573de26f3_o-e1762515895511-2048x979.jpg",2048,979,true],"trp-custom-language-flag":["https:\/\/www.iseg.ulisboa.pt\/sustentabilidade\/wp-content\/uploads\/sites\/20\/2025\/10\/53217258243_3573de26f3_o-18x12.jpg",18,12,true]},"uagb_author_info":{"display_name":"diogoalmeida","author_link":"https:\/\/www.iseg.ulisboa.pt\/sustentabilidade\/author\/diogoalmeida\/"},"uagb_comment_info":0,"uagb_excerpt":"Torna-te um agente de mudan\u00e7a. O Civic Scholar Programme \u00e9 uma oportunidade \u00fanica para estudantes de mestrado do ISEG que querem ir al\u00e9m da sala de aula e deixar uma&nbsp;[...]","_links":{"self":[{"href":"https:\/\/www.iseg.ulisboa.pt\/sustentabilidade\/wp-json\/wp\/v2\/pages\/720"}],"collection":[{"href":"https:\/\/www.iseg.ulisboa.pt\/sustentabilidade\/wp-json\/wp\/v2\/pages"}],"about":[{"href":"https:\/\/www.iseg.ulisboa.pt\/sustentabilidade\/wp-json\/wp\/v2\/types\/page"}],"author":[{"embeddable":true,"href":"https:\/\/www.iseg.ulisboa.pt\/sustentabilidade\/wp-json\/wp\/v2\/users\/5"}],"replies":[{"embeddable":true,"href":"https:\/\/www.iseg.ulisboa.pt\/sustentabilidade\/wp-json\/wp\/v2\/comments?post=720"}],"version-history":[{"count":21,"href":"https:\/\/www.iseg.ulisboa.pt\/sustentabilidade\/wp-json\/wp\/v2\/pages\/720\/revisions"}],"predecessor-version":[{"id":777,"href":"https:\/\/www.iseg.ulisboa.pt\/sustentabilidade\/wp-json\/wp\/v2\/pages\/720\/revisions\/777"}],"up":[{"embeddable":true,"href":"https:\/\/www.iseg.ulisboa.pt\/sustentabilidade\/wp-json\/wp\/v2\/pages\/11"}],"wp:featuredmedia":[{"embeddable":true,"href":"https:\/\/www.iseg.ulisboa.pt\/sustentabilidade\/wp-json\/wp\/v2\/media\/727"}],"wp:attachment":[{"href":"https:\/\/www.iseg.ulisboa.pt\/sustentabilidade\/wp-json\/wp\/v2\/media?parent=720"}],"curies":[{"name":"wp","href":"https:\/\/api.w.org\/{rel}","templated":true}]}}